{"id":1708,"date":"2022-11-02T17:33:44","date_gmt":"2022-11-02T14:33:44","guid":{"rendered":"https:\/\/alperince.com\/al\/?page_id=1708"},"modified":"2022-11-10T12:50:23","modified_gmt":"2022-11-10T09:50:23","slug":"ngritja-e-qafes","status":"publish","type":"page","link":"https:\/\/alperince.com\/al\/ngritja-e-qafes","title":{"rendered":"Ngritja e Qaf\u00ebs"},"content":{"rendered":"\t\t<div data-elementor-type=\"wp-page\" data-elementor-id=\"1708\" class=\"elementor elementor-1708\">\n\t\t\t\t\t\t\t\t\t<section class=\"elementor-section elementor-top-section elementor-element elementor-element-100bd8a5 elementor-section-boxed elementor-section-height-default elementor-section-height-default\" data-id=\"100bd8a5\" data-element_type=\"section\">\n\t\t\t\t\t\t<div class=\"elementor-container elementor-column-gap-default\">\n\t\t\t\t\t<div class=\"lqd-css-sticky-column elementor-column elementor-col-50 elementor-top-column elementor-element elementor-element-2eda37c\" style=\"--lqd-sticky-offset:30px\" data-id=\"2eda37c\" data-element_type=\"column\">\n\t\t\t<div class=\"elementor-widget-wrap elementor-element-populated\">\n\t\t\t\t\t\t\t\t<section class=\"elementor-section elementor-inner-section elementor-element elementor-element-505692c0 elementor-section-boxed elementor-section-height-default elementor-section-height-default\" data-id=\"505692c0\" data-element_type=\"section\">\n\t\t\t\t\t\t<div class=\"elementor-container elementor-column-gap-default\">\n\t\t\t\t\t<div class=\"elementor-column elementor-col-100 elementor-inner-column elementor-element elementor-element-702ef4b5\" data-id=\"702ef4b5\" data-element_type=\"column\" data-settings=\"{&quot;background_background&quot;:&quot;classic&quot;}\">\n\t\t\t<div class=\"elementor-widget-wrap elementor-element-populated\">\n\t\t\t\t\t\t\t\t<div class=\"elementor-element elementor-element-c4b355e elementor-widget elementor-widget-hub_fancy_heading\" data-id=\"c4b355e\" data-element_type=\"widget\" data-widget_type=\"hub_fancy_heading.default\">\n\t\t\t\t<div class=\"elementor-widget-container\">\n\t\t\t\n\t\t<div id=\"ld-fancy-heading-69dff1fb5df2f\" class=\"ld-fancy-heading pos-rel\">\n\t\t\t<h2 class=\"ld-fh-element d-inline-block pos-rel  elementor-heading-title lqd-highlight-classic lqd-highlight-grow-left h2\"  > Merrni Informacion Tani<\/h2>\t\t<\/div>\n\n\t\t\t\t<\/div>\n\t\t\t\t<\/div>\n\t\t\t\t<div class=\"elementor-element elementor-element-b7b8b7b elementor-widget elementor-widget-ld_cf722\" data-id=\"b7b8b7b\" data-element_type=\"widget\" data-widget_type=\"ld_cf722.default\">\n\t\t\t\t<div class=\"elementor-widget-container\">\n\t\t\t\n\t<div class=\"lqd-contact-form lqd-contact-form-inputs-filled lqd-contact-form-inputs-round lqd-contact-form-button-block lqd-contact-form-button-round\" >\n\t\t<div role=\"form\" class=\"wpcf7\" id=\"wpcf7-f6-o1\" lang=\"tr-TR\" dir=\"ltr\">\n<div class=\"screen-reader-response\"><p role=\"status\" aria-live=\"polite\" aria-atomic=\"true\"><\/p> <ul><\/ul><\/div>\n<form action=\"\/al\/wp-json\/wp\/v2\/pages\/1708#wpcf7-f6-o1\" method=\"post\" class=\"wpcf7-form init\" novalidate=\"novalidate\" data-status=\"init\">\n<div style=\"display: none;\">\n<input type=\"hidden\" name=\"_wpcf7\" value=\"6\" \/>\n<input type=\"hidden\" name=\"_wpcf7_version\" value=\"5.6.3\" \/>\n<input type=\"hidden\" name=\"_wpcf7_locale\" value=\"tr_TR\" \/>\n<input type=\"hidden\" name=\"_wpcf7_unit_tag\" value=\"wpcf7-f6-o1\" \/>\n<input type=\"hidden\" name=\"_wpcf7_container_post\" value=\"0\" \/>\n<input type=\"hidden\" name=\"_wpcf7_posted_data_hash\" value=\"\" \/>\n<\/div>\n<p><span class=\"wpcf7-form-control-wrap\" data-name=\"adi\"><input type=\"text\" name=\"adi\" value=\"\" size=\"40\" class=\"wpcf7-form-control wpcf7-text wpcf7-validates-as-required\" aria-required=\"true\" aria-invalid=\"false\" placeholder=\"Emri\" \/><\/span><br \/>\n<span class=\"wpcf7-form-control-wrap\" data-name=\"telefon\"><input type=\"text\" name=\"telefon\" value=\"\" size=\"40\" class=\"wpcf7-form-control wpcf7-text wpcf7-validates-as-required\" aria-required=\"true\" aria-invalid=\"false\" placeholder=\"Numri i Telefonit\" \/><\/span><br \/>\n<span class=\"wpcf7-form-control-wrap\" data-name=\"mesaj\"><textarea name=\"mesaj\" cols=\"40\" rows=\"3\" class=\"wpcf7-form-control wpcf7-textarea\" aria-invalid=\"false\" placeholder=\"Mesazh\"><\/textarea><\/span><br \/>\n<input type=\"submit\" value=\"Paraqisni Formularin\" class=\"wpcf7-form-control has-spinner wpcf7-submit\" \/><\/p>\n<div class=\"wpcf7-response-output\" aria-hidden=\"true\"><\/div><\/form><\/div>\t<\/div>\n\n\t\t\t<\/div>\n\t\t\t\t<\/div>\n\t\t\t\t\t<\/div>\n\t\t<\/div>\n\t\t\t\t\t\t\t<\/div>\n\t\t<\/section>\n\t\t\t\t\t<\/div>\n\t\t<\/div>\n\t\t\t\t<div class=\"elementor-column elementor-col-50 elementor-top-column elementor-element elementor-element-231f3078\" data-id=\"231f3078\" data-element_type=\"column\">\n\t\t\t<div class=\"elementor-widget-wrap elementor-element-populated\">\n\t\t\t\t\t\t\t\t<div class=\"elementor-element elementor-element-cc9606b elementor-widget elementor-widget-image\" data-id=\"cc9606b\" data-element_type=\"widget\" data-widget_type=\"image.default\">\n\t\t\t\t<div class=\"elementor-widget-container\">\n\t\t\t<style>\/*! elementor - v3.7.4 - 31-08-2022 *\/\n.elementor-widget-image{text-align:center}.elementor-widget-image a{display:inline-block}.elementor-widget-image a img[src$=\".svg\"]{width:48px}.elementor-widget-image img{vertical-align:middle;display:inline-block}<\/style>\t\t\t\t\t\t\t\t\t\t\t\t<img decoding=\"async\" width=\"930\" height=\"550\" src=\"https:\/\/alperince.com\/al\/wp-content\/uploads\/2022\/11\/boyun-germe-header1.jpg\" class=\"elementor-animation-float attachment-full size-full\" alt=\"\" srcset=\"https:\/\/alperince.com\/al\/wp-content\/uploads\/2022\/11\/boyun-germe-header1.jpg 930w, https:\/\/alperince.com\/al\/wp-content\/uploads\/2022\/11\/boyun-germe-header1-300x177.jpg 300w\" sizes=\"(max-width: 930px) 100vw, 930px\" \/>\t\t\t\t\t\t\t\t\t\t\t\t\t\t\t<\/div>\n\t\t\t\t<\/div>\n\t\t\t\t<div class=\"elementor-element elementor-element-c153a33 elementor-widget elementor-widget-spacer\" data-id=\"c153a33\" data-element_type=\"widget\" data-widget_type=\"spacer.default\">\n\t\t\t\t<div class=\"elementor-widget-container\">\n\t\t\t<style>\/*! elementor - v3.7.4 - 31-08-2022 *\/\n.elementor-column .elementor-spacer-inner{height:var(--spacer-size)}.e-container{--container-widget-width:100%}.e-container>.elementor-widget-spacer{width:var(--container-widget-width,var(--spacer-size));-ms-flex-item-align:stretch;align-self:stretch;-ms-flex-negative:0;flex-shrink:0}.e-container>.elementor-widget-spacer>.elementor-widget-container,.e-container>.elementor-widget-spacer>.elementor-widget-container>.elementor-spacer{height:100%}.e-container>.elementor-widget-spacer>.elementor-widget-container>.elementor-spacer>.elementor-spacer-inner{height:var(--container-widget-height,var(--spacer-size))}<\/style>\t\t<div class=\"elementor-spacer\">\n\t\t\t<div class=\"elementor-spacer-inner\"><\/div>\n\t\t<\/div>\n\t\t\t\t<\/div>\n\t\t\t\t<\/div>\n\t\t\t\t<div class=\"elementor-element elementor-element-527f0d1f elementor-widget elementor-widget-hub_fancy_heading\" data-id=\"527f0d1f\" data-element_type=\"widget\" data-widget_type=\"hub_fancy_heading.default\">\n\t\t\t\t<div class=\"elementor-widget-container\">\n\t\t\t\n\t\t<div id=\"ld-fancy-heading-69dff1fb64693\" class=\"ld-fancy-heading pos-rel\">\n\t\t\t<h2 class=\"ld-fh-element d-inline-block pos-rel  elementor-heading-title lqd-highlight-classic lqd-highlight-grow-left h2\"  > Ngritja e Qaf\u00ebs<\/h2>\t\t<\/div>\n\n\t\t\t\t<\/div>\n\t\t\t\t<\/div>\n\t\t\t\t<div class=\"elementor-element elementor-element-7eef461 elementor-widget elementor-widget-text-editor\" data-id=\"7eef461\" data-element_type=\"widget\" data-widget_type=\"text-editor.default\">\n\t\t\t\t<div class=\"elementor-widget-container\">\n\t\t\t<style>\/*! elementor - v3.7.4 - 31-08-2022 *\/\n.elementor-widget-text-editor.elementor-drop-cap-view-stacked .elementor-drop-cap{background-color:#818a91;color:#fff}.elementor-widget-text-editor.elementor-drop-cap-view-framed .elementor-drop-cap{color:#818a91;border:3px solid;background-color:transparent}.elementor-widget-text-editor:not(.elementor-drop-cap-view-default) .elementor-drop-cap{margin-top:8px}.elementor-widget-text-editor:not(.elementor-drop-cap-view-default) .elementor-drop-cap-letter{width:1em;height:1em}.elementor-widget-text-editor .elementor-drop-cap{float:left;text-align:center;line-height:1;font-size:50px}.elementor-widget-text-editor .elementor-drop-cap-letter{display:inline-block}<\/style>\t\t\t\t<p>Me kalimin e mosh\u00ebs, l\u00ebkura jon\u00eb ka tendenc\u00eb t\u00eb humbas\u00eb nj\u00eb pjes\u00eb t\u00eb elasticitetit t\u00eb saj dhe t\u00eb &#8220;varet&#8221;, ve\u00e7an\u00ebrisht n\u00eb zonat e fytyr\u00ebs dhe trupit ku l\u00ebkura \u00ebsht\u00eb shum\u00eb e holl\u00eb. Rezultati mund t\u00eb jet\u00eb l\u00ebkura e l\u00ebshuar e varur n\u00eb zona t\u00eb pad\u00ebshiruara, duke p\u00ebrfshir\u00eb zon\u00ebn e nofull\u00ebs, mjekr\u00ebs dhe qaf\u00ebs. K\u00ebto palosje t\u00eb tep\u00ebrta t\u00eb l\u00ebkur\u00ebs mund t&#8217;i b\u00ebjn\u00eb burrat dhe grat\u00eb t\u00eb ndihen m\u00eb pak t\u00eb rinj, pavar\u00ebsisht nga mosha ose niveli i besimit t\u00eb tyre. P\u00ebr fat t\u00eb mir\u00eb, operacioni p\u00ebr ngritjen e qaf\u00ebs mund t&#8217;i kthej\u00eb k\u00ebto shenja t\u00eb dukshme t\u00eb plakjes dhe t&#8217;i jap\u00eb qaf\u00ebs, mjekr\u00ebs dhe nofull\u00ebs nj\u00eb pamje m\u00eb t\u00eb fort\u00eb dhe m\u00eb t\u00eb hijshme.<\/p><p><strong>P\u00ebrmbledhje e kirurgjis\u00eb s\u00eb ngritjes s\u00eb qaf\u00ebs<\/strong><\/p><p>Liftimi i qaf\u00ebs, i quajtur edhe ritidektomia e poshtme, \u00ebsht\u00eb nj\u00eb procedur\u00eb estetike q\u00eb synon t\u00eb reduktoj\u00eb shenjat e dukshme t\u00eb plakjes p\u00ebrgjat\u00eb vij\u00ebs s\u00eb nofull\u00ebs dhe qaf\u00ebs. N\u00eb m\u00ebnyr\u00eb t\u00eb ve\u00e7ant\u00eb, ngritja e qaf\u00ebs heq yndyr\u00ebn e tep\u00ebrt dhe indet e pad\u00ebshiruara, duke e l\u00ebn\u00eb zon\u00ebn e qaf\u00ebs m\u00eb t\u00eb konturuar dhe t\u00eb p\u00ebrcaktuar. P\u00ebrve\u00e7 k\u00ebsaj, gjat\u00eb operacionit t\u00eb ngritjes s\u00eb qaf\u00ebs, muskujt themelor\u00eb mund t\u00eb shtr\u00ebngohen dhe t\u00eb ndihmojn\u00eb n\u00eb p\u00ebrcaktimin e m\u00ebtejsh\u00ebm t\u00eb zon\u00ebs s\u00eb qaf\u00ebs.<\/p><p>Disa pacient\u00eb k\u00ebrkojn\u00eb nj\u00eb p\u00ebrmir\u00ebsim gjith\u00ebp\u00ebrfshir\u00ebs n\u00eb pamjen e p\u00ebrgjithshme t\u00eb fytyr\u00ebs dhe qaf\u00ebs duke zgjedhur nj\u00eb lifting t\u00eb qaf\u00ebs si pjes\u00eb e operacionit t\u00eb heqjes s\u00eb fytyr\u00ebs. Megjithat\u00eb, disa pacient\u00eb t\u00eb tjer\u00eb nuk kan\u00eb nevoj\u00eb p\u00ebr ngritje t\u00eb fytyr\u00ebs; ata thjesht duan t\u00eb b\u00ebjn\u00eb di\u00e7ka p\u00ebr pamjen e plakur t\u00eb qaf\u00ebs, nofull\u00ebs dhe zonave t\u00eb ndjeshme t\u00eb mjekr\u00ebs. Sido q\u00eb t\u00eb jet\u00eb, nj\u00eb ngrit\u00ebs i qaf\u00ebs mund t\u00eb plot\u00ebsoj\u00eb nevojat tuaja.<\/p><p><strong>\u00c7far\u00eb duhet t\u00eb pres\u00ebsh nga operacioni p\u00ebr ngritjen e qaf\u00ebs?<\/strong><\/p><p>Kur keni nj\u00eb operacion p\u00ebr ngritjen e qaf\u00ebs, procesi gjithmon\u00eb fillon me nj\u00eb konsult\u00eb. N\u00eb k\u00ebt\u00eb intervist\u00eb, do t\u00eb keni mund\u00ebsin\u00eb t\u00eb b\u00ebni pyetje q\u00eb mund t\u00eb keni dhe t\u00eb m\u00ebsoni m\u00eb shum\u00eb rreth opsioneve n\u00eb dispozicion. Ne gjithashtu do t\u00eb ndajm\u00eb disa vizualizime me ju, duke ju ndihmuar t\u00eb vendosni pritshm\u00ebrit\u00eb e duhura p\u00ebr at\u00eb se si do t\u00eb duken rezultatet tuaja p\u00ebrfundimtare.<\/p><p>Vet\u00eb procedura kryhet mbi baza ambulatore dhe megjith\u00ebse koh\u00ebzgjatja e operacionit ndryshon sipas pacientit, mund t\u00eb mendoni se do t\u00eb zgjas\u00eb dy deri n\u00eb tre or\u00eb. Pacient\u00ebt jan\u00eb n\u00ebn anestezi t\u00eb p\u00ebrgjithshme n\u00eb kirurgjin\u00eb e ngritjes s\u00eb qaf\u00ebs dhe vet\u00eb procedura mund t\u00eb p\u00ebrfshij\u00eb hapat e m\u00ebposht\u00ebm:<\/p><ul><li>Platizmaplastika: Muskujt n\u00eb qaf\u00eb do t\u00eb shtr\u00ebngohen dhe do ta kthejn\u00eb struktur\u00ebn rreth qaf\u00ebs.<\/li><li>Ekscision i l\u00ebkur\u00ebs dhe yndyr\u00ebs. L\u00ebkura e lirshme, e l\u00ebmuar ose fryrjet e yndyr\u00ebs do t\u00eb hiqen m\u00eb pas p\u00ebrmes prerjeve t\u00eb vogla, t\u00eb b\u00ebra zakonisht pas vesh\u00ebve.<\/li><li>Liposuksion. N\u00eb disa raste, \u00ebsht\u00eb e nevojshme t\u00eb p\u00ebrdoret liposuction, ve\u00e7an\u00ebrisht p\u00ebr t\u00eb reduktuar yndyr\u00ebn e tep\u00ebrt q\u00eb grumbullohet pak n\u00ebn mjek\u00ebr.<\/li><\/ul><p><strong>Procesi i sh\u00ebrimit t\u00eb ngritjes s\u00eb qaf\u00ebs<\/strong><\/p><p>Rim\u00ebk\u00ebmbja nga operacioni i ngritjes s\u00eb qaf\u00ebs \u00ebsht\u00eb zakonisht shum\u00eb i shpejt\u00eb dhe i pakomplikuar. Ju mund t\u00eb prisni fasha n\u00eb t\u00eb gjith\u00eb vendin e operacionit, por k\u00ebto fasha hiqen brenda jav\u00ebs s\u00eb par\u00eb. Ne mund t&#8217;ju k\u00ebrkojm\u00eb q\u00eb t\u00eb pushoni dhe rikuperoni disa dit\u00eb dhe t\u00eb p\u00ebrdorni kompresa t\u00eb ftohta p\u00ebr t\u00eb reduktuar \u00ebnjtjen. Nd\u00ebrsa dhimbja \u00ebsht\u00eb zakonisht minimale, ne do t&#8217;ju p\u00ebrshkruajm\u00eb ila\u00e7e p\u00ebr t&#8217;u p\u00ebrdorur sipas nevoj\u00ebs p\u00ebr t\u00eb ndihmuar n\u00eb uljen e \u00e7do shqet\u00ebsimi.<\/p><p>Ne do t&#8217;ju k\u00ebshillojm\u00eb kur t\u00eb ktheheni n\u00eb pun\u00eb dhe ushtrime fizike; Sigurisht, pacient\u00ebt tan\u00eb mund t\u00eb na telefonojn\u00eb gjithmon\u00eb me pyetjet ose shqet\u00ebsimet e tyre specifike.<\/p><p><strong>A jeni nj\u00eb kandidat p\u00ebr ngritjen e qaf\u00ebs?<\/strong><\/p><p>A mendoni se do t\u00eb ishit nj\u00eb kandidat i mir\u00eb p\u00ebr ngritjen e qaf\u00ebs? Liftimi i qaf\u00ebs rekomandohet p\u00ebr pacient\u00ebt q\u00eb plot\u00ebsojn\u00eb kriteret e m\u00ebposhtme:<\/p><ul><li>N\u00ebse jeni t\u00eb shqet\u00ebsuar nga l\u00ebkura e lirshme, yndyra ose shenja t\u00eb tjera t\u00eb dukshme t\u00eb plakjes rreth qaf\u00ebs, n\u00ebn mjek\u00ebr ose rreth nofull\u00ebs<\/li><li>P\u00ebrve\u00e7 rastit kur keni ndonj\u00eb nd\u00ebrlikim mjek\u00ebsor q\u00eb ju pengon t\u00eb sh\u00ebroheni si\u00e7 duhet<\/li><li>N\u00ebse nuk pi duhan,<\/li><li>N\u00ebse keni pritshm\u00ebri realiste n\u00eb lidhje me operacionin p\u00ebr ngritjen e qaf\u00ebs dhe e dini se ai nuk do t\u00eb ndaloj\u00eb procesin e plakjes duke p\u00ebrmir\u00ebsuar pamjen tuaj fizike, ndoshta mund t\u00eb jeni nj\u00eb kandidat i mir\u00eb p\u00ebr kirurgjin\u00eb e heqjes s\u00eb qaf\u00ebs.<\/li><\/ul><p><strong>\u00c7far\u00eb mund t\u00eb trajtoj\u00eb nj\u00eb ngrit\u00ebs i qaf\u00ebs?<\/strong><\/p><p>Ngritja e qaf\u00ebs mund t\u00eb adresoj\u00eb ndonj\u00eb nga sa vijon:<\/p><ul><li>Pamja &#8220;jowl&#8221; e shkaktuar nga l\u00ebkura dhe yndyra e tep\u00ebrt n\u00ebn fytyr\u00eb.<\/li><li>Akumulim i tep\u00ebrt i yndyr\u00ebs rreth mjekr\u00ebs.<\/li><li>L\u00ebkur\u00eb e lirshme dhe e varur e qaf\u00ebs.<\/li><li>Rripat e muskujve n\u00eb qaf\u00eb q\u00eb shkaktojn\u00eb linja me pamje t\u00eb pazakont\u00eb.<\/li><\/ul><p><strong>\u00c7far\u00eb nuk mund t\u00eb trajtoj\u00eb ngritja e qaf\u00ebs?<\/strong><\/p><p>P\u00ebrkundrazi, ka disa gj\u00ebra q\u00eb ngritja e qaf\u00ebs nuk mund t&#8217;i zgjidh\u00eb dhe \u00ebsht\u00eb e r\u00ebnd\u00ebsishme t\u00eb jeni t\u00eb hapur p\u00ebr k\u00ebt\u00eb. N\u00eb ve\u00e7anti, \u00ebsht\u00eb e r\u00ebnd\u00ebsishme t\u00eb mbani mend se ngritja e qaf\u00ebs \u00ebsht\u00eb n\u00eb thelb nj\u00eb natyr\u00eb restauruese; Ato mund t\u00eb p\u00ebrmir\u00ebsojn\u00eb pamjen e qaf\u00ebs tuaj, por nuk synojn\u00eb t\u00eb ndryshojn\u00eb ndjesh\u00ebm pamjen tuaj t\u00eb p\u00ebrgjithshme fizike. P\u00ebrve\u00e7 k\u00ebsaj, operacionet e ngritjes s\u00eb qaf\u00ebs nuk e ndalojn\u00eb procesin e plakjes; ata largojn\u00eb shenjat m\u00eb t\u00eb dukshme t\u00eb plakjes n\u00eb qaf\u00ebn tuaj.<\/p><p>Duhet t\u00eb dini gjithashtu se ka mund\u00ebsi jo kirurgjikale p\u00ebr t\u00eb ndihmuar n\u00eb p\u00ebrmir\u00ebsimin e pamjes s\u00eb qaf\u00ebs. K\u00ebto opsione nuk jan\u00eb aq t\u00eb fuqishme apo efektive sa operacioni, por ato mund t\u00eb ndihmojn\u00eb n\u00eb vonimin e nevoj\u00ebs p\u00ebr nj\u00eb ngritje t\u00eb plot\u00eb t\u00eb qaf\u00ebs.<\/p>\t\t\t\t\t\t<\/div>\n\t\t\t\t<\/div>\n\t\t\t\t\t<\/div>\n\t\t<\/div>\n\t\t\t\t\t\t\t<\/div>\n\t\t<\/section>\n\t\t\t\t\t\t\t<\/div>\n\t\t","protected":false},"excerpt":{"rendered":"<p>Merrni Informacion Tani Ngritja e Qaf\u00ebs Me kalimin e mosh\u00ebs, l\u00ebkura jon\u00eb ka tendenc\u00eb t\u00eb humbas\u00eb nj\u00eb pjes\u00eb t\u00eb elasticitetit t\u00eb saj dhe t\u00eb &#8220;varet&#8221;, ve\u00e7an\u00ebrisht n\u00eb zonat e fytyr\u00ebs dhe trupit ku l\u00ebkura \u00ebsht\u00eb shum\u00eb e holl\u00eb. Rezultati mund t\u00eb jet\u00eb l\u00ebkura e l\u00ebshuar e varur n\u00eb zona t\u00eb pad\u00ebshiruara, duke p\u00ebrfshir\u00eb zon\u00ebn e [&hellip;]<\/p>\n","protected":false},"author":1,"featured_media":0,"parent":0,"menu_order":0,"comment_status":"closed","ping_status":"closed","template":"","meta":{"footnotes":""},"class_list":["post-1708","page","type-page","status-publish","hentry"],"_links":{"self":[{"href":"https:\/\/alperince.com\/al\/wp-json\/wp\/v2\/pages\/1708","targetHints":{"allow":["GET"]}}],"collection":[{"href":"https:\/\/alperince.com\/al\/wp-json\/wp\/v2\/pages"}],"about":[{"href":"https:\/\/alperince.com\/al\/wp-json\/wp\/v2\/types\/page"}],"author":[{"embeddable":true,"href":"https:\/\/alperince.com\/al\/wp-json\/wp\/v2\/users\/1"}],"replies":[{"embeddable":true,"href":"https:\/\/alperince.com\/al\/wp-json\/wp\/v2\/comments?post=1708"}],"version-history":[{"count":12,"href":"https:\/\/alperince.com\/al\/wp-json\/wp\/v2\/pages\/1708\/revisions"}],"predecessor-version":[{"id":1934,"href":"https:\/\/alperince.com\/al\/wp-json\/wp\/v2\/pages\/1708\/revisions\/1934"}],"wp:attachment":[{"href":"https:\/\/alperince.com\/al\/wp-json\/wp\/v2\/media?parent=1708"}],"curies":[{"name":"wp","href":"https:\/\/api.w.org\/{rel}","templated":true}]}}