{"id":546,"date":"2021-09-28T12:03:26","date_gmt":"2021-09-28T12:03:26","guid":{"rendered":"https:\/\/insurance.liquid-themes.com\/elementor\/?page_id=546"},"modified":"2022-11-10T12:46:25","modified_gmt":"2022-11-10T09:46:25","slug":"rinoplastika","status":"publish","type":"page","link":"https:\/\/alperince.com\/al\/rinoplastika","title":{"rendered":"Rinoplastika"},"content":{"rendered":"\t\t<div data-elementor-type=\"wp-page\" data-elementor-id=\"546\" class=\"elementor elementor-546\">\n\t\t\t\t\t\t\t\t\t<section class=\"elementor-section elementor-top-section elementor-element elementor-element-100bd8a5 elementor-section-boxed elementor-section-height-default elementor-section-height-default\" data-id=\"100bd8a5\" data-element_type=\"section\">\n\t\t\t\t\t\t<div class=\"elementor-container elementor-column-gap-default\">\n\t\t\t\t\t<div class=\"lqd-css-sticky-column elementor-column elementor-col-50 elementor-top-column elementor-element elementor-element-2eda37c\" style=\"--lqd-sticky-offset:30px\" data-id=\"2eda37c\" data-element_type=\"column\">\n\t\t\t<div class=\"elementor-widget-wrap elementor-element-populated\">\n\t\t\t\t\t\t\t\t<section class=\"elementor-section elementor-inner-section elementor-element elementor-element-505692c0 elementor-section-boxed elementor-section-height-default elementor-section-height-default\" data-id=\"505692c0\" data-element_type=\"section\">\n\t\t\t\t\t\t<div class=\"elementor-container elementor-column-gap-default\">\n\t\t\t\t\t<div class=\"elementor-column elementor-col-100 elementor-inner-column elementor-element elementor-element-702ef4b5\" data-id=\"702ef4b5\" data-element_type=\"column\" data-settings=\"{&quot;background_background&quot;:&quot;classic&quot;}\">\n\t\t\t<div class=\"elementor-widget-wrap elementor-element-populated\">\n\t\t\t\t\t\t\t\t<div class=\"elementor-element elementor-element-c4b355e elementor-widget elementor-widget-hub_fancy_heading\" data-id=\"c4b355e\" data-element_type=\"widget\" data-widget_type=\"hub_fancy_heading.default\">\n\t\t\t\t<div class=\"elementor-widget-container\">\n\t\t\t\n\t\t<div id=\"ld-fancy-heading-69dff1facace9\" class=\"ld-fancy-heading pos-rel\">\n\t\t\t<h2 class=\"ld-fh-element d-inline-block pos-rel  elementor-heading-title lqd-highlight-classic lqd-highlight-grow-left h2\"  > Merrni Informacion Tani<\/h2>\t\t<\/div>\n\n\t\t\t\t<\/div>\n\t\t\t\t<\/div>\n\t\t\t\t<div class=\"elementor-element elementor-element-b7b8b7b elementor-widget elementor-widget-ld_cf722\" data-id=\"b7b8b7b\" data-element_type=\"widget\" data-widget_type=\"ld_cf722.default\">\n\t\t\t\t<div class=\"elementor-widget-container\">\n\t\t\t\n\t<div class=\"lqd-contact-form lqd-contact-form-inputs-filled lqd-contact-form-inputs-round lqd-contact-form-button-block lqd-contact-form-button-round\" >\n\t\t<div role=\"form\" class=\"wpcf7\" id=\"wpcf7-f6-o1\" lang=\"tr-TR\" dir=\"ltr\">\n<div class=\"screen-reader-response\"><p role=\"status\" aria-live=\"polite\" aria-atomic=\"true\"><\/p> <ul><\/ul><\/div>\n<form action=\"\/al\/wp-json\/wp\/v2\/pages\/546#wpcf7-f6-o1\" method=\"post\" class=\"wpcf7-form init\" novalidate=\"novalidate\" data-status=\"init\">\n<div style=\"display: none;\">\n<input type=\"hidden\" name=\"_wpcf7\" value=\"6\" \/>\n<input type=\"hidden\" name=\"_wpcf7_version\" value=\"5.6.3\" \/>\n<input type=\"hidden\" name=\"_wpcf7_locale\" value=\"tr_TR\" \/>\n<input type=\"hidden\" name=\"_wpcf7_unit_tag\" value=\"wpcf7-f6-o1\" \/>\n<input type=\"hidden\" name=\"_wpcf7_container_post\" value=\"0\" \/>\n<input type=\"hidden\" name=\"_wpcf7_posted_data_hash\" value=\"\" \/>\n<\/div>\n<p><span class=\"wpcf7-form-control-wrap\" data-name=\"adi\"><input type=\"text\" name=\"adi\" value=\"\" size=\"40\" class=\"wpcf7-form-control wpcf7-text wpcf7-validates-as-required\" aria-required=\"true\" aria-invalid=\"false\" placeholder=\"Emri\" \/><\/span><br \/>\n<span class=\"wpcf7-form-control-wrap\" data-name=\"telefon\"><input type=\"text\" name=\"telefon\" value=\"\" size=\"40\" class=\"wpcf7-form-control wpcf7-text wpcf7-validates-as-required\" aria-required=\"true\" aria-invalid=\"false\" placeholder=\"Numri i Telefonit\" \/><\/span><br \/>\n<span class=\"wpcf7-form-control-wrap\" data-name=\"mesaj\"><textarea name=\"mesaj\" cols=\"40\" rows=\"3\" class=\"wpcf7-form-control wpcf7-textarea\" aria-invalid=\"false\" placeholder=\"Mesazh\"><\/textarea><\/span><br \/>\n<input type=\"submit\" value=\"Paraqisni Formularin\" class=\"wpcf7-form-control has-spinner wpcf7-submit\" \/><\/p>\n<div class=\"wpcf7-response-output\" aria-hidden=\"true\"><\/div><\/form><\/div>\t<\/div>\n\n\t\t\t<\/div>\n\t\t\t\t<\/div>\n\t\t\t\t\t<\/div>\n\t\t<\/div>\n\t\t\t\t\t\t\t<\/div>\n\t\t<\/section>\n\t\t\t\t\t<\/div>\n\t\t<\/div>\n\t\t\t\t<div class=\"elementor-column elementor-col-50 elementor-top-column elementor-element elementor-element-231f3078\" data-id=\"231f3078\" data-element_type=\"column\">\n\t\t\t<div class=\"elementor-widget-wrap elementor-element-populated\">\n\t\t\t\t\t\t\t\t<div class=\"elementor-element elementor-element-cc9606b elementor-widget elementor-widget-image\" data-id=\"cc9606b\" data-element_type=\"widget\" data-widget_type=\"image.default\">\n\t\t\t\t<div class=\"elementor-widget-container\">\n\t\t\t<style>\/*! elementor - v3.7.4 - 31-08-2022 *\/\n.elementor-widget-image{text-align:center}.elementor-widget-image a{display:inline-block}.elementor-widget-image a img[src$=\".svg\"]{width:48px}.elementor-widget-image img{vertical-align:middle;display:inline-block}<\/style>\t\t\t\t\t\t\t\t\t\t\t\t<img decoding=\"async\" width=\"930\" height=\"550\" src=\"https:\/\/alperince.com\/al\/wp-content\/uploads\/2022\/09\/burun-estetigi-header1.jpg\" class=\"elementor-animation-float attachment-full size-full\" alt=\"\" srcset=\"https:\/\/alperince.com\/al\/wp-content\/uploads\/2022\/09\/burun-estetigi-header1.jpg 930w, https:\/\/alperince.com\/al\/wp-content\/uploads\/2022\/09\/burun-estetigi-header1-300x177.jpg 300w, https:\/\/alperince.com\/al\/wp-content\/uploads\/2022\/09\/burun-estetigi-header1-600x355.jpg 600w\" sizes=\"(max-width: 930px) 100vw, 930px\" \/>\t\t\t\t\t\t\t\t\t\t\t\t\t\t\t<\/div>\n\t\t\t\t<\/div>\n\t\t\t\t<div class=\"elementor-element elementor-element-c153a33 elementor-widget elementor-widget-spacer\" data-id=\"c153a33\" data-element_type=\"widget\" data-widget_type=\"spacer.default\">\n\t\t\t\t<div class=\"elementor-widget-container\">\n\t\t\t<style>\/*! elementor - v3.7.4 - 31-08-2022 *\/\n.elementor-column .elementor-spacer-inner{height:var(--spacer-size)}.e-container{--container-widget-width:100%}.e-container>.elementor-widget-spacer{width:var(--container-widget-width,var(--spacer-size));-ms-flex-item-align:stretch;align-self:stretch;-ms-flex-negative:0;flex-shrink:0}.e-container>.elementor-widget-spacer>.elementor-widget-container,.e-container>.elementor-widget-spacer>.elementor-widget-container>.elementor-spacer{height:100%}.e-container>.elementor-widget-spacer>.elementor-widget-container>.elementor-spacer>.elementor-spacer-inner{height:var(--container-widget-height,var(--spacer-size))}<\/style>\t\t<div class=\"elementor-spacer\">\n\t\t\t<div class=\"elementor-spacer-inner\"><\/div>\n\t\t<\/div>\n\t\t\t\t<\/div>\n\t\t\t\t<\/div>\n\t\t\t\t<div class=\"elementor-element elementor-element-527f0d1f elementor-widget elementor-widget-hub_fancy_heading\" data-id=\"527f0d1f\" data-element_type=\"widget\" data-widget_type=\"hub_fancy_heading.default\">\n\t\t\t\t<div class=\"elementor-widget-container\">\n\t\t\t\n\t\t<div id=\"ld-fancy-heading-69dff1fad1f9d\" class=\"ld-fancy-heading pos-rel\">\n\t\t\t<h2 class=\"ld-fh-element d-inline-block pos-rel  elementor-heading-title lqd-highlight-classic lqd-highlight-grow-left h2\"  > Rinoplastika<\/h2>\t\t<\/div>\n\n\t\t\t\t<\/div>\n\t\t\t\t<\/div>\n\t\t\t\t<div class=\"elementor-element elementor-element-7eef461 elementor-widget elementor-widget-text-editor\" data-id=\"7eef461\" data-element_type=\"widget\" data-widget_type=\"text-editor.default\">\n\t\t\t\t<div class=\"elementor-widget-container\">\n\t\t\t<style>\/*! elementor - v3.7.4 - 31-08-2022 *\/\n.elementor-widget-text-editor.elementor-drop-cap-view-stacked .elementor-drop-cap{background-color:#818a91;color:#fff}.elementor-widget-text-editor.elementor-drop-cap-view-framed .elementor-drop-cap{color:#818a91;border:3px solid;background-color:transparent}.elementor-widget-text-editor:not(.elementor-drop-cap-view-default) .elementor-drop-cap{margin-top:8px}.elementor-widget-text-editor:not(.elementor-drop-cap-view-default) .elementor-drop-cap-letter{width:1em;height:1em}.elementor-widget-text-editor .elementor-drop-cap{float:left;text-align:center;line-height:1;font-size:50px}.elementor-widget-text-editor .elementor-drop-cap-letter{display:inline-block}<\/style>\t\t\t\t<p>Rinoplastika \u00ebsht\u00eb nj\u00eb procedur\u00eb kirurgjikale e aplikuar p\u00ebr t\u00eb korrigjuar deformimin, mosfunksionimin e form\u00ebs, skeletit dhe indeve t\u00eb buta n\u00eb hund\u00eb ose p\u00ebr ta riformuar at\u00eb p\u00ebr ta b\u00ebr\u00eb at\u00eb t\u00eb duket m\u00eb estetike. Fal\u00eb rinoplastik\u00ebs, madh\u00ebsia e hund\u00ebs mund t\u00eb ndryshohet, lakimi i saj mund t\u00eb korrigjohet, vrimat e hund\u00ebs mund t\u00eb ngushtohen, k\u00ebndi midis buz\u00ebve dhe hund\u00ebs mund t\u00eb korrigjohet, maja e hund\u00ebs mund t\u00eb ngrihet dhe forma e saj mund t\u00eb ndryshohet. . Q\u00ebllimi i t\u00eb gjitha k\u00ebtyre procedurave q\u00eb do t\u00eb kryhen n\u00eb hund\u00ebn tuaj \u00ebsht\u00eb t\u00eb b\u00ebni form\u00ebn e hund\u00ebs tuaj t\u00eb p\u00ebrshtatshme p\u00ebr struktur\u00ebn e fytyr\u00ebs tuaj dhe t\u00eb korrigjoni p\u00ebrgjithmon\u00eb defektet n\u00eb hund\u00eb. Me rinoplastik\u00eb, n\u00ebse \u00ebsht\u00eb e nevojshme, korrigjohen defektet strukturore t\u00eb hund\u00ebs q\u00eb v\u00ebshtir\u00ebsojn\u00eb frym\u00ebmarrjen dhe hapen rrug\u00ebt e frym\u00ebmarrjes. Kirurgjia e rinoplastik\u00ebs \u00ebsht\u00eb padyshim nj\u00eb operacion ku shkenca dhe arti takohen.<\/p><p><strong>A do t\u00eb ndjej dhimbje gjat\u00eb operacionit t\u00eb rinoplastik\u00ebs?<\/strong><\/p><p>Ju nuk do t\u00eb mund t\u00eb ndjeni asnj\u00eb dhimbje me efektin e anestezis\u00eb gjat\u00eb operacionit t\u00eb rinoplastik\u00ebs. Pas operacionit, t\u00eb gjith\u00eb pacient\u00ebve u jepen qet\u00ebsues p\u00ebr disa dit\u00eb. Mund t\u00eb keni disa v\u00ebshtir\u00ebsi n\u00eb frym\u00ebmarrje nat\u00ebn e par\u00eb pas operacionit. Megjithat\u00eb, do t\u00eb mund t\u00eb merrni frym\u00eb m\u00eb leht\u00eb pasi t&#8217;ju hiqen veshjet intranazale q\u00eb kemi vendosur n\u00eb hund\u00eb. Veshjet intranazale mund t\u00eb hiqen nj\u00eb dit\u00eb pas operacionit. Pas k\u00ebsaj kohe, nuk do t\u00eb keni asnj\u00eb dhimbje apo shqet\u00ebsim.<\/p><p><strong>N\u00eb cil\u00ebn mosh\u00eb duhet t\u00eb kryhet rinoplastika?<\/strong><\/p><p>Kirurgjia estetike e hund\u00ebs ka nj\u00eb kufi moshe m\u00eb t\u00eb ul\u00ebt. Ky kufi \u00ebsht\u00eb 17 p\u00ebr grat\u00eb dhe 18 p\u00ebr burrat. Nuk ka kufi t\u00eb sip\u00ebrm moshe p\u00ebr kirurgjin\u00eb e rinoplastik\u00ebs. N\u00ebse tek f\u00ebmij\u00ebt ka nj\u00eb penges\u00eb serioze t\u00eb hund\u00ebs dhe kjo situat\u00eb d\u00ebmton zhvillimin e f\u00ebmij\u00ebs suaj, nd\u00ebrhyrja kirurgjikale mund t\u00eb kryhet n\u00eb mosh\u00eb t\u00eb hershme.<\/p><p><strong>A mund t\u00eb korrigjoj problemin tim t\u00eb frym\u00ebmarrjes dhe t\u00eb b\u00ebj nj\u00eb rinoplastik\u00eb gjat\u00eb rinoplastik\u00ebs?<\/strong><\/p><p>Po, ju mund t\u00eb korrigjoni problemin tuaj t\u00eb frym\u00ebmarrjes dhe t\u00eb korrigjoni vizualisht form\u00ebn e hund\u00ebs gjat\u00eb operacionit t\u00eb hund\u00ebs. Nd\u00ebrsa merrni frym\u00eb rehat, ju mund t&#8217;i jepni form\u00eb hund\u00ebs n\u00eb nj\u00eb form\u00eb t\u00eb p\u00ebrshtatshme p\u00ebr fytyr\u00ebn tuaj.<\/p><p><strong>A do t\u00eb ket\u00eb shenja n\u00eb hund\u00eb pas rinoplastik\u00ebs?<\/strong><\/p><p>Ju e dini se edhe \u00e7do prerje e b\u00ebr\u00eb n\u00eb l\u00ebkur\u00eb l\u00eb nj\u00eb mbres\u00eb. Por ato qepje t\u00eb m\u00ebdha q\u00eb ju vijn\u00eb n\u00eb mendje kur mendoni p\u00ebr plag\u00ebt kirurgjikale nuk do t\u00eb jen\u00eb n\u00eb rinoplastik\u00eb. Sepse \u00e7do prerje dhe qepje e hapur n\u00eb operacionet e rinoplastik\u00ebs do t\u00eb b\u00ebhen me shum\u00eb kujdes dhe nuk do t\u00eb shihen me sy t\u00eb lir\u00eb. Kirurgjia estetike e hund\u00ebs kryhet n\u00eb dy m\u00ebnyra, e hapur dhe e mbyllur. N\u00eb operacionin e mbyllur, prerjet nuk do t\u00eb jen\u00eb t\u00eb dukshme pasi do t\u00eb mbeten brenda hund\u00ebs. N\u00eb operacionin me hund\u00eb t\u00eb hapur, nj\u00eb mbres\u00eb e vog\u00ebl do t\u00eb mbetet n\u00eb baz\u00ebn e hund\u00ebs. N\u00eb rast t\u00eb nj\u00eb operacioni t\u00eb hapur, pacient\u00ebt do t\u00eb informohen paraprakisht.<\/p><p><strong>A mund t\u00eb kthehem n\u00eb jet\u00ebn time normale menj\u00ebher\u00eb pas rinoplastik\u00ebs?<\/strong><\/p><p>Ju mund t\u00eb shkoni n\u00eb sht\u00ebpi menj\u00ebher\u00eb pas operacionit t\u00eb hund\u00ebs dhe t\u00eb vazhdoni jet\u00ebn tuaj normale. Pas operacionit, ju mund t\u00eb merrni frym\u00eb leht\u00eb fal\u00eb silikonit t\u00eb holl\u00eb q\u00eb vendosim n\u00eb hund\u00eb. Pas operacionit t\u00eb rinoplastik\u00ebs, ju mund t\u00eb q\u00ebndroni n\u00ebn mbik\u00ebqyrjen ton\u00eb p\u00ebr nj\u00eb or\u00eb dhe m\u00eb pas t\u00eb shkoni n\u00eb sht\u00ebpi me shoq\u00ebruesin tuaj. Megjithat\u00eb, ju rekomandojm\u00eb q\u00eb t\u00eb q\u00ebndroni n\u00ebn mbik\u00ebqyrjen ton\u00eb n\u00eb spital p\u00ebr nj\u00eb dit\u00eb pas operacionit.<\/p>\t\t\t\t\t\t<\/div>\n\t\t\t\t<\/div>\n\t\t\t\t\t<\/div>\n\t\t<\/div>\n\t\t\t\t\t\t\t<\/div>\n\t\t<\/section>\n\t\t\t\t\t\t\t<\/div>\n\t\t","protected":false},"excerpt":{"rendered":"<p>Merrni Informacion Tani Rinoplastika Rinoplastika \u00ebsht\u00eb nj\u00eb procedur\u00eb kirurgjikale e aplikuar p\u00ebr t\u00eb korrigjuar deformimin, mosfunksionimin e form\u00ebs, skeletit dhe indeve t\u00eb buta n\u00eb hund\u00eb ose p\u00ebr ta riformuar at\u00eb p\u00ebr ta b\u00ebr\u00eb at\u00eb t\u00eb duket m\u00eb estetike. Fal\u00eb rinoplastik\u00ebs, madh\u00ebsia e hund\u00ebs mund t\u00eb ndryshohet, lakimi i saj mund t\u00eb korrigjohet, vrimat e hund\u00ebs [&hellip;]<\/p>\n","protected":false},"author":1,"featured_media":0,"parent":0,"menu_order":0,"comment_status":"closed","ping_status":"closed","template":"","meta":{"footnotes":""},"class_list":["post-546","page","type-page","status-publish","hentry"],"_links":{"self":[{"href":"https:\/\/alperince.com\/al\/wp-json\/wp\/v2\/pages\/546","targetHints":{"allow":["GET"]}}],"collection":[{"href":"https:\/\/alperince.com\/al\/wp-json\/wp\/v2\/pages"}],"about":[{"href":"https:\/\/alperince.com\/al\/wp-json\/wp\/v2\/types\/page"}],"author":[{"embeddable":true,"href":"https:\/\/alperince.com\/al\/wp-json\/wp\/v2\/users\/1"}],"replies":[{"embeddable":true,"href":"https:\/\/alperince.com\/al\/wp-json\/wp\/v2\/comments?post=546"}],"version-history":[{"count":51,"href":"https:\/\/alperince.com\/al\/wp-json\/wp\/v2\/pages\/546\/revisions"}],"predecessor-version":[{"id":1918,"href":"https:\/\/alperince.com\/al\/wp-json\/wp\/v2\/pages\/546\/revisions\/1918"}],"wp:attachment":[{"href":"https:\/\/alperince.com\/al\/wp-json\/wp\/v2\/media?parent=546"}],"curies":[{"name":"wp","href":"https:\/\/api.w.org\/{rel}","templated":true}]}}