{"id":757,"date":"2022-09-17T11:06:40","date_gmt":"2022-09-17T08:06:40","guid":{"rendered":"https:\/\/alperince.com\/al\/?page_id=757"},"modified":"2022-11-10T12:47:14","modified_gmt":"2022-11-10T09:47:14","slug":"ngritja-e-fytyres","status":"publish","type":"page","link":"https:\/\/alperince.com\/al\/ngritja-e-fytyres","title":{"rendered":"Ngritja e Fytyr\u00ebs"},"content":{"rendered":"\t\t<div data-elementor-type=\"wp-page\" data-elementor-id=\"757\" class=\"elementor elementor-757\">\n\t\t\t\t\t\t\t\t\t<section class=\"elementor-section elementor-top-section elementor-element elementor-element-100bd8a5 elementor-section-boxed elementor-section-height-default elementor-section-height-default\" data-id=\"100bd8a5\" data-element_type=\"section\">\n\t\t\t\t\t\t<div class=\"elementor-container elementor-column-gap-default\">\n\t\t\t\t\t<div class=\"lqd-css-sticky-column elementor-column elementor-col-50 elementor-top-column elementor-element elementor-element-3bb4440\" style=\"--lqd-sticky-offset:30px\" data-id=\"3bb4440\" data-element_type=\"column\">\n\t\t\t<div class=\"elementor-widget-wrap elementor-element-populated\">\n\t\t\t\t\t\t\t\t<section class=\"elementor-section elementor-inner-section elementor-element elementor-element-3312f48 elementor-section-boxed elementor-section-height-default elementor-section-height-default\" data-id=\"3312f48\" data-element_type=\"section\">\n\t\t\t\t\t\t<div class=\"elementor-container elementor-column-gap-default\">\n\t\t\t\t\t<div class=\"elementor-column elementor-col-100 elementor-inner-column elementor-element elementor-element-71ecdef\" data-id=\"71ecdef\" data-element_type=\"column\" data-settings=\"{&quot;background_background&quot;:&quot;classic&quot;}\">\n\t\t\t<div class=\"elementor-widget-wrap elementor-element-populated\">\n\t\t\t\t\t\t\t\t<div class=\"elementor-element elementor-element-50bb6c2 elementor-widget elementor-widget-hub_fancy_heading\" data-id=\"50bb6c2\" data-element_type=\"widget\" data-widget_type=\"hub_fancy_heading.default\">\n\t\t\t\t<div class=\"elementor-widget-container\">\n\t\t\t\n\t\t<div id=\"ld-fancy-heading-69dff05dc322e\" class=\"ld-fancy-heading pos-rel\">\n\t\t\t<h2 class=\"ld-fh-element d-inline-block pos-rel  elementor-heading-title lqd-highlight-classic lqd-highlight-grow-left h2\"  > Merrni Informacion Tani<\/h2>\t\t<\/div>\n\n\t\t\t\t<\/div>\n\t\t\t\t<\/div>\n\t\t\t\t<div class=\"elementor-element elementor-element-679b588 elementor-widget elementor-widget-ld_cf722\" data-id=\"679b588\" data-element_type=\"widget\" data-widget_type=\"ld_cf722.default\">\n\t\t\t\t<div class=\"elementor-widget-container\">\n\t\t\t\n\t<div class=\"lqd-contact-form lqd-contact-form-inputs-filled lqd-contact-form-inputs-round lqd-contact-form-button-block lqd-contact-form-button-round\" >\n\t\t<div role=\"form\" class=\"wpcf7\" id=\"wpcf7-f6-o1\" lang=\"tr-TR\" dir=\"ltr\">\n<div class=\"screen-reader-response\"><p role=\"status\" aria-live=\"polite\" aria-atomic=\"true\"><\/p> <ul><\/ul><\/div>\n<form action=\"\/al\/wp-json\/wp\/v2\/pages\/757#wpcf7-f6-o1\" method=\"post\" class=\"wpcf7-form init\" novalidate=\"novalidate\" data-status=\"init\">\n<div style=\"display: none;\">\n<input type=\"hidden\" name=\"_wpcf7\" value=\"6\" \/>\n<input type=\"hidden\" name=\"_wpcf7_version\" value=\"5.6.3\" \/>\n<input type=\"hidden\" name=\"_wpcf7_locale\" value=\"tr_TR\" \/>\n<input type=\"hidden\" name=\"_wpcf7_unit_tag\" value=\"wpcf7-f6-o1\" \/>\n<input type=\"hidden\" name=\"_wpcf7_container_post\" value=\"0\" \/>\n<input type=\"hidden\" name=\"_wpcf7_posted_data_hash\" value=\"\" \/>\n<\/div>\n<p><span class=\"wpcf7-form-control-wrap\" data-name=\"adi\"><input type=\"text\" name=\"adi\" value=\"\" size=\"40\" class=\"wpcf7-form-control wpcf7-text wpcf7-validates-as-required\" aria-required=\"true\" aria-invalid=\"false\" placeholder=\"Emri\" \/><\/span><br \/>\n<span class=\"wpcf7-form-control-wrap\" data-name=\"telefon\"><input type=\"text\" name=\"telefon\" value=\"\" size=\"40\" class=\"wpcf7-form-control wpcf7-text wpcf7-validates-as-required\" aria-required=\"true\" aria-invalid=\"false\" placeholder=\"Numri i Telefonit\" \/><\/span><br \/>\n<span class=\"wpcf7-form-control-wrap\" data-name=\"mesaj\"><textarea name=\"mesaj\" cols=\"40\" rows=\"3\" class=\"wpcf7-form-control wpcf7-textarea\" aria-invalid=\"false\" placeholder=\"Mesazh\"><\/textarea><\/span><br \/>\n<input type=\"submit\" value=\"Paraqisni Formularin\" class=\"wpcf7-form-control has-spinner wpcf7-submit\" \/><\/p>\n<div class=\"wpcf7-response-output\" aria-hidden=\"true\"><\/div><\/form><\/div>\t<\/div>\n\n\t\t\t<\/div>\n\t\t\t\t<\/div>\n\t\t\t\t\t<\/div>\n\t\t<\/div>\n\t\t\t\t\t\t\t<\/div>\n\t\t<\/section>\n\t\t\t\t\t<\/div>\n\t\t<\/div>\n\t\t\t\t<div class=\"elementor-column elementor-col-50 elementor-top-column elementor-element elementor-element-231f3078\" data-id=\"231f3078\" data-element_type=\"column\">\n\t\t\t<div class=\"elementor-widget-wrap elementor-element-populated\">\n\t\t\t\t\t\t\t\t<div class=\"elementor-element elementor-element-cc9606b elementor-widget elementor-widget-image\" data-id=\"cc9606b\" data-element_type=\"widget\" data-widget_type=\"image.default\">\n\t\t\t\t<div class=\"elementor-widget-container\">\n\t\t\t<style>\/*! elementor - v3.7.4 - 31-08-2022 *\/\n.elementor-widget-image{text-align:center}.elementor-widget-image a{display:inline-block}.elementor-widget-image a img[src$=\".svg\"]{width:48px}.elementor-widget-image img{vertical-align:middle;display:inline-block}<\/style>\t\t\t\t\t\t\t\t\t\t\t\t<img decoding=\"async\" width=\"930\" height=\"550\" src=\"https:\/\/alperince.com\/al\/wp-content\/uploads\/2022\/09\/yuz-germe-header.jpg\" class=\"elementor-animation-float attachment-full size-full\" alt=\"\" srcset=\"https:\/\/alperince.com\/al\/wp-content\/uploads\/2022\/09\/yuz-germe-header.jpg 930w, https:\/\/alperince.com\/al\/wp-content\/uploads\/2022\/09\/yuz-germe-header-300x177.jpg 300w, https:\/\/alperince.com\/al\/wp-content\/uploads\/2022\/09\/yuz-germe-header-600x355.jpg 600w\" sizes=\"(max-width: 930px) 100vw, 930px\" \/>\t\t\t\t\t\t\t\t\t\t\t\t\t\t\t<\/div>\n\t\t\t\t<\/div>\n\t\t\t\t<div class=\"elementor-element elementor-element-c153a33 elementor-widget elementor-widget-spacer\" data-id=\"c153a33\" data-element_type=\"widget\" data-widget_type=\"spacer.default\">\n\t\t\t\t<div class=\"elementor-widget-container\">\n\t\t\t<style>\/*! elementor - v3.7.4 - 31-08-2022 *\/\n.elementor-column .elementor-spacer-inner{height:var(--spacer-size)}.e-container{--container-widget-width:100%}.e-container>.elementor-widget-spacer{width:var(--container-widget-width,var(--spacer-size));-ms-flex-item-align:stretch;align-self:stretch;-ms-flex-negative:0;flex-shrink:0}.e-container>.elementor-widget-spacer>.elementor-widget-container,.e-container>.elementor-widget-spacer>.elementor-widget-container>.elementor-spacer{height:100%}.e-container>.elementor-widget-spacer>.elementor-widget-container>.elementor-spacer>.elementor-spacer-inner{height:var(--container-widget-height,var(--spacer-size))}<\/style>\t\t<div class=\"elementor-spacer\">\n\t\t\t<div class=\"elementor-spacer-inner\"><\/div>\n\t\t<\/div>\n\t\t\t\t<\/div>\n\t\t\t\t<\/div>\n\t\t\t\t<div class=\"elementor-element elementor-element-527f0d1f elementor-widget elementor-widget-hub_fancy_heading\" data-id=\"527f0d1f\" data-element_type=\"widget\" data-widget_type=\"hub_fancy_heading.default\">\n\t\t\t\t<div class=\"elementor-widget-container\">\n\t\t\t\n\t\t<div id=\"ld-fancy-heading-69dff05dcd8f4\" class=\"ld-fancy-heading pos-rel\">\n\t\t\t<h2 class=\"ld-fh-element d-inline-block pos-rel  elementor-heading-title lqd-highlight-classic lqd-highlight-grow-left h2\"  > Ngritja e Fytyr\u00ebs<\/h2>\t\t<\/div>\n\n\t\t\t\t<\/div>\n\t\t\t\t<\/div>\n\t\t\t\t<div class=\"elementor-element elementor-element-7eef461 elementor-widget elementor-widget-text-editor\" data-id=\"7eef461\" data-element_type=\"widget\" data-widget_type=\"text-editor.default\">\n\t\t\t\t<div class=\"elementor-widget-container\">\n\t\t\t<style>\/*! elementor - v3.7.4 - 31-08-2022 *\/\n.elementor-widget-text-editor.elementor-drop-cap-view-stacked .elementor-drop-cap{background-color:#818a91;color:#fff}.elementor-widget-text-editor.elementor-drop-cap-view-framed .elementor-drop-cap{color:#818a91;border:3px solid;background-color:transparent}.elementor-widget-text-editor:not(.elementor-drop-cap-view-default) .elementor-drop-cap{margin-top:8px}.elementor-widget-text-editor:not(.elementor-drop-cap-view-default) .elementor-drop-cap-letter{width:1em;height:1em}.elementor-widget-text-editor .elementor-drop-cap{float:left;text-align:center;line-height:1;font-size:50px}.elementor-widget-text-editor .elementor-drop-cap-letter{display:inline-block}<\/style>\t\t\t\t<p>Kirurgjia e ngritjes s\u00eb fytyr\u00ebs \u00ebsht\u00eb nj\u00eb metod\u00eb q\u00eb ndihmon n\u00eb heqjen e l\u00ebkur\u00ebs s\u00eb varur n\u00eb fytyr\u00eb dhe qaf\u00eb dhe dhjamin n\u00ebn mjek\u00ebr. Fal\u00eb operacionit t\u00eb ngritjes s\u00eb fytyr\u00ebs, pacienti do t\u00eb ndihet m\u00eb mir\u00eb, i gjall\u00eb, i bukur dhe i ri. Fal\u00eb operacionit t\u00eb ngritjes s\u00eb fytyr\u00ebs, l\u00ebkura e tep\u00ebrt hiqet dhe fytyra b\u00ebhet m\u00eb e tendosur. N\u00ebse elasticiteti i l\u00ebkur\u00ebs s\u00eb personit nuk humbet, rezultati i operacionit t\u00eb ngritjes s\u00eb fytyr\u00ebs do t\u00eb jet\u00eb shum\u00eb m\u00eb i suksessh\u00ebm. Kirurgjia e ngritjes s\u00eb fytyr\u00ebs mund t\u00eb kryhet vet\u00ebm ose n\u00eb kombinim me ngritjen e ballit dhe estetik\u00ebn e qepallave. Kandidat\u00ebt m\u00eb t\u00eb p\u00ebrshtatsh\u00ebm p\u00ebr kirurgjin\u00eb e ngritjes s\u00eb fytyr\u00ebs jan\u00eb personat nga mosha 40 deri n\u00eb 65 vje\u00e7, t\u00eb cil\u00ebt kan\u00eb r\u00ebnie dhe lubrifikim n\u00eb l\u00ebkur\u00ebn e fytyr\u00ebs dhe qaf\u00ebs, por kan\u00eb elasticitet t\u00eb mir\u00eb t\u00eb l\u00ebkur\u00ebs. Koh\u00ebzgjatja mesatare e operacionit p\u00ebr heqjen e fytyr\u00ebs varion nga 3 deri n\u00eb 4 or\u00eb. Edhe pse n\u00eb k\u00ebt\u00eb operacion preferohet anestezia e p\u00ebrgjithshme, mund t\u00eb aplikohet edhe anestezi lokale. Vendndodhja e prerjeve q\u00eb do t\u00eb b\u00ebhen n\u00eb operacion rregullohet sipas struktur\u00ebs s\u00eb fytyr\u00ebs dhe teknik\u00ebs s\u00eb operacionit.<\/p><p><strong>A ka nj\u00eb kufi moshe p\u00ebr operacionin e ngritjes s\u00eb fytyr\u00ebs?<\/strong><\/p><p>N\u00eb p\u00ebrgjith\u00ebsi, pas mosh\u00ebs 50 vje\u00e7are, shum\u00eb njer\u00ebz fillojn\u00eb t\u00eb v\u00ebrejn\u00eb r\u00ebnien dhe lubrifikimin n\u00eb fytyrat e tyre. Parregullsit\u00eb n\u00eb l\u00ebkur\u00eb n\u00eb vij\u00ebn e nofull\u00ebs dhe zon\u00ebn e qaf\u00ebs dhe palosjet para vesh\u00ebve e shqet\u00ebsojn\u00eb m\u00eb shum\u00eb personin. N\u00eb k\u00ebt\u00eb faz\u00eb duhet t\u00eb aplikohet kirurgjia e ngritjes s\u00eb fytyr\u00ebs dhe t\u00eb sigurohet p\u00ebrt\u00ebritja me suksesin e metod\u00ebs.<\/p><p><strong>A do t\u00eb ndjej shum\u00eb dhimbje pas operacionit p\u00ebr heqjen e fytyr\u00ebs?<\/strong><\/p><p>Si\u00e7 shihet pas t\u00eb gjitha procedurave kirurgjikale, dhimbje t\u00eb lehta mund t\u00eb ndihen p\u00ebr disa dit\u00eb pas procedur\u00ebs s\u00eb ngritjes s\u00eb fytyr\u00ebs. Me ndihm\u00ebn e medikamenteve q\u00eb i jepen pacientit pas operacionit, k\u00ebto dhimbje mund t\u00eb parandalohen leht\u00ebsisht. N\u00eb fytyr\u00ebn tuaj pas operacionit do t\u00eb shfaqen \u00ebnjtje dhe mavijosje, por k\u00ebto nuk duhet t&#8217;ju shkaktojn\u00eb frik\u00eb apo ankth. Brenda 1 muaji do t\u00eb vini re se jeni t\u00eb \u00e7liruar menj\u00ebher\u00eb nga k\u00ebto situata. Ju mund t\u00eb ktheheni n\u00eb jet\u00ebn tuaj normale dhe n\u00eb pun\u00eb dy jav\u00eb pas operacionit t\u00eb ngritjes s\u00eb fytyr\u00ebs.<\/p><p><strong>A do t\u00eb ket\u00eb shenja n\u00eb fytyr\u00ebn time pas operacionit p\u00ebr heqjen e fytyr\u00ebs?<\/strong><\/p><p>Meqen\u00ebse sutures dhe materialet speciale t\u00eb veshjes p\u00ebrdoren n\u00eb kirurgjin\u00eb e ngritjes s\u00eb fytyr\u00ebs, plag\u00ebt n\u00eb fytyr\u00eb do t\u00eb jen\u00eb minimale. Meqen\u00ebse plag\u00ebt q\u00eb do t\u00eb formohen do t\u00eb jen\u00eb midis l\u00ebkur\u00ebs s\u00eb kok\u00ebs, nuk do t\u00eb ket\u00eb asnj\u00eb t\u00eb dukshme t\u00eb dukshme. Meqen\u00ebse strija rreth veshit do t\u00eb jet\u00eb n\u00eb kryq\u00ebzimin e veshit me fytyr\u00ebn, madje edhe n\u00ebn llap\u00ebn e veshit, as k\u00ebtu nuk do t\u00eb jet\u00eb e dukshme.<\/p><p><strong>A ndryshon shprehja ime e fytyr\u00ebs pas operacionit p\u00ebr heqjen e fytyr\u00ebs?<\/strong><\/p><p>Meqen\u00ebse njer\u00ebzit kan\u00eb nj\u00eb gjendje unike anatomike, kirurgu duhet t\u00eb filloj\u00eb operacionin p\u00ebr heqjen e fytyr\u00ebs duke i llogaritur dhe marr\u00eb parasysh k\u00ebto. Operacioni duhet t\u00eb kryhet me nj\u00eb kirurg q\u00eb njeh anatomin\u00eb e plakjes. P\u00ebrve\u00e7 k\u00ebsaj, n\u00ebse operacioni p\u00ebr lifting t\u00eb fytyr\u00ebs kryhet duke i kushtuar v\u00ebmendje shprehjeve t\u00eb fytyr\u00ebs dhe struktur\u00ebs anatomike t\u00eb fytyr\u00ebs, nuk do t\u00eb v\u00ebrehet asnj\u00eb ndryshim n\u00eb shprehjen e fytyr\u00ebs.<\/p><p><strong>Sa shpejt do t\u00eb sh\u00ebrohem pas operacionit p\u00ebr heqjen e fytyr\u00ebs?<\/strong><\/p><p>Koha e sh\u00ebrimit t\u00eb prerjeve t\u00eb fytyr\u00ebs pas operacionit \u00ebsht\u00eb 7-10 dit\u00eb. Edema postoperative \u00ebsht\u00eb nj\u00eb nga problemet q\u00eb zgjat 2-3 jav\u00eb, por zgjidhet me shpejt\u00ebsi. Pas operacionit t\u00eb ngritjes s\u00eb fytyr\u00ebs, pacient\u00ebt mund t\u00eb kthehen n\u00eb jet\u00ebn e tyre t\u00eb pun\u00ebs midis 2 dhe 3 jav\u00ebsh. Liftimi i fytyr\u00ebs mund t\u00eb kryhet i vet\u00ebm ose i kombinuar me operacione t\u00eb tjera si ngritje e ballit, qepallave dhe hund\u00ebs. Duhet ditur q\u00eb n\u00eb nj\u00eb operacion t\u00eb kryer n\u00eb k\u00ebt\u00eb m\u00ebnyr\u00eb, edhe procedurat e tjera do t\u00eb ken\u00eb periudhat e tyre t\u00eb rikuperimit.<\/p>\t\t\t\t\t\t<\/div>\n\t\t\t\t<\/div>\n\t\t\t\t\t<\/div>\n\t\t<\/div>\n\t\t\t\t\t\t\t<\/div>\n\t\t<\/section>\n\t\t\t\t\t\t\t<\/div>\n\t\t","protected":false},"excerpt":{"rendered":"<p>Merrni Informacion Tani Ngritja e Fytyr\u00ebs Kirurgjia e ngritjes s\u00eb fytyr\u00ebs \u00ebsht\u00eb nj\u00eb metod\u00eb q\u00eb ndihmon n\u00eb heqjen e l\u00ebkur\u00ebs s\u00eb varur n\u00eb fytyr\u00eb dhe qaf\u00eb dhe dhjamin n\u00ebn mjek\u00ebr. Fal\u00eb operacionit t\u00eb ngritjes s\u00eb fytyr\u00ebs, pacienti do t\u00eb ndihet m\u00eb mir\u00eb, i gjall\u00eb, i bukur dhe i ri. Fal\u00eb operacionit t\u00eb ngritjes s\u00eb fytyr\u00ebs, [&hellip;]<\/p>\n","protected":false},"author":1,"featured_media":0,"parent":0,"menu_order":0,"comment_status":"closed","ping_status":"closed","template":"","meta":{"footnotes":""},"class_list":["post-757","page","type-page","status-publish","hentry"],"_links":{"self":[{"href":"https:\/\/alperince.com\/al\/wp-json\/wp\/v2\/pages\/757","targetHints":{"allow":["GET"]}}],"collection":[{"href":"https:\/\/alperince.com\/al\/wp-json\/wp\/v2\/pages"}],"about":[{"href":"https:\/\/alperince.com\/al\/wp-json\/wp\/v2\/types\/page"}],"author":[{"embeddable":true,"href":"https:\/\/alperince.com\/al\/wp-json\/wp\/v2\/users\/1"}],"replies":[{"embeddable":true,"href":"https:\/\/alperince.com\/al\/wp-json\/wp\/v2\/comments?post=757"}],"version-history":[{"count":24,"href":"https:\/\/alperince.com\/al\/wp-json\/wp\/v2\/pages\/757\/revisions"}],"predecessor-version":[{"id":1922,"href":"https:\/\/alperince.com\/al\/wp-json\/wp\/v2\/pages\/757\/revisions\/1922"}],"wp:attachment":[{"href":"https:\/\/alperince.com\/al\/wp-json\/wp\/v2\/media?parent=757"}],"curies":[{"name":"wp","href":"https:\/\/api.w.org\/{rel}","templated":true}]}}