{"id":773,"date":"2022-09-17T11:13:45","date_gmt":"2022-09-17T08:13:45","guid":{"rendered":"https:\/\/alperince.com\/al\/?page_id=773"},"modified":"2022-11-10T12:49:30","modified_gmt":"2022-11-10T09:49:30","slug":"estetika-e-veshit","status":"publish","type":"page","link":"https:\/\/alperince.com\/al\/estetika-e-veshit","title":{"rendered":"Estetika e Veshit"},"content":{"rendered":"\t\t<div data-elementor-type=\"wp-page\" data-elementor-id=\"773\" class=\"elementor elementor-773\">\n\t\t\t\t\t\t\t\t\t<section class=\"elementor-section elementor-top-section elementor-element elementor-element-100bd8a5 elementor-section-boxed elementor-section-height-default elementor-section-height-default\" data-id=\"100bd8a5\" data-element_type=\"section\">\n\t\t\t\t\t\t<div class=\"elementor-container elementor-column-gap-default\">\n\t\t\t\t\t<div class=\"lqd-css-sticky-column elementor-column elementor-col-50 elementor-top-column elementor-element elementor-element-d7f4b5c\" style=\"--lqd-sticky-offset:30px\" data-id=\"d7f4b5c\" data-element_type=\"column\">\n\t\t\t<div class=\"elementor-widget-wrap elementor-element-populated\">\n\t\t\t\t\t\t\t\t<section class=\"elementor-section elementor-inner-section elementor-element elementor-element-b1880a4 elementor-section-boxed elementor-section-height-default elementor-section-height-default\" data-id=\"b1880a4\" data-element_type=\"section\">\n\t\t\t\t\t\t<div class=\"elementor-container elementor-column-gap-default\">\n\t\t\t\t\t<div class=\"elementor-column elementor-col-100 elementor-inner-column elementor-element elementor-element-2e94009\" data-id=\"2e94009\" data-element_type=\"column\" data-settings=\"{&quot;background_background&quot;:&quot;classic&quot;}\">\n\t\t\t<div class=\"elementor-widget-wrap elementor-element-populated\">\n\t\t\t\t\t\t\t\t<div class=\"elementor-element elementor-element-f155f4d elementor-widget elementor-widget-hub_fancy_heading\" data-id=\"f155f4d\" data-element_type=\"widget\" data-widget_type=\"hub_fancy_heading.default\">\n\t\t\t\t<div class=\"elementor-widget-container\">\n\t\t\t\n\t\t<div id=\"ld-fancy-heading-69e208c0566b2\" class=\"ld-fancy-heading pos-rel\">\n\t\t\t<h2 class=\"ld-fh-element d-inline-block pos-rel  elementor-heading-title lqd-highlight-classic lqd-highlight-grow-left h2\"  > Merrni Informacion Tani<\/h2>\t\t<\/div>\n\n\t\t\t\t<\/div>\n\t\t\t\t<\/div>\n\t\t\t\t<div class=\"elementor-element elementor-element-a7d23cf elementor-widget elementor-widget-ld_cf722\" data-id=\"a7d23cf\" data-element_type=\"widget\" data-widget_type=\"ld_cf722.default\">\n\t\t\t\t<div class=\"elementor-widget-container\">\n\t\t\t\n\t<div class=\"lqd-contact-form lqd-contact-form-inputs-filled lqd-contact-form-inputs-round lqd-contact-form-button-block lqd-contact-form-button-round\" >\n\t\t<div role=\"form\" class=\"wpcf7\" id=\"wpcf7-f6-o1\" lang=\"tr-TR\" dir=\"ltr\">\n<div class=\"screen-reader-response\"><p role=\"status\" aria-live=\"polite\" aria-atomic=\"true\"><\/p> <ul><\/ul><\/div>\n<form action=\"\/al\/wp-json\/wp\/v2\/pages\/773#wpcf7-f6-o1\" method=\"post\" class=\"wpcf7-form init\" novalidate=\"novalidate\" data-status=\"init\">\n<div style=\"display: none;\">\n<input type=\"hidden\" name=\"_wpcf7\" value=\"6\" \/>\n<input type=\"hidden\" name=\"_wpcf7_version\" value=\"5.6.3\" \/>\n<input type=\"hidden\" name=\"_wpcf7_locale\" value=\"tr_TR\" \/>\n<input type=\"hidden\" name=\"_wpcf7_unit_tag\" value=\"wpcf7-f6-o1\" \/>\n<input type=\"hidden\" name=\"_wpcf7_container_post\" value=\"0\" \/>\n<input type=\"hidden\" name=\"_wpcf7_posted_data_hash\" value=\"\" \/>\n<\/div>\n<p><span class=\"wpcf7-form-control-wrap\" data-name=\"adi\"><input type=\"text\" name=\"adi\" value=\"\" size=\"40\" class=\"wpcf7-form-control wpcf7-text wpcf7-validates-as-required\" aria-required=\"true\" aria-invalid=\"false\" placeholder=\"Emri\" \/><\/span><br \/>\n<span class=\"wpcf7-form-control-wrap\" data-name=\"telefon\"><input type=\"text\" name=\"telefon\" value=\"\" size=\"40\" class=\"wpcf7-form-control wpcf7-text wpcf7-validates-as-required\" aria-required=\"true\" aria-invalid=\"false\" placeholder=\"Numri i Telefonit\" \/><\/span><br \/>\n<span class=\"wpcf7-form-control-wrap\" data-name=\"mesaj\"><textarea name=\"mesaj\" cols=\"40\" rows=\"3\" class=\"wpcf7-form-control wpcf7-textarea\" aria-invalid=\"false\" placeholder=\"Mesazh\"><\/textarea><\/span><br \/>\n<input type=\"submit\" value=\"Paraqisni Formularin\" class=\"wpcf7-form-control has-spinner wpcf7-submit\" \/><\/p>\n<div class=\"wpcf7-response-output\" aria-hidden=\"true\"><\/div><\/form><\/div>\t<\/div>\n\n\t\t\t<\/div>\n\t\t\t\t<\/div>\n\t\t\t\t\t<\/div>\n\t\t<\/div>\n\t\t\t\t\t\t\t<\/div>\n\t\t<\/section>\n\t\t\t\t\t<\/div>\n\t\t<\/div>\n\t\t\t\t<div class=\"elementor-column elementor-col-50 elementor-top-column elementor-element elementor-element-231f3078\" data-id=\"231f3078\" data-element_type=\"column\">\n\t\t\t<div class=\"elementor-widget-wrap elementor-element-populated\">\n\t\t\t\t\t\t\t\t<div class=\"elementor-element elementor-element-cc9606b elementor-widget elementor-widget-image\" data-id=\"cc9606b\" data-element_type=\"widget\" data-widget_type=\"image.default\">\n\t\t\t\t<div class=\"elementor-widget-container\">\n\t\t\t<style>\/*! elementor - v3.7.4 - 31-08-2022 *\/\n.elementor-widget-image{text-align:center}.elementor-widget-image a{display:inline-block}.elementor-widget-image a img[src$=\".svg\"]{width:48px}.elementor-widget-image img{vertical-align:middle;display:inline-block}<\/style>\t\t\t\t\t\t\t\t\t\t\t\t<img decoding=\"async\" width=\"930\" height=\"550\" src=\"https:\/\/alperince.com\/al\/wp-content\/uploads\/2022\/09\/kulak-estetigi-header.jpg\" class=\"elementor-animation-float attachment-full size-full\" alt=\"\" srcset=\"https:\/\/alperince.com\/al\/wp-content\/uploads\/2022\/09\/kulak-estetigi-header.jpg 930w, https:\/\/alperince.com\/al\/wp-content\/uploads\/2022\/09\/kulak-estetigi-header-300x177.jpg 300w, https:\/\/alperince.com\/al\/wp-content\/uploads\/2022\/09\/kulak-estetigi-header-600x355.jpg 600w\" sizes=\"(max-width: 930px) 100vw, 930px\" \/>\t\t\t\t\t\t\t\t\t\t\t\t\t\t\t<\/div>\n\t\t\t\t<\/div>\n\t\t\t\t<div class=\"elementor-element elementor-element-c153a33 elementor-widget elementor-widget-spacer\" data-id=\"c153a33\" data-element_type=\"widget\" data-widget_type=\"spacer.default\">\n\t\t\t\t<div class=\"elementor-widget-container\">\n\t\t\t<style>\/*! elementor - v3.7.4 - 31-08-2022 *\/\n.elementor-column .elementor-spacer-inner{height:var(--spacer-size)}.e-container{--container-widget-width:100%}.e-container>.elementor-widget-spacer{width:var(--container-widget-width,var(--spacer-size));-ms-flex-item-align:stretch;align-self:stretch;-ms-flex-negative:0;flex-shrink:0}.e-container>.elementor-widget-spacer>.elementor-widget-container,.e-container>.elementor-widget-spacer>.elementor-widget-container>.elementor-spacer{height:100%}.e-container>.elementor-widget-spacer>.elementor-widget-container>.elementor-spacer>.elementor-spacer-inner{height:var(--container-widget-height,var(--spacer-size))}<\/style>\t\t<div class=\"elementor-spacer\">\n\t\t\t<div class=\"elementor-spacer-inner\"><\/div>\n\t\t<\/div>\n\t\t\t\t<\/div>\n\t\t\t\t<\/div>\n\t\t\t\t<div class=\"elementor-element elementor-element-527f0d1f elementor-widget elementor-widget-hub_fancy_heading\" data-id=\"527f0d1f\" data-element_type=\"widget\" data-widget_type=\"hub_fancy_heading.default\">\n\t\t\t\t<div class=\"elementor-widget-container\">\n\t\t\t\n\t\t<div id=\"ld-fancy-heading-69e208c05e3fa\" class=\"ld-fancy-heading pos-rel\">\n\t\t\t<h2 class=\"ld-fh-element d-inline-block pos-rel  elementor-heading-title lqd-highlight-classic lqd-highlight-grow-left h2\"  > Estetika e Veshit<\/h2>\t\t<\/div>\n\n\t\t\t\t<\/div>\n\t\t\t\t<\/div>\n\t\t\t\t<div class=\"elementor-element elementor-element-7eef461 elementor-widget elementor-widget-text-editor\" data-id=\"7eef461\" data-element_type=\"widget\" data-widget_type=\"text-editor.default\">\n\t\t\t\t<div class=\"elementor-widget-container\">\n\t\t\t<style>\/*! elementor - v3.7.4 - 31-08-2022 *\/\n.elementor-widget-text-editor.elementor-drop-cap-view-stacked .elementor-drop-cap{background-color:#818a91;color:#fff}.elementor-widget-text-editor.elementor-drop-cap-view-framed .elementor-drop-cap{color:#818a91;border:3px solid;background-color:transparent}.elementor-widget-text-editor:not(.elementor-drop-cap-view-default) .elementor-drop-cap{margin-top:8px}.elementor-widget-text-editor:not(.elementor-drop-cap-view-default) .elementor-drop-cap-letter{width:1em;height:1em}.elementor-widget-text-editor .elementor-drop-cap{float:left;text-align:center;line-height:1;font-size:50px}.elementor-widget-text-editor .elementor-drop-cap-letter{display:inline-block}<\/style>\t\t\t\t<p>Ka deformime n\u00eb vesh q\u00eb k\u00ebrkojn\u00eb kirurgji estetike t\u00eb veshit. N\u00eb veshin e spikatur, problemi \u00ebsht\u00eb se k\u00ebndi i veshit me kok\u00ebn tuaj \u00ebsht\u00eb m\u00eb i lart\u00eb se normalja. Me fjal\u00eb t\u00eb tjera, ato duken m\u00eb p\u00ebrpara dhe m\u00eb qart\u00eb se normalisht. N\u00eb k\u00ebt\u00eb rast, mund t\u00eb \u00e7oj\u00eb n\u00eb probleme t\u00eb r\u00ebnd\u00ebsishme psikosociale, t\u00eb sjelljes dhe emocionale, ve\u00e7an\u00ebrisht te f\u00ebmij\u00ebt. N\u00eb estetik\u00ebn e theksuar t\u00eb veshit nd\u00ebrhyhet vet\u00ebm pjesa e jashtme e veshit. Kirurgjia e dukshme e veshit \u00ebsht\u00eb nj\u00eb operacion shum\u00eb i sigurt. P\u00ebr k\u00ebt\u00eb arsye, nuk do t\u00eb shkaktoj\u00eb probleme me d\u00ebgjimin. Duke qen\u00eb se zhvillimi i veshit p\u00ebrfundon deri n\u00eb mosh\u00ebn 5-6 vje\u00e7, rekomandohet korrigjimi i veshit duke kryer nj\u00eb operacion t\u00eb theksuar n\u00eb vesh n\u00eb k\u00ebto mosha. Operacioni i duksh\u00ebm i veshit (otoplastika) kryhet n\u00ebn anestezi t\u00eb p\u00ebrgjithshme tek f\u00ebmij\u00ebt. N\u00eb moshat e m\u00ebdha mund t\u00eb b\u00ebhet edhe me anestezi lokale, pra me anestezi t\u00eb veshit, pa anestezi t\u00eb p\u00ebrgjithshme. Meqen\u00ebse operacioni i duksh\u00ebm i veshit kryhet n\u00eb pjes\u00ebn e pasme t\u00eb veshit, nuk do t\u00eb ket\u00eb plag\u00eb.<\/p><p><strong>P\u00ebr cil\u00ebn mosh\u00eb \u00ebsht\u00eb m\u00eb i p\u00ebrshtatsh\u00ebm operacioni i duksh\u00ebm i veshit?<\/strong><\/p><p>Kirurgjia e veshit t\u00eb spikatur \u00ebsht\u00eb nj\u00eb procedur\u00eb e p\u00ebrshtatshme p\u00ebr t\u00eb gjitha moshat. Megjithat\u00eb, mosha e p\u00ebrshtatshme p\u00ebr k\u00ebt\u00eb operacion \u00ebsht\u00eb mosha parashkollore. F\u00ebmij\u00ebt q\u00eb shkojn\u00eb n\u00eb shkoll\u00eb me vesh\u00eb t\u00eb theksuar do t\u00eb ndeshen me mendimet negative t\u00eb shok\u00ebve dhe kjo do t\u00eb ndikoj\u00eb n\u00eb gjendjen mendore t\u00eb f\u00ebmij\u00ebs. P\u00ebr k\u00ebt\u00eb arsye, para operacionit t\u00eb spikatur t\u00eb veshit, kjo situat\u00eb duhet t&#8217;i shpjegohet f\u00ebmij\u00ebs n\u00eb nj\u00eb m\u00ebnyr\u00eb q\u00eb ai ta kuptoj\u00eb dhe operacioni t\u00eb kryhet me d\u00ebshir\u00ebn e tij. N\u00ebse f\u00ebmija d\u00ebshiron vet\u00eb, ky operacion do t\u00eb kryhet.<\/p><p><strong>\u00c7far\u00eb duhet t&#8217;i kushtoj v\u00ebmendje p\u00ebrpara nj\u00eb operacioni t\u00eb duksh\u00ebm n\u00eb vesh?<\/strong><\/p><p>Si n\u00eb t\u00eb gjitha operacionet, \u00ebsht\u00eb e nevojshme t\u00eb nd\u00ebrpritet p\u00ebrdorimi i aspirin\u00ebs 2-3 jav\u00eb para operacionit dhe t\u00eb ndalohet pirja e duhanit n\u00eb operacionet e dukshme t\u00eb veshit. Jav\u00ebn e fundit para operacionit \u00ebsht\u00eb e nevojshme t\u00eb mos p\u00ebrdoren barna q\u00eb hollojn\u00eb gjakun dhe substanca t\u00eb ngjashme.<\/p><p><strong>A do t\u00eb ket\u00eb plag\u00eb n\u00eb veshin tim pas nj\u00eb operacioni t\u00eb duksh\u00ebm n\u00eb vesh?<\/strong><\/p><p>\u00cbsht\u00eb shum\u00eb normale t\u00eb shoh\u00ebsh nj\u00eb vij\u00eb t\u00eb holl\u00eb t\u00eb bardh\u00eb pas veshit pas operacionit. Meqen\u00ebse kjo mbres\u00eb e holl\u00eb do t\u00eb mbetet n\u00eb pjes\u00ebn pas veshit, definitivisht nuk do t\u00eb jet\u00eb e dukshme nga jasht\u00eb. Meqen\u00ebse n\u00eb operacion p\u00ebrdoren qepje q\u00eb shp\u00ebrndahen vet\u00eb, nuk do t\u00eb ket\u00eb nevoj\u00eb q\u00eb qepjet t\u00eb hiqen pas operacionit dhe nuk do t\u00eb ket\u00eb shenja.<\/p><p><strong>A ndjej dhimbje n\u00eb operacionin e duksh\u00ebm t\u00eb veshit?<\/strong><\/p><p>N\u00ebse operacioni i duksh\u00ebm i veshit do t\u00eb kryhet n\u00ebn anestezi t\u00eb p\u00ebrgjithshme, nuk do t\u00eb ndjeni dhimbje. Edhe n\u00ebse b\u00ebhet me anestezi lokale, do t\u00eb ndihet vet\u00ebm dhimbja e gjilp\u00ebrave t\u00eb anestezis\u00eb. Nuk do t\u00eb ndjeni dhimbje gjat\u00eb operacionit. Nuk do t\u00eb ndjeni dhimbje p\u00ebr 12 or\u00eb pas operacionit p\u00ebr shkak t\u00eb anestezis\u00eb. Pas k\u00ebsaj faze nuk do t\u00eb keni m\u00eb dhimbje serioze.<\/p><p><strong>\u00c7far\u00eb do t\u00eb p\u00ebrjetoj pas nj\u00eb operacioni t\u00eb duksh\u00ebm n\u00eb vesh? A \u00ebsht\u00eb e nevojshme t\u00eb vishni shirit koke<\/strong><\/p><p>Pas operacionit t\u00eb duksh\u00ebm t\u00eb veshit, nj\u00eb fash\u00eb elastike mb\u00ebshtillet rreth personit. M\u00eb pas pacient\u00ebt d\u00ebrgohen n\u00eb sht\u00ebpi. Dy dit\u00eb pas operacionit hapen fashat, shikohen plag\u00ebt dhe pacienti vendoset n\u00eb nj\u00eb shirit p\u00ebr t\u00eb mbuluar vesh\u00ebt. Q\u00ebllimi i veshjes s\u00eb shiritit \u00ebsht\u00eb t\u00eb mbrohet plot\u00ebsisht pacienti. Dy dit\u00eb pas operacionit, pacient\u00ebt mund t\u00eb b\u00ebjn\u00eb banj\u00eb leht\u00ebsisht. Shiriti duhet t\u00eb p\u00ebrdoret rregullisht p\u00ebr nj\u00eb jav\u00eb. Pacienti mund t\u00eb kthehet leht\u00ebsisht n\u00eb pun\u00eb dit\u00ebn tjet\u00ebr t\u00eb nj\u00eb operacioni t\u00eb duksh\u00ebm n\u00eb vesh. N\u00eb tre jav\u00ebt e para pas operacionit, pacienti duhet t\u00eb jet\u00eb i kujdessh\u00ebm p\u00ebr t\u00eb mbrojtur vesh\u00ebt e tij nga ndikimet.<\/p>\t\t\t\t\t\t<\/div>\n\t\t\t\t<\/div>\n\t\t\t\t\t<\/div>\n\t\t<\/div>\n\t\t\t\t\t\t\t<\/div>\n\t\t<\/section>\n\t\t\t\t\t\t\t<\/div>\n\t\t","protected":false},"excerpt":{"rendered":"<p>Merrni Informacion Tani Estetika e Veshit Ka deformime n\u00eb vesh q\u00eb k\u00ebrkojn\u00eb kirurgji estetike t\u00eb veshit. N\u00eb veshin e spikatur, problemi \u00ebsht\u00eb se k\u00ebndi i veshit me kok\u00ebn tuaj \u00ebsht\u00eb m\u00eb i lart\u00eb se normalja. Me fjal\u00eb t\u00eb tjera, ato duken m\u00eb p\u00ebrpara dhe m\u00eb qart\u00eb se normalisht. N\u00eb k\u00ebt\u00eb rast, mund t\u00eb \u00e7oj\u00eb n\u00eb [&hellip;]<\/p>\n","protected":false},"author":1,"featured_media":0,"parent":0,"menu_order":0,"comment_status":"closed","ping_status":"closed","template":"","meta":{"footnotes":""},"class_list":["post-773","page","type-page","status-publish","hentry"],"_links":{"self":[{"href":"https:\/\/alperince.com\/al\/wp-json\/wp\/v2\/pages\/773","targetHints":{"allow":["GET"]}}],"collection":[{"href":"https:\/\/alperince.com\/al\/wp-json\/wp\/v2\/pages"}],"about":[{"href":"https:\/\/alperince.com\/al\/wp-json\/wp\/v2\/types\/page"}],"author":[{"embeddable":true,"href":"https:\/\/alperince.com\/al\/wp-json\/wp\/v2\/users\/1"}],"replies":[{"embeddable":true,"href":"https:\/\/alperince.com\/al\/wp-json\/wp\/v2\/comments?post=773"}],"version-history":[{"count":21,"href":"https:\/\/alperince.com\/al\/wp-json\/wp\/v2\/pages\/773\/revisions"}],"predecessor-version":[{"id":1930,"href":"https:\/\/alperince.com\/al\/wp-json\/wp\/v2\/pages\/773\/revisions\/1930"}],"wp:attachment":[{"href":"https:\/\/alperince.com\/al\/wp-json\/wp\/v2\/media?parent=773"}],"curies":[{"name":"wp","href":"https:\/\/api.w.org\/{rel}","templated":true}]}}