{"id":778,"date":"2022-09-17T11:16:47","date_gmt":"2022-09-17T08:16:47","guid":{"rendered":"https:\/\/alperince.com\/al\/?page_id=778"},"modified":"2022-11-10T12:51:26","modified_gmt":"2022-11-10T09:51:26","slug":"zmadhim-gjoksi","status":"publish","type":"page","link":"https:\/\/alperince.com\/al\/zmadhim-gjoksi","title":{"rendered":"Zmadhim Gjoksi"},"content":{"rendered":"\t\t<div data-elementor-type=\"wp-page\" data-elementor-id=\"778\" class=\"elementor elementor-778\">\n\t\t\t\t\t\t\t\t\t<section class=\"elementor-section elementor-top-section elementor-element elementor-element-100bd8a5 elementor-section-boxed elementor-section-height-default elementor-section-height-default\" data-id=\"100bd8a5\" data-element_type=\"section\">\n\t\t\t\t\t\t<div class=\"elementor-container elementor-column-gap-default\">\n\t\t\t\t\t<div class=\"lqd-css-sticky-column elementor-column elementor-col-50 elementor-top-column elementor-element elementor-element-2a21a55\" style=\"--lqd-sticky-offset:30px\" data-id=\"2a21a55\" data-element_type=\"column\">\n\t\t\t<div class=\"elementor-widget-wrap elementor-element-populated\">\n\t\t\t\t\t\t\t\t<section class=\"elementor-section elementor-inner-section elementor-element elementor-element-1ff6c9e elementor-section-boxed elementor-section-height-default elementor-section-height-default\" data-id=\"1ff6c9e\" data-element_type=\"section\">\n\t\t\t\t\t\t<div class=\"elementor-container elementor-column-gap-default\">\n\t\t\t\t\t<div class=\"elementor-column elementor-col-100 elementor-inner-column elementor-element elementor-element-a449992\" data-id=\"a449992\" data-element_type=\"column\" data-settings=\"{&quot;background_background&quot;:&quot;classic&quot;}\">\n\t\t\t<div class=\"elementor-widget-wrap elementor-element-populated\">\n\t\t\t\t\t\t\t\t<div class=\"elementor-element elementor-element-067a857 elementor-widget elementor-widget-hub_fancy_heading\" data-id=\"067a857\" data-element_type=\"widget\" data-widget_type=\"hub_fancy_heading.default\">\n\t\t\t\t<div class=\"elementor-widget-container\">\n\t\t\t\n\t\t<div id=\"ld-fancy-heading-69dfec596b953\" class=\"ld-fancy-heading pos-rel\">\n\t\t\t<h2 class=\"ld-fh-element d-inline-block pos-rel  elementor-heading-title lqd-highlight-classic lqd-highlight-grow-left h2\"  > Merrni Informacion Tani<\/h2>\t\t<\/div>\n\n\t\t\t\t<\/div>\n\t\t\t\t<\/div>\n\t\t\t\t<div class=\"elementor-element elementor-element-d9726af elementor-widget elementor-widget-ld_cf722\" data-id=\"d9726af\" data-element_type=\"widget\" data-widget_type=\"ld_cf722.default\">\n\t\t\t\t<div class=\"elementor-widget-container\">\n\t\t\t\n\t<div class=\"lqd-contact-form lqd-contact-form-inputs-filled lqd-contact-form-inputs-round lqd-contact-form-button-block lqd-contact-form-button-round\" >\n\t\t<div role=\"form\" class=\"wpcf7\" id=\"wpcf7-f6-o1\" lang=\"tr-TR\" dir=\"ltr\">\n<div class=\"screen-reader-response\"><p role=\"status\" aria-live=\"polite\" aria-atomic=\"true\"><\/p> <ul><\/ul><\/div>\n<form action=\"\/al\/wp-json\/wp\/v2\/pages\/778#wpcf7-f6-o1\" method=\"post\" class=\"wpcf7-form init\" novalidate=\"novalidate\" data-status=\"init\">\n<div style=\"display: none;\">\n<input type=\"hidden\" name=\"_wpcf7\" value=\"6\" \/>\n<input type=\"hidden\" name=\"_wpcf7_version\" value=\"5.6.3\" \/>\n<input type=\"hidden\" name=\"_wpcf7_locale\" value=\"tr_TR\" \/>\n<input type=\"hidden\" name=\"_wpcf7_unit_tag\" value=\"wpcf7-f6-o1\" \/>\n<input type=\"hidden\" name=\"_wpcf7_container_post\" value=\"0\" \/>\n<input type=\"hidden\" name=\"_wpcf7_posted_data_hash\" value=\"\" \/>\n<\/div>\n<p><span class=\"wpcf7-form-control-wrap\" data-name=\"adi\"><input type=\"text\" name=\"adi\" value=\"\" size=\"40\" class=\"wpcf7-form-control wpcf7-text wpcf7-validates-as-required\" aria-required=\"true\" aria-invalid=\"false\" placeholder=\"Emri\" \/><\/span><br \/>\n<span class=\"wpcf7-form-control-wrap\" data-name=\"telefon\"><input type=\"text\" name=\"telefon\" value=\"\" size=\"40\" class=\"wpcf7-form-control wpcf7-text wpcf7-validates-as-required\" aria-required=\"true\" aria-invalid=\"false\" placeholder=\"Numri i Telefonit\" \/><\/span><br \/>\n<span class=\"wpcf7-form-control-wrap\" data-name=\"mesaj\"><textarea name=\"mesaj\" cols=\"40\" rows=\"3\" class=\"wpcf7-form-control wpcf7-textarea\" aria-invalid=\"false\" placeholder=\"Mesazh\"><\/textarea><\/span><br \/>\n<input type=\"submit\" value=\"Paraqisni Formularin\" class=\"wpcf7-form-control has-spinner wpcf7-submit\" \/><\/p>\n<div class=\"wpcf7-response-output\" aria-hidden=\"true\"><\/div><\/form><\/div>\t<\/div>\n\n\t\t\t<\/div>\n\t\t\t\t<\/div>\n\t\t\t\t\t<\/div>\n\t\t<\/div>\n\t\t\t\t\t\t\t<\/div>\n\t\t<\/section>\n\t\t\t\t\t<\/div>\n\t\t<\/div>\n\t\t\t\t<div class=\"elementor-column elementor-col-50 elementor-top-column elementor-element elementor-element-231f3078\" data-id=\"231f3078\" data-element_type=\"column\">\n\t\t\t<div class=\"elementor-widget-wrap elementor-element-populated\">\n\t\t\t\t\t\t\t\t<div class=\"elementor-element elementor-element-cc9606b elementor-widget elementor-widget-image\" data-id=\"cc9606b\" data-element_type=\"widget\" data-widget_type=\"image.default\">\n\t\t\t\t<div class=\"elementor-widget-container\">\n\t\t\t<style>\/*! elementor - v3.7.4 - 31-08-2022 *\/\n.elementor-widget-image{text-align:center}.elementor-widget-image a{display:inline-block}.elementor-widget-image a img[src$=\".svg\"]{width:48px}.elementor-widget-image img{vertical-align:middle;display:inline-block}<\/style>\t\t\t\t\t\t\t\t\t\t\t\t<img decoding=\"async\" width=\"930\" height=\"550\" src=\"https:\/\/alperince.com\/al\/wp-content\/uploads\/2022\/09\/meme-buyutme-header.jpg\" class=\"elementor-animation-float attachment-full size-full\" alt=\"\" srcset=\"https:\/\/alperince.com\/al\/wp-content\/uploads\/2022\/09\/meme-buyutme-header.jpg 930w, https:\/\/alperince.com\/al\/wp-content\/uploads\/2022\/09\/meme-buyutme-header-300x177.jpg 300w, https:\/\/alperince.com\/al\/wp-content\/uploads\/2022\/09\/meme-buyutme-header-600x355.jpg 600w\" sizes=\"(max-width: 930px) 100vw, 930px\" \/>\t\t\t\t\t\t\t\t\t\t\t\t\t\t\t<\/div>\n\t\t\t\t<\/div>\n\t\t\t\t<div class=\"elementor-element elementor-element-c153a33 elementor-widget elementor-widget-spacer\" data-id=\"c153a33\" data-element_type=\"widget\" data-widget_type=\"spacer.default\">\n\t\t\t\t<div class=\"elementor-widget-container\">\n\t\t\t<style>\/*! elementor - v3.7.4 - 31-08-2022 *\/\n.elementor-column .elementor-spacer-inner{height:var(--spacer-size)}.e-container{--container-widget-width:100%}.e-container>.elementor-widget-spacer{width:var(--container-widget-width,var(--spacer-size));-ms-flex-item-align:stretch;align-self:stretch;-ms-flex-negative:0;flex-shrink:0}.e-container>.elementor-widget-spacer>.elementor-widget-container,.e-container>.elementor-widget-spacer>.elementor-widget-container>.elementor-spacer{height:100%}.e-container>.elementor-widget-spacer>.elementor-widget-container>.elementor-spacer>.elementor-spacer-inner{height:var(--container-widget-height,var(--spacer-size))}<\/style>\t\t<div class=\"elementor-spacer\">\n\t\t\t<div class=\"elementor-spacer-inner\"><\/div>\n\t\t<\/div>\n\t\t\t\t<\/div>\n\t\t\t\t<\/div>\n\t\t\t\t<div class=\"elementor-element elementor-element-527f0d1f elementor-widget elementor-widget-hub_fancy_heading\" data-id=\"527f0d1f\" data-element_type=\"widget\" data-widget_type=\"hub_fancy_heading.default\">\n\t\t\t\t<div class=\"elementor-widget-container\">\n\t\t\t\n\t\t<div id=\"ld-fancy-heading-69dfec59719a1\" class=\"ld-fancy-heading pos-rel\">\n\t\t\t<h2 class=\"ld-fh-element d-inline-block pos-rel  elementor-heading-title lqd-highlight-classic lqd-highlight-grow-left h2\"  > Zmadhim Gjoksi<\/h2>\t\t<\/div>\n\n\t\t\t\t<\/div>\n\t\t\t\t<\/div>\n\t\t\t\t<div class=\"elementor-element elementor-element-7eef461 elementor-widget elementor-widget-text-editor\" data-id=\"7eef461\" data-element_type=\"widget\" data-widget_type=\"text-editor.default\">\n\t\t\t\t<div class=\"elementor-widget-container\">\n\t\t\t<style>\/*! elementor - v3.7.4 - 31-08-2022 *\/\n.elementor-widget-text-editor.elementor-drop-cap-view-stacked .elementor-drop-cap{background-color:#818a91;color:#fff}.elementor-widget-text-editor.elementor-drop-cap-view-framed .elementor-drop-cap{color:#818a91;border:3px solid;background-color:transparent}.elementor-widget-text-editor:not(.elementor-drop-cap-view-default) .elementor-drop-cap{margin-top:8px}.elementor-widget-text-editor:not(.elementor-drop-cap-view-default) .elementor-drop-cap-letter{width:1em;height:1em}.elementor-widget-text-editor .elementor-drop-cap{float:left;text-align:center;line-height:1;font-size:50px}.elementor-widget-text-editor .elementor-drop-cap-letter{display:inline-block}<\/style>\t\t\t\t<p>Operacionet p\u00ebr zmadhimin e gjirit jan\u00eb procedura p\u00ebr grat\u00eb p\u00ebr t\u00eb zmadhuar gjoksin e tyre n\u00eb madh\u00ebsi dhe form\u00eb. N\u00eb kirurgjin\u00eb e rritjes s\u00eb gjoksit, nj\u00eb protez\u00eb e gjirit vendoset pas gjirit. Fal\u00eb k\u00ebsaj proteze t\u00eb implantuar, matjet e perimetrit t\u00eb gjoksit mund t\u00eb zmadhohen me nj\u00eb ose m\u00eb shum\u00eb madh\u00ebsi. Sot zmadhimi i gjoksit \u00ebsht\u00eb nj\u00eb nga operacionet estetike m\u00eb t\u00eb aplikuara. Me operacionet p\u00ebr zmadhimin e gjoksit, gjinjt\u00eb e vegj\u00ebl do t\u00eb b\u00ebhen m\u00eb t\u00eb plot\u00eb, m\u00eb t\u00eb m\u00ebdhenj dhe m\u00eb t\u00eb p\u00ebrsosur estetikisht. Materialet natyrale t\u00eb b\u00ebra nga silikoni, t\u00eb quajtura proteza ose implante t\u00eb vendosura n\u00ebn indin e gjirit, ndihmojn\u00eb n\u00eb rritjen e volumit t\u00eb gjirit. N\u00eb operacionet p\u00ebr zmadhimin e gjoksit, silikonet nuk do t\u00eb ken\u00eb asnj\u00eb efekt negativ n\u00eb trup p\u00ebr sa koh\u00eb q\u00eb nuk shpohen dhe m\u00eb pas nuk p\u00ebrhapen n\u00eb trup. Sigurisht q\u00eb ka rreziqe n\u00eb t\u00eb gjitha operacionet kirurgjikale. Vet\u00ebbesimi do t\u00eb rritet edhe m\u00eb shum\u00eb tek personat q\u00eb b\u00ebjn\u00eb nd\u00ebrhyrje kirurgjikale p\u00ebr zmadhimin e gjoksit. N\u00ebse individi ndihet i sh\u00ebndetsh\u00ebm fizikisht dhe pritshm\u00ebrit\u00eb e tij nga operacioni jan\u00eb realiste, ky person do t\u00eb jet\u00eb nj\u00eb kandidat shum\u00eb i p\u00ebrshtatsh\u00ebm p\u00ebr kirurgjin\u00eb e rritjes s\u00eb gjoksit.<\/p><p><strong>A mund t\u00eb mbetem shtatz\u00ebn\u00eb dhe t\u00eb ushqehem me gji pas operacionit p\u00ebr zmadhimin e gjirit?<\/strong><\/p><p>Ekziston nj\u00eb mendim i gabuar n\u00eb publik se n\u00ebse nj\u00eb person mbetet shtatz\u00ebn\u00eb pas operacionit p\u00ebr zmadhimin e gjoksit, duhet t\u00eb hiqen protezat silikoni. Po, kjo \u00ebsht\u00eb e gabuar. Sepse n\u00eb operacionet p\u00ebr zmadhimin e gjoksit, proteza e gjirit e vendosur n\u00eb gji vendoset n\u00ebn indin e gjirit. Kanalet e qum\u00ebshtit nuk mbyllen pasi jan\u00eb n\u00ebn indin e gjirit. Duke qen\u00eb se kanalet nuk jan\u00eb t\u00eb mbyllura, njer\u00ebzit mund t\u00eb mbeten shtatz\u00ebn\u00eb dhe t&#8217;i japin gji foshnjave t\u00eb tyre pa hequr protez\u00ebn e silikonit.<\/p><p><strong>A shkakton kancer proteza e gjirit e vendosur n\u00eb operacionet p\u00ebr zmadhimin e gjirit?<\/strong><\/p><p>Si rezultat i hulumtimeve q\u00eb diskutohen dhe kryhen prej vitesh n\u00eb SHBA, \u00ebsht\u00eb zbuluar se proteza e gjirit nuk shkakton kancer, pra nuk shkakton kancer. P\u00ebrve\u00e7 k\u00ebsaj, protezat e gjirit nuk perceptohen si nj\u00eb substanc\u00eb e huaj nga trupi. Sip\u00ebrfaqja e jashtme e protez\u00ebs \u00ebsht\u00eb prej silikoni. P\u00ebr k\u00ebt\u00eb arsye, ky material e b\u00ebn silikonin m\u00eb t\u00eb q\u00ebndruesh\u00ebm.<\/p><p><strong>A do t\u00eb ket\u00eb shenja n\u00eb trupin tim pas operacionit p\u00ebr zmadhimin e gjoksit?<\/strong><\/p><p>Operacioni p\u00ebr zmadhimin e gjirit mund t\u00eb kryhet nga pjesa kafe e thithk\u00ebs dhe pjesa e poshtme e bashkimit me l\u00ebkur\u00ebn, vija e palosjes posht\u00eb gjirit ose vija e palosjes n\u00ebn sqetull. Prerjet q\u00eb do t\u00eb b\u00ebhen n\u00eb operacion nuk do t\u00eb jen\u00eb t\u00eb dukshme sepse jan\u00eb gjithmon\u00eb brenda palosjeve ose vendeve t\u00eb fshehura. Gjat\u00ebsia e prerjes q\u00eb do t\u00eb b\u00ebhet n\u00eb operacion ndryshon sipas protez\u00ebs s\u00eb gjirit, por varion mesatarisht nga 3 deri n\u00eb 5 cm. Shenjat e prerjes n\u00eb k\u00ebto gjat\u00ebsi nuk l\u00ebn\u00eb gjurm\u00eb dhe zbehen n\u00eb zonat e palosura me kalimin e koh\u00ebs.<\/p><p><strong>\u00c7far\u00eb do t\u00eb p\u00ebrjetoj pas operacionit p\u00ebr zmadhimin e gjirit?<\/strong><\/p><p>Meqen\u00ebse operacioni p\u00ebr zmadhimin e gjoksit nuk \u00ebsht\u00eb nj\u00eb operacion shum\u00eb i dhimbsh\u00ebm, do t\u00eb mjaftoj\u00eb t\u00eb q\u00ebndroni n\u00eb spital at\u00eb nat\u00eb vet\u00ebm p\u00ebr kontroll. T\u00eb nes\u00ebrmen, pacienti mund t\u00eb shkoj\u00eb leht\u00ebsisht n\u00eb sht\u00ebpi. Si n\u00eb t\u00eb gjitha operacionet e gjirit, nj\u00eb dren p\u00ebrdoret n\u00eb kirurgjin\u00eb e zmadhimit t\u00eb gjirit. Drenat hiqen 1-2 dit\u00eb pas operacionit. Ju mund t\u00eb p\u00ebrjetoni dhimbje krahu p\u00ebr pes\u00eb dit\u00eb pas operacionit. Gjat\u00eb k\u00ebsaj periudhe duhet t\u00eb l\u00ebvizni pa i lodhur krah\u00ebt dhe t\u00eb mos mbani gj\u00ebra t\u00eb r\u00ebnda. Nj\u00eb jav\u00eb pas k\u00ebtij procesi, ju mund t\u00eb ktheheni n\u00eb jet\u00ebn tuaj normale.<\/p><p><strong>A do t\u00eb ulen gjinjt\u00eb e mi pas operacionit p\u00ebr zmadhimin e gjoksit?<\/strong><\/p><p>P\u00ebrgjigja p\u00ebr k\u00ebt\u00eb pyetje \u00ebsht\u00eb se ku vendosen protezat silikoni. N\u00ebse protezat e silikonit vendosen n\u00ebn muskul, nuk do t\u00eb ket\u00eb r\u00ebnie t\u00eb gjirit pas operacionit. Arsyeja p\u00ebr k\u00ebt\u00eb \u00ebsht\u00eb se proteza e gjirit nuk e r\u00ebndon l\u00ebkur\u00ebn pasi mbart muskujt dhe ligamentet e gjirit. Megjithat\u00eb, rekomandohet q\u00eb pacienti t\u00eb p\u00ebrdor nj\u00eb sytjena sportive p\u00ebr rreth kat\u00ebr dhe pes\u00eb jav\u00eb pas operacionit p\u00ebr zmadhimin e gjoksit.<\/p>\t\t\t\t\t\t<\/div>\n\t\t\t\t<\/div>\n\t\t\t\t\t<\/div>\n\t\t<\/div>\n\t\t\t\t\t\t\t<\/div>\n\t\t<\/section>\n\t\t\t\t\t\t\t<\/div>\n\t\t","protected":false},"excerpt":{"rendered":"<p>Merrni Informacion Tani Zmadhim Gjoksi Operacionet p\u00ebr zmadhimin e gjirit jan\u00eb procedura p\u00ebr grat\u00eb p\u00ebr t\u00eb zmadhuar gjoksin e tyre n\u00eb madh\u00ebsi dhe form\u00eb. N\u00eb kirurgjin\u00eb e rritjes s\u00eb gjoksit, nj\u00eb protez\u00eb e gjirit vendoset pas gjirit. Fal\u00eb k\u00ebsaj proteze t\u00eb implantuar, matjet e perimetrit t\u00eb gjoksit mund t\u00eb zmadhohen me nj\u00eb ose m\u00eb shum\u00eb [&hellip;]<\/p>\n","protected":false},"author":1,"featured_media":0,"parent":0,"menu_order":0,"comment_status":"closed","ping_status":"closed","template":"","meta":{"footnotes":""},"class_list":["post-778","page","type-page","status-publish","hentry"],"_links":{"self":[{"href":"https:\/\/alperince.com\/al\/wp-json\/wp\/v2\/pages\/778","targetHints":{"allow":["GET"]}}],"collection":[{"href":"https:\/\/alperince.com\/al\/wp-json\/wp\/v2\/pages"}],"about":[{"href":"https:\/\/alperince.com\/al\/wp-json\/wp\/v2\/types\/page"}],"author":[{"embeddable":true,"href":"https:\/\/alperince.com\/al\/wp-json\/wp\/v2\/users\/1"}],"replies":[{"embeddable":true,"href":"https:\/\/alperince.com\/al\/wp-json\/wp\/v2\/comments?post=778"}],"version-history":[{"count":21,"href":"https:\/\/alperince.com\/al\/wp-json\/wp\/v2\/pages\/778\/revisions"}],"predecessor-version":[{"id":1938,"href":"https:\/\/alperince.com\/al\/wp-json\/wp\/v2\/pages\/778\/revisions\/1938"}],"wp:attachment":[{"href":"https:\/\/alperince.com\/al\/wp-json\/wp\/v2\/media?parent=778"}],"curies":[{"name":"wp","href":"https:\/\/api.w.org\/{rel}","templated":true}]}}