{"id":783,"date":"2022-09-17T11:19:09","date_gmt":"2022-09-17T08:19:09","guid":{"rendered":"https:\/\/alperince.com\/al\/?page_id=783"},"modified":"2022-11-10T12:55:43","modified_gmt":"2022-11-10T09:55:43","slug":"reduktimi-i-gjirit","status":"publish","type":"page","link":"https:\/\/alperince.com\/al\/reduktimi-i-gjirit","title":{"rendered":"Reduktimi i Gjirit"},"content":{"rendered":"\t\t<div data-elementor-type=\"wp-page\" data-elementor-id=\"783\" class=\"elementor elementor-783\">\n\t\t\t\t\t\t\t\t\t<section class=\"elementor-section elementor-top-section elementor-element elementor-element-100bd8a5 elementor-section-boxed elementor-section-height-default elementor-section-height-default\" data-id=\"100bd8a5\" data-element_type=\"section\">\n\t\t\t\t\t\t<div class=\"elementor-container elementor-column-gap-default\">\n\t\t\t\t\t<div class=\"lqd-css-sticky-column elementor-column elementor-col-50 elementor-top-column elementor-element elementor-element-9d9ab6f\" style=\"--lqd-sticky-offset:30px\" data-id=\"9d9ab6f\" data-element_type=\"column\">\n\t\t\t<div class=\"elementor-widget-wrap elementor-element-populated\">\n\t\t\t\t\t\t\t\t<section class=\"elementor-section elementor-inner-section elementor-element elementor-element-8e8e650 elementor-section-boxed elementor-section-height-default elementor-section-height-default\" data-id=\"8e8e650\" data-element_type=\"section\">\n\t\t\t\t\t\t<div class=\"elementor-container elementor-column-gap-default\">\n\t\t\t\t\t<div class=\"elementor-column elementor-col-100 elementor-inner-column elementor-element elementor-element-745d52c\" data-id=\"745d52c\" data-element_type=\"column\" data-settings=\"{&quot;background_background&quot;:&quot;classic&quot;}\">\n\t\t\t<div class=\"elementor-widget-wrap elementor-element-populated\">\n\t\t\t\t\t\t\t\t<div class=\"elementor-element elementor-element-cb5da66 elementor-widget elementor-widget-hub_fancy_heading\" data-id=\"cb5da66\" data-element_type=\"widget\" data-widget_type=\"hub_fancy_heading.default\">\n\t\t\t\t<div class=\"elementor-widget-container\">\n\t\t\t\n\t\t<div id=\"ld-fancy-heading-69dff05db8258\" class=\"ld-fancy-heading pos-rel\">\n\t\t\t<h2 class=\"ld-fh-element d-inline-block pos-rel  elementor-heading-title lqd-highlight-classic lqd-highlight-grow-left h2\"  > Merrni Informacion Tani<\/h2>\t\t<\/div>\n\n\t\t\t\t<\/div>\n\t\t\t\t<\/div>\n\t\t\t\t<div class=\"elementor-element elementor-element-955c7c5 elementor-widget elementor-widget-ld_cf722\" data-id=\"955c7c5\" data-element_type=\"widget\" data-widget_type=\"ld_cf722.default\">\n\t\t\t\t<div class=\"elementor-widget-container\">\n\t\t\t\n\t<div class=\"lqd-contact-form lqd-contact-form-inputs-filled lqd-contact-form-inputs-round lqd-contact-form-button-block lqd-contact-form-button-round\" >\n\t\t<div role=\"form\" class=\"wpcf7\" id=\"wpcf7-f6-o1\" lang=\"tr-TR\" dir=\"ltr\">\n<div class=\"screen-reader-response\"><p role=\"status\" aria-live=\"polite\" aria-atomic=\"true\"><\/p> <ul><\/ul><\/div>\n<form action=\"\/al\/wp-json\/wp\/v2\/pages\/783#wpcf7-f6-o1\" method=\"post\" class=\"wpcf7-form init\" novalidate=\"novalidate\" data-status=\"init\">\n<div style=\"display: none;\">\n<input type=\"hidden\" name=\"_wpcf7\" value=\"6\" \/>\n<input type=\"hidden\" name=\"_wpcf7_version\" value=\"5.6.3\" \/>\n<input type=\"hidden\" name=\"_wpcf7_locale\" value=\"tr_TR\" \/>\n<input type=\"hidden\" name=\"_wpcf7_unit_tag\" value=\"wpcf7-f6-o1\" \/>\n<input type=\"hidden\" name=\"_wpcf7_container_post\" value=\"0\" \/>\n<input type=\"hidden\" name=\"_wpcf7_posted_data_hash\" value=\"\" \/>\n<\/div>\n<p><span class=\"wpcf7-form-control-wrap\" data-name=\"adi\"><input type=\"text\" name=\"adi\" value=\"\" size=\"40\" class=\"wpcf7-form-control wpcf7-text wpcf7-validates-as-required\" aria-required=\"true\" aria-invalid=\"false\" placeholder=\"Emri\" \/><\/span><br \/>\n<span class=\"wpcf7-form-control-wrap\" data-name=\"telefon\"><input type=\"text\" name=\"telefon\" value=\"\" size=\"40\" class=\"wpcf7-form-control wpcf7-text wpcf7-validates-as-required\" aria-required=\"true\" aria-invalid=\"false\" placeholder=\"Numri i Telefonit\" \/><\/span><br \/>\n<span class=\"wpcf7-form-control-wrap\" data-name=\"mesaj\"><textarea name=\"mesaj\" cols=\"40\" rows=\"3\" class=\"wpcf7-form-control wpcf7-textarea\" aria-invalid=\"false\" placeholder=\"Mesazh\"><\/textarea><\/span><br \/>\n<input type=\"submit\" value=\"Paraqisni Formularin\" class=\"wpcf7-form-control has-spinner wpcf7-submit\" \/><\/p>\n<div class=\"wpcf7-response-output\" aria-hidden=\"true\"><\/div><\/form><\/div>\t<\/div>\n\n\t\t\t<\/div>\n\t\t\t\t<\/div>\n\t\t\t\t\t<\/div>\n\t\t<\/div>\n\t\t\t\t\t\t\t<\/div>\n\t\t<\/section>\n\t\t\t\t\t<\/div>\n\t\t<\/div>\n\t\t\t\t<div class=\"elementor-column elementor-col-50 elementor-top-column elementor-element elementor-element-231f3078\" data-id=\"231f3078\" data-element_type=\"column\">\n\t\t\t<div class=\"elementor-widget-wrap elementor-element-populated\">\n\t\t\t\t\t\t\t\t<div class=\"elementor-element elementor-element-cc9606b elementor-widget elementor-widget-image\" data-id=\"cc9606b\" data-element_type=\"widget\" data-widget_type=\"image.default\">\n\t\t\t\t<div class=\"elementor-widget-container\">\n\t\t\t<style>\/*! elementor - v3.7.4 - 31-08-2022 *\/\n.elementor-widget-image{text-align:center}.elementor-widget-image a{display:inline-block}.elementor-widget-image a img[src$=\".svg\"]{width:48px}.elementor-widget-image img{vertical-align:middle;display:inline-block}<\/style>\t\t\t\t\t\t\t\t\t\t\t\t<img decoding=\"async\" width=\"930\" height=\"550\" src=\"https:\/\/alperince.com\/al\/wp-content\/uploads\/2022\/09\/meme-kucultme-header.jpg\" class=\"elementor-animation-float attachment-full size-full\" alt=\"\" srcset=\"https:\/\/alperince.com\/al\/wp-content\/uploads\/2022\/09\/meme-kucultme-header.jpg 930w, https:\/\/alperince.com\/al\/wp-content\/uploads\/2022\/09\/meme-kucultme-header-300x177.jpg 300w, https:\/\/alperince.com\/al\/wp-content\/uploads\/2022\/09\/meme-kucultme-header-600x355.jpg 600w\" sizes=\"(max-width: 930px) 100vw, 930px\" \/>\t\t\t\t\t\t\t\t\t\t\t\t\t\t\t<\/div>\n\t\t\t\t<\/div>\n\t\t\t\t<div class=\"elementor-element elementor-element-c153a33 elementor-widget elementor-widget-spacer\" data-id=\"c153a33\" data-element_type=\"widget\" data-widget_type=\"spacer.default\">\n\t\t\t\t<div class=\"elementor-widget-container\">\n\t\t\t<style>\/*! elementor - v3.7.4 - 31-08-2022 *\/\n.elementor-column .elementor-spacer-inner{height:var(--spacer-size)}.e-container{--container-widget-width:100%}.e-container>.elementor-widget-spacer{width:var(--container-widget-width,var(--spacer-size));-ms-flex-item-align:stretch;align-self:stretch;-ms-flex-negative:0;flex-shrink:0}.e-container>.elementor-widget-spacer>.elementor-widget-container,.e-container>.elementor-widget-spacer>.elementor-widget-container>.elementor-spacer{height:100%}.e-container>.elementor-widget-spacer>.elementor-widget-container>.elementor-spacer>.elementor-spacer-inner{height:var(--container-widget-height,var(--spacer-size))}<\/style>\t\t<div class=\"elementor-spacer\">\n\t\t\t<div class=\"elementor-spacer-inner\"><\/div>\n\t\t<\/div>\n\t\t\t\t<\/div>\n\t\t\t\t<\/div>\n\t\t\t\t<div class=\"elementor-element elementor-element-527f0d1f elementor-widget elementor-widget-hub_fancy_heading\" data-id=\"527f0d1f\" data-element_type=\"widget\" data-widget_type=\"hub_fancy_heading.default\">\n\t\t\t\t<div class=\"elementor-widget-container\">\n\t\t\t\n\t\t<div id=\"ld-fancy-heading-69dff05dbe519\" class=\"ld-fancy-heading pos-rel\">\n\t\t\t<h2 class=\"ld-fh-element d-inline-block pos-rel  elementor-heading-title lqd-highlight-classic lqd-highlight-grow-left h2\"  > Reduktimi i Gjirit<\/h2>\t\t<\/div>\n\n\t\t\t\t<\/div>\n\t\t\t\t<\/div>\n\t\t\t\t<div class=\"elementor-element elementor-element-7eef461 elementor-widget elementor-widget-text-editor\" data-id=\"7eef461\" data-element_type=\"widget\" data-widget_type=\"text-editor.default\">\n\t\t\t\t<div class=\"elementor-widget-container\">\n\t\t\t<style>\/*! elementor - v3.7.4 - 31-08-2022 *\/\n.elementor-widget-text-editor.elementor-drop-cap-view-stacked .elementor-drop-cap{background-color:#818a91;color:#fff}.elementor-widget-text-editor.elementor-drop-cap-view-framed .elementor-drop-cap{color:#818a91;border:3px solid;background-color:transparent}.elementor-widget-text-editor:not(.elementor-drop-cap-view-default) .elementor-drop-cap{margin-top:8px}.elementor-widget-text-editor:not(.elementor-drop-cap-view-default) .elementor-drop-cap-letter{width:1em;height:1em}.elementor-widget-text-editor .elementor-drop-cap{float:left;text-align:center;line-height:1;font-size:50px}.elementor-widget-text-editor .elementor-drop-cap-letter{display:inline-block}<\/style>\t\t\t\t<p>Kirurgjia e zvog\u00eblimit t\u00eb gjirit k\u00ebrkohet n\u00eb shtatz\u00ebni, kur gjinjt\u00eb jan\u00eb m\u00eb t\u00eb m\u00ebdhenj se normalja dhe n\u00eb rastet q\u00eb lidhen me mbipesh\u00ebn dhe ushqyerjen me gji. Madh\u00ebsia e gjoksit nuk \u00ebsht\u00eb vet\u00ebm nj\u00eb operacion estetik, por edhe nj\u00eb problem serioz sh\u00ebndet\u00ebsor. Sepse gjinjt\u00eb e m\u00ebdhenj shkaktojn\u00eb probleme si dhimbje shpine, qaf\u00eb, dhimbje shpatullash, kufizim t\u00eb aktiviteteve fizike, plag\u00eb n\u00ebn gji, mosmbajtje t\u00eb rrobave t\u00eb d\u00ebshiruara dhe rripa t\u00eb sytjena duke prer\u00eb shpatullat. P\u00ebr t\u00eb eliminuar k\u00ebto shqet\u00ebsime t\u00eb njer\u00ebzve q\u00eb shqet\u00ebsohen nga kjo situat\u00eb, hiqet nj\u00eb pjes\u00eb e indeve, yndyr\u00ebs dhe l\u00ebkur\u00ebs q\u00eb i jep gjirit plot. M\u00eb pas sigurohet proporcioni i gjinjve me trupin. T\u00eb dy gjinjt\u00eb tuaj mund t\u00eb mos ken\u00eb t\u00eb nj\u00ebjt\u00ebn madh\u00ebsi. P\u00ebr t\u00eb siguruar simetri n\u00eb operacionet e zvog\u00eblimit t\u00eb gjoksit, teknika t\u00eb ndryshme operacioni mund t\u00eb aplikohen n\u00eb t\u00eb dy gjinjt\u00eb. Para fillimit t\u00eb operacionit p\u00ebr zvog\u00eblimin e gjoksit, llogaritet gjat\u00ebsia dhe pesha e gjirit t\u00eb pacientit dhe n\u00eb p\u00ebrputhje me rrethanat vizatohen gjinjt\u00eb e rinj. M\u00eb pas, indi i gjirit dhe l\u00ebkura e tep\u00ebrt hiqen duke aplikuar anestezi t\u00eb p\u00ebrgjithshme te pacienti. Operacioni p\u00ebr zvog\u00eblimin e gjirit zgjat af\u00ebrsisht dy deri n\u00eb kat\u00ebr or\u00eb. Edhe n\u00ebse ka dhimbje t\u00eb leht\u00eb n\u00eb l\u00ebvizjet e krahut gjat\u00eb dit\u00ebve t\u00eb para pas operacionit, k\u00ebto dhimbje jan\u00eb dhimbje t\u00eb p\u00ebrkohshme. Dy jav\u00eb pas operacionit pacientit i hiqen qepjet dhe n\u00eb fund t\u00eb k\u00ebsaj periudhe pacient\u00ebt do t\u00eb mund t&#8217;i kthehen leht\u00ebsisht pun\u00ebs.<\/p><p><strong>\u00c7far\u00eb duhet t&#8217;i kushtoj v\u00ebmendje p\u00ebrpara se t\u00eb b\u00ebj nj\u00eb operacion p\u00ebr zvog\u00eblimin e gjoksit?<\/strong><\/p><p>Gj\u00ebja e par\u00eb q\u00eb duhet t\u00eb b\u00ebni p\u00ebrpara operacionit p\u00ebr zvog\u00eblimin e gjoksit \u00ebsht\u00eb padyshim nj\u00eb ekografi e gjirit. M\u00eb pas, dy jav\u00eb para operacionit, duhet t\u00eb ndaloni p\u00ebrdorimin e aspirin\u00ebs, holluesve t\u00eb gjakut dhe disa ila\u00e7eve kund\u00ebr dhimbjeve. \u00cbsht\u00eb e r\u00ebnd\u00ebsishme t\u00eb mos p\u00ebrdorni hollues gjaku si vitamina E, \u00e7aji jeshil, xhensen, ekstrakte bimore dhe fara liri. Gjithashtu rekomandohet t\u00eb lini duhanin nj\u00eb jav\u00eb para operacionit. P\u00ebrndryshe, plag\u00ebve do t&#8217;ju duhet koh\u00eb p\u00ebr t&#8217;u sh\u00ebruar.<\/p><p><strong>A do t\u00eb ket\u00eb shenja n\u00eb trupin tim pas operacionit p\u00ebr zvog\u00eblimin e gjoksit?<\/strong><\/p><p>Ashtu si n\u00eb shum\u00eb operacione plastike, plag\u00ebt e vogla do t\u00eb mbeten n\u00eb operacionin e zvog\u00eblimit t\u00eb gjoksit. N\u00eb operacionin e zvog\u00eblimit t\u00eb gjoksit, mbetet nj\u00eb mbres\u00eb e p\u00ebrmbysur n\u00eb form\u00eb t-je. Meqen\u00ebse kjo mbres\u00eb mbetet rreth unaz\u00ebs s\u00eb thithk\u00ebs, nuk do t\u00eb jet\u00eb e dukshme pasi p\u00ebrkon me zon\u00ebn e zbardhjes. Shenjat posht\u00eb gjirit do t\u00eb kthehen n\u00eb vija t\u00eb holla dhe t\u00eb paqarta me kalimin e koh\u00ebs.<\/p><p><strong>Po mendoj t\u00eb b\u00ebj nj\u00eb operacion p\u00ebr zvog\u00eblimin e gjoksit. A do t\u00eb m\u00eb pengoj\u00eb kjo t\u00eb ushqehem me gji?<\/strong><\/p><p>Mund\u00ebsia e nj\u00eb gruaje n\u00eb gji p\u00ebr t\u00eb ushqyer p\u00ebrs\u00ebri gji pas operacionit p\u00ebr zvog\u00eblimin e gjoksit \u00ebsht\u00eb rritur edhe m\u00eb shum\u00eb me teknikat e sotme. N\u00eb operacionin p\u00ebr zvog\u00eblimin e gjoksit, disa nga gj\u00ebndrat e qum\u00ebshtit t\u00eb grave, ve\u00e7an\u00ebrisht ato me gjoks t\u00eb madh, hiqen. Megjithat\u00eb, heqja e disa prej gj\u00ebndrave t\u00eb qum\u00ebshtit nuk shkakton ndonj\u00eb ndryshim n\u00eb funksionet e laktacionit. N\u00ebse po mendoni p\u00ebr nj\u00eb operacion p\u00ebr zvog\u00eblimin e gjirit p\u00ebr periudh\u00ebn pas lindjes, mund t\u00eb konsideroni leht\u00ebsisht nj\u00eb operacion t\u00eb pakt\u00ebn 6 muaj pas p\u00ebrfundimit t\u00eb periudh\u00ebs suaj t\u00eb ushqyerjes me gji.<\/p><p><strong>\u00c7far\u00eb do t\u00eb p\u00ebrjetoj n\u00eb periudh\u00ebn pas operacionit p\u00ebr zvog\u00eblimin e gjoksit?<\/strong><\/p><p>Operacioni i zvog\u00eblimit t\u00eb gjirit nuk do t\u00eb jet\u00eb nj\u00eb operacion ku do t\u00eb ndjeni shum\u00eb dhimbje. Pacienti mund t\u00eb shkoj\u00eb n\u00eb sht\u00ebpi t\u00eb nes\u00ebrmen pasi ka q\u00ebndruar n\u00eb spital p\u00ebr nj\u00eb nat\u00eb p\u00ebr q\u00ebllime kontrolli pas operacionit p\u00ebr zvog\u00eblimin e gjoksit. Meqen\u00ebse pacienti nuk do t\u00eb ndjej\u00eb dhimbje pas operacionit p\u00ebr zvog\u00eblimin e gjoksit, ky proces do t\u00eb jet\u00eb jasht\u00ebzakonisht i rehatsh\u00ebm. Si n\u00eb t\u00eb gjitha operacionet e gjirit, drenazhet p\u00ebrdoren p\u00ebr zvog\u00eblimin e gjoksit, dhe drenazhet hiqen pas 24 or\u00ebsh. Nd\u00ebrsa pacientit mund t&#8217;i vendoset nj\u00eb brez pas operacionit, atij gjithashtu mund t&#8217;i k\u00ebrkohet t\u00eb vesh\u00eb nj\u00eb sytjena sportive, zakonisht p\u00ebr nj\u00eb muaj. Meqen\u00ebse qepjet e operacionit do t\u00eb jen\u00eb n\u00ebn l\u00ebkur\u00eb dhe do t\u00eb treten vet\u00eb, nuk do t\u00eb ket\u00eb nevoj\u00eb p\u00ebr heqjen e qepjeve. Pacient\u00ebt mund t\u00eb kthehen leht\u00ebsisht n\u00eb pun\u00eb pasi pushojn\u00eb p\u00ebr nj\u00eb jav\u00eb. Pas operacionit duhet t&#8217;i kushtohet v\u00ebmendje l\u00ebvizjeve t\u00eb krah\u00ebve p\u00ebr nj\u00eb periudh\u00eb t\u00eb caktuar kohore dhe rekomandohet t\u00eb mos ngrihen gj\u00ebra shum\u00eb t\u00eb r\u00ebnda.<\/p><p><strong>A do t\u00eb jen\u00eb t\u00eb p\u00ebrhershme rezultatet pas operacionit p\u00ebr zvog\u00eblimin e gjoksit?<\/strong><\/p><p>Pas operacionit p\u00ebr zvog\u00eblimin e gjoksit, rezultatet do t\u00eb zgjasin nj\u00eb jet\u00eb. Ky imazh i ri n\u00eb p\u00ebrpjes\u00ebtim me trupin do t\u00eb rris\u00eb edhe vet\u00ebbesimin tuaj. Ju gjithashtu do t\u00eb shp\u00ebtoni nga dhimbja juaj para operacionit. Megjithat\u00eb, do t\u00eb jet\u00eb efektive p\u00ebr sa koh\u00eb q\u00eb i kushtoni v\u00ebmendje pirjes s\u00eb duhanit, cil\u00ebsis\u00eb s\u00eb l\u00ebkur\u00ebs, faktor\u00ebve gjenetik\u00eb, st\u00ebrvitjes, pirjes s\u00eb ujit dhe p\u00ebrdorimit t\u00eb alkoolit pas operacionit.<\/p>\t\t\t\t\t\t<\/div>\n\t\t\t\t<\/div>\n\t\t\t\t\t<\/div>\n\t\t<\/div>\n\t\t\t\t\t\t\t<\/div>\n\t\t<\/section>\n\t\t\t\t\t\t\t<\/div>\n\t\t","protected":false},"excerpt":{"rendered":"<p>Merrni Informacion Tani Reduktimi i Gjirit Kirurgjia e zvog\u00eblimit t\u00eb gjirit k\u00ebrkohet n\u00eb shtatz\u00ebni, kur gjinjt\u00eb jan\u00eb m\u00eb t\u00eb m\u00ebdhenj se normalja dhe n\u00eb rastet q\u00eb lidhen me mbipesh\u00ebn dhe ushqyerjen me gji. Madh\u00ebsia e gjoksit nuk \u00ebsht\u00eb vet\u00ebm nj\u00eb operacion estetik, por edhe nj\u00eb problem serioz sh\u00ebndet\u00ebsor. Sepse gjinjt\u00eb e m\u00ebdhenj shkaktojn\u00eb probleme si [&hellip;]<\/p>\n","protected":false},"author":1,"featured_media":0,"parent":0,"menu_order":0,"comment_status":"closed","ping_status":"closed","template":"","meta":{"footnotes":""},"class_list":["post-783","page","type-page","status-publish","hentry"],"_links":{"self":[{"href":"https:\/\/alperince.com\/al\/wp-json\/wp\/v2\/pages\/783","targetHints":{"allow":["GET"]}}],"collection":[{"href":"https:\/\/alperince.com\/al\/wp-json\/wp\/v2\/pages"}],"about":[{"href":"https:\/\/alperince.com\/al\/wp-json\/wp\/v2\/types\/page"}],"author":[{"embeddable":true,"href":"https:\/\/alperince.com\/al\/wp-json\/wp\/v2\/users\/1"}],"replies":[{"embeddable":true,"href":"https:\/\/alperince.com\/al\/wp-json\/wp\/v2\/comments?post=783"}],"version-history":[{"count":21,"href":"https:\/\/alperince.com\/al\/wp-json\/wp\/v2\/pages\/783\/revisions"}],"predecessor-version":[{"id":1942,"href":"https:\/\/alperince.com\/al\/wp-json\/wp\/v2\/pages\/783\/revisions\/1942"}],"wp:attachment":[{"href":"https:\/\/alperince.com\/al\/wp-json\/wp\/v2\/media?parent=783"}],"curies":[{"name":"wp","href":"https:\/\/api.w.org\/{rel}","templated":true}]}}