{"id":788,"date":"2022-09-17T11:21:30","date_gmt":"2022-09-17T08:21:30","guid":{"rendered":"https:\/\/alperince.com\/al\/?page_id=788"},"modified":"2022-11-10T12:56:30","modified_gmt":"2022-11-10T09:56:30","slug":"breast-lift","status":"publish","type":"page","link":"https:\/\/alperince.com\/al\/breast-lift","title":{"rendered":"Ngritja e Gjirit"},"content":{"rendered":"\t\t<div data-elementor-type=\"wp-page\" data-elementor-id=\"788\" class=\"elementor elementor-788\">\n\t\t\t\t\t\t\t\t\t<section class=\"elementor-section elementor-top-section elementor-element elementor-element-100bd8a5 elementor-section-boxed elementor-section-height-default elementor-section-height-default\" data-id=\"100bd8a5\" data-element_type=\"section\">\n\t\t\t\t\t\t<div class=\"elementor-container elementor-column-gap-default\">\n\t\t\t\t\t<div class=\"lqd-css-sticky-column elementor-column elementor-col-50 elementor-top-column elementor-element elementor-element-87212a4\" style=\"--lqd-sticky-offset:30px\" data-id=\"87212a4\" data-element_type=\"column\">\n\t\t\t<div class=\"elementor-widget-wrap elementor-element-populated\">\n\t\t\t\t\t\t\t\t<section class=\"elementor-section elementor-inner-section elementor-element elementor-element-bfb7f15 elementor-section-boxed elementor-section-height-default elementor-section-height-default\" data-id=\"bfb7f15\" data-element_type=\"section\">\n\t\t\t\t\t\t<div class=\"elementor-container elementor-column-gap-default\">\n\t\t\t\t\t<div class=\"elementor-column elementor-col-100 elementor-inner-column elementor-element elementor-element-6222eab\" data-id=\"6222eab\" data-element_type=\"column\" data-settings=\"{&quot;background_background&quot;:&quot;classic&quot;}\">\n\t\t\t<div class=\"elementor-widget-wrap elementor-element-populated\">\n\t\t\t\t\t\t\t\t<div class=\"elementor-element elementor-element-ac3e4ce elementor-widget elementor-widget-hub_fancy_heading\" data-id=\"ac3e4ce\" data-element_type=\"widget\" data-widget_type=\"hub_fancy_heading.default\">\n\t\t\t\t<div class=\"elementor-widget-container\">\n\t\t\t\n\t\t<div id=\"ld-fancy-heading-69dff1fbd41c4\" class=\"ld-fancy-heading pos-rel\">\n\t\t\t<h2 class=\"ld-fh-element d-inline-block pos-rel  elementor-heading-title lqd-highlight-classic lqd-highlight-grow-left h2\"  > Get Information Now<\/h2>\t\t<\/div>\n\n\t\t\t\t<\/div>\n\t\t\t\t<\/div>\n\t\t\t\t<div class=\"elementor-element elementor-element-d907802 elementor-widget elementor-widget-ld_cf722\" data-id=\"d907802\" data-element_type=\"widget\" data-widget_type=\"ld_cf722.default\">\n\t\t\t\t<div class=\"elementor-widget-container\">\n\t\t\t\n\t<div class=\"lqd-contact-form lqd-contact-form-inputs-filled lqd-contact-form-inputs-round lqd-contact-form-button-block lqd-contact-form-button-round\" >\n\t\t<div role=\"form\" class=\"wpcf7\" id=\"wpcf7-f6-o1\" lang=\"tr-TR\" dir=\"ltr\">\n<div class=\"screen-reader-response\"><p role=\"status\" aria-live=\"polite\" aria-atomic=\"true\"><\/p> <ul><\/ul><\/div>\n<form action=\"\/al\/wp-json\/wp\/v2\/pages\/788#wpcf7-f6-o1\" method=\"post\" class=\"wpcf7-form init\" novalidate=\"novalidate\" data-status=\"init\">\n<div style=\"display: none;\">\n<input type=\"hidden\" name=\"_wpcf7\" value=\"6\" \/>\n<input type=\"hidden\" name=\"_wpcf7_version\" value=\"5.6.3\" \/>\n<input type=\"hidden\" name=\"_wpcf7_locale\" value=\"tr_TR\" \/>\n<input type=\"hidden\" name=\"_wpcf7_unit_tag\" value=\"wpcf7-f6-o1\" \/>\n<input type=\"hidden\" name=\"_wpcf7_container_post\" value=\"0\" \/>\n<input type=\"hidden\" name=\"_wpcf7_posted_data_hash\" value=\"\" \/>\n<\/div>\n<p><span class=\"wpcf7-form-control-wrap\" data-name=\"adi\"><input type=\"text\" name=\"adi\" value=\"\" size=\"40\" class=\"wpcf7-form-control wpcf7-text wpcf7-validates-as-required\" aria-required=\"true\" aria-invalid=\"false\" placeholder=\"Emri\" \/><\/span><br \/>\n<span class=\"wpcf7-form-control-wrap\" data-name=\"telefon\"><input type=\"text\" name=\"telefon\" value=\"\" size=\"40\" class=\"wpcf7-form-control wpcf7-text wpcf7-validates-as-required\" aria-required=\"true\" aria-invalid=\"false\" placeholder=\"Numri i Telefonit\" \/><\/span><br \/>\n<span class=\"wpcf7-form-control-wrap\" data-name=\"mesaj\"><textarea name=\"mesaj\" cols=\"40\" rows=\"3\" class=\"wpcf7-form-control wpcf7-textarea\" aria-invalid=\"false\" placeholder=\"Mesazh\"><\/textarea><\/span><br \/>\n<input type=\"submit\" value=\"Paraqisni Formularin\" class=\"wpcf7-form-control has-spinner wpcf7-submit\" \/><\/p>\n<div class=\"wpcf7-response-output\" aria-hidden=\"true\"><\/div><\/form><\/div>\t<\/div>\n\n\t\t\t<\/div>\n\t\t\t\t<\/div>\n\t\t\t\t\t<\/div>\n\t\t<\/div>\n\t\t\t\t\t\t\t<\/div>\n\t\t<\/section>\n\t\t\t\t\t<\/div>\n\t\t<\/div>\n\t\t\t\t<div class=\"elementor-column elementor-col-50 elementor-top-column elementor-element elementor-element-231f3078\" data-id=\"231f3078\" data-element_type=\"column\">\n\t\t\t<div class=\"elementor-widget-wrap elementor-element-populated\">\n\t\t\t\t\t\t\t\t<div class=\"elementor-element elementor-element-cc9606b elementor-widget elementor-widget-image\" data-id=\"cc9606b\" data-element_type=\"widget\" data-widget_type=\"image.default\">\n\t\t\t\t<div class=\"elementor-widget-container\">\n\t\t\t<style>\/*! elementor - v3.7.4 - 31-08-2022 *\/\n.elementor-widget-image{text-align:center}.elementor-widget-image a{display:inline-block}.elementor-widget-image a img[src$=\".svg\"]{width:48px}.elementor-widget-image img{vertical-align:middle;display:inline-block}<\/style>\t\t\t\t\t\t\t\t\t\t\t\t<img decoding=\"async\" width=\"930\" height=\"550\" src=\"https:\/\/alperince.com\/al\/wp-content\/uploads\/2022\/09\/meme-diklestirme-header.jpg\" class=\"elementor-animation-float attachment-full size-full\" alt=\"\" srcset=\"https:\/\/alperince.com\/al\/wp-content\/uploads\/2022\/09\/meme-diklestirme-header.jpg 930w, https:\/\/alperince.com\/al\/wp-content\/uploads\/2022\/09\/meme-diklestirme-header-300x177.jpg 300w, https:\/\/alperince.com\/al\/wp-content\/uploads\/2022\/09\/meme-diklestirme-header-600x355.jpg 600w\" sizes=\"(max-width: 930px) 100vw, 930px\" \/>\t\t\t\t\t\t\t\t\t\t\t\t\t\t\t<\/div>\n\t\t\t\t<\/div>\n\t\t\t\t<div class=\"elementor-element elementor-element-c153a33 elementor-widget elementor-widget-spacer\" data-id=\"c153a33\" data-element_type=\"widget\" data-widget_type=\"spacer.default\">\n\t\t\t\t<div class=\"elementor-widget-container\">\n\t\t\t<style>\/*! elementor - v3.7.4 - 31-08-2022 *\/\n.elementor-column .elementor-spacer-inner{height:var(--spacer-size)}.e-container{--container-widget-width:100%}.e-container>.elementor-widget-spacer{width:var(--container-widget-width,var(--spacer-size));-ms-flex-item-align:stretch;align-self:stretch;-ms-flex-negative:0;flex-shrink:0}.e-container>.elementor-widget-spacer>.elementor-widget-container,.e-container>.elementor-widget-spacer>.elementor-widget-container>.elementor-spacer{height:100%}.e-container>.elementor-widget-spacer>.elementor-widget-container>.elementor-spacer>.elementor-spacer-inner{height:var(--container-widget-height,var(--spacer-size))}<\/style>\t\t<div class=\"elementor-spacer\">\n\t\t\t<div class=\"elementor-spacer-inner\"><\/div>\n\t\t<\/div>\n\t\t\t\t<\/div>\n\t\t\t\t<\/div>\n\t\t\t\t<div class=\"elementor-element elementor-element-527f0d1f elementor-widget elementor-widget-hub_fancy_heading\" data-id=\"527f0d1f\" data-element_type=\"widget\" data-widget_type=\"hub_fancy_heading.default\">\n\t\t\t\t<div class=\"elementor-widget-container\">\n\t\t\t\n\t\t<div id=\"ld-fancy-heading-69dff1fbdb15b\" class=\"ld-fancy-heading pos-rel\">\n\t\t\t<h2 class=\"ld-fh-element d-inline-block pos-rel  elementor-heading-title lqd-highlight-classic lqd-highlight-grow-left h2\"  > Ngritja e Gjirit<\/h2>\t\t<\/div>\n\n\t\t\t\t<\/div>\n\t\t\t\t<\/div>\n\t\t\t\t<div class=\"elementor-element elementor-element-7eef461 elementor-widget elementor-widget-text-editor\" data-id=\"7eef461\" data-element_type=\"widget\" data-widget_type=\"text-editor.default\">\n\t\t\t\t<div class=\"elementor-widget-container\">\n\t\t\t<style>\/*! elementor - v3.7.4 - 31-08-2022 *\/\n.elementor-widget-text-editor.elementor-drop-cap-view-stacked .elementor-drop-cap{background-color:#818a91;color:#fff}.elementor-widget-text-editor.elementor-drop-cap-view-framed .elementor-drop-cap{color:#818a91;border:3px solid;background-color:transparent}.elementor-widget-text-editor:not(.elementor-drop-cap-view-default) .elementor-drop-cap{margin-top:8px}.elementor-widget-text-editor:not(.elementor-drop-cap-view-default) .elementor-drop-cap-letter{width:1em;height:1em}.elementor-widget-text-editor .elementor-drop-cap{float:left;text-align:center;line-height:1;font-size:50px}.elementor-widget-text-editor .elementor-drop-cap-letter{display:inline-block}<\/style>\t\t\t\t<p>Estetika e ngritjes s\u00eb gjirit, p\u00ebrkat\u00ebsisht mastopeksia; Ajo kryhet p\u00ebr t\u00eb ngritur gjoksin e varur dhe p\u00ebr t&#8217;u dh\u00ebn\u00eb atyre nj\u00eb pamje estetike, p\u00ebr t\u00eb arritur harmonin\u00eb me p\u00ebrmasat trupore, p\u00ebr t\u00eb marr\u00eb gjokse me pamje natyrale dhe simetrike. Operacionet e ngritjes s\u00eb gjirit jan\u00eb operacione q\u00eb mund t\u00eb aplikohen p\u00ebr t\u00eb gjitha grat\u00eb me gjoks t\u00eb varur, pavar\u00ebsisht n\u00ebse kan\u00eb lindur apo jo. Shkaqet e r\u00ebnies n\u00eb gji mund t\u00eb shihen strukturalisht, si dhe n\u00eb rastin e shtimit dhe humbjes s\u00eb pesh\u00ebs, n\u00eb periudh\u00ebn pas lindjes dhe p\u00ebr shkak t\u00eb mosh\u00ebs, p\u00ebr shkak t\u00eb efektit t\u00eb gravitetit. P\u00ebr t\u00eb kuptuar gjendjen e varur t\u00eb gjirit tuaj, s\u00eb pari duhet t\u00eb dilni para pasqyr\u00ebs dhe m\u00eb pas mund t\u00eb kuptoni n\u00ebse ka r\u00ebnie duke vler\u00ebsuar thithkat tuaja dhe vij\u00ebn n\u00ebn gji. Gjendja e varur e gjirit, e quajtur ptoza e gjirit, klasifikohet kryesisht n\u00eb 4 grupe. K\u00ebto 4 grupe; e leht\u00eb, e moderuar, e r\u00ebnd\u00eb dhe pseudoptoz\u00eb. N\u00ebse thithka \u00ebsht\u00eb n\u00eb nivelin e vij\u00ebs inframamare ose m\u00eb pak se 1 cm, \u00ebsht\u00eb e leht\u00eb. N\u00ebse thithka \u00ebsht\u00eb 1-3 cm n\u00ebn vij\u00ebn inframamare, ajo \u00ebsht\u00eb mesatare. N\u00ebse thithka ndodhet m\u00eb pak se 3 cm posht\u00eb, \u00ebsht\u00eb ptoz\u00eb e r\u00ebnd\u00eb. N\u00ebse thithka ndodhet mbi vij\u00ebn normale n\u00ebn gji, por baza e gjirit shihet si e varur, kjo \u00ebsht\u00eb gjithashtu pseudoptoz\u00eb.<\/p><p><strong>Kur duhet t\u00eb zgjedh kirurgjin\u00eb p\u00ebr ngritjen e gjirit?<\/strong><\/p><p>N\u00ebse gjinjt\u00eb tuaj jan\u00eb t\u00eb varur p\u00ebr arsye t\u00eb tilla si shtatz\u00ebnia, ushqyerja me gji, ndryshimi i papritur i pesh\u00ebs dhe plakja, n\u00ebse shihni r\u00ebnie n\u00eb thithk\u00ebn tuaj ose n\u00eb indin q\u00eb rrethon maj\u00ebn dhe n\u00ebse mjeku juaj mendon se nuk do t\u00eb jet\u00eb e mundur t\u00eb jepni form\u00ebn e d\u00ebshiruar. n\u00eb gji duke p\u00ebrdorur vet\u00ebm nj\u00eb protez\u00eb, ju mund t\u00eb zgjidhni nj\u00eb operacion p\u00ebr ngritjen e gjirit.<\/p><p><strong>Si kryhet operacioni p\u00ebr ngritjen e gjirit?<\/strong><\/p><p>Kirurgjia e ngritjes s\u00eb gjirit mund t\u00eb kryhet me shum\u00eb teknika t\u00eb ndryshme. N\u00eb teknik\u00ebn ton\u00eb t\u00eb par\u00eb, b\u00ebhet nj\u00eb prerje &#8220;T e p\u00ebrmbysur&#8221; rreth thithk\u00ebs. Ky prerje zbret vertikalisht nga thithka n\u00eb palosjen e gjoksit dhe vazhdon horizontalisht p\u00ebrgjat\u00eb palosjes. Kjo teknik\u00eb p\u00ebrdoret p\u00ebrgjith\u00ebsisht n\u00eb pacient\u00ebt me r\u00ebnie t\u00eb avancuar t\u00eb gjoksit. N\u00eb teknik\u00ebn ton\u00eb t\u00eb dyt\u00eb, b\u00ebhet nj\u00eb prerje \u201cLollipop\u201d dhe prerja vazhdon vertikalisht nga thithka n\u00eb palosjen e poshtme t\u00eb gjoksit. Kjo teknik\u00eb p\u00ebrdoret p\u00ebrgjith\u00ebsisht p\u00ebr t\u00eb ngritur gjoksin me r\u00ebnie t\u00eb moderuar. Nj\u00eb prerje b\u00ebhet vet\u00ebm rreth thithk\u00ebs tek pacient\u00ebt tan\u00eb me nj\u00eb r\u00ebnie t\u00eb leht\u00eb. N\u00eb t\u00eb gjitha teknikat, indet rreth thithk\u00ebs l\u00ebshohen fillimisht. M\u00eb pas hiqet indi i tep\u00ebrt n\u00eb indin e gjirit p\u00ebrreth dhe gjirit i jepet nj\u00eb form\u00eb e re. Pas form\u00ebsimit, thithka mund t\u00eb qepet n\u00eb vendin e saj ideal.<\/p><p><strong>Sa shpejt mund t\u00eb sh\u00ebrohem pas operacionit p\u00ebr ngritjen e gjirit?<\/strong><\/p><p>Pas operacionit t\u00eb ngritjes s\u00eb gjoksit, kur hiqen fashat n\u00eb trup, v\u00ebrehet \u00ebnjtje n\u00eb gji. N\u00eb vendet ku ka nj\u00eb prerje n\u00ebn gji, mund t\u00eb shihet nj\u00eb grop\u00eb ose nj\u00eb deformim. K\u00ebto efekte t\u00eb operacionit kalojn\u00eb brenda nj\u00eb muaji. Pas operacionit nuk do t\u00eb keni shum\u00eb dhimbje. Megjithat\u00eb, ndonj\u00ebher\u00eb mund t\u00eb shfaqen \u00ebnjtje dhe mavijosje n\u00eb gji. K\u00ebto jan\u00eb s\u00ebmundje q\u00eb kalojn\u00eb n\u00eb nj\u00eb koh\u00eb t\u00eb shkurt\u00ebr. Rekomandohet p\u00ebrdorimi i fash\u00ebs n\u00eb gjoks p\u00ebr 3 dit\u00eb pas operacionit. N\u00eb fund t\u00eb k\u00ebsaj periudhe, ju mund t\u00eb p\u00ebrdorni sutjena sportive n\u00eb form\u00ebn e nj\u00eb gjysm\u00eb atleti. Pas operacionit, ju mund t\u00eb filloni ushtrimet q\u00eb punojn\u00eb n\u00eb krahun tuaj dhe aktivitetet e notit nj\u00eb muaj m\u00eb von\u00eb. Meqen\u00ebse suturat shp\u00ebrb\u00ebr\u00ebse p\u00ebrdoren n\u00eb operacionet p\u00ebr ngritjen e gjirit, nuk do t\u00eb ket\u00eb nevoj\u00eb p\u00ebr operacione t\u00eb tilla si heqja e qepjeve pas operacionit. Pas operacionit t\u00eb ngritjes s\u00eb gjoksit, duhen 6 muaj deri n\u00eb 1 vit q\u00eb t\u00eb gjitha efektet t\u00eb p\u00ebrmir\u00ebsohen, forma e plot\u00eb dhe humbja e ndjeshm\u00ebris\u00eb.<\/p><p><strong>A mund t\u00eb mbetem shtatz\u00ebn\u00eb dhe ta ushqej me gji f\u00ebmij\u00ebn tim pas operacionit p\u00ebr ngritjen e gjirit?<\/strong><\/p><p>N\u00eb operacionin e ngritjes s\u00eb gjirit, gj\u00ebndrat e qum\u00ebshtit dhe kanalet e qum\u00ebshtit mbrohen. N\u00eb p\u00ebrputhje me procedurat teknike, aft\u00ebsia juaj p\u00ebr qum\u00ebsht dhe shqisat tuaja mbrohen jasht\u00ebzakonisht mir\u00eb.<\/p><p><strong>Sa shpejt pas lindjes mund t\u00eb b\u00ebj nj\u00eb operacion p\u00ebr ngritjen e gjirit?<\/strong><\/p><p>Ju mund t\u00eb b\u00ebni nj\u00eb operacion p\u00ebr ngritjen e gjirit n\u00eb fund t\u00eb periudh\u00ebs s\u00eb ushqyerjes me gji, dometh\u00ebn\u00eb af\u00ebrsisht 6 muaj pasi t\u00eb keni nd\u00ebrprer\u00eb qum\u00ebshtin. N\u00ebse nuk prisni k\u00ebt\u00eb periudh\u00eb, p\u00ebrndryshe mund t\u00eb ndodh\u00eb inflamacioni dhe qepjet tuaja mund t\u00eb hapen. N\u00eb k\u00ebt\u00eb rast, ajo do t\u00eb shkaktoj\u00eb shenja n\u00eb gjoksin tuaj.<\/p>\t\t\t\t\t\t<\/div>\n\t\t\t\t<\/div>\n\t\t\t\t\t<\/div>\n\t\t<\/div>\n\t\t\t\t\t\t\t<\/div>\n\t\t<\/section>\n\t\t\t\t\t\t\t<\/div>\n\t\t","protected":false},"excerpt":{"rendered":"<p>Get Information Now Ngritja e Gjirit Estetika e ngritjes s\u00eb gjirit, p\u00ebrkat\u00ebsisht mastopeksia; Ajo kryhet p\u00ebr t\u00eb ngritur gjoksin e varur dhe p\u00ebr t&#8217;u dh\u00ebn\u00eb atyre nj\u00eb pamje estetike, p\u00ebr t\u00eb arritur harmonin\u00eb me p\u00ebrmasat trupore, p\u00ebr t\u00eb marr\u00eb gjokse me pamje natyrale dhe simetrike. Operacionet e ngritjes s\u00eb gjirit jan\u00eb operacione q\u00eb mund t\u00eb [&hellip;]<\/p>\n","protected":false},"author":1,"featured_media":0,"parent":0,"menu_order":0,"comment_status":"closed","ping_status":"closed","template":"","meta":{"footnotes":""},"class_list":["post-788","page","type-page","status-publish","hentry"],"_links":{"self":[{"href":"https:\/\/alperince.com\/al\/wp-json\/wp\/v2\/pages\/788","targetHints":{"allow":["GET"]}}],"collection":[{"href":"https:\/\/alperince.com\/al\/wp-json\/wp\/v2\/pages"}],"about":[{"href":"https:\/\/alperince.com\/al\/wp-json\/wp\/v2\/types\/page"}],"author":[{"embeddable":true,"href":"https:\/\/alperince.com\/al\/wp-json\/wp\/v2\/users\/1"}],"replies":[{"embeddable":true,"href":"https:\/\/alperince.com\/al\/wp-json\/wp\/v2\/comments?post=788"}],"version-history":[{"count":27,"href":"https:\/\/alperince.com\/al\/wp-json\/wp\/v2\/pages\/788\/revisions"}],"predecessor-version":[{"id":1946,"href":"https:\/\/alperince.com\/al\/wp-json\/wp\/v2\/pages\/788\/revisions\/1946"}],"wp:attachment":[{"href":"https:\/\/alperince.com\/al\/wp-json\/wp\/v2\/media?parent=788"}],"curies":[{"name":"wp","href":"https:\/\/api.w.org\/{rel}","templated":true}]}}