{"id":796,"date":"2022-09-17T11:24:02","date_gmt":"2022-09-17T08:24:02","guid":{"rendered":"https:\/\/alperince.com\/al\/?page_id=796"},"modified":"2022-11-10T12:58:19","modified_gmt":"2022-11-10T09:58:19","slug":"rindertimi-i-gjirit","status":"publish","type":"page","link":"https:\/\/alperince.com\/al\/rindertimi-i-gjirit","title":{"rendered":"Rind\u00ebrtimi i Gjirit"},"content":{"rendered":"\t\t<div data-elementor-type=\"wp-page\" data-elementor-id=\"796\" class=\"elementor elementor-796\">\n\t\t\t\t\t\t\t\t\t<section class=\"elementor-section elementor-top-section elementor-element elementor-element-100bd8a5 elementor-section-boxed elementor-section-height-default elementor-section-height-default\" data-id=\"100bd8a5\" data-element_type=\"section\">\n\t\t\t\t\t\t<div class=\"elementor-container elementor-column-gap-default\">\n\t\t\t\t\t<div class=\"lqd-css-sticky-column elementor-column elementor-col-50 elementor-top-column elementor-element elementor-element-8edbedb\" style=\"--lqd-sticky-offset:30px\" data-id=\"8edbedb\" data-element_type=\"column\">\n\t\t\t<div class=\"elementor-widget-wrap elementor-element-populated\">\n\t\t\t\t\t\t\t\t<section class=\"elementor-section elementor-inner-section elementor-element elementor-element-b3d31b0 elementor-section-boxed elementor-section-height-default elementor-section-height-default\" data-id=\"b3d31b0\" data-element_type=\"section\">\n\t\t\t\t\t\t<div class=\"elementor-container elementor-column-gap-default\">\n\t\t\t\t\t<div class=\"elementor-column elementor-col-100 elementor-inner-column elementor-element elementor-element-d8149fc\" data-id=\"d8149fc\" data-element_type=\"column\" data-settings=\"{&quot;background_background&quot;:&quot;classic&quot;}\">\n\t\t\t<div class=\"elementor-widget-wrap elementor-element-populated\">\n\t\t\t\t\t\t\t\t<div class=\"elementor-element elementor-element-0d103ac elementor-widget elementor-widget-hub_fancy_heading\" data-id=\"0d103ac\" data-element_type=\"widget\" data-widget_type=\"hub_fancy_heading.default\">\n\t\t\t\t<div class=\"elementor-widget-container\">\n\t\t\t\n\t\t<div id=\"ld-fancy-heading-69dfec2c3eb99\" class=\"ld-fancy-heading pos-rel\">\n\t\t\t<h2 class=\"ld-fh-element d-inline-block pos-rel  elementor-heading-title lqd-highlight-classic lqd-highlight-grow-left h2\"  > Merrni Informacion Tani<\/h2>\t\t<\/div>\n\n\t\t\t\t<\/div>\n\t\t\t\t<\/div>\n\t\t\t\t<div class=\"elementor-element elementor-element-6ca9157 elementor-widget elementor-widget-ld_cf722\" data-id=\"6ca9157\" data-element_type=\"widget\" data-widget_type=\"ld_cf722.default\">\n\t\t\t\t<div class=\"elementor-widget-container\">\n\t\t\t\n\t<div class=\"lqd-contact-form lqd-contact-form-inputs-filled lqd-contact-form-inputs-round lqd-contact-form-button-block lqd-contact-form-button-round\" >\n\t\t<div role=\"form\" class=\"wpcf7\" id=\"wpcf7-f6-o1\" lang=\"tr-TR\" dir=\"ltr\">\n<div class=\"screen-reader-response\"><p role=\"status\" aria-live=\"polite\" aria-atomic=\"true\"><\/p> <ul><\/ul><\/div>\n<form action=\"\/al\/wp-json\/wp\/v2\/pages\/796#wpcf7-f6-o1\" method=\"post\" class=\"wpcf7-form init\" novalidate=\"novalidate\" data-status=\"init\">\n<div style=\"display: none;\">\n<input type=\"hidden\" name=\"_wpcf7\" value=\"6\" \/>\n<input type=\"hidden\" name=\"_wpcf7_version\" value=\"5.6.3\" \/>\n<input type=\"hidden\" name=\"_wpcf7_locale\" value=\"tr_TR\" \/>\n<input type=\"hidden\" name=\"_wpcf7_unit_tag\" value=\"wpcf7-f6-o1\" \/>\n<input type=\"hidden\" name=\"_wpcf7_container_post\" value=\"0\" \/>\n<input type=\"hidden\" name=\"_wpcf7_posted_data_hash\" value=\"\" \/>\n<\/div>\n<p><span class=\"wpcf7-form-control-wrap\" data-name=\"adi\"><input type=\"text\" name=\"adi\" value=\"\" size=\"40\" class=\"wpcf7-form-control wpcf7-text wpcf7-validates-as-required\" aria-required=\"true\" aria-invalid=\"false\" placeholder=\"Emri\" \/><\/span><br \/>\n<span class=\"wpcf7-form-control-wrap\" data-name=\"telefon\"><input type=\"text\" name=\"telefon\" value=\"\" size=\"40\" class=\"wpcf7-form-control wpcf7-text wpcf7-validates-as-required\" aria-required=\"true\" aria-invalid=\"false\" placeholder=\"Numri i Telefonit\" \/><\/span><br \/>\n<span class=\"wpcf7-form-control-wrap\" data-name=\"mesaj\"><textarea name=\"mesaj\" cols=\"40\" rows=\"3\" class=\"wpcf7-form-control wpcf7-textarea\" aria-invalid=\"false\" placeholder=\"Mesazh\"><\/textarea><\/span><br \/>\n<input type=\"submit\" value=\"Paraqisni Formularin\" class=\"wpcf7-form-control has-spinner wpcf7-submit\" \/><\/p>\n<div class=\"wpcf7-response-output\" aria-hidden=\"true\"><\/div><\/form><\/div>\t<\/div>\n\n\t\t\t<\/div>\n\t\t\t\t<\/div>\n\t\t\t\t\t<\/div>\n\t\t<\/div>\n\t\t\t\t\t\t\t<\/div>\n\t\t<\/section>\n\t\t\t\t\t<\/div>\n\t\t<\/div>\n\t\t\t\t<div class=\"elementor-column elementor-col-50 elementor-top-column elementor-element elementor-element-231f3078\" data-id=\"231f3078\" data-element_type=\"column\">\n\t\t\t<div class=\"elementor-widget-wrap elementor-element-populated\">\n\t\t\t\t\t\t\t\t<div class=\"elementor-element elementor-element-cc9606b elementor-widget elementor-widget-image\" data-id=\"cc9606b\" data-element_type=\"widget\" data-widget_type=\"image.default\">\n\t\t\t\t<div class=\"elementor-widget-container\">\n\t\t\t<style>\/*! elementor - v3.7.4 - 31-08-2022 *\/\n.elementor-widget-image{text-align:center}.elementor-widget-image a{display:inline-block}.elementor-widget-image a img[src$=\".svg\"]{width:48px}.elementor-widget-image img{vertical-align:middle;display:inline-block}<\/style>\t\t\t\t\t\t\t\t\t\t\t\t<img decoding=\"async\" width=\"930\" height=\"550\" src=\"https:\/\/alperince.com\/al\/wp-content\/uploads\/2022\/09\/meme-rekon-header.jpg\" class=\"elementor-animation-float attachment-full size-full\" alt=\"\" srcset=\"https:\/\/alperince.com\/al\/wp-content\/uploads\/2022\/09\/meme-rekon-header.jpg 930w, https:\/\/alperince.com\/al\/wp-content\/uploads\/2022\/09\/meme-rekon-header-300x177.jpg 300w, https:\/\/alperince.com\/al\/wp-content\/uploads\/2022\/09\/meme-rekon-header-600x355.jpg 600w\" sizes=\"(max-width: 930px) 100vw, 930px\" \/>\t\t\t\t\t\t\t\t\t\t\t\t\t\t\t<\/div>\n\t\t\t\t<\/div>\n\t\t\t\t<div class=\"elementor-element elementor-element-c153a33 elementor-widget elementor-widget-spacer\" data-id=\"c153a33\" data-element_type=\"widget\" data-widget_type=\"spacer.default\">\n\t\t\t\t<div class=\"elementor-widget-container\">\n\t\t\t<style>\/*! elementor - v3.7.4 - 31-08-2022 *\/\n.elementor-column .elementor-spacer-inner{height:var(--spacer-size)}.e-container{--container-widget-width:100%}.e-container>.elementor-widget-spacer{width:var(--container-widget-width,var(--spacer-size));-ms-flex-item-align:stretch;align-self:stretch;-ms-flex-negative:0;flex-shrink:0}.e-container>.elementor-widget-spacer>.elementor-widget-container,.e-container>.elementor-widget-spacer>.elementor-widget-container>.elementor-spacer{height:100%}.e-container>.elementor-widget-spacer>.elementor-widget-container>.elementor-spacer>.elementor-spacer-inner{height:var(--container-widget-height,var(--spacer-size))}<\/style>\t\t<div class=\"elementor-spacer\">\n\t\t\t<div class=\"elementor-spacer-inner\"><\/div>\n\t\t<\/div>\n\t\t\t\t<\/div>\n\t\t\t\t<\/div>\n\t\t\t\t<div class=\"elementor-element elementor-element-527f0d1f elementor-widget elementor-widget-hub_fancy_heading\" data-id=\"527f0d1f\" data-element_type=\"widget\" data-widget_type=\"hub_fancy_heading.default\">\n\t\t\t\t<div class=\"elementor-widget-container\">\n\t\t\t\n\t\t<div id=\"ld-fancy-heading-69dfec2c4a006\" class=\"ld-fancy-heading pos-rel\">\n\t\t\t<h2 class=\"ld-fh-element d-inline-block pos-rel  elementor-heading-title lqd-highlight-classic lqd-highlight-grow-left h2\"  > Rind\u00ebrtimi i Gjirit<\/h2>\t\t<\/div>\n\n\t\t\t\t<\/div>\n\t\t\t\t<\/div>\n\t\t\t\t<div class=\"elementor-element elementor-element-7eef461 elementor-widget elementor-widget-text-editor\" data-id=\"7eef461\" data-element_type=\"widget\" data-widget_type=\"text-editor.default\">\n\t\t\t\t<div class=\"elementor-widget-container\">\n\t\t\t<style>\/*! elementor - v3.7.4 - 31-08-2022 *\/\n.elementor-widget-text-editor.elementor-drop-cap-view-stacked .elementor-drop-cap{background-color:#818a91;color:#fff}.elementor-widget-text-editor.elementor-drop-cap-view-framed .elementor-drop-cap{color:#818a91;border:3px solid;background-color:transparent}.elementor-widget-text-editor:not(.elementor-drop-cap-view-default) .elementor-drop-cap{margin-top:8px}.elementor-widget-text-editor:not(.elementor-drop-cap-view-default) .elementor-drop-cap-letter{width:1em;height:1em}.elementor-widget-text-editor .elementor-drop-cap{float:left;text-align:center;line-height:1;font-size:50px}.elementor-widget-text-editor .elementor-drop-cap-letter{display:inline-block}<\/style>\t\t\t\t<p>Rikonstruksioni i gjirit, pra riparimi i gjirit, \u00ebsht\u00eb nj\u00eb procedur\u00eb q\u00eb kryhet me synimin p\u00ebr t\u00eb rikthyer form\u00ebn e gjoksit tuaj. rind\u00ebrtimi i gjirit; P\u00ebr t\u00eb parandaluar dhe trajtuar kancerin e gjirit quhet heqja e gjinjve dhe m\u00eb pas rind\u00ebrtimi i indit t\u00eb gjirit me inde t\u00eb ngjashme. Shumica e procedurave t\u00eb rind\u00ebrtimit t\u00eb gjirit t\u00eb kryera duke p\u00ebrdorur indet e trupit tuaj kryhen gjat\u00eb operacionit p\u00ebr heqjen e gjirit. Megjithat\u00eb, nj\u00eb operacion i dyt\u00eb mund t\u00eb kryhet p\u00ebr pozicionimin korrekt t\u00eb gjirit, pamjen natyrale dhe rind\u00ebrtimin e thithkave. Rind\u00ebrtimi i gjirit \u00ebsht\u00eb nj\u00eb operacion jasht\u00ebzakonisht i v\u00ebshtir\u00eb dhe kompleks. Sidomos n\u00ebse aplikimi do t\u00eb b\u00ebhet pas kancerit, do t\u00eb ishte korrekte t\u00eb vler\u00ebsohej s\u00eb bashku me nj\u00eb ekip specialist\u00ebsh t\u00eb formuar nga mjek\u00eb t\u00eb kirurgjis\u00eb s\u00eb p\u00ebrgjithshme dhe kirurgjis\u00eb plastike p\u00ebr vendimin m\u00eb t\u00eb sakt\u00eb dhe nj\u00eb rezultat t\u00eb mir\u00eb. Opsionet e trajtimit t\u00eb rind\u00ebrtimit t\u00eb gjirit ndahen n\u00eb dy. E para \u00ebsht\u00eb procedura q\u00eb duhet t\u00eb kryhet nga indet e vet\u00eb pacientit dhe e dyta jan\u00eb procedurat q\u00eb duhet t\u00eb kryhen me protez\u00eb. K\u00ebtu, metoda q\u00eb do t\u00eb p\u00ebrdoret p\u00ebrcaktohet nga vendimi i p\u00ebrbashk\u00ebt i kirurgut dhe pacientit.<\/p><p><strong>Cila \u00ebsht\u00eb koh\u00ebzgjatja e operacionit t\u00eb rind\u00ebrtimit t\u00eb gjirit dhe diapazoni i duhur i mosh\u00ebs?<\/strong><\/p><p>Koh\u00ebzgjatja e operacionit t\u00eb rind\u00ebrtimit t\u00eb gjirit varion nga 1 deri n\u00eb 5 or\u00eb. Ky ndryshim ndryshon n\u00eb var\u00ebsi t\u00eb teknik\u00ebs s\u00eb aplikuar. Nuk ka nj\u00eb gam\u00eb t\u00eb p\u00ebrshtatshme moshe p\u00ebr operacion. Me fjal\u00eb t\u00eb tjera, kushdo q\u00eb ka nevoj\u00eb p\u00ebr k\u00ebt\u00eb operacion mund t\u00eb aplikohet n\u00eb \u00e7do mosh\u00eb. Koh\u00ebzgjatja e q\u00ebndrimit n\u00eb spital gjithashtu ndryshon sipas q\u00ebllimit t\u00eb operacionit. N\u00ebse do t\u00eb ket\u00eb nj\u00eb operacion t\u00eb thjesht\u00eb t\u00eb vendosjes s\u00eb protez\u00ebs, kjo mund t\u00eb b\u00ebhet \u00e7do dit\u00eb. Megjithat\u00eb, n\u00ebse operacioni \u00ebsht\u00eb m\u00eb i gjer\u00eb, koh\u00ebzgjatja mund t\u00eb zgjas\u00eb deri n\u00eb nj\u00eb jav\u00eb.<\/p><p><strong>A jam un\u00eb nj\u00eb kandidat i mir\u00eb p\u00ebr rind\u00ebrtimin e gjirit?<\/strong><\/p><p>Rikonstruksioni i gjirit \u00ebsht\u00eb nj\u00eb metod\u00eb q\u00eb mund t\u00eb aplikohet p\u00ebr t\u00eb gjith\u00eb pacient\u00ebt t\u00eb cil\u00ebve u hiqet gjoksi. Megjithat\u00eb, n\u00eb procesin e heqjes s\u00eb gjirit p\u00ebr shkak t\u00eb kancerit, indi i kancerit duhet t\u00eb humbas\u00eb plot\u00ebsisht. Rind\u00ebrtimi i gjirit do t\u00eb ishte m\u00eb i p\u00ebrshtatsh\u00ebm p\u00ebr k\u00ebta pacient\u00eb. Si p\u00ebrpara t\u00eb gjitha operacioneve kirurgjikale, ka gj\u00ebra q\u00eb duhen marr\u00eb parasysh n\u00eb kirurgjin\u00eb e rind\u00ebrtimit t\u00eb gjirit. Duhet t\u00eb b\u00ebhen analizat e nevojshme, t&#8217;i kushtohet v\u00ebmendje pirjes s\u00eb duhanit, t\u00eb ngr\u00ebnit dhe t\u00eb pirit, si dhe t\u00eb raportohen te mjeku barnat e p\u00ebrdorura rregullisht.<\/p><p><strong>Si kryhet operacioni i rind\u00ebrtimit t\u00eb gjirit?<\/strong><\/p><p>Ekzistojn\u00eb dy metoda t\u00eb ndryshme q\u00eb p\u00ebrgjith\u00ebsisht preferohen n\u00eb operacionet e rind\u00ebrtimit t\u00eb gjirit. N\u00eb metod\u00ebn e par\u00eb; P\u00ebrdoret nj\u00eb protez\u00eb q\u00eb p\u00ebrmban xhel, kripur ose nj\u00eb p\u00ebrzierje t\u00eb t\u00eb dyjave. Metoda tjet\u00ebr p\u00ebrfshin rind\u00ebrtimin e form\u00ebs s\u00eb gjoksit duke p\u00ebrdorur inde t\u00eb buta t\u00eb marra nga vet\u00eb pacienti.<\/p><p><strong>Ka shum\u00eb vite q\u00eb nuk e kam hequr gjoksin me operacion. A mund t\u00eb b\u00ebj ende nj\u00eb operacion p\u00ebr rind\u00ebrtimin e gjoksit?<\/strong><\/p><p>Po, sigurisht q\u00eb mund t\u00eb b\u00ebni nj\u00eb operacion p\u00ebr rind\u00ebrtimin e gjoksit. Ky operacion \u00ebsht\u00eb nj\u00eb operacion q\u00eb mund t\u00eb kryhet gjat\u00eb gjith\u00eb jet\u00ebs s\u00eb nj\u00eb t\u00eb rrituri t\u00eb sh\u00ebndetsh\u00ebm. P\u00ebrve\u00e7 k\u00ebsaj, n\u00ebse \u00ebsht\u00eb i p\u00ebrshtatsh\u00ebm p\u00ebr kirurgji t\u00eb p\u00ebrgjithshme, rind\u00ebrtimi i gjirit mund t\u00eb kryhet edhe n\u00eb momentin e heqjes s\u00eb gjirit.<\/p><p><strong>A mund t\u00eb sh\u00ebrohem menj\u00ebher\u00eb pas operacionit t\u00eb rind\u00ebrtimit t\u00eb gjirit?<\/strong><\/p><p>N\u00eb var\u00ebsi t\u00eb teknik\u00ebs s\u00eb p\u00ebrdorur n\u00eb kirurgjin\u00eb e rind\u00ebrtimit t\u00eb gjirit, procesi i sh\u00ebrimit do t\u00eb ndryshoj\u00eb gjithashtu. Periudha e rikuperimit pas operacionit zakonisht shihet nga kat\u00ebr deri n\u00eb gjasht\u00eb jav\u00eb. N\u00eb kirurgjin\u00eb e rind\u00ebrtimit t\u00eb gjirit, n\u00ebse pacienti rikonstruktohet me indet e tij, procesi i sh\u00ebrimit do t\u00eb jet\u00eb m\u00eb i gjat\u00eb se riparimi me protez\u00eb. Do t\u00eb keni dhimbje p\u00ebr disa dit\u00eb pas operacionit dhe kjo \u00ebsht\u00eb krejt\u00ebsisht normale.<\/p>\t\t\t\t\t\t<\/div>\n\t\t\t\t<\/div>\n\t\t\t\t\t<\/div>\n\t\t<\/div>\n\t\t\t\t\t\t\t<\/div>\n\t\t<\/section>\n\t\t\t\t\t\t\t<\/div>\n\t\t","protected":false},"excerpt":{"rendered":"<p>Merrni Informacion Tani Rind\u00ebrtimi i Gjirit Rikonstruksioni i gjirit, pra riparimi i gjirit, \u00ebsht\u00eb nj\u00eb procedur\u00eb q\u00eb kryhet me synimin p\u00ebr t\u00eb rikthyer form\u00ebn e gjoksit tuaj. rind\u00ebrtimi i gjirit; P\u00ebr t\u00eb parandaluar dhe trajtuar kancerin e gjirit quhet heqja e gjinjve dhe m\u00eb pas rind\u00ebrtimi i indit t\u00eb gjirit me inde t\u00eb ngjashme. Shumica [&hellip;]<\/p>\n","protected":false},"author":1,"featured_media":0,"parent":0,"menu_order":0,"comment_status":"closed","ping_status":"closed","template":"","meta":{"footnotes":""},"class_list":["post-796","page","type-page","status-publish","hentry"],"_links":{"self":[{"href":"https:\/\/alperince.com\/al\/wp-json\/wp\/v2\/pages\/796","targetHints":{"allow":["GET"]}}],"collection":[{"href":"https:\/\/alperince.com\/al\/wp-json\/wp\/v2\/pages"}],"about":[{"href":"https:\/\/alperince.com\/al\/wp-json\/wp\/v2\/types\/page"}],"author":[{"embeddable":true,"href":"https:\/\/alperince.com\/al\/wp-json\/wp\/v2\/users\/1"}],"replies":[{"embeddable":true,"href":"https:\/\/alperince.com\/al\/wp-json\/wp\/v2\/comments?post=796"}],"version-history":[{"count":21,"href":"https:\/\/alperince.com\/al\/wp-json\/wp\/v2\/pages\/796\/revisions"}],"predecessor-version":[{"id":1950,"href":"https:\/\/alperince.com\/al\/wp-json\/wp\/v2\/pages\/796\/revisions\/1950"}],"wp:attachment":[{"href":"https:\/\/alperince.com\/al\/wp-json\/wp\/v2\/media?parent=796"}],"curies":[{"name":"wp","href":"https:\/\/api.w.org\/{rel}","templated":true}]}}