{"id":812,"date":"2022-09-17T11:28:57","date_gmt":"2022-09-17T08:28:57","guid":{"rendered":"https:\/\/alperince.com\/al\/?page_id=812"},"modified":"2022-11-10T13:00:59","modified_gmt":"2022-11-10T10:00:59","slug":"liposuction","status":"publish","type":"page","link":"https:\/\/alperince.com\/al\/liposuction","title":{"rendered":"Liposuction"},"content":{"rendered":"\t\t<div data-elementor-type=\"wp-page\" data-elementor-id=\"812\" class=\"elementor elementor-812\">\n\t\t\t\t\t\t\t\t\t<section class=\"elementor-section elementor-top-section elementor-element elementor-element-100bd8a5 elementor-section-boxed elementor-section-height-default elementor-section-height-default\" data-id=\"100bd8a5\" data-element_type=\"section\">\n\t\t\t\t\t\t<div class=\"elementor-container elementor-column-gap-default\">\n\t\t\t\t\t<div class=\"lqd-css-sticky-column elementor-column elementor-col-50 elementor-top-column elementor-element elementor-element-7c256b6\" style=\"--lqd-sticky-offset:30px\" data-id=\"7c256b6\" data-element_type=\"column\">\n\t\t\t<div class=\"elementor-widget-wrap elementor-element-populated\">\n\t\t\t\t\t\t\t\t<section class=\"elementor-section elementor-inner-section elementor-element elementor-element-8f042f5 elementor-section-boxed elementor-section-height-default elementor-section-height-default\" data-id=\"8f042f5\" data-element_type=\"section\">\n\t\t\t\t\t\t<div class=\"elementor-container elementor-column-gap-default\">\n\t\t\t\t\t<div class=\"elementor-column elementor-col-100 elementor-inner-column elementor-element elementor-element-3f2afb9\" data-id=\"3f2afb9\" data-element_type=\"column\" data-settings=\"{&quot;background_background&quot;:&quot;classic&quot;}\">\n\t\t\t<div class=\"elementor-widget-wrap elementor-element-populated\">\n\t\t\t\t\t\t\t\t<div class=\"elementor-element elementor-element-f911149 elementor-widget elementor-widget-hub_fancy_heading\" data-id=\"f911149\" data-element_type=\"widget\" data-widget_type=\"hub_fancy_heading.default\">\n\t\t\t\t<div class=\"elementor-widget-container\">\n\t\t\t\n\t\t<div id=\"ld-fancy-heading-69dff07f160ab\" class=\"ld-fancy-heading pos-rel\">\n\t\t\t<h2 class=\"ld-fh-element d-inline-block pos-rel  elementor-heading-title lqd-highlight-classic lqd-highlight-grow-left h2\"  > Merrni Informacion Tani<\/h2>\t\t<\/div>\n\n\t\t\t\t<\/div>\n\t\t\t\t<\/div>\n\t\t\t\t<div class=\"elementor-element elementor-element-8bfafa9 elementor-widget elementor-widget-ld_cf722\" data-id=\"8bfafa9\" data-element_type=\"widget\" data-widget_type=\"ld_cf722.default\">\n\t\t\t\t<div class=\"elementor-widget-container\">\n\t\t\t\n\t<div class=\"lqd-contact-form lqd-contact-form-inputs-filled lqd-contact-form-inputs-round lqd-contact-form-button-block lqd-contact-form-button-round\" >\n\t\t<div role=\"form\" class=\"wpcf7\" id=\"wpcf7-f6-o1\" lang=\"tr-TR\" dir=\"ltr\">\n<div class=\"screen-reader-response\"><p role=\"status\" aria-live=\"polite\" aria-atomic=\"true\"><\/p> <ul><\/ul><\/div>\n<form action=\"\/al\/wp-json\/wp\/v2\/pages\/812#wpcf7-f6-o1\" method=\"post\" class=\"wpcf7-form init\" novalidate=\"novalidate\" data-status=\"init\">\n<div style=\"display: none;\">\n<input type=\"hidden\" name=\"_wpcf7\" value=\"6\" \/>\n<input type=\"hidden\" name=\"_wpcf7_version\" value=\"5.6.3\" \/>\n<input type=\"hidden\" name=\"_wpcf7_locale\" value=\"tr_TR\" \/>\n<input type=\"hidden\" name=\"_wpcf7_unit_tag\" value=\"wpcf7-f6-o1\" \/>\n<input type=\"hidden\" name=\"_wpcf7_container_post\" value=\"0\" \/>\n<input type=\"hidden\" name=\"_wpcf7_posted_data_hash\" value=\"\" \/>\n<\/div>\n<p><span class=\"wpcf7-form-control-wrap\" data-name=\"adi\"><input type=\"text\" name=\"adi\" value=\"\" size=\"40\" class=\"wpcf7-form-control wpcf7-text wpcf7-validates-as-required\" aria-required=\"true\" aria-invalid=\"false\" placeholder=\"Emri\" \/><\/span><br \/>\n<span class=\"wpcf7-form-control-wrap\" data-name=\"telefon\"><input type=\"text\" name=\"telefon\" value=\"\" size=\"40\" class=\"wpcf7-form-control wpcf7-text wpcf7-validates-as-required\" aria-required=\"true\" aria-invalid=\"false\" placeholder=\"Numri i Telefonit\" \/><\/span><br \/>\n<span class=\"wpcf7-form-control-wrap\" data-name=\"mesaj\"><textarea name=\"mesaj\" cols=\"40\" rows=\"3\" class=\"wpcf7-form-control wpcf7-textarea\" aria-invalid=\"false\" placeholder=\"Mesazh\"><\/textarea><\/span><br \/>\n<input type=\"submit\" value=\"Paraqisni Formularin\" class=\"wpcf7-form-control has-spinner wpcf7-submit\" \/><\/p>\n<div class=\"wpcf7-response-output\" aria-hidden=\"true\"><\/div><\/form><\/div>\t<\/div>\n\n\t\t\t<\/div>\n\t\t\t\t<\/div>\n\t\t\t\t\t<\/div>\n\t\t<\/div>\n\t\t\t\t\t\t\t<\/div>\n\t\t<\/section>\n\t\t\t\t\t<\/div>\n\t\t<\/div>\n\t\t\t\t<div class=\"elementor-column elementor-col-50 elementor-top-column elementor-element elementor-element-231f3078\" data-id=\"231f3078\" data-element_type=\"column\">\n\t\t\t<div class=\"elementor-widget-wrap elementor-element-populated\">\n\t\t\t\t\t\t\t\t<div class=\"elementor-element elementor-element-cc9606b elementor-widget elementor-widget-image\" data-id=\"cc9606b\" data-element_type=\"widget\" data-widget_type=\"image.default\">\n\t\t\t\t<div class=\"elementor-widget-container\">\n\t\t\t<style>\/*! elementor - v3.7.4 - 31-08-2022 *\/\n.elementor-widget-image{text-align:center}.elementor-widget-image a{display:inline-block}.elementor-widget-image a img[src$=\".svg\"]{width:48px}.elementor-widget-image img{vertical-align:middle;display:inline-block}<\/style>\t\t\t\t\t\t\t\t\t\t\t\t<img decoding=\"async\" width=\"930\" height=\"550\" src=\"https:\/\/alperince.com\/al\/wp-content\/uploads\/2022\/09\/liposuction-header.jpg\" class=\"elementor-animation-float attachment-full size-full\" alt=\"\" srcset=\"https:\/\/alperince.com\/al\/wp-content\/uploads\/2022\/09\/liposuction-header.jpg 930w, https:\/\/alperince.com\/al\/wp-content\/uploads\/2022\/09\/liposuction-header-300x177.jpg 300w, https:\/\/alperince.com\/al\/wp-content\/uploads\/2022\/09\/liposuction-header-600x355.jpg 600w\" sizes=\"(max-width: 930px) 100vw, 930px\" \/>\t\t\t\t\t\t\t\t\t\t\t\t\t\t\t<\/div>\n\t\t\t\t<\/div>\n\t\t\t\t<div class=\"elementor-element elementor-element-c153a33 elementor-widget elementor-widget-spacer\" data-id=\"c153a33\" data-element_type=\"widget\" data-widget_type=\"spacer.default\">\n\t\t\t\t<div class=\"elementor-widget-container\">\n\t\t\t<style>\/*! elementor - v3.7.4 - 31-08-2022 *\/\n.elementor-column .elementor-spacer-inner{height:var(--spacer-size)}.e-container{--container-widget-width:100%}.e-container>.elementor-widget-spacer{width:var(--container-widget-width,var(--spacer-size));-ms-flex-item-align:stretch;align-self:stretch;-ms-flex-negative:0;flex-shrink:0}.e-container>.elementor-widget-spacer>.elementor-widget-container,.e-container>.elementor-widget-spacer>.elementor-widget-container>.elementor-spacer{height:100%}.e-container>.elementor-widget-spacer>.elementor-widget-container>.elementor-spacer>.elementor-spacer-inner{height:var(--container-widget-height,var(--spacer-size))}<\/style>\t\t<div class=\"elementor-spacer\">\n\t\t\t<div class=\"elementor-spacer-inner\"><\/div>\n\t\t<\/div>\n\t\t\t\t<\/div>\n\t\t\t\t<\/div>\n\t\t\t\t<div class=\"elementor-element elementor-element-527f0d1f elementor-widget elementor-widget-hub_fancy_heading\" data-id=\"527f0d1f\" data-element_type=\"widget\" data-widget_type=\"hub_fancy_heading.default\">\n\t\t\t\t<div class=\"elementor-widget-container\">\n\t\t\t\n\t\t<div id=\"ld-fancy-heading-69dff07f1be04\" class=\"ld-fancy-heading pos-rel\">\n\t\t\t<h2 class=\"ld-fh-element d-inline-block pos-rel  elementor-heading-title lqd-highlight-classic lqd-highlight-grow-left h2\"  > Liposuction<\/h2>\t\t<\/div>\n\n\t\t\t\t<\/div>\n\t\t\t\t<\/div>\n\t\t\t\t<div class=\"elementor-element elementor-element-7eef461 elementor-widget elementor-widget-text-editor\" data-id=\"7eef461\" data-element_type=\"widget\" data-widget_type=\"text-editor.default\">\n\t\t\t\t<div class=\"elementor-widget-container\">\n\t\t\t<style>\/*! elementor - v3.7.4 - 31-08-2022 *\/\n.elementor-widget-text-editor.elementor-drop-cap-view-stacked .elementor-drop-cap{background-color:#818a91;color:#fff}.elementor-widget-text-editor.elementor-drop-cap-view-framed .elementor-drop-cap{color:#818a91;border:3px solid;background-color:transparent}.elementor-widget-text-editor:not(.elementor-drop-cap-view-default) .elementor-drop-cap{margin-top:8px}.elementor-widget-text-editor:not(.elementor-drop-cap-view-default) .elementor-drop-cap-letter{width:1em;height:1em}.elementor-widget-text-editor .elementor-drop-cap{float:left;text-align:center;line-height:1;font-size:50px}.elementor-widget-text-editor .elementor-drop-cap-letter{display:inline-block}<\/style>\t\t\t\t<p>Metoda e thithjes s\u00eb yndyr\u00ebs s\u00eb tep\u00ebrt n\u00ebn l\u00ebkur\u00eb me ndihm\u00ebn e kanulave speciale, vakumit ose injektor\u00ebve t\u00eb p\u00ebrgatitur posa\u00e7\u00ebrisht quhet liposuction. Liposuction \u00ebsht\u00eb nj\u00eb procedur\u00eb kirurgjikale q\u00eb ndihmon n\u00eb rregullimin e shp\u00ebrndarjes s\u00eb pabalancuar t\u00eb yndyr\u00ebs n\u00eb trupin ton\u00eb. Q\u00ebllimi i k\u00ebtij operacioni nuk \u00ebsht\u00eb t\u00eb humbni pesh\u00eb, por t\u00eb hiqni yndyr\u00ebn kok\u00ebfort\u00eb t\u00eb cil\u00ebs nuk mund t&#8217;i p\u00ebrgjigjeni pavar\u00ebsisht t\u00eb gjitha dietave dhe ushtrimeve. Fal\u00eb liposuksionit, trupi juaj do t\u00eb form\u00ebsohet gjithashtu. Koh\u00ebzgjatja e operacionit t\u00eb liposuksionit varion nga 15-20 minuta deri n\u00eb 1-2 or\u00eb, dhe kjo koh\u00eb varion n\u00eb var\u00ebsi t\u00eb problemit. Liposuksioni m\u00eb s\u00eb shumti jep rezultatet m\u00eb t\u00eb mira te personat me pesh\u00eb normale ose pak mbi pesh\u00ebn normale, por q\u00eb shqet\u00ebsohen nga pamja e keqe e yndyr\u00ebs rajonale. P\u00ebr arsye hormonale dhe gjenetike, yndyra ruhet n\u00eb rajone t\u00eb ndryshme tek meshkujt dhe femrat. Shihet rreth barkut, ijeve dhe kofsh\u00ebve tek femrat dhe rreth barkut tek meshkujt. Mendohet se k\u00ebto zona do t\u00eb reduktohen nga humbja e pesh\u00ebs duke ushtruar dhe mbajtur diet\u00eb. Megjithat\u00eb, nuk ka ndonj\u00eb ndryshim t\u00eb r\u00ebnd\u00ebsish\u00ebm n\u00eb k\u00ebto rajone me ndihm\u00ebn e st\u00ebrvitjes dhe diet\u00ebs. M\u00ebnyra e vetme p\u00ebr t\u00eb hequr qafe dhjamin n\u00eb k\u00ebto zona \u00ebsht\u00eb operacioni me liposuksion. Liposuction aplikohet jo vet\u00ebm n\u00eb zon\u00ebn e barkut, belit dhe ijeve, por edhe n\u00eb dhjamin rreth qaf\u00ebs, mjekr\u00ebs, gjoksit, krah\u00ebve, k\u00ebmb\u00ebve dhe gjunj\u00ebve.<\/p><p><strong>A mund t\u00eb b\u00ebj\u00eb dikush Liposuction?<\/strong><\/p><p>Kandidat\u00ebt m\u00eb t\u00eb mir\u00eb p\u00ebr liposuksion jan\u00eb njer\u00ebzit q\u00eb kan\u00eb pritshm\u00ebri realiste dhe mund t\u00eb mendojn\u00eb sh\u00ebndetsh\u00ebm dhe jan\u00eb t\u00eb k\u00ebnaqur me rezultatet e liposuksionit. P\u00ebr operacionin me liposuksion, personat duhet t\u00eb jen\u00eb mbi 18 vje\u00e7. Arsyeja p\u00ebr k\u00ebt\u00eb \u00ebsht\u00eb kufiri i mosh\u00ebs p\u00ebr arsye ligjore. Kirurg\u00ebt tan\u00eb do t&#8217;ju ofrojn\u00eb ndihm\u00ebn e nevojshme n\u00eb k\u00ebt\u00eb drejtim. Me pak fjal\u00eb, kushdo q\u00eb nuk mund t\u00eb heq\u00eb qafe ushqimin e sh\u00ebndetsh\u00ebm, diet\u00ebn dhe programet e st\u00ebrvitjes rregullisht dhe nuk ka probleme sh\u00ebndet\u00ebsore, mund t\u00eb b\u00ebj\u00eb liposuksion.<\/p><p><strong>A ka ndonj\u00eb rrezik n\u00eb liposuksion?<\/strong><\/p><p>Liposuksioni \u00ebsht\u00eb nj\u00eb operacion shum\u00eb i sigurt dhe nuk ka ndonj\u00eb rrezik apo komplikacion serioz. Ka rreziqe t\u00eb tilla si d\u00ebmtimi i nervave, infeksioni, gjakderdhja, ul\u00e7era e l\u00ebkur\u00ebs q\u00eb mund t\u00eb shihen vet\u00ebm n\u00eb \u00e7do procedur\u00eb kirurgjikale. Por probabiliteti i shfaqjes s\u00eb tyre \u00ebsht\u00eb shum\u00eb i ul\u00ebt.<\/p><p><strong>A do t\u00eb ndjej dhimbje pas liposuksionit?<\/strong><\/p><p>Para operacionit t\u00eb liposuksionit kryhen anestezi lokale dhe infiltrim. N\u00eb k\u00ebt\u00eb m\u00ebnyr\u00eb, probabiliteti p\u00ebr t\u00eb ndjer\u00eb dhimbje \u00ebsht\u00eb shum\u00eb i ul\u00ebt n\u00eb krahasim me operacionet e tjera. Edhe n\u00ebse ndjeni nj\u00eb dhimbje t\u00eb leht\u00eb pas operacionit, kjo dhimbje mund t\u00eb kontrollohet menj\u00ebher\u00eb me ndihm\u00ebn e qet\u00ebsuesve t\u00eb p\u00ebrditsh\u00ebm.<\/p><p><strong>Sa yndyr\u00eb mund t\u00eb heq me liposuksion?<\/strong><\/p><p>Sasia e heqjes s\u00eb yndyr\u00ebs me liposuksion p\u00ebrcaktohet nga ashp\u00ebrsia e problemit, mosha dhe gjendja sh\u00ebndet\u00ebsore e personit. Ndonj\u00ebher\u00eb edhe 300 deri n\u00eb 500 gram yndyr\u00eb t\u00eb marr\u00eb me liposuksion jep rezultate efektive, nd\u00ebrsa disa njer\u00ebz duhet t\u00eb marrin deri n\u00eb 12 litra. Mesatarisht, vaji q\u00eb do t\u00eb merret duhet t\u00eb jet\u00eb midis 5 dhe 10 litra. 2-3 litra yndyr\u00eb mund t\u00eb merren nga barku, 4 litra nga ijet dhe 3 litra nga beli. Ky l\u00ebng, t\u00eb cilin personi e humbet gjat\u00eb marrjes s\u00eb yndyr\u00ebs, duhet t\u00eb jepet n\u00eb m\u00ebnyr\u00eb intravenoze.<\/p><p><strong>Sa shpejt do t\u00eb sh\u00ebrohem nga liposuksioni?<\/strong><\/p><p>Kirurgjia e liposukcionit nuk \u00ebsht\u00eb nj\u00eb operacion q\u00eb ndikon shum\u00eb n\u00eb jet\u00ebn tuaj t\u00eb p\u00ebrditshme. Pasi t\u00eb keni pushuar 1 dit\u00eb n\u00eb spital, duhet t\u00eb vishni korsen\u00eb q\u00eb ju \u00ebsht\u00eb dh\u00ebn\u00eb. Ju duhet ta p\u00ebrdorni k\u00ebt\u00eb korse rregullisht p\u00ebr rreth nj\u00eb muaj. Meqen\u00ebse korsen\u00eb do ta p\u00ebrdorni rregullisht p\u00ebr nj\u00eb muaj, mund t\u00eb themi se periudha juaj e rikuperimit \u00ebsht\u00eb nj\u00eb muaj. Pas k\u00ebtij procesi, ju leht\u00eb mund t\u00eb vazhdoni jet\u00ebn tuaj normale. Duke qen\u00eb se n\u00eb operacionin e liposuksionit do t\u00eb b\u00ebhen prerje shum\u00eb t\u00eb vogla, nuk do t\u00eb ndjeni asnj\u00eb dhimbje. K\u00ebto prerje sh\u00ebrohen plot\u00ebsisht ose shfaqen si nj\u00eb pik\u00eb e zbeht\u00eb, k\u00ebshtu q\u00eb nuk ka asnj\u00eb mbres\u00eb n\u00eb trupin tuaj pas operacionit.<\/p>\t\t\t\t\t\t<\/div>\n\t\t\t\t<\/div>\n\t\t\t\t\t<\/div>\n\t\t<\/div>\n\t\t\t\t\t\t\t<\/div>\n\t\t<\/section>\n\t\t\t\t\t\t\t<\/div>\n\t\t","protected":false},"excerpt":{"rendered":"<p>Merrni Informacion Tani Liposuction Metoda e thithjes s\u00eb yndyr\u00ebs s\u00eb tep\u00ebrt n\u00ebn l\u00ebkur\u00eb me ndihm\u00ebn e kanulave speciale, vakumit ose injektor\u00ebve t\u00eb p\u00ebrgatitur posa\u00e7\u00ebrisht quhet liposuction. Liposuction \u00ebsht\u00eb nj\u00eb procedur\u00eb kirurgjikale q\u00eb ndihmon n\u00eb rregullimin e shp\u00ebrndarjes s\u00eb pabalancuar t\u00eb yndyr\u00ebs n\u00eb trupin ton\u00eb. Q\u00ebllimi i k\u00ebtij operacioni nuk \u00ebsht\u00eb t\u00eb humbni pesh\u00eb, por t\u00eb [&hellip;]<\/p>\n","protected":false},"author":1,"featured_media":0,"parent":0,"menu_order":0,"comment_status":"closed","ping_status":"closed","template":"","meta":{"footnotes":""},"class_list":["post-812","page","type-page","status-publish","hentry"],"_links":{"self":[{"href":"https:\/\/alperince.com\/al\/wp-json\/wp\/v2\/pages\/812","targetHints":{"allow":["GET"]}}],"collection":[{"href":"https:\/\/alperince.com\/al\/wp-json\/wp\/v2\/pages"}],"about":[{"href":"https:\/\/alperince.com\/al\/wp-json\/wp\/v2\/types\/page"}],"author":[{"embeddable":true,"href":"https:\/\/alperince.com\/al\/wp-json\/wp\/v2\/users\/1"}],"replies":[{"embeddable":true,"href":"https:\/\/alperince.com\/al\/wp-json\/wp\/v2\/comments?post=812"}],"version-history":[{"count":24,"href":"https:\/\/alperince.com\/al\/wp-json\/wp\/v2\/pages\/812\/revisions"}],"predecessor-version":[{"id":1962,"href":"https:\/\/alperince.com\/al\/wp-json\/wp\/v2\/pages\/812\/revisions\/1962"}],"wp:attachment":[{"href":"https:\/\/alperince.com\/al\/wp-json\/wp\/v2\/media?parent=812"}],"curies":[{"name":"wp","href":"https:\/\/api.w.org\/{rel}","templated":true}]}}