{"id":817,"date":"2022-09-17T11:32:23","date_gmt":"2022-09-17T08:32:23","guid":{"rendered":"https:\/\/alperince.com\/al\/?page_id=817"},"modified":"2022-11-10T13:02:11","modified_gmt":"2022-11-10T10:02:11","slug":"tummy-tuck","status":"publish","type":"page","link":"https:\/\/alperince.com\/al\/tummy-tuck","title":{"rendered":"Tummy Tuck"},"content":{"rendered":"\t\t<div data-elementor-type=\"wp-page\" data-elementor-id=\"817\" class=\"elementor elementor-817\">\n\t\t\t\t\t\t\t\t\t<section class=\"elementor-section elementor-top-section elementor-element elementor-element-100bd8a5 elementor-section-boxed elementor-section-height-default elementor-section-height-default\" data-id=\"100bd8a5\" data-element_type=\"section\">\n\t\t\t\t\t\t<div class=\"elementor-container elementor-column-gap-default\">\n\t\t\t\t\t<div class=\"lqd-css-sticky-column elementor-column elementor-col-50 elementor-top-column elementor-element elementor-element-fa72d63\" style=\"--lqd-sticky-offset:30px\" data-id=\"fa72d63\" data-element_type=\"column\">\n\t\t\t<div class=\"elementor-widget-wrap elementor-element-populated\">\n\t\t\t\t\t\t\t\t<section class=\"elementor-section elementor-inner-section elementor-element elementor-element-97703bd elementor-section-boxed elementor-section-height-default elementor-section-height-default\" data-id=\"97703bd\" data-element_type=\"section\">\n\t\t\t\t\t\t<div class=\"elementor-container elementor-column-gap-default\">\n\t\t\t\t\t<div class=\"elementor-column elementor-col-100 elementor-inner-column elementor-element elementor-element-685b4a0\" data-id=\"685b4a0\" data-element_type=\"column\" data-settings=\"{&quot;background_background&quot;:&quot;classic&quot;}\">\n\t\t\t<div class=\"elementor-widget-wrap elementor-element-populated\">\n\t\t\t\t\t\t\t\t<div class=\"elementor-element elementor-element-f26c401 elementor-widget elementor-widget-hub_fancy_heading\" data-id=\"f26c401\" data-element_type=\"widget\" data-widget_type=\"hub_fancy_heading.default\">\n\t\t\t\t<div class=\"elementor-widget-container\">\n\t\t\t\n\t\t<div id=\"ld-fancy-heading-69dff07f1b3ec\" class=\"ld-fancy-heading pos-rel\">\n\t\t\t<h2 class=\"ld-fh-element d-inline-block pos-rel  elementor-heading-title lqd-highlight-classic lqd-highlight-grow-left h2\"  > Merrni Informacion Tani<\/h2>\t\t<\/div>\n\n\t\t\t\t<\/div>\n\t\t\t\t<\/div>\n\t\t\t\t<div class=\"elementor-element elementor-element-64f89df elementor-widget elementor-widget-ld_cf722\" data-id=\"64f89df\" data-element_type=\"widget\" data-widget_type=\"ld_cf722.default\">\n\t\t\t\t<div class=\"elementor-widget-container\">\n\t\t\t\n\t<div class=\"lqd-contact-form lqd-contact-form-inputs-filled lqd-contact-form-inputs-round lqd-contact-form-button-block lqd-contact-form-button-round\" >\n\t\t<div role=\"form\" class=\"wpcf7\" id=\"wpcf7-f6-o1\" lang=\"tr-TR\" dir=\"ltr\">\n<div class=\"screen-reader-response\"><p role=\"status\" aria-live=\"polite\" aria-atomic=\"true\"><\/p> <ul><\/ul><\/div>\n<form action=\"\/al\/wp-json\/wp\/v2\/pages\/817#wpcf7-f6-o1\" method=\"post\" class=\"wpcf7-form init\" novalidate=\"novalidate\" data-status=\"init\">\n<div style=\"display: none;\">\n<input type=\"hidden\" name=\"_wpcf7\" value=\"6\" \/>\n<input type=\"hidden\" name=\"_wpcf7_version\" value=\"5.6.3\" \/>\n<input type=\"hidden\" name=\"_wpcf7_locale\" value=\"tr_TR\" \/>\n<input type=\"hidden\" name=\"_wpcf7_unit_tag\" value=\"wpcf7-f6-o1\" \/>\n<input type=\"hidden\" name=\"_wpcf7_container_post\" value=\"0\" \/>\n<input type=\"hidden\" name=\"_wpcf7_posted_data_hash\" value=\"\" \/>\n<\/div>\n<p><span class=\"wpcf7-form-control-wrap\" data-name=\"adi\"><input type=\"text\" name=\"adi\" value=\"\" size=\"40\" class=\"wpcf7-form-control wpcf7-text wpcf7-validates-as-required\" aria-required=\"true\" aria-invalid=\"false\" placeholder=\"Emri\" \/><\/span><br \/>\n<span class=\"wpcf7-form-control-wrap\" data-name=\"telefon\"><input type=\"text\" name=\"telefon\" value=\"\" size=\"40\" class=\"wpcf7-form-control wpcf7-text wpcf7-validates-as-required\" aria-required=\"true\" aria-invalid=\"false\" placeholder=\"Numri i Telefonit\" \/><\/span><br \/>\n<span class=\"wpcf7-form-control-wrap\" data-name=\"mesaj\"><textarea name=\"mesaj\" cols=\"40\" rows=\"3\" class=\"wpcf7-form-control wpcf7-textarea\" aria-invalid=\"false\" placeholder=\"Mesazh\"><\/textarea><\/span><br \/>\n<input type=\"submit\" value=\"Paraqisni Formularin\" class=\"wpcf7-form-control has-spinner wpcf7-submit\" \/><\/p>\n<div class=\"wpcf7-response-output\" aria-hidden=\"true\"><\/div><\/form><\/div>\t<\/div>\n\n\t\t\t<\/div>\n\t\t\t\t<\/div>\n\t\t\t\t\t<\/div>\n\t\t<\/div>\n\t\t\t\t\t\t\t<\/div>\n\t\t<\/section>\n\t\t\t\t\t<\/div>\n\t\t<\/div>\n\t\t\t\t<div class=\"elementor-column elementor-col-50 elementor-top-column elementor-element elementor-element-231f3078\" data-id=\"231f3078\" data-element_type=\"column\">\n\t\t\t<div class=\"elementor-widget-wrap elementor-element-populated\">\n\t\t\t\t\t\t\t\t<div class=\"elementor-element elementor-element-cc9606b elementor-widget elementor-widget-image\" data-id=\"cc9606b\" data-element_type=\"widget\" data-widget_type=\"image.default\">\n\t\t\t\t<div class=\"elementor-widget-container\">\n\t\t\t<style>\/*! elementor - v3.7.4 - 31-08-2022 *\/\n.elementor-widget-image{text-align:center}.elementor-widget-image a{display:inline-block}.elementor-widget-image a img[src$=\".svg\"]{width:48px}.elementor-widget-image img{vertical-align:middle;display:inline-block}<\/style>\t\t\t\t\t\t\t\t\t\t\t\t<img decoding=\"async\" width=\"930\" height=\"550\" src=\"https:\/\/alperince.com\/al\/wp-content\/uploads\/2022\/09\/karin-germe-header.jpg\" class=\"elementor-animation-float attachment-full size-full\" alt=\"\" srcset=\"https:\/\/alperince.com\/al\/wp-content\/uploads\/2022\/09\/karin-germe-header.jpg 930w, https:\/\/alperince.com\/al\/wp-content\/uploads\/2022\/09\/karin-germe-header-300x177.jpg 300w, https:\/\/alperince.com\/al\/wp-content\/uploads\/2022\/09\/karin-germe-header-600x355.jpg 600w\" sizes=\"(max-width: 930px) 100vw, 930px\" \/>\t\t\t\t\t\t\t\t\t\t\t\t\t\t\t<\/div>\n\t\t\t\t<\/div>\n\t\t\t\t<div class=\"elementor-element elementor-element-c153a33 elementor-widget elementor-widget-spacer\" data-id=\"c153a33\" data-element_type=\"widget\" data-widget_type=\"spacer.default\">\n\t\t\t\t<div class=\"elementor-widget-container\">\n\t\t\t<style>\/*! elementor - v3.7.4 - 31-08-2022 *\/\n.elementor-column .elementor-spacer-inner{height:var(--spacer-size)}.e-container{--container-widget-width:100%}.e-container>.elementor-widget-spacer{width:var(--container-widget-width,var(--spacer-size));-ms-flex-item-align:stretch;align-self:stretch;-ms-flex-negative:0;flex-shrink:0}.e-container>.elementor-widget-spacer>.elementor-widget-container,.e-container>.elementor-widget-spacer>.elementor-widget-container>.elementor-spacer{height:100%}.e-container>.elementor-widget-spacer>.elementor-widget-container>.elementor-spacer>.elementor-spacer-inner{height:var(--container-widget-height,var(--spacer-size))}<\/style>\t\t<div class=\"elementor-spacer\">\n\t\t\t<div class=\"elementor-spacer-inner\"><\/div>\n\t\t<\/div>\n\t\t\t\t<\/div>\n\t\t\t\t<\/div>\n\t\t\t\t<div class=\"elementor-element elementor-element-527f0d1f elementor-widget elementor-widget-hub_fancy_heading\" data-id=\"527f0d1f\" data-element_type=\"widget\" data-widget_type=\"hub_fancy_heading.default\">\n\t\t\t\t<div class=\"elementor-widget-container\">\n\t\t\t\n\t\t<div id=\"ld-fancy-heading-69dff07f265fe\" class=\"ld-fancy-heading pos-rel\">\n\t\t\t<h2 class=\"ld-fh-element d-inline-block pos-rel  elementor-heading-title lqd-highlight-classic lqd-highlight-grow-left h2\"  > Tummy Tuck<\/h2>\t\t<\/div>\n\n\t\t\t\t<\/div>\n\t\t\t\t<\/div>\n\t\t\t\t<div class=\"elementor-element elementor-element-7eef461 elementor-widget elementor-widget-text-editor\" data-id=\"7eef461\" data-element_type=\"widget\" data-widget_type=\"text-editor.default\">\n\t\t\t\t<div class=\"elementor-widget-container\">\n\t\t\t<style>\/*! elementor - v3.7.4 - 31-08-2022 *\/\n.elementor-widget-text-editor.elementor-drop-cap-view-stacked .elementor-drop-cap{background-color:#818a91;color:#fff}.elementor-widget-text-editor.elementor-drop-cap-view-framed .elementor-drop-cap{color:#818a91;border:3px solid;background-color:transparent}.elementor-widget-text-editor:not(.elementor-drop-cap-view-default) .elementor-drop-cap{margin-top:8px}.elementor-widget-text-editor:not(.elementor-drop-cap-view-default) .elementor-drop-cap-letter{width:1em;height:1em}.elementor-widget-text-editor .elementor-drop-cap{float:left;text-align:center;line-height:1;font-size:50px}.elementor-widget-text-editor .elementor-drop-cap-letter{display:inline-block}<\/style>\t\t\t\tAbdominoplastika \u00ebsht\u00eb operacioni m\u00eb i mir\u00eb plastik i trupit kur keni l\u00ebkur\u00eb dhe yndyr\u00eb t\u00eb tep\u00ebrt n\u00eb bark. Nj\u00eb bark zbut, shtr\u00ebngon dhe formon barkun tuaj, duke ju rikthyer fizikun, besimin dhe t\u00ebrheqjen fizike.\n\nYndyra n\u00eb bark \u2013 t\u00eb gjith\u00eb e urrejm\u00eb! Jo vet\u00ebm q\u00eb na b\u00ebn t\u00eb ndihemi jo t\u00ebrheq\u00ebs, por gjithashtu mund t\u00eb jet\u00eb nj\u00eb nga yndyrat m\u00eb kok\u00ebforta n\u00eb trupin tuaj. P\u00ebr shum\u00eb prej nesh, edhe pas or\u00ebve n\u00eb palest\u00ebr dhe muajsh p\u00ebrpunimi t\u00eb kujdessh\u00ebm n\u00eb kuzhin\u00eb, ajo mund t\u00eb refuzoj\u00eb t\u00eb arrij\u00eb pamjen q\u00eb duam.\n\nP\u00ebr fat t\u00eb mir\u00eb, ka procedura t\u00eb kirurgjis\u00eb plastike si palosje barku p\u00ebr t\u00eb hequr qafe at\u00eb yndyr\u00eb. Abdominoplastika, e njohur zakonisht si barku, \u00ebsht\u00eb procedura m\u00eb e mir\u00eb kur keni yndyr\u00eb t\u00eb tep\u00ebrt si dhe l\u00ebkur\u00eb. \u00cbsht\u00eb nj\u00eb procedur\u00eb popullore e preferuar ve\u00e7an\u00ebrisht p\u00ebr grat\u00eb q\u00eb duan t\u00eb rikthehet trupi i tyre para shtatz\u00ebnis\u00eb.\n\nRikthen trupin q\u00eb keni pasur para shtatz\u00ebnis\u00eb. Kjo ju lejon t\u00eb vishni rroba q\u00eb ju b\u00ebjn\u00eb t\u00eb ndiheni v\u00ebrtet\u00eb fem\u00ebrore. T\u00eb b\u00ebn t\u00eb ndihesh mir\u00eb n\u00eb pasqyr\u00eb. \u00cbsht\u00eb nj\u00eb hap i mir\u00eb p\u00ebr t&#8217;u rikthyer n\u00eb trupin e rinis\u00eb suaj.\n\n<strong>Ngritja e barkut pa kullim<\/strong>\n\nM\u00eb pak dhimbje, m\u00eb pak shqet\u00ebsim dhe sh\u00ebrim m\u00eb i shpejt\u00eb!\n\nDrenat postoperative zakonisht vendosen p\u00ebr t\u00eb parandaluar akumulimin e l\u00ebngjeve midis shtresave t\u00eb indeve pas operacionit t\u00eb barkut. Edhe pse t\u00eb nevojshme p\u00ebr nj\u00eb koh\u00eb t\u00eb gjat\u00eb, kullimet jan\u00eb t\u00eb sikletshme, t\u00eb \u00e7rregullta dhe jopraktike p\u00ebr pacient\u00ebt disa jav\u00eb pas procedur\u00ebs. Tani pacient\u00ebt mund t\u00eb p\u00ebrjetojn\u00eb sh\u00ebrim pa drenazhim fal\u00eb p\u00ebrdorimit t\u00eb qepjeve me tension progresiv.\n\nTeknika e fundit e qepjes me tension progresiv p\u00ebrdor qepje shp\u00ebrb\u00ebr\u00ebse p\u00ebr t\u00eb mbyllur hendekun midis muskujve dhe fascis\u00eb, duke reduktuar serom\u00ebn dhe shqet\u00ebsimet e tjera t\u00eb grumbullimit t\u00eb l\u00ebngjeve pas operacionit. Studimet kan\u00eb treguar se pacient\u00ebt me sutura me tension progresiv kan\u00eb nj\u00eb rrezik t\u00eb reduktuar t\u00eb serom\u00ebs postoperative pas abdominoplastik\u00ebs. Ne p\u00ebrdorim nj\u00eb teknik\u00eb q\u00eb eliminon hap\u00ebsir\u00ebn midis murit t\u00eb barkut dhe mbulon yndyr\u00ebn dhe l\u00ebkur\u00ebn kur \u00ebsht\u00eb e mundur. Pa zbraz\u00ebti do t\u00eb thot\u00eb se nuk ka vend ku l\u00ebngu t\u00eb mblidhet dhe p\u00ebr k\u00ebt\u00eb arsye nuk ka nevoj\u00eb p\u00ebr kullim.\n\nNd\u00ebrsa jo t\u00eb gjith\u00eb pacient\u00ebt jan\u00eb kandidat\u00eb ideal\u00eb p\u00ebr k\u00ebt\u00eb teknik\u00eb, rikuperimi \u00ebsht\u00eb m\u00eb i leht\u00eb p\u00ebr ata q\u00eb mund t\u00eb b\u00ebjn\u00eb operacion n\u00eb m\u00ebnyr\u00eb t\u00eb sigurt dhe efektive pa drenazhe.\n\n<strong>\u00c7far\u00eb mund t\u00eb b\u00ebj\u00eb p\u00ebr mua estetika e barkut?<\/strong>\n\nNj\u00eb shtr\u00ebngim barku mund t&#8217;i jap\u00eb barkut dhe belit tuaj nj\u00eb kontur m\u00eb t\u00eb fort\u00eb dhe m\u00eb t\u00eb ri. Mund t\u00eb uleni pa &#8216;rrudhat e barkut&#8217; t\u00eb bezdissh\u00ebm dhe rrobat tuaja do t&#8217;ju duken m\u00eb mir\u00eb. Zgjedhja juaj e veshjeve do t\u00eb zgjerohet. Ajo gjithashtu rrit besimin tuaj.\n\n<strong>Konsultim p\u00ebr shtrirjen e barkut<\/strong>\n\nAbdominoplastika \u00ebsht\u00eb nj\u00eb vendim i r\u00ebnd\u00ebsish\u00ebm q\u00eb nuk duhet marr\u00eb leht\u00eb. Kur t\u00eb mb\u00ebrrini, do t&#8217;ju b\u00ebhet nj\u00eb ekzaminim fizik gjith\u00ebp\u00ebrfshir\u00ebs dhe do t\u00eb takoheni personalisht me mua.\n\nNe do t&#8217;ju flasim p\u00ebr vendimin tuaj p\u00ebr nj\u00eb palosje barku, rezultatin q\u00eb d\u00ebshironi dhe nj\u00eb rezultat t\u00eb arsyesh\u00ebm me llojin tuaj unik t\u00eb trupit. Un\u00eb do t&#8217;ju tregoj nuancat e barkut, \u00e7far\u00eb t\u00eb prisni p\u00ebrpara operacionit dhe procesin tuaj t\u00eb rikuperimit gjat\u00eb dhe pas operacionit. Un\u00eb do t&#8217;ju p\u00ebrgjigjem t\u00eb gjitha pyetjeve tuaja dhe do t\u00eb adresoj shqet\u00ebsimet tuaja.\n\n<strong>A jeni nj\u00eb kandidat i p\u00ebrshtatsh\u00ebm p\u00ebr bark?<\/strong>\n\nJu duhet ta b\u00ebni operacionin n\u00ebse e d\u00ebshironi personalisht, jo sepse e d\u00ebshiron dikush tjet\u00ebr.\n\nJu mund t\u00eb konsideroni kirurgjin\u00eb e barkut n\u00ebse:\n<ul>\n <li>N\u00ebse nuk keni probleme sh\u00ebndet\u00ebsore dhe jeni fizikisht t\u00eb sh\u00ebndetsh\u00ebm,<\/li>\n <li>N\u00ebse keni pritshm\u00ebri realiste,<\/li>\n <li>N\u00ebse nuk pi duhan ose synon ta l\u00eb,<\/li>\n <li>N\u00ebse nuk ndjeheni rehat me l\u00ebkur\u00ebn e tep\u00ebrt dhe yndyr\u00ebn kok\u00ebfort\u00eb n\u00eb bark,<\/li>\n <li>N\u00ebse jeni t\u00eb frustruar me gjetjen e rrobave p\u00ebr t\u00eb veshur p\u00ebr shkak t\u00eb yndyr\u00ebs s\u00eb fort\u00eb dhe l\u00ebkur\u00ebs s\u00eb tep\u00ebrt n\u00eb bark.<\/li>\n<\/ul>\n<strong>\u00c7far\u00eb mund t\u00eb pres gjat\u00eb abdominoplastik\u00ebs?<\/strong>\n\nJu duhet t\u00eb shmangni holluesit e gjakut si aspirina, ibuprofeni dhe Tylenol p\u00ebr dy jav\u00eb para dhe dy jav\u00eb pas barkut. Nj\u00eb EKG shtes\u00eb mund t\u00eb jet\u00eb e nevojshme p\u00ebr pacient\u00ebt mbi 50 vje\u00e7.\n\nGjat\u00eb operacionit tuaj, yndyra dhe l\u00ebkura e tep\u00ebrt hiqen nga pjesa e sip\u00ebrme e butonit t\u00eb barkut deri n\u00eb zon\u00ebn e ijeve. Prerja zakonisht shtrihet nga nj\u00eb kock\u00eb e kofsh\u00ebs n\u00eb tjetr\u00ebn, por vendoset posht\u00eb. Liposuction kryhet p\u00ebrgjat\u00eb gjith\u00eb zon\u00ebs s\u00eb barkut, ijeve dhe ijeve p\u00ebr t\u00eb hequr indin dhjamor t\u00eb tep\u00ebrt.\n\nMuskujt ripozicionohen p\u00ebr t\u00eb arritur nj\u00eb bark t\u00eb shesht\u00eb dhe t\u00eb fort\u00eb me p\u00ebrmir\u00ebsim dramatik n\u00eb bel dhe q\u00ebndrim. Ky proces gjithashtu lejon q\u00eb muskujt e ndar\u00eb t\u00eb barkut t\u00eb bashkohen p\u00ebrs\u00ebri. Plasaritjet ndonj\u00ebher\u00eb mund t\u00eb hiqen ose zvog\u00eblohen gjat\u00eb k\u00ebsaj procedure.\n\nP\u00ebr ata q\u00eb kan\u00eb vet\u00ebm yndyr\u00eb n\u00eb bark dhe pa l\u00ebkur\u00eb t\u00eb tep\u00ebrt, vet\u00ebm liposucioni i barkut mund t\u00eb jet\u00eb i mjaftuesh\u00ebm. Gjat\u00eb intervist\u00ebs suaj, ne do t&#8217;ju k\u00ebshillojm\u00eb se cila procedur\u00eb do t&#8217;ju sjell\u00eb rezultatet e duhura.\n\n<strong>\u00c7far\u00eb \u00ebsht\u00eb Abdominoplastika me rrjet\u00eb?<\/strong>\n\nN\u00eb raste t\u00eb rralla, rrjet\u00eb vendoset gjat\u00eb nj\u00eb barku p\u00ebr t\u00eb forcuar muskujt e stomakut. Tregohet vet\u00ebm p\u00ebr ata q\u00eb kan\u00eb nj\u00eb d\u00ebmtim serioz ose defekt n\u00eb muskujt e tyre t\u00eb barkut, dob\u00ebsi t\u00eb konsiderueshme n\u00eb murin e muskujve t\u00eb barkut, p\u00ebrjetojn\u00eb ndarje t\u00eb p\u00ebrs\u00ebritur t\u00eb muskujve t\u00eb barkut ose kan\u00eb nevoj\u00eb p\u00ebr nj\u00eb riparim t\u00eb madh hernie gjat\u00eb procedur\u00ebs s\u00eb tyre.\n<h5>Sa koh\u00eb \u00ebsht\u00eb e p\u00ebrhershme abdominoplastika?<\/h5>\nRezultatet jan\u00eb t\u00eb gjata. Sigurisht, \u00ebsht\u00eb e mundur t\u00eb rritet n\u00eb indin dhjamor rajonal, por ju mund t\u00eb ndihmoni n\u00eb ruajtjen e konturit tuaj m\u00eb t\u00eb holl\u00eb me masa parandaluese si ushqimi i sh\u00ebndetsh\u00ebm dhe ushtrimet e rregullta.\n\n<strong>Cilat jan\u00eb proceset e sh\u00ebrimit t\u00eb barkut?<\/strong>\n\nKoha e rikuperimit nga abdominoplastika ndryshon nga pacienti n\u00eb pacient. Disa ndihen mjaft mir\u00eb q\u00eb t\u00eb kthehen n\u00eb pun\u00eb brenda nj\u00eb jave, nd\u00ebrsa t\u00eb tjer\u00ebve u duhen tre ose m\u00eb shum\u00eb jav\u00eb. Ne mund t&#8217;ju japim nj\u00eb vler\u00ebsim t\u00eb gjendjes tuaj dhe shtrirjes s\u00eb operacionit tuaj, si dhe koh\u00ebn tuaj t\u00eb rikuperimit.\n\nN\u00eb dit\u00ebt e para presim dhimbje dhe edem\u00eb. Megjithat\u00eb, ne do t\u00eb p\u00ebrshkruajm\u00eb ila\u00e7e kund\u00ebr dhimbjeve p\u00ebr t&#8217;ju mbajtur rehat gjat\u00eb rikuperimit.\n\nQ\u00ebndrimi drejt do t\u00eb jet\u00eb nj\u00eb problem n\u00eb fillim, por duhet t\u00eb filloni t\u00eb ecni sa m\u00eb shpejt q\u00eb t\u00eb jet\u00eb e mundur p\u00ebr t\u00eb parandaluar mpiksjen e gjakut.\n\nNd\u00ebrkoh\u00eb q\u00eb mund t\u00eb ndiheni t\u00eb tunduar p\u00ebr t\u00eb rifilluar aktivitetin e fuqish\u00ebm pas barkut, ju lutemi mbani mend se sapo keni b\u00ebr\u00eb nj\u00eb operacion t\u00eb madh dhe trupit tuaj do t&#8217;i duhet koh\u00eb p\u00ebr t&#8217;u sh\u00ebruar. Sigurohuni q\u00eb t\u00eb ndiqni me kujdes udh\u00ebzimet sh\u00ebruese q\u00eb ju d\u00ebrgojm\u00eb.\n\nNe do t\u00eb monitorojm\u00eb p\u00ebrparimin tuaj pas operacionit tuaj dhe do t&#8217;ju japim udh\u00ebzime t\u00eb detajuara pas operacionit p\u00ebr ta b\u00ebr\u00eb sh\u00ebrimin tuaj sa m\u00eb t\u00eb leht\u00eb.\n\n<strong>Zgjedhja e nj\u00eb kirurgu plastik t\u00eb mir\u00eb p\u00ebr abdominoplastik\u00ebn tuaj<\/strong>\n\nNj\u00eb kirurg plastik i suksessh\u00ebm \u00ebsht\u00eb jetik p\u00ebr rezultatin q\u00eb d\u00ebshironi nga nj\u00eb procedur\u00eb barku. Kirurgu juaj duhet t\u00eb ket\u00eb kredencialet dhe kualifikimet e duhura. Certifikimi i bordit, edukimi dhe pacient\u00ebt e k\u00ebnaqur jan\u00eb thelb\u00ebsore n\u00eb zgjedhjen e kandidatit t\u00eb duhur.\t\t\t\t\t\t<\/div>\n\t\t\t\t<\/div>\n\t\t\t\t\t<\/div>\n\t\t<\/div>\n\t\t\t\t\t\t\t<\/div>\n\t\t<\/section>\n\t\t\t\t\t\t\t<\/div>\n\t\t","protected":false},"excerpt":{"rendered":"<p>Merrni Informacion Tani Tummy Tuck Abdominoplastika \u00ebsht\u00eb operacioni m\u00eb i mir\u00eb plastik i trupit kur keni l\u00ebkur\u00eb dhe yndyr\u00eb t\u00eb tep\u00ebrt n\u00eb bark. Nj\u00eb bark zbut, shtr\u00ebngon dhe formon barkun tuaj, duke ju rikthyer fizikun, besimin dhe t\u00ebrheqjen fizike. Yndyra n\u00eb bark \u2013 t\u00eb gjith\u00eb e urrejm\u00eb! Jo vet\u00ebm q\u00eb na b\u00ebn t\u00eb ndihemi jo [&hellip;]<\/p>\n","protected":false},"author":1,"featured_media":0,"parent":0,"menu_order":0,"comment_status":"closed","ping_status":"closed","template":"","meta":{"footnotes":""},"class_list":["post-817","page","type-page","status-publish","hentry"],"_links":{"self":[{"href":"https:\/\/alperince.com\/al\/wp-json\/wp\/v2\/pages\/817","targetHints":{"allow":["GET"]}}],"collection":[{"href":"https:\/\/alperince.com\/al\/wp-json\/wp\/v2\/pages"}],"about":[{"href":"https:\/\/alperince.com\/al\/wp-json\/wp\/v2\/types\/page"}],"author":[{"embeddable":true,"href":"https:\/\/alperince.com\/al\/wp-json\/wp\/v2\/users\/1"}],"replies":[{"embeddable":true,"href":"https:\/\/alperince.com\/al\/wp-json\/wp\/v2\/comments?post=817"}],"version-history":[{"count":24,"href":"https:\/\/alperince.com\/al\/wp-json\/wp\/v2\/pages\/817\/revisions"}],"predecessor-version":[{"id":1969,"href":"https:\/\/alperince.com\/al\/wp-json\/wp\/v2\/pages\/817\/revisions\/1969"}],"wp:attachment":[{"href":"https:\/\/alperince.com\/al\/wp-json\/wp\/v2\/media?parent=817"}],"curies":[{"name":"wp","href":"https:\/\/api.w.org\/{rel}","templated":true}]}}