{"id":828,"date":"2022-09-17T11:34:17","date_gmt":"2022-09-17T08:34:17","guid":{"rendered":"https:\/\/alperince.com\/al\/?page_id=828"},"modified":"2022-11-10T13:01:29","modified_gmt":"2022-11-10T10:01:29","slug":"ngritja-e-prapanices-bbl","status":"publish","type":"page","link":"https:\/\/alperince.com\/al\/ngritja-e-prapanices-bbl","title":{"rendered":"Ngritja e Prapanic\u00ebs (BBL)"},"content":{"rendered":"\t\t<div data-elementor-type=\"wp-page\" data-elementor-id=\"828\" class=\"elementor elementor-828\">\n\t\t\t\t\t\t\t\t\t<section class=\"elementor-section elementor-top-section elementor-element elementor-element-100bd8a5 elementor-section-boxed elementor-section-height-default elementor-section-height-default\" data-id=\"100bd8a5\" data-element_type=\"section\">\n\t\t\t\t\t\t<div class=\"elementor-container elementor-column-gap-default\">\n\t\t\t\t\t<div class=\"lqd-css-sticky-column elementor-column elementor-col-50 elementor-top-column elementor-element elementor-element-23456d4\" style=\"--lqd-sticky-offset:30px\" data-id=\"23456d4\" data-element_type=\"column\">\n\t\t\t<div class=\"elementor-widget-wrap elementor-element-populated\">\n\t\t\t\t\t\t\t\t<section class=\"elementor-section elementor-inner-section elementor-element elementor-element-40a5804 elementor-section-boxed elementor-section-height-default elementor-section-height-default\" data-id=\"40a5804\" data-element_type=\"section\">\n\t\t\t\t\t\t<div class=\"elementor-container elementor-column-gap-default\">\n\t\t\t\t\t<div class=\"elementor-column elementor-col-100 elementor-inner-column elementor-element elementor-element-961d83e\" data-id=\"961d83e\" data-element_type=\"column\" data-settings=\"{&quot;background_background&quot;:&quot;classic&quot;}\">\n\t\t\t<div class=\"elementor-widget-wrap elementor-element-populated\">\n\t\t\t\t\t\t\t\t<div class=\"elementor-element elementor-element-7a40fb5 elementor-widget elementor-widget-hub_fancy_heading\" data-id=\"7a40fb5\" data-element_type=\"widget\" data-widget_type=\"hub_fancy_heading.default\">\n\t\t\t\t<div class=\"elementor-widget-container\">\n\t\t\t\n\t\t<div id=\"ld-fancy-heading-69dfec61a60de\" class=\"ld-fancy-heading pos-rel\">\n\t\t\t<h2 class=\"ld-fh-element d-inline-block pos-rel  elementor-heading-title lqd-highlight-classic lqd-highlight-grow-left h2\"  > Get Information Now<\/h2>\t\t<\/div>\n\n\t\t\t\t<\/div>\n\t\t\t\t<\/div>\n\t\t\t\t<div class=\"elementor-element elementor-element-1d97fde elementor-widget elementor-widget-ld_cf722\" data-id=\"1d97fde\" data-element_type=\"widget\" data-widget_type=\"ld_cf722.default\">\n\t\t\t\t<div class=\"elementor-widget-container\">\n\t\t\t\n\t<div class=\"lqd-contact-form lqd-contact-form-inputs-filled lqd-contact-form-inputs-round lqd-contact-form-button-block lqd-contact-form-button-round\" >\n\t\t<div role=\"form\" class=\"wpcf7\" id=\"wpcf7-f6-o1\" lang=\"tr-TR\" dir=\"ltr\">\n<div class=\"screen-reader-response\"><p role=\"status\" aria-live=\"polite\" aria-atomic=\"true\"><\/p> <ul><\/ul><\/div>\n<form action=\"\/al\/wp-json\/wp\/v2\/pages\/828#wpcf7-f6-o1\" method=\"post\" class=\"wpcf7-form init\" novalidate=\"novalidate\" data-status=\"init\">\n<div style=\"display: none;\">\n<input type=\"hidden\" name=\"_wpcf7\" value=\"6\" \/>\n<input type=\"hidden\" name=\"_wpcf7_version\" value=\"5.6.3\" \/>\n<input type=\"hidden\" name=\"_wpcf7_locale\" value=\"tr_TR\" \/>\n<input type=\"hidden\" name=\"_wpcf7_unit_tag\" value=\"wpcf7-f6-o1\" \/>\n<input type=\"hidden\" name=\"_wpcf7_container_post\" value=\"0\" \/>\n<input type=\"hidden\" name=\"_wpcf7_posted_data_hash\" value=\"\" \/>\n<\/div>\n<p><span class=\"wpcf7-form-control-wrap\" data-name=\"adi\"><input type=\"text\" name=\"adi\" value=\"\" size=\"40\" class=\"wpcf7-form-control wpcf7-text wpcf7-validates-as-required\" aria-required=\"true\" aria-invalid=\"false\" placeholder=\"Emri\" \/><\/span><br \/>\n<span class=\"wpcf7-form-control-wrap\" data-name=\"telefon\"><input type=\"text\" name=\"telefon\" value=\"\" size=\"40\" class=\"wpcf7-form-control wpcf7-text wpcf7-validates-as-required\" aria-required=\"true\" aria-invalid=\"false\" placeholder=\"Numri i Telefonit\" \/><\/span><br \/>\n<span class=\"wpcf7-form-control-wrap\" data-name=\"mesaj\"><textarea name=\"mesaj\" cols=\"40\" rows=\"3\" class=\"wpcf7-form-control wpcf7-textarea\" aria-invalid=\"false\" placeholder=\"Mesazh\"><\/textarea><\/span><br \/>\n<input type=\"submit\" value=\"Paraqisni Formularin\" class=\"wpcf7-form-control has-spinner wpcf7-submit\" \/><\/p>\n<div class=\"wpcf7-response-output\" aria-hidden=\"true\"><\/div><\/form><\/div>\t<\/div>\n\n\t\t\t<\/div>\n\t\t\t\t<\/div>\n\t\t\t\t\t<\/div>\n\t\t<\/div>\n\t\t\t\t\t\t\t<\/div>\n\t\t<\/section>\n\t\t\t\t\t<\/div>\n\t\t<\/div>\n\t\t\t\t<div class=\"elementor-column elementor-col-50 elementor-top-column elementor-element elementor-element-231f3078\" data-id=\"231f3078\" data-element_type=\"column\">\n\t\t\t<div class=\"elementor-widget-wrap elementor-element-populated\">\n\t\t\t\t\t\t\t\t<div class=\"elementor-element elementor-element-cc9606b elementor-widget elementor-widget-image\" data-id=\"cc9606b\" data-element_type=\"widget\" data-widget_type=\"image.default\">\n\t\t\t\t<div class=\"elementor-widget-container\">\n\t\t\t<style>\/*! elementor - v3.7.4 - 31-08-2022 *\/\n.elementor-widget-image{text-align:center}.elementor-widget-image a{display:inline-block}.elementor-widget-image a img[src$=\".svg\"]{width:48px}.elementor-widget-image img{vertical-align:middle;display:inline-block}<\/style>\t\t\t\t\t\t\t\t\t\t\t\t<img decoding=\"async\" width=\"930\" height=\"550\" src=\"https:\/\/alperince.com\/al\/wp-content\/uploads\/2022\/09\/popo-kaldirma-header.jpg\" class=\"elementor-animation-float attachment-full size-full\" alt=\"\" srcset=\"https:\/\/alperince.com\/al\/wp-content\/uploads\/2022\/09\/popo-kaldirma-header.jpg 930w, https:\/\/alperince.com\/al\/wp-content\/uploads\/2022\/09\/popo-kaldirma-header-300x177.jpg 300w, https:\/\/alperince.com\/al\/wp-content\/uploads\/2022\/09\/popo-kaldirma-header-600x355.jpg 600w\" sizes=\"(max-width: 930px) 100vw, 930px\" \/>\t\t\t\t\t\t\t\t\t\t\t\t\t\t\t<\/div>\n\t\t\t\t<\/div>\n\t\t\t\t<div class=\"elementor-element elementor-element-c153a33 elementor-widget elementor-widget-spacer\" data-id=\"c153a33\" data-element_type=\"widget\" data-widget_type=\"spacer.default\">\n\t\t\t\t<div class=\"elementor-widget-container\">\n\t\t\t<style>\/*! elementor - v3.7.4 - 31-08-2022 *\/\n.elementor-column .elementor-spacer-inner{height:var(--spacer-size)}.e-container{--container-widget-width:100%}.e-container>.elementor-widget-spacer{width:var(--container-widget-width,var(--spacer-size));-ms-flex-item-align:stretch;align-self:stretch;-ms-flex-negative:0;flex-shrink:0}.e-container>.elementor-widget-spacer>.elementor-widget-container,.e-container>.elementor-widget-spacer>.elementor-widget-container>.elementor-spacer{height:100%}.e-container>.elementor-widget-spacer>.elementor-widget-container>.elementor-spacer>.elementor-spacer-inner{height:var(--container-widget-height,var(--spacer-size))}<\/style>\t\t<div class=\"elementor-spacer\">\n\t\t\t<div class=\"elementor-spacer-inner\"><\/div>\n\t\t<\/div>\n\t\t\t\t<\/div>\n\t\t\t\t<\/div>\n\t\t\t\t<div class=\"elementor-element elementor-element-527f0d1f elementor-widget elementor-widget-hub_fancy_heading\" data-id=\"527f0d1f\" data-element_type=\"widget\" data-widget_type=\"hub_fancy_heading.default\">\n\t\t\t\t<div class=\"elementor-widget-container\">\n\t\t\t\n\t\t<div id=\"ld-fancy-heading-69dfec61ac2a5\" class=\"ld-fancy-heading pos-rel\">\n\t\t\t<h2 class=\"ld-fh-element d-inline-block pos-rel  elementor-heading-title lqd-highlight-classic lqd-highlight-grow-left h2\"  > Ngritja e Prapanic\u00ebs (BBL)<\/h2>\t\t<\/div>\n\n\t\t\t\t<\/div>\n\t\t\t\t<\/div>\n\t\t\t\t<div class=\"elementor-element elementor-element-7eef461 elementor-widget elementor-widget-text-editor\" data-id=\"7eef461\" data-element_type=\"widget\" data-widget_type=\"text-editor.default\">\n\t\t\t\t<div class=\"elementor-widget-container\">\n\t\t\t<style>\/*! elementor - v3.7.4 - 31-08-2022 *\/\n.elementor-widget-text-editor.elementor-drop-cap-view-stacked .elementor-drop-cap{background-color:#818a91;color:#fff}.elementor-widget-text-editor.elementor-drop-cap-view-framed .elementor-drop-cap{color:#818a91;border:3px solid;background-color:transparent}.elementor-widget-text-editor:not(.elementor-drop-cap-view-default) .elementor-drop-cap{margin-top:8px}.elementor-widget-text-editor:not(.elementor-drop-cap-view-default) .elementor-drop-cap-letter{width:1em;height:1em}.elementor-widget-text-editor .elementor-drop-cap{float:left;text-align:center;line-height:1;font-size:50px}.elementor-widget-text-editor .elementor-drop-cap-letter{display:inline-block}<\/style>\t\t\t\t<p><strong>Ngritja dhe zmadhimi i vitheve<\/strong><\/p><p>Procedura e ngritjes s\u00eb prapanic\u00ebs braziliane ose e ngritjes s\u00eb t\u00eb pasmeve; \u00cbsht\u00eb nj\u00eb procedur\u00eb popullore e preferuar p\u00ebr p\u00ebrmir\u00ebsimin e kontureve fem\u00ebrore. Si implanti i hipit n\u00eb kirurgjin\u00eb e zmadhimit t\u00eb ijeve ashtu edhe grafti i yndyr\u00ebs gjat\u00eb operacionit t\u00eb ngritjes s\u00eb ijeve mund t&#8217;ju japin kthesat q\u00eb keni dashur gjithmon\u00eb.<\/p><p><strong>Ngritja braziliane e t\u00eb pasmeve<\/strong><\/p><p>Ngritja dhe zmadhimi i t\u00eb pasmeve braziliane \u00ebsht\u00eb nj\u00eb procedur\u00eb emocionuese q\u00eb mund t\u00eb ofroj\u00eb mb\u00ebshtetje t\u00eb madhe p\u00ebr shpin\u00ebn dhe kofsh\u00ebt an\u00ebsore. Llak\u00ebsia e indeve n\u00eb k\u00ebto zona korrigjohet duke hequr l\u00ebkur\u00ebn e lirshme, duke krijuar konturet e ngushta dhe me pamje rinore. Prerja p\u00ebrfundimtare e krijuar nga ky proces mbyllet me qepje delikate, t\u00eb tretshme q\u00eb l\u00ebn\u00eb mbres\u00eb m\u00eb t\u00eb holl\u00eb. Rezultatet e ngritjes dhe zmadhimit t\u00eb t\u00eb pasmeve tuaja jan\u00eb jasht\u00ebzakonisht t\u00eb k\u00ebnaqshme, ve\u00e7an\u00ebrisht p\u00ebr pacient\u00ebt q\u00eb jan\u00eb t\u00eb zhg\u00ebnjyer nga plakja, humbja e pesh\u00ebs ose mungesa e v\u00ebllimit natyral dhe varja e shpin\u00ebs p\u00ebr shkak t\u00eb shtr\u00ebngimit t\u00eb l\u00ebkur\u00ebs.<\/p><p><strong>Rritje autologe t\u00eb vitheve<\/strong><\/p><p>Zmadhimi i vitheve mund t\u00eb b\u00ebhet s\u00eb bashku me ngritjen e t\u00eb pasmeve p\u00ebr t\u00eb krijuar nj\u00eb pamje t\u00eb p\u00ebrmir\u00ebsuar. Kjo procedur\u00eb \u00ebsht\u00eb ve\u00e7an\u00ebrisht e dobishme p\u00ebr pacient\u00ebt t\u00eb cil\u00ebve u mungon v\u00ebllimi n\u00eb zon\u00ebn ose ku pjesa m\u00eb e madhe e v\u00ebllimit t\u00eb prapanic\u00ebs \u00ebsht\u00eb n\u00eb l\u00ebkur\u00eb dhe inde t\u00eb tep\u00ebrta q\u00eb duhen hequr. Ne ofrojm\u00eb dy lloje t\u00eb augmentimit: flap autolog dhe gluteoplastik\u00eb pastruese.<\/p><p>Prapa ngrihet n\u00eb nj\u00eb pozicion m\u00eb t\u00eb ri me nj\u00eb p\u00ebrplasje autologe dhe qepet n\u00eb vend. Gjat\u00eb nj\u00eb gluteoplastike, nj\u00eb qepje vendoset rreth \u00e7do jast\u00ebku t\u00eb prapanic\u00ebs dhe shtr\u00ebngohet p\u00ebr t\u00eb siguruar fryrjen e d\u00ebshiruar. Rezultati i t\u00eb dyja k\u00ebtyre procedurave \u00ebsht\u00eb nj\u00eb kontur i ngritur, m\u00eb natyral dhe rinore. Metoda q\u00eb \u00ebsht\u00eb e p\u00ebrshtatshme p\u00ebr ju do t\u00eb p\u00ebrcaktohet gjat\u00eb konsultimit.<\/p><p><strong>Ngritja braziliane e t\u00eb pasmeve<\/strong><\/p><p>Ngritja e t\u00eb pasmeve braziliane nuk \u00ebsht\u00eb vet\u00ebm p\u00ebr ata q\u00eb ndiejn\u00eb se ijet e tyre jan\u00eb t\u00eb sheshta ose t\u00eb shfryra. Shumica e atyre q\u00eb zgjedhin k\u00ebt\u00eb procedur\u00eb e d\u00ebshirojn\u00eb at\u00eb sepse indet e buta rreth prapanic\u00ebs dhe pjes\u00ebs s\u00eb jashtme t\u00eb kofsh\u00ebs jan\u00eb t\u00eb varura. Pas procedur\u00ebs, krijohet nj\u00eb kontur m\u00eb i ri n\u00eb proporcion me pjes\u00ebn tjet\u00ebr t\u00eb trupit.<\/p><p>Ne kryejm\u00eb estetik\u00eb braziliane t\u00eb vitheve duke p\u00ebrdorur indin dhjamor t\u00eb marr\u00eb nga trupi juaj. \u00cbsht\u00eb nj\u00eb m\u00ebnyr\u00eb e shk\u00eblqyer p\u00ebr t\u00eb skalitur nj\u00eb pjes\u00eb t\u00eb trupit nd\u00ebrsa forconi nj\u00eb tjet\u00ebr.<\/p><p>Teknikat q\u00eb ne p\u00ebrdorim jan\u00eb jasht\u00ebzakonisht t\u00eb besueshme dhe shpesh jan\u00eb aplikuar p\u00ebr t\u00eb ndihmuar pacient\u00ebt t\u00eb arrijn\u00eb q\u00ebllimet e tyre kozmetike t\u00eb trupit.<\/p><p>Gjat\u00eb ngritjes s\u00eb prapanic\u00ebs braziliane, prapanica ngrihet dhe shtr\u00ebngohet p\u00ebr t\u00eb arritur rezultatin e d\u00ebshiruar. Kjo procedur\u00eb siguron nj\u00eb shtrirje n\u00eb pozicion dhe nj\u00eb rritje t\u00eb v\u00ebllimit. Pacient\u00ebt mund t\u00eb p\u00ebrfitojn\u00eb nga konturet m\u00eb t\u00eb holla t\u00eb trupit n\u00eb zona t\u00eb tjera, nd\u00ebrsa shpina e tyre duket m\u00eb e ngusht\u00eb dhe m\u00eb e rrumbullak\u00ebt.<\/p><p><strong>Implanti i vitheve dhe rritja e vitheve<\/strong><\/p><p>Implanti i prapanic\u00ebs ju jep kthesat e guximshme q\u00eb keni dashur gjithmon\u00eb pa p\u00ebrdorur teknika liposuksioni. Pacient\u00ebt q\u00eb duan kthesa t\u00eb p\u00ebrmir\u00ebsuara ose thjesht mendojn\u00eb se prapanica e tyre \u00ebsht\u00eb shum\u00eb e shesht\u00eb, mund t\u00eb arrijn\u00eb form\u00ebn q\u00eb d\u00ebshirojn\u00eb me implante.<\/p><p>N\u00eb disa raste, teknika t\u00eb tilla si transferimi i yndyr\u00ebs ose shtimi autolog i vitheve mund t\u00eb jen\u00eb t\u00eb mjaftueshme. P\u00ebr t\u00eb tjer\u00ebt, implanti do t\u00eb jap\u00eb rezultatin q\u00eb ata d\u00ebshirojn\u00eb.<\/p><p>Implantet e prapanic\u00ebs mund t\u00eb rekomandohen p\u00ebr pacient\u00ebt q\u00eb nuk kan\u00eb yndyr\u00eb t\u00eb tep\u00ebrt p\u00ebr t&#8217;u hequr dhe p\u00ebr k\u00ebt\u00eb arsye nuk mund t\u00eb ri-injektohen.<\/p><p>Kur vendosim implantin e prapanic\u00ebs, ne gjithashtu heqim l\u00ebkur\u00ebn e lirshme nga prapanica dhe aplikojm\u00eb graftime yndyrore aq sa nevojitet p\u00ebr t\u00eb rrethuar m\u00eb tej prapanic\u00ebn dhe p\u00ebr t\u00eb siguruar q\u00eb implanti t\u00eb mos jet\u00eb i duksh\u00ebm p\u00ebrmes l\u00ebkur\u00ebs.<\/p><p><strong>Transferimi i yndyr\u00ebs p\u00ebr ngritjen e vitheve<\/strong><\/p><p>D\u00ebshironi t\u00eb pasmet tuaja t\u00eb jen\u00eb m\u00eb t\u00eb rrumbullak\u00ebta, m\u00eb t\u00eb plota apo m\u00eb t\u00eb drejta? Transferimi i yndyr\u00ebs \u00ebsht\u00eb nj\u00eb teknik\u00eb moderne q\u00eb ju lejon t\u00eb tkurni nj\u00eb pjes\u00eb t\u00eb trupit dhe t\u00eb p\u00ebrmir\u00ebsoni t\u00eb pasmet. Duke p\u00ebrdorur teknikat e liposuksionit, ne mund t\u00eb transferojm\u00eb indin dhjamor nga nj\u00eb zon\u00eb si barku, kofsh\u00ebt, krah\u00ebt ose vithet n\u00eb ijet p\u00ebr t&#8217;i b\u00ebr\u00eb ato m\u00eb t\u00eb rrumbullak\u00ebta dhe m\u00eb t\u00eb larta.<\/p><p>Ne gjithashtu mund t\u00eb p\u00ebrdorim transferimin e yndyr\u00ebs p\u00ebr nj\u00eb form\u00eb m\u00eb t\u00eb mir\u00eb, edhe n\u00ebse keni nevoj\u00eb p\u00ebr nj\u00eb implant p\u00ebr rezultatin q\u00eb d\u00ebshironi. Si rezultat, implanti nuk mund t\u00eb shihet p\u00ebrmes l\u00ebkur\u00ebs.<\/p><p>Ne p\u00ebrdorim nj\u00eb teknik\u00eb t\u00eb re t\u00eb shartimit t\u00eb yndyr\u00ebs q\u00eb shkakton m\u00eb pak nd\u00ebrprerje n\u00eb qelizat dhjamore q\u00eb rezultojn\u00eb. \u00c7far\u00eb do t\u00eb thot\u00eb kjo p\u00ebr ju? M\u00eb shum\u00eb yndyr\u00eb e injektuar do t\u00eb mbetet n\u00eb zon\u00eb, q\u00eb do t\u00eb thot\u00eb se m\u00eb pak yndyr\u00eb do t\u00eb p\u00ebrthithet nga trupi. Pasi yndyra t\u00eb p\u00ebrthithet, ndonj\u00ebher\u00eb shkakton nevoj\u00ebn p\u00ebr nj\u00eb procedur\u00eb t\u00eb dyt\u00eb injektimi. Teknika jon\u00eb na lejon gjithashtu t\u00eb kryejm\u00eb shartimin e yndyr\u00ebs p\u00ebr ju m\u00eb shpejt se n\u00eb t\u00eb kaluar\u00ebn me m\u00eb pak koh\u00eb joproduktive.<\/p><p>Pasi t\u00eb hiqen yndyrat, ato trajtohen dhe m\u00eb pas ri-injektohen n\u00eb vithe ku nevojitet v\u00ebllim shtes\u00eb.<\/p><p><strong>\u00c7far\u00eb mund t\u00eb pres gjat\u00eb nj\u00eb ngritjeje t\u00eb prapanic\u00ebs braziliane?<\/strong><\/p><p>Prerjet b\u00ebhen posht\u00eb rrudh\u00ebs s\u00eb ijeve, ku do t\u00eb mbeten t\u00eb fshehura. Vendoset nj\u00eb implant i but\u00eb silikoni q\u00eb ndihet i fort\u00eb, por natyral n\u00eb prekje.<\/p><p>Liposuksioni p\u00ebrdoret n\u00eb nj\u00eb zon\u00eb me yndyr\u00eb t\u00eb tep\u00ebrt, si barku, kofsh\u00ebt, an\u00ebt ose t\u00eb pasmet. Nj\u00eb tub i quajtur kanul\u00eb futet p\u00ebrmes nj\u00eb prerjeje t\u00eb vog\u00ebl dhe ngjitet n\u00eb nj\u00eb pajisje thith\u00ebse. Vaji nxirret dhe m\u00eb pas trajtohet n\u00eb nj\u00eb centrifug\u00eb. M\u00eb pas mund t\u00eb riinjektohet n\u00eb t\u00eb pasme p\u00ebr ta b\u00ebr\u00eb implantin t\u00eb paduksh\u00ebm dhe p\u00ebr t\u00eb form\u00ebsuar sa m\u00eb mir\u00eb ij\u00ebn.<\/p><p><strong>\u00c7far\u00eb mund t\u00eb pres kur t\u00eb marr nj\u00eb transplant dhjami p\u00ebr t\u00eb pasmet?<\/strong><\/p><p>N\u00eb pjes\u00ebn e liposuksionit t\u00eb procedur\u00ebs, b\u00ebhet nj\u00eb prerje n\u00eb pjes\u00ebn e trupit ku do t\u00eb hiqet dhjami dhe vendoset nj\u00eb tub i quajtur kanul\u00eb. Nj\u00eb pajisje e ngjashme me vakum \u00ebsht\u00eb ngjitur n\u00eb kanul\u00eb dhe sasia e duhur e yndyr\u00ebs hiqet me kujdes me an\u00eb t\u00eb thithjes.<\/p><p>Vaji m\u00eb pas p\u00ebrpunohet me kujdes. Indi dhjamor q\u00eb rezulton \u00ebsht\u00eb shum\u00eb i l\u00ebmuar, k\u00ebshtu q\u00eb do t\u00eb duket krejt\u00ebsisht natyral kur riinjektohet n\u00eb vithe duke p\u00ebrdorur nj\u00eb kanul\u00eb t\u00eb vog\u00ebl atraumatike.<\/p><p>Meqen\u00ebse p\u00ebrdoret indi juaj, nuk ka asnj\u00eb problem me harmonin\u00eb midis indeve. Kjo procedur\u00eb nuk k\u00ebrkon prerje t\u00eb gjata dhe prerjet mund t\u00eb mbyllen me qepje delikate tret\u00ebse q\u00eb l\u00ebn\u00eb shenjat m\u00eb t\u00eb mira.<\/p><h5>Sa i p\u00ebrhersh\u00ebm \u00ebsht\u00eb transferimi i yndyr\u00ebs p\u00ebr t\u00eb pasmet?<\/h5><p>Teknikat tona parandalojn\u00eb p\u00ebrthithjen e yndyr\u00ebs s\u00eb injektuar, por nj\u00eb sasi e vog\u00ebl mund t\u00eb absorbohet nga trupi p\u00ebr tre muajt e par\u00eb. Pas k\u00ebsaj, vajrat e mbetura t\u00eb transferuara jan\u00eb afatgjat\u00eb.<\/p><p><strong>Sa koh\u00eb zgjat procesi i sh\u00ebrimit?<\/strong><\/p><p>Jav\u00ebt e para duhet t\u00eb uleni me shum\u00eb kujdes. N\u00eb p\u00ebrgjith\u00ebsi, ju rekomandojm\u00eb t\u00eb mos shtypni prapanic\u00ebn p\u00ebr dy jav\u00eb. Mund t\u00eb ktheheni n\u00eb pun\u00eb p\u00ebr rreth dy jav\u00eb ose kur t\u00eb jeni rehat. P\u00ebr graftet, do t\u00eb ket\u00eb \u00ebnjtje, mavijosje dhe dhimbje si n\u00eb t\u00eb pasmet ashtu edhe n\u00eb zon\u00ebn ku \u00ebsht\u00eb hequr dhjami. Mund t\u00eb duhen deri n\u00eb gjasht\u00eb muaj q\u00eb \u00ebnjtja t\u00eb largohet plot\u00ebsisht, por ne do t\u00eb vendosim nj\u00eb fash\u00eb p\u00ebr t\u00eb ndihmuar n\u00eb mbajtjen e \u00ebnjtjes n\u00eb minimum.<\/p><p>Aktivitetet e forta duhet t\u00eb shmangen p\u00ebr 4-6 jav\u00eb. Sigurisht, ne do t\u00eb monitorojm\u00eb p\u00ebrparimin tuaj, do t&#8217;ju intervistojm\u00eb p\u00ebr ekzaminime pasuese dhe do t&#8217;i p\u00ebrgjigjemi \u00e7do pyetjeje q\u00eb mund t\u00eb keni gjat\u00eb periudh\u00ebs s\u00eb rikuperimit.<\/p>\t\t\t\t\t\t<\/div>\n\t\t\t\t<\/div>\n\t\t\t\t\t<\/div>\n\t\t<\/div>\n\t\t\t\t\t\t\t<\/div>\n\t\t<\/section>\n\t\t\t\t\t\t\t<\/div>\n\t\t","protected":false},"excerpt":{"rendered":"<p>Get Information Now Ngritja e Prapanic\u00ebs (BBL) Ngritja dhe zmadhimi i vitheve Procedura e ngritjes s\u00eb prapanic\u00ebs braziliane ose e ngritjes s\u00eb t\u00eb pasmeve; \u00cbsht\u00eb nj\u00eb procedur\u00eb popullore e preferuar p\u00ebr p\u00ebrmir\u00ebsimin e kontureve fem\u00ebrore. Si implanti i hipit n\u00eb kirurgjin\u00eb e zmadhimit t\u00eb ijeve ashtu edhe grafti i yndyr\u00ebs gjat\u00eb operacionit t\u00eb ngritjes s\u00eb [&hellip;]<\/p>\n","protected":false},"author":1,"featured_media":0,"parent":0,"menu_order":0,"comment_status":"closed","ping_status":"closed","template":"","meta":{"footnotes":""},"class_list":["post-828","page","type-page","status-publish","hentry"],"_links":{"self":[{"href":"https:\/\/alperince.com\/al\/wp-json\/wp\/v2\/pages\/828","targetHints":{"allow":["GET"]}}],"collection":[{"href":"https:\/\/alperince.com\/al\/wp-json\/wp\/v2\/pages"}],"about":[{"href":"https:\/\/alperince.com\/al\/wp-json\/wp\/v2\/types\/page"}],"author":[{"embeddable":true,"href":"https:\/\/alperince.com\/al\/wp-json\/wp\/v2\/users\/1"}],"replies":[{"embeddable":true,"href":"https:\/\/alperince.com\/al\/wp-json\/wp\/v2\/comments?post=828"}],"version-history":[{"count":25,"href":"https:\/\/alperince.com\/al\/wp-json\/wp\/v2\/pages\/828\/revisions"}],"predecessor-version":[{"id":1965,"href":"https:\/\/alperince.com\/al\/wp-json\/wp\/v2\/pages\/828\/revisions\/1965"}],"wp:attachment":[{"href":"https:\/\/alperince.com\/al\/wp-json\/wp\/v2\/media?parent=828"}],"curies":[{"name":"wp","href":"https:\/\/api.w.org\/{rel}","templated":true}]}}