{"id":834,"date":"2022-09-17T11:36:47","date_gmt":"2022-09-17T08:36:47","guid":{"rendered":"https:\/\/alperince.com\/al\/?page_id=834"},"modified":"2022-11-10T13:03:12","modified_gmt":"2022-11-10T10:03:12","slug":"ngritja-e-kraheve","status":"publish","type":"page","link":"https:\/\/alperince.com\/al\/ngritja-e-kraheve","title":{"rendered":"Ngritja e Krah\u00ebve"},"content":{"rendered":"\t\t<div data-elementor-type=\"wp-page\" data-elementor-id=\"834\" class=\"elementor elementor-834\">\n\t\t\t\t\t\t\t\t\t<section class=\"elementor-section elementor-top-section elementor-element elementor-element-100bd8a5 elementor-section-boxed elementor-section-height-default elementor-section-height-default\" data-id=\"100bd8a5\" data-element_type=\"section\">\n\t\t\t\t\t\t<div class=\"elementor-container elementor-column-gap-default\">\n\t\t\t\t\t<div class=\"lqd-css-sticky-column elementor-column elementor-col-50 elementor-top-column elementor-element elementor-element-c56687c\" style=\"--lqd-sticky-offset:30px\" data-id=\"c56687c\" data-element_type=\"column\">\n\t\t\t<div class=\"elementor-widget-wrap elementor-element-populated\">\n\t\t\t\t\t\t\t\t<section class=\"elementor-section elementor-inner-section elementor-element elementor-element-810dc57 elementor-section-boxed elementor-section-height-default elementor-section-height-default\" data-id=\"810dc57\" data-element_type=\"section\">\n\t\t\t\t\t\t<div class=\"elementor-container elementor-column-gap-default\">\n\t\t\t\t\t<div class=\"elementor-column elementor-col-100 elementor-inner-column elementor-element elementor-element-4a45fe1\" data-id=\"4a45fe1\" data-element_type=\"column\" data-settings=\"{&quot;background_background&quot;:&quot;classic&quot;}\">\n\t\t\t<div class=\"elementor-widget-wrap elementor-element-populated\">\n\t\t\t\t\t\t\t\t<div class=\"elementor-element elementor-element-d85f942 elementor-widget elementor-widget-hub_fancy_heading\" data-id=\"d85f942\" data-element_type=\"widget\" data-widget_type=\"hub_fancy_heading.default\">\n\t\t\t\t<div class=\"elementor-widget-container\">\n\t\t\t\n\t\t<div id=\"ld-fancy-heading-69dfed7dcb5ac\" class=\"ld-fancy-heading pos-rel\">\n\t\t\t<h2 class=\"ld-fh-element d-inline-block pos-rel  elementor-heading-title lqd-highlight-classic lqd-highlight-grow-left h2\"  > Merrni Informacion Tani<\/h2>\t\t<\/div>\n\n\t\t\t\t<\/div>\n\t\t\t\t<\/div>\n\t\t\t\t<div class=\"elementor-element elementor-element-5e63459 elementor-widget elementor-widget-ld_cf722\" data-id=\"5e63459\" data-element_type=\"widget\" data-widget_type=\"ld_cf722.default\">\n\t\t\t\t<div class=\"elementor-widget-container\">\n\t\t\t\n\t<div class=\"lqd-contact-form lqd-contact-form-inputs-filled lqd-contact-form-inputs-round lqd-contact-form-button-block lqd-contact-form-button-round\" >\n\t\t<div role=\"form\" class=\"wpcf7\" id=\"wpcf7-f6-o1\" lang=\"tr-TR\" dir=\"ltr\">\n<div class=\"screen-reader-response\"><p role=\"status\" aria-live=\"polite\" aria-atomic=\"true\"><\/p> <ul><\/ul><\/div>\n<form action=\"\/al\/wp-json\/wp\/v2\/pages\/834#wpcf7-f6-o1\" method=\"post\" class=\"wpcf7-form init\" novalidate=\"novalidate\" data-status=\"init\">\n<div style=\"display: none;\">\n<input type=\"hidden\" name=\"_wpcf7\" value=\"6\" \/>\n<input type=\"hidden\" name=\"_wpcf7_version\" value=\"5.6.3\" \/>\n<input type=\"hidden\" name=\"_wpcf7_locale\" value=\"tr_TR\" \/>\n<input type=\"hidden\" name=\"_wpcf7_unit_tag\" value=\"wpcf7-f6-o1\" \/>\n<input type=\"hidden\" name=\"_wpcf7_container_post\" value=\"0\" \/>\n<input type=\"hidden\" name=\"_wpcf7_posted_data_hash\" value=\"\" \/>\n<\/div>\n<p><span class=\"wpcf7-form-control-wrap\" data-name=\"adi\"><input type=\"text\" name=\"adi\" value=\"\" size=\"40\" class=\"wpcf7-form-control wpcf7-text wpcf7-validates-as-required\" aria-required=\"true\" aria-invalid=\"false\" placeholder=\"Emri\" \/><\/span><br \/>\n<span class=\"wpcf7-form-control-wrap\" data-name=\"telefon\"><input type=\"text\" name=\"telefon\" value=\"\" size=\"40\" class=\"wpcf7-form-control wpcf7-text wpcf7-validates-as-required\" aria-required=\"true\" aria-invalid=\"false\" placeholder=\"Numri i Telefonit\" \/><\/span><br \/>\n<span class=\"wpcf7-form-control-wrap\" data-name=\"mesaj\"><textarea name=\"mesaj\" cols=\"40\" rows=\"3\" class=\"wpcf7-form-control wpcf7-textarea\" aria-invalid=\"false\" placeholder=\"Mesazh\"><\/textarea><\/span><br \/>\n<input type=\"submit\" value=\"Paraqisni Formularin\" class=\"wpcf7-form-control has-spinner wpcf7-submit\" \/><\/p>\n<div class=\"wpcf7-response-output\" aria-hidden=\"true\"><\/div><\/form><\/div>\t<\/div>\n\n\t\t\t<\/div>\n\t\t\t\t<\/div>\n\t\t\t\t\t<\/div>\n\t\t<\/div>\n\t\t\t\t\t\t\t<\/div>\n\t\t<\/section>\n\t\t\t\t\t<\/div>\n\t\t<\/div>\n\t\t\t\t<div class=\"elementor-column elementor-col-50 elementor-top-column elementor-element elementor-element-231f3078\" data-id=\"231f3078\" data-element_type=\"column\">\n\t\t\t<div class=\"elementor-widget-wrap elementor-element-populated\">\n\t\t\t\t\t\t\t\t<div class=\"elementor-element elementor-element-cc9606b elementor-widget elementor-widget-image\" data-id=\"cc9606b\" data-element_type=\"widget\" data-widget_type=\"image.default\">\n\t\t\t\t<div class=\"elementor-widget-container\">\n\t\t\t<style>\/*! elementor - v3.7.4 - 31-08-2022 *\/\n.elementor-widget-image{text-align:center}.elementor-widget-image a{display:inline-block}.elementor-widget-image a img[src$=\".svg\"]{width:48px}.elementor-widget-image img{vertical-align:middle;display:inline-block}<\/style>\t\t\t\t\t\t\t\t\t\t\t\t<img decoding=\"async\" width=\"930\" height=\"550\" src=\"https:\/\/alperince.com\/al\/wp-content\/uploads\/2022\/09\/kol-germe-header.jpg\" class=\"elementor-animation-float attachment-full size-full\" alt=\"\" srcset=\"https:\/\/alperince.com\/al\/wp-content\/uploads\/2022\/09\/kol-germe-header.jpg 930w, https:\/\/alperince.com\/al\/wp-content\/uploads\/2022\/09\/kol-germe-header-300x177.jpg 300w, https:\/\/alperince.com\/al\/wp-content\/uploads\/2022\/09\/kol-germe-header-600x355.jpg 600w\" sizes=\"(max-width: 930px) 100vw, 930px\" \/>\t\t\t\t\t\t\t\t\t\t\t\t\t\t\t<\/div>\n\t\t\t\t<\/div>\n\t\t\t\t<div class=\"elementor-element elementor-element-c153a33 elementor-widget elementor-widget-spacer\" data-id=\"c153a33\" data-element_type=\"widget\" data-widget_type=\"spacer.default\">\n\t\t\t\t<div class=\"elementor-widget-container\">\n\t\t\t<style>\/*! elementor - v3.7.4 - 31-08-2022 *\/\n.elementor-column .elementor-spacer-inner{height:var(--spacer-size)}.e-container{--container-widget-width:100%}.e-container>.elementor-widget-spacer{width:var(--container-widget-width,var(--spacer-size));-ms-flex-item-align:stretch;align-self:stretch;-ms-flex-negative:0;flex-shrink:0}.e-container>.elementor-widget-spacer>.elementor-widget-container,.e-container>.elementor-widget-spacer>.elementor-widget-container>.elementor-spacer{height:100%}.e-container>.elementor-widget-spacer>.elementor-widget-container>.elementor-spacer>.elementor-spacer-inner{height:var(--container-widget-height,var(--spacer-size))}<\/style>\t\t<div class=\"elementor-spacer\">\n\t\t\t<div class=\"elementor-spacer-inner\"><\/div>\n\t\t<\/div>\n\t\t\t\t<\/div>\n\t\t\t\t<\/div>\n\t\t\t\t<div class=\"elementor-element elementor-element-527f0d1f elementor-widget elementor-widget-hub_fancy_heading\" data-id=\"527f0d1f\" data-element_type=\"widget\" data-widget_type=\"hub_fancy_heading.default\">\n\t\t\t\t<div class=\"elementor-widget-container\">\n\t\t\t\n\t\t<div id=\"ld-fancy-heading-69dfed7dd1d1c\" class=\"ld-fancy-heading pos-rel\">\n\t\t\t<h2 class=\"ld-fh-element d-inline-block pos-rel  elementor-heading-title lqd-highlight-classic lqd-highlight-grow-left h2\"  > Ngritja e Krah\u00ebve<\/h2>\t\t<\/div>\n\n\t\t\t\t<\/div>\n\t\t\t\t<\/div>\n\t\t\t\t<div class=\"elementor-element elementor-element-7eef461 elementor-widget elementor-widget-text-editor\" data-id=\"7eef461\" data-element_type=\"widget\" data-widget_type=\"text-editor.default\">\n\t\t\t\t<div class=\"elementor-widget-container\">\n\t\t\t<style>\/*! elementor - v3.7.4 - 31-08-2022 *\/\n.elementor-widget-text-editor.elementor-drop-cap-view-stacked .elementor-drop-cap{background-color:#818a91;color:#fff}.elementor-widget-text-editor.elementor-drop-cap-view-framed .elementor-drop-cap{color:#818a91;border:3px solid;background-color:transparent}.elementor-widget-text-editor:not(.elementor-drop-cap-view-default) .elementor-drop-cap{margin-top:8px}.elementor-widget-text-editor:not(.elementor-drop-cap-view-default) .elementor-drop-cap-letter{width:1em;height:1em}.elementor-widget-text-editor .elementor-drop-cap{float:left;text-align:center;line-height:1;font-size:50px}.elementor-widget-text-editor .elementor-drop-cap-letter{display:inline-block}<\/style>\t\t\t\t<p>Prania e varjes n\u00eb pjes\u00ebt e sip\u00ebrme, t\u00eb pasme dhe t\u00eb brendshme t\u00eb krahut shpesh ndodh me depozita dhjamore dhe r\u00ebnie t\u00eb l\u00ebkur\u00ebs. Nj\u00eb arsye tjet\u00ebr e r\u00ebnies lidhet me pleq\u00ebrin\u00eb, gravitetin dhe humbjen periodike t\u00eb pesh\u00ebs. Sepse l\u00ebkura dhe indi n\u00ebnl\u00ebkuror jan\u00eb m\u00eb t\u00eb lirsh\u00ebm n\u00eb k\u00ebto zona. Shkalla e grumbullimit t\u00eb indit dhjamor me varje ndryshon nga personi n\u00eb person. P\u00ebr k\u00ebt\u00eb arsye, \u00e7do pacient q\u00eb do t&#8217;i n\u00ebnshtrohet estetik\u00ebs s\u00eb ngritjes s\u00eb krahut duhet t\u00eb vler\u00ebsohet individualisht. Operacionet e ngritjes s\u00eb krahut mund t\u00eb kryhen vet\u00ebm ose n\u00eb kombinim me zvog\u00eblimin e gjoksit, ngritjen e gjirit, shtr\u00ebngimin e barkut, shtrirjen e k\u00ebmb\u00ebve dhe liposuksionin. Kirurgjia e ngritjes s\u00eb krahut fillimisht duhet t\u00eb kryhet n\u00eb nj\u00eb spital me pajisje adekuate. Operacioni kryhet n\u00ebn anestezi t\u00eb p\u00ebrgjithshme dhe zgjat af\u00ebrsisht 1-3 or\u00eb. Do t\u00eb jet\u00eb e mjaftueshme t\u00eb q\u00ebndroni n\u00ebn v\u00ebzhgim n\u00eb spital p\u00ebr nj\u00eb dit\u00eb pas operacionit. Sepse nuk do t\u00eb ket\u00eb dhimbje t\u00eb pak\u00ebndshme.<\/p><p><strong>\u00c7far\u00eb \u00ebsht\u00eb kirurgjia e ngritjes s\u00eb krahut dhe kujt?<\/strong><\/p><p>Procedura n\u00eb t\u00eb cil\u00ebn hiqet yndyra e tep\u00ebrt dhe l\u00ebkura e tep\u00ebrt n\u00eb zon\u00ebn e krahut t\u00eb personit dhe fitohen krah\u00eb t\u00eb holl\u00eb dhe me pamje t\u00eb ngusht\u00eb quhet kirurgji p\u00ebr ngritjen e krah\u00ebve. Operacionet p\u00ebr ngritjen e krahut zakonisht kryhen tek grat\u00eb e mosh\u00ebs 40 vje\u00e7 e lart. Estetika e ngritjes s\u00eb krahut mund t\u00eb aplikohet p\u00ebr k\u00ebdo q\u00eb ka yndyr\u00eb dhe l\u00ebkur\u00eb t\u00eb tep\u00ebrt n\u00eb zon\u00ebn e krahut dhe nuk ndjehet rehat me k\u00ebt\u00eb pamje.<\/p><p><strong>\u00c7far\u00eb duhet t\u00eb merret parasysh p\u00ebrpara operacionit p\u00ebr ngritjen e krahut?<\/strong><\/p><p>Si n\u00eb t\u00eb gjitha operacionet, ju duhet t\u00eb lini duhanin, aspirin\u00ebn, holluesit e gjakut dhe substanca t\u00eb ngjashme rreth dy deri n\u00eb tre jav\u00eb p\u00ebrpara operacionit n\u00eb operacionet estetike t\u00eb liftimit t\u00eb krahut. Pak para operacionit, do t&#8217;ju duhet t\u00eb informoni mjekun tuaj p\u00ebr sh\u00ebndetin tuaj t\u00eb p\u00ebrgjithsh\u00ebm dhe medikamentet q\u00eb p\u00ebrdorni. Nuk duhet t\u00eb p\u00ebrdorni ila\u00e7e kund\u00ebr dhimbjeve si apranaks, vermidon dhe voltaren, pilula multivitamine, \u00e7aj jeshil, fara domate, k\u00ebrcell qershie, fara liri dhe t\u00eb gjitha produktet p\u00ebr humbje peshe.<\/p><p><strong>Si kryhen operacionet p\u00ebr ngritjen e krahut?<\/strong><\/p><p>Kirurgjia e ngritjes s\u00eb krahut fillon duke b\u00ebr\u00eb nj\u00eb prerje n\u00eb form\u00eb &#8220;L&#8221; duke filluar nga sqetulla drejt b\u00ebrrylit. Zakonisht, pacientit i hiqet vet\u00ebm l\u00ebkura e tep\u00ebrt dhe tensioni i krahut rritet. Megjithat\u00eb, te pacient\u00ebt me krah\u00eb shum\u00eb t\u00eb trash\u00eb, procesit t\u00eb shtrirjes s\u00eb krahut i shtohet edhe metoda e liposuksionit. N\u00ebse shtohet kjo metod\u00eb, operacioni do t\u00eb jet\u00eb m\u00eb i suksessh\u00ebm. Nd\u00ebrsa operacioni kryhet n\u00ebn anestezi t\u00eb p\u00ebrgjithshme, koh\u00ebzgjatja e operacionit varion nga gjysm\u00eb ore deri n\u00eb tre or\u00eb.<\/p><p><strong>\u00c7far\u00eb do t\u00eb p\u00ebrjetoj pas operacionit p\u00ebr ngritjen e krahut?<\/strong><\/p><p>Pas operacionit p\u00ebr ngritjen e krahut, pacient\u00ebt mund t\u00eb shkojn\u00eb n\u00eb sht\u00ebpi. Ka nj\u00eb fash\u00eb mbrojt\u00ebse n\u00eb qepje p\u00ebr dy dit\u00eb pas operacionit. Duke qen\u00eb se t\u00eb gjitha k\u00ebto qepje jan\u00eb n\u00ebn l\u00ebkur\u00eb, qepjet nuk kan\u00eb nevoj\u00eb t\u00eb hiqen. N\u00eb fund t\u00eb dy dit\u00ebve, pacient\u00ebt mund t\u00eb b\u00ebjn\u00eb me leht\u00ebsi nj\u00eb banj\u00eb. Gjat\u00eb tre jav\u00ebve t\u00eb para pas operacionit, pacient\u00ebt duhet t\u00eb shmangin l\u00ebvizjet e tep\u00ebrta t\u00eb krahut. Problemi m\u00eb i madh q\u00eb duhet p\u00ebrjetuar pas operacionit t\u00eb ngritjes s\u00eb krahut jan\u00eb plag\u00ebt e mbetura n\u00eb krah\u00eb. K\u00ebto plag\u00eb nuk jan\u00eb ato q\u00eb mund t\u00eb shihen kur shikohen nga p\u00ebrpara. Meqen\u00ebse plag\u00ebt do t\u00eb mbeten n\u00eb brend\u00ebsi t\u00eb krah\u00ebve t\u00eb pacientit, vet\u00ebm pacienti do ta shoh\u00eb at\u00eb. N\u00ebse k\u00ebto plag\u00eb sh\u00ebrohen pa asnj\u00eb problem, ato do t\u00eb zbehen pas gjasht\u00eb muajsh. Ju do t\u00eb duhet t\u00eb p\u00ebrdorni nj\u00eb korse vazhdimisht p\u00ebr 4 jav\u00eb pas operacionit t\u00eb ngritjes s\u00eb krahut. Veshja e par\u00eb pas operacionit do t\u00eb b\u00ebhet n\u00eb dit\u00ebn e 5-t\u00eb pas operacionit. N\u00eb k\u00ebt\u00eb proces, mund t\u00eb keni mpirje t\u00eb leht\u00eb, mavijosje dhe edem\u00eb, por k\u00ebto do t\u00eb kalojn\u00eb shpejt. Ju mund t\u00eb ktheheni leht\u00ebsisht n\u00eb jet\u00ebn tuaj t\u00eb pun\u00ebs brenda nj\u00eb jave pas operacionit.<\/p><p><strong>A \u00ebsht\u00eb i p\u00ebrhersh\u00ebm rezultati i operacionit p\u00ebr ngritjen e krahut?<\/strong><\/p><p>Meqen\u00ebse procesi i plakjes do t\u00eb vazhdoj\u00eb pas operacionit t\u00eb ngritjes s\u00eb krahut, mund t\u00eb ket\u00eb pak relaksim. M\u00eb pas do ta p\u00ebrshpejtoj\u00eb k\u00ebt\u00eb proces n\u00eb shtim dhe humbje peshe. Por krah\u00ebt e tu nuk do t\u00eb kthehen kurr\u00eb si m\u00eb par\u00eb. Pacient\u00ebt duhet t&#8217;i kushtojn\u00eb v\u00ebmendje pesh\u00ebs s\u00eb tyre dhe t\u00eb b\u00ebjn\u00eb sporte t\u00eb rregullta p\u00ebr t\u00eb ruajtur rezultatin pas operacionit.<\/p>\t\t\t\t\t\t<\/div>\n\t\t\t\t<\/div>\n\t\t\t\t\t<\/div>\n\t\t<\/div>\n\t\t\t\t\t\t\t<\/div>\n\t\t<\/section>\n\t\t\t\t\t\t\t<\/div>\n\t\t","protected":false},"excerpt":{"rendered":"<p>Merrni Informacion Tani Ngritja e Krah\u00ebve Prania e varjes n\u00eb pjes\u00ebt e sip\u00ebrme, t\u00eb pasme dhe t\u00eb brendshme t\u00eb krahut shpesh ndodh me depozita dhjamore dhe r\u00ebnie t\u00eb l\u00ebkur\u00ebs. Nj\u00eb arsye tjet\u00ebr e r\u00ebnies lidhet me pleq\u00ebrin\u00eb, gravitetin dhe humbjen periodike t\u00eb pesh\u00ebs. Sepse l\u00ebkura dhe indi n\u00ebnl\u00ebkuror jan\u00eb m\u00eb t\u00eb lirsh\u00ebm n\u00eb k\u00ebto zona. [&hellip;]<\/p>\n","protected":false},"author":1,"featured_media":0,"parent":0,"menu_order":0,"comment_status":"closed","ping_status":"closed","template":"","meta":{"footnotes":""},"class_list":["post-834","page","type-page","status-publish","hentry"],"_links":{"self":[{"href":"https:\/\/alperince.com\/al\/wp-json\/wp\/v2\/pages\/834","targetHints":{"allow":["GET"]}}],"collection":[{"href":"https:\/\/alperince.com\/al\/wp-json\/wp\/v2\/pages"}],"about":[{"href":"https:\/\/alperince.com\/al\/wp-json\/wp\/v2\/types\/page"}],"author":[{"embeddable":true,"href":"https:\/\/alperince.com\/al\/wp-json\/wp\/v2\/users\/1"}],"replies":[{"embeddable":true,"href":"https:\/\/alperince.com\/al\/wp-json\/wp\/v2\/comments?post=834"}],"version-history":[{"count":24,"href":"https:\/\/alperince.com\/al\/wp-json\/wp\/v2\/pages\/834\/revisions"}],"predecessor-version":[{"id":1973,"href":"https:\/\/alperince.com\/al\/wp-json\/wp\/v2\/pages\/834\/revisions\/1973"}],"wp:attachment":[{"href":"https:\/\/alperince.com\/al\/wp-json\/wp\/v2\/media?parent=834"}],"curies":[{"name":"wp","href":"https:\/\/api.w.org\/{rel}","templated":true}]}}