{"id":839,"date":"2022-09-17T11:39:09","date_gmt":"2022-09-17T08:39:09","guid":{"rendered":"https:\/\/alperince.com\/al\/?page_id=839"},"modified":"2022-11-10T13:09:19","modified_gmt":"2022-11-10T10:09:19","slug":"ngritja-e-kembeve","status":"publish","type":"page","link":"https:\/\/alperince.com\/al\/ngritja-e-kembeve","title":{"rendered":"Ngritja e K\u00ebmb\u00ebve"},"content":{"rendered":"\t\t<div data-elementor-type=\"wp-page\" data-elementor-id=\"839\" class=\"elementor elementor-839\">\n\t\t\t\t\t\t\t\t\t<section class=\"elementor-section elementor-top-section elementor-element elementor-element-100bd8a5 elementor-section-boxed elementor-section-height-default elementor-section-height-default\" data-id=\"100bd8a5\" data-element_type=\"section\">\n\t\t\t\t\t\t<div class=\"elementor-container elementor-column-gap-default\">\n\t\t\t\t\t<div class=\"lqd-css-sticky-column elementor-column elementor-col-50 elementor-top-column elementor-element elementor-element-7ff2df4\" style=\"--lqd-sticky-offset:30px\" data-id=\"7ff2df4\" data-element_type=\"column\">\n\t\t\t<div class=\"elementor-widget-wrap elementor-element-populated\">\n\t\t\t\t\t\t\t\t<section class=\"elementor-section elementor-inner-section elementor-element elementor-element-3b2aaea elementor-section-boxed elementor-section-height-default elementor-section-height-default\" data-id=\"3b2aaea\" data-element_type=\"section\">\n\t\t\t\t\t\t<div class=\"elementor-container elementor-column-gap-default\">\n\t\t\t\t\t<div class=\"elementor-column elementor-col-100 elementor-inner-column elementor-element elementor-element-a22413c\" data-id=\"a22413c\" data-element_type=\"column\" data-settings=\"{&quot;background_background&quot;:&quot;classic&quot;}\">\n\t\t\t<div class=\"elementor-widget-wrap elementor-element-populated\">\n\t\t\t\t\t\t\t\t<div class=\"elementor-element elementor-element-7406afd elementor-widget elementor-widget-hub_fancy_heading\" data-id=\"7406afd\" data-element_type=\"widget\" data-widget_type=\"hub_fancy_heading.default\">\n\t\t\t\t<div class=\"elementor-widget-container\">\n\t\t\t\n\t\t<div id=\"ld-fancy-heading-69dfed7dcecb5\" class=\"ld-fancy-heading pos-rel\">\n\t\t\t<h2 class=\"ld-fh-element d-inline-block pos-rel  elementor-heading-title lqd-highlight-classic lqd-highlight-grow-left h2\"  > Merrni Informacion Tani<\/h2>\t\t<\/div>\n\n\t\t\t\t<\/div>\n\t\t\t\t<\/div>\n\t\t\t\t<div class=\"elementor-element elementor-element-ff3c9a5 elementor-widget elementor-widget-ld_cf722\" data-id=\"ff3c9a5\" data-element_type=\"widget\" data-widget_type=\"ld_cf722.default\">\n\t\t\t\t<div class=\"elementor-widget-container\">\n\t\t\t\n\t<div class=\"lqd-contact-form lqd-contact-form-inputs-filled lqd-contact-form-inputs-round lqd-contact-form-button-block lqd-contact-form-button-round\" >\n\t\t<div role=\"form\" class=\"wpcf7\" id=\"wpcf7-f6-o1\" lang=\"tr-TR\" dir=\"ltr\">\n<div class=\"screen-reader-response\"><p role=\"status\" aria-live=\"polite\" aria-atomic=\"true\"><\/p> <ul><\/ul><\/div>\n<form action=\"\/al\/wp-json\/wp\/v2\/pages\/839#wpcf7-f6-o1\" method=\"post\" class=\"wpcf7-form init\" novalidate=\"novalidate\" data-status=\"init\">\n<div style=\"display: none;\">\n<input type=\"hidden\" name=\"_wpcf7\" value=\"6\" \/>\n<input type=\"hidden\" name=\"_wpcf7_version\" value=\"5.6.3\" \/>\n<input type=\"hidden\" name=\"_wpcf7_locale\" value=\"tr_TR\" \/>\n<input type=\"hidden\" name=\"_wpcf7_unit_tag\" value=\"wpcf7-f6-o1\" \/>\n<input type=\"hidden\" name=\"_wpcf7_container_post\" value=\"0\" \/>\n<input type=\"hidden\" name=\"_wpcf7_posted_data_hash\" value=\"\" \/>\n<\/div>\n<p><span class=\"wpcf7-form-control-wrap\" data-name=\"adi\"><input type=\"text\" name=\"adi\" value=\"\" size=\"40\" class=\"wpcf7-form-control wpcf7-text wpcf7-validates-as-required\" aria-required=\"true\" aria-invalid=\"false\" placeholder=\"Emri\" \/><\/span><br \/>\n<span class=\"wpcf7-form-control-wrap\" data-name=\"telefon\"><input type=\"text\" name=\"telefon\" value=\"\" size=\"40\" class=\"wpcf7-form-control wpcf7-text wpcf7-validates-as-required\" aria-required=\"true\" aria-invalid=\"false\" placeholder=\"Numri i Telefonit\" \/><\/span><br \/>\n<span class=\"wpcf7-form-control-wrap\" data-name=\"mesaj\"><textarea name=\"mesaj\" cols=\"40\" rows=\"3\" class=\"wpcf7-form-control wpcf7-textarea\" aria-invalid=\"false\" placeholder=\"Mesazh\"><\/textarea><\/span><br \/>\n<input type=\"submit\" value=\"Paraqisni Formularin\" class=\"wpcf7-form-control has-spinner wpcf7-submit\" \/><\/p>\n<div class=\"wpcf7-response-output\" aria-hidden=\"true\"><\/div><\/form><\/div>\t<\/div>\n\n\t\t\t<\/div>\n\t\t\t\t<\/div>\n\t\t\t\t\t<\/div>\n\t\t<\/div>\n\t\t\t\t\t\t\t<\/div>\n\t\t<\/section>\n\t\t\t\t\t<\/div>\n\t\t<\/div>\n\t\t\t\t<div class=\"elementor-column elementor-col-50 elementor-top-column elementor-element elementor-element-231f3078\" data-id=\"231f3078\" data-element_type=\"column\">\n\t\t\t<div class=\"elementor-widget-wrap elementor-element-populated\">\n\t\t\t\t\t\t\t\t<div class=\"elementor-element elementor-element-cc9606b elementor-widget elementor-widget-image\" data-id=\"cc9606b\" data-element_type=\"widget\" data-widget_type=\"image.default\">\n\t\t\t\t<div class=\"elementor-widget-container\">\n\t\t\t<style>\/*! elementor - v3.7.4 - 31-08-2022 *\/\n.elementor-widget-image{text-align:center}.elementor-widget-image a{display:inline-block}.elementor-widget-image a img[src$=\".svg\"]{width:48px}.elementor-widget-image img{vertical-align:middle;display:inline-block}<\/style>\t\t\t\t\t\t\t\t\t\t\t\t<img decoding=\"async\" width=\"930\" height=\"550\" src=\"https:\/\/alperince.com\/al\/wp-content\/uploads\/2022\/09\/bacak-germe-header.jpg\" class=\"elementor-animation-float attachment-full size-full\" alt=\"\" srcset=\"https:\/\/alperince.com\/al\/wp-content\/uploads\/2022\/09\/bacak-germe-header.jpg 930w, https:\/\/alperince.com\/al\/wp-content\/uploads\/2022\/09\/bacak-germe-header-300x177.jpg 300w, https:\/\/alperince.com\/al\/wp-content\/uploads\/2022\/09\/bacak-germe-header-600x355.jpg 600w\" sizes=\"(max-width: 930px) 100vw, 930px\" \/>\t\t\t\t\t\t\t\t\t\t\t\t\t\t\t<\/div>\n\t\t\t\t<\/div>\n\t\t\t\t<div class=\"elementor-element elementor-element-c153a33 elementor-widget elementor-widget-spacer\" data-id=\"c153a33\" data-element_type=\"widget\" data-widget_type=\"spacer.default\">\n\t\t\t\t<div class=\"elementor-widget-container\">\n\t\t\t<style>\/*! elementor - v3.7.4 - 31-08-2022 *\/\n.elementor-column .elementor-spacer-inner{height:var(--spacer-size)}.e-container{--container-widget-width:100%}.e-container>.elementor-widget-spacer{width:var(--container-widget-width,var(--spacer-size));-ms-flex-item-align:stretch;align-self:stretch;-ms-flex-negative:0;flex-shrink:0}.e-container>.elementor-widget-spacer>.elementor-widget-container,.e-container>.elementor-widget-spacer>.elementor-widget-container>.elementor-spacer{height:100%}.e-container>.elementor-widget-spacer>.elementor-widget-container>.elementor-spacer>.elementor-spacer-inner{height:var(--container-widget-height,var(--spacer-size))}<\/style>\t\t<div class=\"elementor-spacer\">\n\t\t\t<div class=\"elementor-spacer-inner\"><\/div>\n\t\t<\/div>\n\t\t\t\t<\/div>\n\t\t\t\t<\/div>\n\t\t\t\t<div class=\"elementor-element elementor-element-527f0d1f elementor-widget elementor-widget-hub_fancy_heading\" data-id=\"527f0d1f\" data-element_type=\"widget\" data-widget_type=\"hub_fancy_heading.default\">\n\t\t\t\t<div class=\"elementor-widget-container\">\n\t\t\t\n\t\t<div id=\"ld-fancy-heading-69dfed7dd6d61\" class=\"ld-fancy-heading pos-rel\">\n\t\t\t<h2 class=\"ld-fh-element d-inline-block pos-rel  elementor-heading-title lqd-highlight-classic lqd-highlight-grow-left h2\"  > Ngritja e K\u00ebmb\u00ebve<\/h2>\t\t<\/div>\n\n\t\t\t\t<\/div>\n\t\t\t\t<\/div>\n\t\t\t\t<div class=\"elementor-element elementor-element-7eef461 elementor-widget elementor-widget-text-editor\" data-id=\"7eef461\" data-element_type=\"widget\" data-widget_type=\"text-editor.default\">\n\t\t\t\t<div class=\"elementor-widget-container\">\n\t\t\t<style>\/*! elementor - v3.7.4 - 31-08-2022 *\/\n.elementor-widget-text-editor.elementor-drop-cap-view-stacked .elementor-drop-cap{background-color:#818a91;color:#fff}.elementor-widget-text-editor.elementor-drop-cap-view-framed .elementor-drop-cap{color:#818a91;border:3px solid;background-color:transparent}.elementor-widget-text-editor:not(.elementor-drop-cap-view-default) .elementor-drop-cap{margin-top:8px}.elementor-widget-text-editor:not(.elementor-drop-cap-view-default) .elementor-drop-cap-letter{width:1em;height:1em}.elementor-widget-text-editor .elementor-drop-cap{float:left;text-align:center;line-height:1;font-size:50px}.elementor-widget-text-editor .elementor-drop-cap-letter{display:inline-block}<\/style>\t\t\t\t<p>Trajtimi m\u00eb p\u00ebrfundimtar p\u00ebr varjen e l\u00ebkur\u00ebs s\u00eb k\u00ebmb\u00ebs q\u00eb ndodh tek individ\u00ebt \u00ebsht\u00eb kryerja e operacionit p\u00ebr shtrirjen e k\u00ebmb\u00ebs. \u00cbsht\u00eb nj\u00eb lloj operacioni me rezultate shum\u00eb t\u00eb suksesshme. R\u00ebnia e l\u00ebkur\u00ebs e shkaktuar nga shtimi dhe humbja e tep\u00ebrt n\u00eb pesh\u00eb, pasiviteti dhe dieta me yndyr\u00eb mund t\u00eb trajtohet n\u00eb k\u00ebt\u00eb m\u00ebnyr\u00eb.<\/p><p><strong>Si kryhet operacioni p\u00ebr ngritjen e k\u00ebmb\u00ebs?<\/strong><\/p><p>P\u00ebr operacionin k\u00ebrkohen kushte sterile t\u00eb sall\u00ebs s\u00eb operacionit. B\u00ebhet nga mjeku specialist. L\u00ebkura e tep\u00ebrt hiqet p\u00ebr t\u00eb hequr varjen n\u00eb zon\u00ebn e k\u00ebmb\u00ebs. K\u00ebshtu, rikuperimi dhe shtr\u00ebngimi arrihet pas operacionit t\u00eb shtrirjes s\u00eb k\u00ebmb\u00ebs.<\/p><p><strong>Kush \u00ebsht\u00eb i p\u00ebrshtatsh\u00ebm p\u00ebr operacionin e ngritjes s\u00eb k\u00ebmb\u00ebs?<\/strong><\/p><p>Varje dhe \u00e7arje n\u00eb l\u00ebkur\u00ebn e k\u00ebmb\u00ebve mund t\u00eb v\u00ebrehen p\u00ebr arsye t\u00eb tilla si shtimi ose humbja e shpejt\u00eb e pesh\u00ebs ose humbja e tep\u00ebrt e pesh\u00ebs. Kjo \u00ebsht\u00eb ve\u00e7an\u00ebrisht e dukshme n\u00eb pjes\u00ebn e sip\u00ebrme t\u00eb k\u00ebmb\u00ebs. \u00c7mimet e operacionit p\u00ebr ngritjen e k\u00ebmb\u00ebve ndryshojn\u00eb sipas zon\u00ebs q\u00eb do t\u00eb operohet dhe n\u00ebse kryhen procedura shtes\u00eb. R\u00ebnia e l\u00ebkur\u00ebs nuk mund t\u00eb hiqet me metoda t\u00eb tjera. P\u00ebr k\u00ebt\u00eb arsye, metoda m\u00eb p\u00ebrfundimtare p\u00ebr t&#8217;u rekomanduar njer\u00ebzve do t\u00eb ishte nd\u00ebrhyrja kirurgjikale.<\/p><p><strong>Para operacionit p\u00ebr ngritjen e k\u00ebmb\u00ebs<\/strong><\/p><p>Para operacionit, l\u00ebkura e k\u00ebmb\u00ebs \u00ebsht\u00eb e varur. Madje vende-vende priten edhe \u00e7arje. Ky zbulim mund t\u00eb ndodh\u00eb pas humbjes s\u00eb pesh\u00ebs. Para marrjes s\u00eb vendimit p\u00ebr kirurgji, \u00ebsht\u00eb e r\u00ebnd\u00ebsishme t\u00eb vler\u00ebsohet personi n\u00eb detaje dhe t\u00eb hetohet p\u00ebrshtatshm\u00ebria e tij p\u00ebr kirurgji.<\/p><p>Rekomandohet q\u00eb t\u00eb lini duhanin, n\u00ebse pini duhan, rreth dy jav\u00eb para operacionit. Pirja e duhanit shkakton ngushtimin e en\u00ebve t\u00eb gjakut. Prandaj, furnizimi me gjak n\u00eb vendin e kirurgjis\u00eb \u00ebsht\u00eb i d\u00ebmtuar dhe sh\u00ebrimi vonohet. P\u00ebr k\u00ebt\u00eb arsye, si n\u00eb t\u00eb gjitha operacionet, l\u00ebnia e duhanit para operacionit p\u00ebr ngritjen e k\u00ebmb\u00ebs ju lejon t\u00eb rikuperoni m\u00eb shpejt.<\/p><p><strong>Pas operacionit t\u00eb ngritjes s\u00eb k\u00ebmb\u00ebs<\/strong><\/p><p>\u00cbsht\u00eb shum\u00eb e r\u00ebnd\u00ebsishme t\u00eb pushoni pas k\u00ebtij operacioni, i cili kryhet p\u00ebr t\u00eb eliminuar varjen e k\u00ebmb\u00ebve. Ju duhet t\u00eb pushoni p\u00ebr koh\u00ebn e rekomanduar nga mjeku juaj. M\u00eb pas, do t\u00eb ishte mir\u00eb t\u00eb shmangni ushtrimet e r\u00ebnda. Shmangia e pun\u00ebs s\u00eb r\u00ebnd\u00eb q\u00eb do t\u00eb tendos muskujt e k\u00ebmb\u00ebs derisa t\u00eb p\u00ebrfundoj\u00eb sh\u00ebrimi do t\u00eb lejoj\u00eb q\u00eb rikuperimi t\u00eb p\u00ebrfundoj\u00eb m\u00eb shpejt. Rim\u00ebk\u00ebmbja dhe shtr\u00ebngimi i k\u00ebmb\u00ebve tuaja pas operacionit t\u00eb ngritjes s\u00eb k\u00ebmb\u00ebve do t\u00eb jet\u00eb mjaft befasuese dhe e k\u00ebnaqshme p\u00ebr ju.<\/p><p><strong>\u00c7far\u00eb duhet t&#8217;i kushtojn\u00eb v\u00ebmendje atyre q\u00eb kan\u00eb kirurgji p\u00ebr ngritjen e k\u00ebmb\u00ebve?<\/strong><\/p><p>\u00cbsht\u00eb e r\u00ebnd\u00ebsishme t\u00eb mbani qepjet t\u00eb pastra pas k\u00ebtij operacioni. P\u00ebrndryshe, ekziston rreziku i infektimit t\u00eb plag\u00ebs. \u00cbsht\u00eb e nevojshme t\u00eb pushoni p\u00ebr koh\u00ebn e caktuar dhe t\u00eb shmangni ushtrimet e r\u00ebnda. Ju mund t\u00eb ktheheni n\u00eb jet\u00ebn tuaj t\u00eb pun\u00ebs pas rreth nj\u00eb jave &#8211; 10 dit\u00eb. \u00cbsht\u00eb gjithashtu normale t\u00eb ndjeni dhimbje n\u00eb dit\u00ebt e para. Kjo nuk \u00ebsht\u00eb dhimbje e padurueshme. Ju mund t\u00eb merrni qet\u00ebsues me rekomandimin e mjekut q\u00eb ka kryer operacionin. Mos pirja e duhanit pas operacionit siguron nj\u00eb sh\u00ebrim m\u00eb t\u00eb shpejt\u00eb dhe m\u00eb t\u00eb qet\u00eb.<\/p>\t\t\t\t\t\t<\/div>\n\t\t\t\t<\/div>\n\t\t\t\t\t<\/div>\n\t\t<\/div>\n\t\t\t\t\t\t\t<\/div>\n\t\t<\/section>\n\t\t\t\t\t\t\t<\/div>\n\t\t","protected":false},"excerpt":{"rendered":"<p>Merrni Informacion Tani Ngritja e K\u00ebmb\u00ebve Trajtimi m\u00eb p\u00ebrfundimtar p\u00ebr varjen e l\u00ebkur\u00ebs s\u00eb k\u00ebmb\u00ebs q\u00eb ndodh tek individ\u00ebt \u00ebsht\u00eb kryerja e operacionit p\u00ebr shtrirjen e k\u00ebmb\u00ebs. \u00cbsht\u00eb nj\u00eb lloj operacioni me rezultate shum\u00eb t\u00eb suksesshme. R\u00ebnia e l\u00ebkur\u00ebs e shkaktuar nga shtimi dhe humbja e tep\u00ebrt n\u00eb pesh\u00eb, pasiviteti dhe dieta me yndyr\u00eb mund [&hellip;]<\/p>\n","protected":false},"author":1,"featured_media":0,"parent":0,"menu_order":0,"comment_status":"closed","ping_status":"closed","template":"","meta":{"footnotes":""},"class_list":["post-839","page","type-page","status-publish","hentry"],"_links":{"self":[{"href":"https:\/\/alperince.com\/al\/wp-json\/wp\/v2\/pages\/839","targetHints":{"allow":["GET"]}}],"collection":[{"href":"https:\/\/alperince.com\/al\/wp-json\/wp\/v2\/pages"}],"about":[{"href":"https:\/\/alperince.com\/al\/wp-json\/wp\/v2\/types\/page"}],"author":[{"embeddable":true,"href":"https:\/\/alperince.com\/al\/wp-json\/wp\/v2\/users\/1"}],"replies":[{"embeddable":true,"href":"https:\/\/alperince.com\/al\/wp-json\/wp\/v2\/comments?post=839"}],"version-history":[{"count":24,"href":"https:\/\/alperince.com\/al\/wp-json\/wp\/v2\/pages\/839\/revisions"}],"predecessor-version":[{"id":1977,"href":"https:\/\/alperince.com\/al\/wp-json\/wp\/v2\/pages\/839\/revisions\/1977"}],"wp:attachment":[{"href":"https:\/\/alperince.com\/al\/wp-json\/wp\/v2\/media?parent=839"}],"curies":[{"name":"wp","href":"https:\/\/api.w.org\/{rel}","templated":true}]}}