{"id":877,"date":"2022-09-17T12:27:24","date_gmt":"2022-09-17T09:27:24","guid":{"rendered":"https:\/\/alperince.com\/al\/?page_id=877"},"modified":"2022-11-10T13:11:34","modified_gmt":"2022-11-10T10:11:34","slug":"transplanti-i-flokeve-te-dhi","status":"publish","type":"page","link":"https:\/\/alperince.com\/al\/transplanti-i-flokeve-te-dhi","title":{"rendered":"Transplanti i Flok\u00ebve t\u00eb DHI"},"content":{"rendered":"\t\t<div data-elementor-type=\"wp-page\" data-elementor-id=\"877\" class=\"elementor elementor-877\">\n\t\t\t\t\t\t\t\t\t<section class=\"elementor-section elementor-top-section elementor-element elementor-element-100bd8a5 elementor-section-boxed elementor-section-height-default elementor-section-height-default\" data-id=\"100bd8a5\" data-element_type=\"section\">\n\t\t\t\t\t\t<div class=\"elementor-container elementor-column-gap-default\">\n\t\t\t\t\t<div class=\"lqd-css-sticky-column elementor-column elementor-col-50 elementor-top-column elementor-element elementor-element-e34528d\" style=\"--lqd-sticky-offset:30px\" data-id=\"e34528d\" data-element_type=\"column\">\n\t\t\t<div class=\"elementor-widget-wrap elementor-element-populated\">\n\t\t\t\t\t\t\t\t<section class=\"elementor-section elementor-inner-section elementor-element elementor-element-6e3cb71 elementor-section-boxed elementor-section-height-default elementor-section-height-default\" data-id=\"6e3cb71\" data-element_type=\"section\">\n\t\t\t\t\t\t<div class=\"elementor-container elementor-column-gap-default\">\n\t\t\t\t\t<div class=\"elementor-column elementor-col-100 elementor-inner-column elementor-element elementor-element-4096a59\" data-id=\"4096a59\" data-element_type=\"column\" data-settings=\"{&quot;background_background&quot;:&quot;classic&quot;}\">\n\t\t\t<div class=\"elementor-widget-wrap elementor-element-populated\">\n\t\t\t\t\t\t\t\t<div class=\"elementor-element elementor-element-398b6a2 elementor-widget elementor-widget-hub_fancy_heading\" data-id=\"398b6a2\" data-element_type=\"widget\" data-widget_type=\"hub_fancy_heading.default\">\n\t\t\t\t<div class=\"elementor-widget-container\">\n\t\t\t\n\t\t<div id=\"ld-fancy-heading-69dff05eaa2a7\" class=\"ld-fancy-heading pos-rel\">\n\t\t\t<h2 class=\"ld-fh-element d-inline-block pos-rel  elementor-heading-title lqd-highlight-classic lqd-highlight-grow-left h2\"  > Merrni Informacion Tani<\/h2>\t\t<\/div>\n\n\t\t\t\t<\/div>\n\t\t\t\t<\/div>\n\t\t\t\t<div class=\"elementor-element elementor-element-6be2802 elementor-widget elementor-widget-ld_cf722\" data-id=\"6be2802\" data-element_type=\"widget\" data-widget_type=\"ld_cf722.default\">\n\t\t\t\t<div class=\"elementor-widget-container\">\n\t\t\t\n\t<div class=\"lqd-contact-form lqd-contact-form-inputs-filled lqd-contact-form-inputs-round lqd-contact-form-button-block lqd-contact-form-button-round\" >\n\t\t<div role=\"form\" class=\"wpcf7\" id=\"wpcf7-f6-o1\" lang=\"tr-TR\" dir=\"ltr\">\n<div class=\"screen-reader-response\"><p role=\"status\" aria-live=\"polite\" aria-atomic=\"true\"><\/p> <ul><\/ul><\/div>\n<form action=\"\/al\/wp-json\/wp\/v2\/pages\/877#wpcf7-f6-o1\" method=\"post\" class=\"wpcf7-form init\" novalidate=\"novalidate\" data-status=\"init\">\n<div style=\"display: none;\">\n<input type=\"hidden\" name=\"_wpcf7\" value=\"6\" \/>\n<input type=\"hidden\" name=\"_wpcf7_version\" value=\"5.6.3\" \/>\n<input type=\"hidden\" name=\"_wpcf7_locale\" value=\"tr_TR\" \/>\n<input type=\"hidden\" name=\"_wpcf7_unit_tag\" value=\"wpcf7-f6-o1\" \/>\n<input type=\"hidden\" name=\"_wpcf7_container_post\" value=\"0\" \/>\n<input type=\"hidden\" name=\"_wpcf7_posted_data_hash\" value=\"\" \/>\n<\/div>\n<p><span class=\"wpcf7-form-control-wrap\" data-name=\"adi\"><input type=\"text\" name=\"adi\" value=\"\" size=\"40\" class=\"wpcf7-form-control wpcf7-text wpcf7-validates-as-required\" aria-required=\"true\" aria-invalid=\"false\" placeholder=\"Emri\" \/><\/span><br \/>\n<span class=\"wpcf7-form-control-wrap\" data-name=\"telefon\"><input type=\"text\" name=\"telefon\" value=\"\" size=\"40\" class=\"wpcf7-form-control wpcf7-text wpcf7-validates-as-required\" aria-required=\"true\" aria-invalid=\"false\" placeholder=\"Numri i Telefonit\" \/><\/span><br \/>\n<span class=\"wpcf7-form-control-wrap\" data-name=\"mesaj\"><textarea name=\"mesaj\" cols=\"40\" rows=\"3\" class=\"wpcf7-form-control wpcf7-textarea\" aria-invalid=\"false\" placeholder=\"Mesazh\"><\/textarea><\/span><br \/>\n<input type=\"submit\" value=\"Paraqisni Formularin\" class=\"wpcf7-form-control has-spinner wpcf7-submit\" \/><\/p>\n<div class=\"wpcf7-response-output\" aria-hidden=\"true\"><\/div><\/form><\/div>\t<\/div>\n\n\t\t\t<\/div>\n\t\t\t\t<\/div>\n\t\t\t\t\t<\/div>\n\t\t<\/div>\n\t\t\t\t\t\t\t<\/div>\n\t\t<\/section>\n\t\t\t\t\t<\/div>\n\t\t<\/div>\n\t\t\t\t<div class=\"elementor-column elementor-col-50 elementor-top-column elementor-element elementor-element-231f3078\" data-id=\"231f3078\" data-element_type=\"column\">\n\t\t\t<div class=\"elementor-widget-wrap elementor-element-populated\">\n\t\t\t\t\t\t\t\t<div class=\"elementor-element elementor-element-cc9606b elementor-widget elementor-widget-image\" data-id=\"cc9606b\" data-element_type=\"widget\" data-widget_type=\"image.default\">\n\t\t\t\t<div class=\"elementor-widget-container\">\n\t\t\t<style>\/*! elementor - v3.7.4 - 31-08-2022 *\/\n.elementor-widget-image{text-align:center}.elementor-widget-image a{display:inline-block}.elementor-widget-image a img[src$=\".svg\"]{width:48px}.elementor-widget-image img{vertical-align:middle;display:inline-block}<\/style>\t\t\t\t\t\t\t\t\t\t\t\t<img decoding=\"async\" width=\"930\" height=\"550\" src=\"https:\/\/alperince.com\/al\/wp-content\/uploads\/2022\/09\/sac-ekimi1-header.jpg\" class=\"elementor-animation-float attachment-full size-full\" alt=\"\" srcset=\"https:\/\/alperince.com\/al\/wp-content\/uploads\/2022\/09\/sac-ekimi1-header.jpg 930w, https:\/\/alperince.com\/al\/wp-content\/uploads\/2022\/09\/sac-ekimi1-header-300x177.jpg 300w, https:\/\/alperince.com\/al\/wp-content\/uploads\/2022\/09\/sac-ekimi1-header-600x355.jpg 600w\" sizes=\"(max-width: 930px) 100vw, 930px\" \/>\t\t\t\t\t\t\t\t\t\t\t\t\t\t\t<\/div>\n\t\t\t\t<\/div>\n\t\t\t\t<div class=\"elementor-element elementor-element-c153a33 elementor-widget elementor-widget-spacer\" data-id=\"c153a33\" data-element_type=\"widget\" data-widget_type=\"spacer.default\">\n\t\t\t\t<div class=\"elementor-widget-container\">\n\t\t\t<style>\/*! elementor - v3.7.4 - 31-08-2022 *\/\n.elementor-column .elementor-spacer-inner{height:var(--spacer-size)}.e-container{--container-widget-width:100%}.e-container>.elementor-widget-spacer{width:var(--container-widget-width,var(--spacer-size));-ms-flex-item-align:stretch;align-self:stretch;-ms-flex-negative:0;flex-shrink:0}.e-container>.elementor-widget-spacer>.elementor-widget-container,.e-container>.elementor-widget-spacer>.elementor-widget-container>.elementor-spacer{height:100%}.e-container>.elementor-widget-spacer>.elementor-widget-container>.elementor-spacer>.elementor-spacer-inner{height:var(--container-widget-height,var(--spacer-size))}<\/style>\t\t<div class=\"elementor-spacer\">\n\t\t\t<div class=\"elementor-spacer-inner\"><\/div>\n\t\t<\/div>\n\t\t\t\t<\/div>\n\t\t\t\t<\/div>\n\t\t\t\t<div class=\"elementor-element elementor-element-527f0d1f elementor-widget elementor-widget-hub_fancy_heading\" data-id=\"527f0d1f\" data-element_type=\"widget\" data-widget_type=\"hub_fancy_heading.default\">\n\t\t\t\t<div class=\"elementor-widget-container\">\n\t\t\t\n\t\t<div id=\"ld-fancy-heading-69dff05eb2d99\" class=\"ld-fancy-heading pos-rel\">\n\t\t\t<h2 class=\"ld-fh-element d-inline-block pos-rel  elementor-heading-title lqd-highlight-classic lqd-highlight-grow-left h2\"  > Transplanti i Flok\u00ebve t\u00eb DHI<\/h2>\t\t<\/div>\n\n\t\t\t\t<\/div>\n\t\t\t\t<\/div>\n\t\t\t\t<div class=\"elementor-element elementor-element-7eef461 elementor-widget elementor-widget-text-editor\" data-id=\"7eef461\" data-element_type=\"widget\" data-widget_type=\"text-editor.default\">\n\t\t\t\t<div class=\"elementor-widget-container\">\n\t\t\t<style>\/*! elementor - v3.7.4 - 31-08-2022 *\/\n.elementor-widget-text-editor.elementor-drop-cap-view-stacked .elementor-drop-cap{background-color:#818a91;color:#fff}.elementor-widget-text-editor.elementor-drop-cap-view-framed .elementor-drop-cap{color:#818a91;border:3px solid;background-color:transparent}.elementor-widget-text-editor:not(.elementor-drop-cap-view-default) .elementor-drop-cap{margin-top:8px}.elementor-widget-text-editor:not(.elementor-drop-cap-view-default) .elementor-drop-cap-letter{width:1em;height:1em}.elementor-widget-text-editor .elementor-drop-cap{float:left;text-align:center;line-height:1;font-size:50px}.elementor-widget-text-editor .elementor-drop-cap-letter{display:inline-block}<\/style>\t\t\t\t<p>DHI Hair Transplantation (Direct Hair Implantation) do t\u00eb thot\u00eb &#8220;Transplantim i drejtp\u00ebrdrejt\u00eb i flok\u00ebve&#8221;. N\u00eb k\u00ebt\u00eb metod\u00eb, graftet mblidhen me ndihm\u00ebn e nj\u00eb stilolapsi mjek\u00ebsor t\u00eb quajtur choi, i cili duhet t\u00eb p\u00ebrdoret vet\u00ebm nga ekspert\u00ebt dhe m\u00eb pas flok\u00ebt e marra me k\u00ebt\u00eb stilolaps vendosen direkt n\u00eb l\u00ebkur\u00eb pa prerje apo hapje kanali. N\u00eb metodat e njohura t\u00eb mbjelljes s\u00eb flok\u00ebve, k\u00ebto dy operacione kryhen ve\u00e7mas, fal\u00eb stilolapsit t\u00eb posa\u00e7\u00ebm t\u00eb p\u00ebrdorur, procedura reduktohet n\u00eb nj\u00eb dhe pacientit i sigurohet rehati dhe komoditet. Shkurtimisht, nd\u00ebrsa teknika e transplantimit t\u00eb flok\u00ebve e quajtur FUE \u00ebsht\u00eb me tre faza, DHI \u00ebsht\u00eb me dy faza. Q\u00ebllimi i aplikimit; p\u00ebr t\u00eb rritur cil\u00ebsin\u00eb e transplantimit t\u00eb flok\u00ebve, p\u00ebr t\u00eb siguruar nj\u00eb imazh intensiv, p\u00ebr t\u00eb ruajtur imazhin ekzistues t\u00eb qimeve dhe p\u00ebr t\u00eb siguruar q\u00eb personi q\u00eb ka transplantin e flok\u00ebve t&#8217;i kthehet p\u00ebrditshm\u00ebris\u00eb s\u00eb tij shpejt pa i shkurtuar flok\u00ebt.<\/p><p><strong>Si b\u00ebhet transplantimi i flok\u00ebve me teknik\u00ebn Dhi?<\/strong><\/p><p>Me teknik\u00ebn e mbjelljes s\u00eb flok\u00ebve DHI, transplantimi i flok\u00ebve mund t\u00eb kryhet n\u00ebn anestezi lokale, t\u00eb rruar ose t\u00eb parruar. Folikulat e flok\u00ebve t\u00eb marra nga zona e dhuruesit transplantohen drejtp\u00ebrdrejt n\u00eb zon\u00ebn marr\u00ebse duke p\u00ebrdorur stilolapsin Dhi.<\/p><p>Nj\u00ebsia folikulare e marr\u00eb nga zona e dhuruesit vendoset brenda gjilp\u00ebr\u00ebs Choi. Folikujt e qimeve me trash\u00ebsi t\u00eb p\u00ebrshtatshme, t\u00eb cilat vendosen n\u00eb gjilp\u00ebra me diametra t\u00eb ndrysh\u00ebm me k\u00ebnd 40-45 grad\u00eb, mbillen nj\u00eb nga nj\u00eb n\u00eb zon\u00ebn q\u00eb do t\u00eb qoj\u00eb, n\u00eb p\u00ebrputhje me planifikimin e krijuar m\u00eb par\u00eb. Gjilp\u00ebra Choi, nd\u00ebrsa shtyn rr\u00ebnj\u00ebn e flok\u00ebve, nj\u00ebkoh\u00ebsisht e vendos rr\u00ebnj\u00ebn e flok\u00ebve n\u00eb kanalin q\u00eb hapi n\u00eb l\u00ebkur\u00ebn e kok\u00ebs.<\/p><p>N\u00eb operacionin e mbjelljes s\u00eb flok\u00ebve Dhi p\u00ebrdoren t\u00eb pakt\u00ebn 2 stilolapsa Choi dhe mesatarisht 10-12 maja t\u00eb ndryshme Choi. Maja dhe stilolapsa me diametra t\u00eb ndrysh\u00ebm zgjidhen individualisht sipas trash\u00ebsis\u00eb s\u00eb flok\u00ebve p\u00ebrpara operacionit.<\/p><p><strong>Cilat jan\u00eb fazat?<\/strong><\/p><p>Me aplikimin e anestezis\u00eb lokale n\u00eb zon\u00ebn e dhurimit, gj\u00ebndrat e flok\u00ebve relaksohen dhe folikulat e flok\u00ebve mblidhen me nj\u00eb stilolaps t\u00eb ve\u00e7ant\u00eb. M\u00eb pas, procesi i vendosjes s\u00eb folikulave t\u00eb qimeve t\u00eb mbledhura n\u00eb l\u00ebkur\u00ebn e kok\u00ebs fillon me k\u00ebt\u00eb pajisje speciale.<\/p><p>Rr\u00ebnj\u00ebt e flok\u00ebve vendosen n\u00eb l\u00ebkur\u00ebn e kok\u00ebs fal\u00eb stilolapsit special choi. Ky stilolaps ka nj\u00eb maj\u00eb shum\u00eb t\u00eb holl\u00eb, me maj\u00eb, por p\u00ebr shkak t\u00eb struktur\u00ebs s\u00eb tij t\u00eb ve\u00e7ant\u00eb, folikulat e flok\u00ebve mund t\u00eb futen n\u00eb t\u00eb. Ky stilolaps mjek\u00ebsor me maj\u00eb t\u00eb im\u00ebt, i cili zhytet n\u00eb l\u00ebkur\u00ebn e kok\u00ebs n\u00eb nj\u00eb k\u00ebnd t\u00eb p\u00ebrshtatsh\u00ebm, e vendos folikul\u00ebn e flok\u00ebve n\u00eb l\u00ebkur\u00ebn e kok\u00ebs kur shtypet n\u00eb zon\u00ebn e ve\u00e7ant\u00eb pas saj.<\/p><p>Kjo metod\u00eb, e cila zbatohet pa d\u00ebmtuar indet e sh\u00ebndetshme, \u00ebsht\u00eb e favorshme p\u00ebr faktin se lejon mbjellje m\u00eb t\u00eb shpeshta.<\/p><p>Arsyeja pse p\u00ebrgjith\u00ebsisht preferohet kjo metod\u00eb \u00ebsht\u00eb; Pasi merren rr\u00ebnj\u00ebt vendosen menj\u00ebher\u00eb pa pritur. K\u00ebshtu, shkalla e mbajtjes dhe probabiliteti q\u00eb graftet t\u00eb q\u00ebndrojn\u00eb t\u00eb sh\u00ebndetsh\u00ebm rriten. Edhe pse \u00ebsht\u00eb nj\u00eb teknik\u00eb q\u00eb ekziston prej koh\u00ebsh, ylli i saj s\u00eb fundmi ka shk\u00eblqyer.<\/p><p>\u00cbsht\u00eb jasht\u00ebzakonisht e r\u00ebnd\u00ebsishme q\u00eb procesi, i cili zgjat rreth 10-12 or\u00eb, t\u00eb b\u00ebhet nga njer\u00ebz me p\u00ebrvoj\u00eb. Ashtu si n\u00eb kirurgjin\u00eb robotike t\u00eb flok\u00ebve dhe metod\u00ebn Fue, kontrolli kryhet n\u00eb dit\u00ebn e par\u00eb pas procedur\u00ebs. Larja fillon n\u00eb dit\u00ebn e dyt\u00eb dhe vazhdon p\u00ebr tet\u00eb dit\u00eb.<\/p><p><strong>Cilat jan\u00eb avantazhet?<\/strong><\/p><ul><li>B\u00ebrja e brazd\u00ebs dhe vendosjes s\u00eb rr\u00ebnj\u00ebs s\u00eb flok\u00ebve n\u00eb t\u00eb nj\u00ebjt\u00ebn koh\u00eb lejon q\u00eb folikulat e mbledhura t\u00eb flok\u00ebve t\u00eb vendosen n\u00eb vend pa pritur p\u00ebr nj\u00eb koh\u00eb t\u00eb gjat\u00eb.<\/li><li>Lejon mbjellje m\u00eb t\u00eb shpeshta dhe pamje m\u00eb natyrale.<\/li><li>Fal\u00eb vegl\u00ebs s\u00eb tij speciale, koha e pritjes s\u00eb rr\u00ebnj\u00ebve gjat\u00eb transplantimit t\u00eb flok\u00ebve reduktohet. K\u00ebshtu, rreziku i humbjes s\u00eb rr\u00ebnj\u00ebve minimizohet.<\/li><li>Flok\u00ebt ekzistues nuk d\u00ebmtohen. \u00cbsht\u00eb nj\u00eb metod\u00eb q\u00eb mund t\u00eb aplikohet edhe te pacient\u00ebt t\u00eb cil\u00ebve r\u00ebnia e flok\u00ebve nuk ka p\u00ebrfunduar.<\/li><li>Pacienti p\u00ebrjeton nj\u00eb periudh\u00eb rikuperimi t\u00eb shpejt\u00eb.<\/li><\/ul><p><strong>A jam un\u00eb nj\u00eb kandidat i p\u00ebrshtatsh\u00ebm p\u00ebr transplantin e flok\u00ebve DHI?<\/strong><\/p><p>Me teknik\u00ebn e mbjelljes s\u00eb flok\u00ebve Dhi, ju i n\u00ebnshtroheni nj\u00eb ekzaminimi t\u00eb detajuar p\u00ebrpara operacionit t\u00eb mbjelljes s\u00eb flok\u00ebve. Protokolli i kirurgjis\u00eb s\u00eb p\u00ebrgjithshme zbatohet n\u00eb k\u00ebt\u00eb faz\u00eb p\u00ebr t&#8217;u siguruar q\u00eb nuk ka ndonj\u00eb problem sh\u00ebndet\u00ebsor q\u00eb do t\u00eb parandaloj\u00eb operacionin. Gjat\u00eb kryerjes s\u00eb analizave t\u00eb nevojshme dhe analizave t\u00eb gjakut, b\u00ebhet analiza e zon\u00ebs dhuruese.<\/p><p>Nj\u00eb konsult\u00eb e detajuar personale sipas mosh\u00ebs s\u00eb pacientit dhe llojit t\u00eb r\u00ebnies s\u00eb flok\u00ebve \u00ebsht\u00eb jasht\u00ebzakonisht e r\u00ebnd\u00ebsishme p\u00ebr sa i p\u00ebrket r\u00ebnies s\u00eb ardhshme t\u00eb flok\u00ebve dhe k\u00ebnaq\u00ebsis\u00eb s\u00eb pacientit n\u00eb transplantimin e flok\u00ebve.<\/p><p><strong>Pas transplantimit t\u00eb flok\u00ebve DHI<\/strong><\/p><p>Kujdesi p\u00ebr plag\u00ebn dhe larja e par\u00eb b\u00ebhen nj\u00eb ose dy dit\u00eb pas operacionit t\u00eb mbjelljes s\u00eb flok\u00ebve Dhi. Kontrollohet gjendja e folikulave t\u00eb flok\u00ebve. Pas k\u00ebsaj faze, gradualisht relaksohet. Dit\u00ebt e para jan\u00eb periudha m\u00eb e ndjeshme n\u00eb mbjelljen e flok\u00ebve Dhi. Pas dit\u00ebs s\u00eb dyt\u00eb, pacienti mund t\u00eb kthehet n\u00eb vendin e tij.<\/p>\t\t\t\t\t\t<\/div>\n\t\t\t\t<\/div>\n\t\t\t\t\t<\/div>\n\t\t<\/div>\n\t\t\t\t\t\t\t<\/div>\n\t\t<\/section>\n\t\t\t\t\t\t\t<\/div>\n\t\t","protected":false},"excerpt":{"rendered":"<p>Merrni Informacion Tani Transplanti i Flok\u00ebve t\u00eb DHI DHI Hair Transplantation (Direct Hair Implantation) do t\u00eb thot\u00eb &#8220;Transplantim i drejtp\u00ebrdrejt\u00eb i flok\u00ebve&#8221;. N\u00eb k\u00ebt\u00eb metod\u00eb, graftet mblidhen me ndihm\u00ebn e nj\u00eb stilolapsi mjek\u00ebsor t\u00eb quajtur choi, i cili duhet t\u00eb p\u00ebrdoret vet\u00ebm nga ekspert\u00ebt dhe m\u00eb pas flok\u00ebt e marra me k\u00ebt\u00eb stilolaps vendosen direkt [&hellip;]<\/p>\n","protected":false},"author":1,"featured_media":0,"parent":0,"menu_order":0,"comment_status":"closed","ping_status":"closed","template":"","meta":{"footnotes":""},"class_list":["post-877","page","type-page","status-publish","hentry"],"_links":{"self":[{"href":"https:\/\/alperince.com\/al\/wp-json\/wp\/v2\/pages\/877","targetHints":{"allow":["GET"]}}],"collection":[{"href":"https:\/\/alperince.com\/al\/wp-json\/wp\/v2\/pages"}],"about":[{"href":"https:\/\/alperince.com\/al\/wp-json\/wp\/v2\/types\/page"}],"author":[{"embeddable":true,"href":"https:\/\/alperince.com\/al\/wp-json\/wp\/v2\/users\/1"}],"replies":[{"embeddable":true,"href":"https:\/\/alperince.com\/al\/wp-json\/wp\/v2\/comments?post=877"}],"version-history":[{"count":21,"href":"https:\/\/alperince.com\/al\/wp-json\/wp\/v2\/pages\/877\/revisions"}],"predecessor-version":[{"id":1985,"href":"https:\/\/alperince.com\/al\/wp-json\/wp\/v2\/pages\/877\/revisions\/1985"}],"wp:attachment":[{"href":"https:\/\/alperince.com\/al\/wp-json\/wp\/v2\/media?parent=877"}],"curies":[{"name":"wp","href":"https:\/\/api.w.org\/{rel}","templated":true}]}}