{"id":882,"date":"2022-09-17T12:29:31","date_gmt":"2022-09-17T09:29:31","guid":{"rendered":"https:\/\/alperince.com\/al\/?page_id=882"},"modified":"2022-11-10T13:12:30","modified_gmt":"2022-11-10T10:12:30","slug":"transplanti-i-flokeve-me-safir","status":"publish","type":"page","link":"https:\/\/alperince.com\/al\/transplanti-i-flokeve-me-safir","title":{"rendered":"Transplanti i Flokeve me Safir"},"content":{"rendered":"\t\t<div data-elementor-type=\"wp-page\" data-elementor-id=\"882\" class=\"elementor elementor-882\">\n\t\t\t\t\t\t\t\t\t<section class=\"elementor-section elementor-top-section elementor-element elementor-element-100bd8a5 elementor-section-boxed elementor-section-height-default elementor-section-height-default\" data-id=\"100bd8a5\" data-element_type=\"section\">\n\t\t\t\t\t\t<div class=\"elementor-container elementor-column-gap-default\">\n\t\t\t\t\t<div class=\"lqd-css-sticky-column elementor-column elementor-col-50 elementor-top-column elementor-element elementor-element-b624944\" style=\"--lqd-sticky-offset:30px\" data-id=\"b624944\" data-element_type=\"column\">\n\t\t\t<div class=\"elementor-widget-wrap elementor-element-populated\">\n\t\t\t\t\t\t\t\t<section class=\"elementor-section elementor-inner-section elementor-element elementor-element-32edaa2 elementor-section-boxed elementor-section-height-default elementor-section-height-default\" data-id=\"32edaa2\" data-element_type=\"section\">\n\t\t\t\t\t\t<div class=\"elementor-container elementor-column-gap-default\">\n\t\t\t\t\t<div class=\"elementor-column elementor-col-100 elementor-inner-column elementor-element elementor-element-b88b307\" data-id=\"b88b307\" data-element_type=\"column\" data-settings=\"{&quot;background_background&quot;:&quot;classic&quot;}\">\n\t\t\t<div class=\"elementor-widget-wrap elementor-element-populated\">\n\t\t\t\t\t\t\t\t<div class=\"elementor-element elementor-element-741a63f elementor-widget elementor-widget-hub_fancy_heading\" data-id=\"741a63f\" data-element_type=\"widget\" data-widget_type=\"hub_fancy_heading.default\">\n\t\t\t\t<div class=\"elementor-widget-container\">\n\t\t\t\n\t\t<div id=\"ld-fancy-heading-69dfd30c4124e\" class=\"ld-fancy-heading pos-rel\">\n\t\t\t<h2 class=\"ld-fh-element d-inline-block pos-rel  elementor-heading-title lqd-highlight-classic lqd-highlight-grow-left h2\"  > Merrni Informacion Tani<\/h2>\t\t<\/div>\n\n\t\t\t\t<\/div>\n\t\t\t\t<\/div>\n\t\t\t\t<div class=\"elementor-element elementor-element-46c27d1 elementor-widget elementor-widget-ld_cf722\" data-id=\"46c27d1\" data-element_type=\"widget\" data-widget_type=\"ld_cf722.default\">\n\t\t\t\t<div class=\"elementor-widget-container\">\n\t\t\t\n\t<div class=\"lqd-contact-form lqd-contact-form-inputs-filled lqd-contact-form-inputs-round lqd-contact-form-button-block lqd-contact-form-button-round\" >\n\t\t<div role=\"form\" class=\"wpcf7\" id=\"wpcf7-f6-o1\" lang=\"tr-TR\" dir=\"ltr\">\n<div class=\"screen-reader-response\"><p role=\"status\" aria-live=\"polite\" aria-atomic=\"true\"><\/p> <ul><\/ul><\/div>\n<form action=\"\/al\/wp-json\/wp\/v2\/pages\/882#wpcf7-f6-o1\" method=\"post\" class=\"wpcf7-form init\" novalidate=\"novalidate\" data-status=\"init\">\n<div style=\"display: none;\">\n<input type=\"hidden\" name=\"_wpcf7\" value=\"6\" \/>\n<input type=\"hidden\" name=\"_wpcf7_version\" value=\"5.6.3\" \/>\n<input type=\"hidden\" name=\"_wpcf7_locale\" value=\"tr_TR\" \/>\n<input type=\"hidden\" name=\"_wpcf7_unit_tag\" value=\"wpcf7-f6-o1\" \/>\n<input type=\"hidden\" name=\"_wpcf7_container_post\" value=\"0\" \/>\n<input type=\"hidden\" name=\"_wpcf7_posted_data_hash\" value=\"\" \/>\n<\/div>\n<p><span class=\"wpcf7-form-control-wrap\" data-name=\"adi\"><input type=\"text\" name=\"adi\" value=\"\" size=\"40\" class=\"wpcf7-form-control wpcf7-text wpcf7-validates-as-required\" aria-required=\"true\" aria-invalid=\"false\" placeholder=\"Emri\" \/><\/span><br \/>\n<span class=\"wpcf7-form-control-wrap\" data-name=\"telefon\"><input type=\"text\" name=\"telefon\" value=\"\" size=\"40\" class=\"wpcf7-form-control wpcf7-text wpcf7-validates-as-required\" aria-required=\"true\" aria-invalid=\"false\" placeholder=\"Numri i Telefonit\" \/><\/span><br \/>\n<span class=\"wpcf7-form-control-wrap\" data-name=\"mesaj\"><textarea name=\"mesaj\" cols=\"40\" rows=\"3\" class=\"wpcf7-form-control wpcf7-textarea\" aria-invalid=\"false\" placeholder=\"Mesazh\"><\/textarea><\/span><br \/>\n<input type=\"submit\" value=\"Paraqisni Formularin\" class=\"wpcf7-form-control has-spinner wpcf7-submit\" \/><\/p>\n<div class=\"wpcf7-response-output\" aria-hidden=\"true\"><\/div><\/form><\/div>\t<\/div>\n\n\t\t\t<\/div>\n\t\t\t\t<\/div>\n\t\t\t\t\t<\/div>\n\t\t<\/div>\n\t\t\t\t\t\t\t<\/div>\n\t\t<\/section>\n\t\t\t\t\t<\/div>\n\t\t<\/div>\n\t\t\t\t<div class=\"elementor-column elementor-col-50 elementor-top-column elementor-element elementor-element-231f3078\" data-id=\"231f3078\" data-element_type=\"column\">\n\t\t\t<div class=\"elementor-widget-wrap elementor-element-populated\">\n\t\t\t\t\t\t\t\t<div class=\"elementor-element elementor-element-cc9606b elementor-widget elementor-widget-image\" data-id=\"cc9606b\" data-element_type=\"widget\" data-widget_type=\"image.default\">\n\t\t\t\t<div class=\"elementor-widget-container\">\n\t\t\t<style>\/*! elementor - v3.7.4 - 31-08-2022 *\/\n.elementor-widget-image{text-align:center}.elementor-widget-image a{display:inline-block}.elementor-widget-image a img[src$=\".svg\"]{width:48px}.elementor-widget-image img{vertical-align:middle;display:inline-block}<\/style>\t\t\t\t\t\t\t\t\t\t\t\t<img decoding=\"async\" width=\"930\" height=\"550\" src=\"https:\/\/alperince.com\/al\/wp-content\/uploads\/2022\/09\/sac-ekimi2-header.jpg\" class=\"elementor-animation-float attachment-full size-full\" alt=\"\" srcset=\"https:\/\/alperince.com\/al\/wp-content\/uploads\/2022\/09\/sac-ekimi2-header.jpg 930w, https:\/\/alperince.com\/al\/wp-content\/uploads\/2022\/09\/sac-ekimi2-header-300x177.jpg 300w, https:\/\/alperince.com\/al\/wp-content\/uploads\/2022\/09\/sac-ekimi2-header-600x355.jpg 600w\" sizes=\"(max-width: 930px) 100vw, 930px\" \/>\t\t\t\t\t\t\t\t\t\t\t\t\t\t\t<\/div>\n\t\t\t\t<\/div>\n\t\t\t\t<div class=\"elementor-element elementor-element-c153a33 elementor-widget elementor-widget-spacer\" data-id=\"c153a33\" data-element_type=\"widget\" data-widget_type=\"spacer.default\">\n\t\t\t\t<div class=\"elementor-widget-container\">\n\t\t\t<style>\/*! elementor - v3.7.4 - 31-08-2022 *\/\n.elementor-column .elementor-spacer-inner{height:var(--spacer-size)}.e-container{--container-widget-width:100%}.e-container>.elementor-widget-spacer{width:var(--container-widget-width,var(--spacer-size));-ms-flex-item-align:stretch;align-self:stretch;-ms-flex-negative:0;flex-shrink:0}.e-container>.elementor-widget-spacer>.elementor-widget-container,.e-container>.elementor-widget-spacer>.elementor-widget-container>.elementor-spacer{height:100%}.e-container>.elementor-widget-spacer>.elementor-widget-container>.elementor-spacer>.elementor-spacer-inner{height:var(--container-widget-height,var(--spacer-size))}<\/style>\t\t<div class=\"elementor-spacer\">\n\t\t\t<div class=\"elementor-spacer-inner\"><\/div>\n\t\t<\/div>\n\t\t\t\t<\/div>\n\t\t\t\t<\/div>\n\t\t\t\t<div class=\"elementor-element elementor-element-527f0d1f elementor-widget elementor-widget-hub_fancy_heading\" data-id=\"527f0d1f\" data-element_type=\"widget\" data-widget_type=\"hub_fancy_heading.default\">\n\t\t\t\t<div class=\"elementor-widget-container\">\n\t\t\t\n\t\t<div id=\"ld-fancy-heading-69dfd30c4caad\" class=\"ld-fancy-heading pos-rel\">\n\t\t\t<h2 class=\"ld-fh-element d-inline-block pos-rel  elementor-heading-title lqd-highlight-classic lqd-highlight-grow-left h2\"  > Transplanti i Flokeve me Safir<\/h2>\t\t<\/div>\n\n\t\t\t\t<\/div>\n\t\t\t\t<\/div>\n\t\t\t\t<div class=\"elementor-element elementor-element-7eef461 elementor-widget elementor-widget-text-editor\" data-id=\"7eef461\" data-element_type=\"widget\" data-widget_type=\"text-editor.default\">\n\t\t\t\t<div class=\"elementor-widget-container\">\n\t\t\t<style>\/*! elementor - v3.7.4 - 31-08-2022 *\/\n.elementor-widget-text-editor.elementor-drop-cap-view-stacked .elementor-drop-cap{background-color:#818a91;color:#fff}.elementor-widget-text-editor.elementor-drop-cap-view-framed .elementor-drop-cap{color:#818a91;border:3px solid;background-color:transparent}.elementor-widget-text-editor:not(.elementor-drop-cap-view-default) .elementor-drop-cap{margin-top:8px}.elementor-widget-text-editor:not(.elementor-drop-cap-view-default) .elementor-drop-cap-letter{width:1em;height:1em}.elementor-widget-text-editor .elementor-drop-cap{float:left;text-align:center;line-height:1;font-size:50px}.elementor-widget-text-editor .elementor-drop-cap-letter{display:inline-block}<\/style>\t\t\t\t<p>Teknika m\u00eb e p\u00ebrdorur e mbjelljes s\u00eb flok\u00ebve n\u00eb bot\u00eb \u00ebsht\u00eb FUE (Follicular Unit Extraction). Kjo teknik\u00eb konsiston n\u00eb mbledhjen e folikulave t\u00eb qimeve, hapjen e kanaleve dhe mbjelljen e rr\u00ebnj\u00ebve t\u00eb quajtura graft n\u00eb kanalet e hapura.<\/p><p>Stilolapsa speciale me maj\u00eb safiri jan\u00eb zhvilluar si nj\u00eb metod\u00eb q\u00eb lejon q\u00eb deformimi i indeve t\u00eb minimizohet gjat\u00eb hapjes s\u00eb kanalit, q\u00eb \u00ebsht\u00eb nj\u00eb faz\u00eb e teknik\u00ebs FUE, dhe frekuenc\u00ebs maksimale t\u00eb hapjes s\u00eb kanalit. Ky model mbjelljeje, i quajtur Sapphire FUE, \u00ebsht\u00eb nj\u00eb operacion FUE n\u00eb t\u00eb cilin p\u00ebrdoren stilolapsa me maj\u00eb t\u00eb v\u00ebrtet\u00eb safiri.<\/p><p>Nj\u00eb mjet prer\u00ebs i quajtur \u00e7arje p\u00ebrdoret kur hapet kanali gjat\u00eb transplantimit t\u00eb flok\u00ebve. Megjithat\u00eb, meqen\u00ebse shkat\u00ebrrimi i indeve \u00ebsht\u00eb i lart\u00eb n\u00eb mbjellje me k\u00ebto t\u00eb \u00e7ara \u00e7eliku, koha e rikuperimit \u00ebsht\u00eb relativisht e gjat\u00eb. \u00cbsht\u00eb e mundur t\u00eb b\u00ebhet nj\u00eb mbjellje e dendur dhe natyrale p\u00ebr shkak t\u00eb mund\u00ebsis\u00eb s\u00eb hapjes s\u00eb mikro kanaleve me stilolapsa me maj\u00eb safiri. Duke qen\u00eb se kanalet hapen n\u00eb nivel mikro, ka nj\u00eb proces sh\u00ebrimi shum\u00eb m\u00eb t\u00eb shpejt\u00eb n\u00eb krahasim me teknikat e tjera t\u00eb mbjelljes s\u00eb flok\u00ebve. Pas mbjelljes, korja \u00ebsht\u00eb minimale dhe ky \u00ebsht\u00eb nj\u00eb rezultat q\u00eb rrit komoditetin e pacientit.<\/p><p><strong>Si aplikohet transplanti i flok\u00ebve me safir?<\/strong><\/p><p>N\u00eb teknik\u00ebn e transplantimit t\u00eb flok\u00ebve Sapphire FUE, folikulat e flok\u00ebve mblidhen duke p\u00ebrdorur teknik\u00ebn FUE. Megjithat\u00eb, kanalet n\u00eb zon\u00ebn ku do t\u00eb kryhet transplantimi i flok\u00ebve nuk hapen me \u00e7elik si n\u00eb metod\u00ebn FUE, por me mineral safiri n\u00eb form\u00eb stilolapsi.<\/p><p>Majat e safirit mund\u00ebsojn\u00eb hapjen e mikrokanaleve shum\u00eb m\u00eb t\u00eb vogla, m\u00eb t\u00eb l\u00ebmuara dhe m\u00eb t\u00eb dendura se \u00e7eliku n\u00eb zon\u00ebn ku do t\u00eb b\u00ebhet mbjellja. Mikrohapja e kanaleve minimizon deformimin e indeve dhe redukton koren. K\u00ebshtu, pas aplikimit, skalpi i kok\u00ebs sh\u00ebrohet shpejt dhe nuk mbeten shenja t\u00eb dukshme. K\u00ebto mikrokanale t\u00eb hapura me transplantin e flok\u00ebve Sapphire FUE gjithashtu lejojn\u00eb q\u00eb folikulat e flok\u00ebve t\u00eb mbillen shpesh dhe n\u00eb p\u00ebrputhje me drejtimin natyror t\u00eb rritjes. Fal\u00eb k\u00ebsaj teknike, ata q\u00eb p\u00ebrjetojn\u00eb r\u00ebnie t\u00eb flok\u00ebve kan\u00eb flok\u00eb natyral\u00eb q\u00eb nuk mund t\u00eb dallohen nga flok\u00ebt e tyre.<\/p><p>Transplantimi i flok\u00ebve Sapphire FUE mund t\u00eb aplikohet n\u00eb kombinim me metoda t\u00eb tjera q\u00eb rrisin rehatin\u00eb dhe k\u00ebnaq\u00ebsin\u00eb e pacientit, si transplantimi i flok\u00ebve t\u00eb qet\u00eb dhe transplantimi i flok\u00ebve t\u00eb pa rruar.<\/p><p><strong>P\u00ebrpar\u00ebsit\u00eb e transplantimit t\u00eb flok\u00ebve me safir<\/strong><\/p><p>Sapphire tips, t\u00eb cilat jan\u00eb produktet e teknologjis\u00eb m\u00eb t\u00eb fundit t\u00eb p\u00ebrdorura n\u00eb transplantin e flok\u00ebve Sapphire FUE, ofrojn\u00eb rezultate m\u00eb estetike dhe t\u00eb sh\u00ebndetshme sesa majat e \u00e7elikut. Meqen\u00ebse kanalet e hapura me stilolaps safiri jan\u00eb shum\u00eb m\u00eb t\u00eb vogla dhe m\u00eb t\u00eb l\u00ebmuara, kjo metod\u00eb p\u00ebrjeton m\u00eb pak d\u00ebmtim t\u00eb indeve n\u00eb krahasim me teknikat e tjera t\u00eb transplantimit t\u00eb flok\u00ebve. K\u00ebshtu, pas aplikimit, indet sh\u00ebrohen shpejt pa l\u00ebn\u00eb shenja t\u00eb dukshme.<\/p><p>Stilolapsi shum\u00eb i holl\u00eb me maj\u00eb safiri lejon q\u00eb kanalet t\u00eb hapen n\u00eb p\u00ebrputhje me madh\u00ebsin\u00eb dhe k\u00ebndin e folikulave t\u00eb flok\u00ebve. K\u00ebshtu, folikulat e flok\u00ebve mund t\u00eb vendosen brenda kanaleve n\u00eb nj\u00eb k\u00ebnd natyral. Kjo siguron q\u00eb flok\u00ebt e transplantuar t\u00eb ngjiten m\u00eb fort n\u00eb l\u00ebkur\u00ebn e kok\u00ebs dhe ofrojn\u00eb nj\u00eb pamje shum\u00eb natyrale.<\/p><p>Stilolapsi me maj\u00eb safiri i p\u00ebrdorur n\u00eb metod\u00ebn Sapphire FUE mund\u00ebson hapjen e mikrokanaleve n\u00eb madh\u00ebsin\u00eb e folikulit t\u00eb qimeve. Kjo lejon q\u00eb kanalet t\u00eb hapen n\u00eb intervale m\u00eb t\u00eb shpeshta dhe rr\u00ebnj\u00ebt t\u00eb mbillen m\u00eb af\u00ebr nj\u00ebra-tjetr\u00ebs n\u00eb zon\u00ebn ku do t\u00eb kryhet transplantimi i flok\u00ebve. N\u00eb metod\u00ebn Sapphire FUE, nj\u00eb pamje m\u00eb natyrale dhe m\u00eb e plot\u00eb arrihet duke mbjell\u00eb shpesh folikulat e flok\u00ebve n\u00eb krahasim me teknikat e tjera.<\/p><p><strong>Cil\u00ebt jan\u00eb kandidat\u00eb t\u00eb p\u00ebrshtatsh\u00ebm p\u00ebr transplantin e flok\u00ebve me safir?<\/strong><\/p><p>T\u00eb gjith\u00eb burrat dhe grat\u00eb e mosh\u00ebs 20-60 vje\u00e7, t\u00eb cil\u00ebt kan\u00eb folikula t\u00eb mjaftueshme t\u00eb flok\u00ebve n\u00eb zon\u00ebn e dhurimit, mund t\u00eb rifitojn\u00eb flok\u00ebt e humbur me teknik\u00ebn e transplantimit t\u00eb flok\u00ebve Sapphire FUE.<\/p><p>Transplantimi i flok\u00ebve Sapphire FUE \u00ebsht\u00eb nj\u00eb zgjidhje e p\u00ebrhershme kund\u00ebr r\u00ebnies tipike t\u00eb flok\u00ebve si hapja n\u00eb t\u00ebmth, largimi i vij\u00ebs s\u00eb ballit, hapja e flok\u00ebve nga lart ose rrallimi homogjen, pasi mund t\u00eb p\u00ebrdoret n\u00eb rast t\u00eb r\u00ebnies s\u00eb fort\u00eb t\u00eb flok\u00ebve n\u00eb nj\u00eb zon\u00eb t\u00eb madhe.<\/p><p><strong>Pas transplantimit t\u00eb flok\u00ebve me safir<\/strong><\/p><p>Pas p\u00ebrfundimit t\u00eb operacionit t\u00eb mbjelljes s\u00eb flok\u00ebve, ata kalojn\u00eb t\u00eb pakt\u00ebn edhe dy dit\u00eb n\u00eb Turqi derisa t\u00eb b\u00ebhet larja e par\u00eb. Pas operacionit pacienti duhet t\u00eb pushoj\u00eb, por t\u00eb nes\u00ebrmen mund t\u00eb eksploroni nj\u00eb nga qytetet m\u00eb t\u00eb bukura n\u00eb bot\u00eb, Stambollin. Nj\u00eb nga gj\u00ebrat m\u00eb t\u00eb r\u00ebnd\u00ebsishme q\u00eb duhet llogaritur nd\u00ebr avantazhet e transplantit t\u00eb flok\u00ebve n\u00eb Stamboll \u00ebsht\u00eb kjo atmosfer\u00eb turistike.<\/p>\t\t\t\t\t\t<\/div>\n\t\t\t\t<\/div>\n\t\t\t\t\t<\/div>\n\t\t<\/div>\n\t\t\t\t\t\t\t<\/div>\n\t\t<\/section>\n\t\t\t\t\t\t\t<\/div>\n\t\t","protected":false},"excerpt":{"rendered":"<p>Merrni Informacion Tani Transplanti i Flokeve me Safir Teknika m\u00eb e p\u00ebrdorur e mbjelljes s\u00eb flok\u00ebve n\u00eb bot\u00eb \u00ebsht\u00eb FUE (Follicular Unit Extraction). Kjo teknik\u00eb konsiston n\u00eb mbledhjen e folikulave t\u00eb qimeve, hapjen e kanaleve dhe mbjelljen e rr\u00ebnj\u00ebve t\u00eb quajtura graft n\u00eb kanalet e hapura. Stilolapsa speciale me maj\u00eb safiri jan\u00eb zhvilluar si nj\u00eb [&hellip;]<\/p>\n","protected":false},"author":1,"featured_media":0,"parent":0,"menu_order":0,"comment_status":"closed","ping_status":"closed","template":"","meta":{"footnotes":""},"class_list":["post-882","page","type-page","status-publish","hentry"],"_links":{"self":[{"href":"https:\/\/alperince.com\/al\/wp-json\/wp\/v2\/pages\/882","targetHints":{"allow":["GET"]}}],"collection":[{"href":"https:\/\/alperince.com\/al\/wp-json\/wp\/v2\/pages"}],"about":[{"href":"https:\/\/alperince.com\/al\/wp-json\/wp\/v2\/types\/page"}],"author":[{"embeddable":true,"href":"https:\/\/alperince.com\/al\/wp-json\/wp\/v2\/users\/1"}],"replies":[{"embeddable":true,"href":"https:\/\/alperince.com\/al\/wp-json\/wp\/v2\/comments?post=882"}],"version-history":[{"count":21,"href":"https:\/\/alperince.com\/al\/wp-json\/wp\/v2\/pages\/882\/revisions"}],"predecessor-version":[{"id":1989,"href":"https:\/\/alperince.com\/al\/wp-json\/wp\/v2\/pages\/882\/revisions\/1989"}],"wp:attachment":[{"href":"https:\/\/alperince.com\/al\/wp-json\/wp\/v2\/media?parent=882"}],"curies":[{"name":"wp","href":"https:\/\/api.w.org\/{rel}","templated":true}]}}