{"id":898,"date":"2022-09-17T12:34:21","date_gmt":"2022-09-17T09:34:21","guid":{"rendered":"https:\/\/alperince.com\/al\/?page_id=898"},"modified":"2022-11-10T13:14:22","modified_gmt":"2022-11-10T10:14:22","slug":"transplantimi-i-mjekres-dhe-mustaqeve","status":"publish","type":"page","link":"https:\/\/alperince.com\/al\/transplantimi-i-mjekres-dhe-mustaqeve","title":{"rendered":"Transplantimi i Mjekr\u00ebs Dhe Mustaqeve"},"content":{"rendered":"\t\t<div data-elementor-type=\"wp-page\" data-elementor-id=\"898\" class=\"elementor elementor-898\">\n\t\t\t\t\t\t\t\t\t<section class=\"elementor-section elementor-top-section elementor-element elementor-element-100bd8a5 elementor-section-boxed elementor-section-height-default elementor-section-height-default\" data-id=\"100bd8a5\" data-element_type=\"section\">\n\t\t\t\t\t\t<div class=\"elementor-container elementor-column-gap-default\">\n\t\t\t\t\t<div class=\"lqd-css-sticky-column elementor-column elementor-col-50 elementor-top-column elementor-element elementor-element-6f3b42f\" style=\"--lqd-sticky-offset:30px\" data-id=\"6f3b42f\" data-element_type=\"column\">\n\t\t\t<div class=\"elementor-widget-wrap elementor-element-populated\">\n\t\t\t\t\t\t\t\t<section class=\"elementor-section elementor-inner-section elementor-element elementor-element-f46f463 elementor-section-boxed elementor-section-height-default elementor-section-height-default\" data-id=\"f46f463\" data-element_type=\"section\">\n\t\t\t\t\t\t<div class=\"elementor-container elementor-column-gap-default\">\n\t\t\t\t\t<div class=\"elementor-column elementor-col-100 elementor-inner-column elementor-element elementor-element-4ae9dfa\" data-id=\"4ae9dfa\" data-element_type=\"column\" data-settings=\"{&quot;background_background&quot;:&quot;classic&quot;}\">\n\t\t\t<div class=\"elementor-widget-wrap elementor-element-populated\">\n\t\t\t\t\t\t\t\t<div class=\"elementor-element elementor-element-812f927 elementor-widget elementor-widget-hub_fancy_heading\" data-id=\"812f927\" data-element_type=\"widget\" data-widget_type=\"hub_fancy_heading.default\">\n\t\t\t\t<div class=\"elementor-widget-container\">\n\t\t\t\n\t\t<div id=\"ld-fancy-heading-69dfefd2247a3\" class=\"ld-fancy-heading pos-rel\">\n\t\t\t<h2 class=\"ld-fh-element d-inline-block pos-rel  elementor-heading-title lqd-highlight-classic lqd-highlight-grow-left h2\"  > Merrni Informacion Tani<\/h2>\t\t<\/div>\n\n\t\t\t\t<\/div>\n\t\t\t\t<\/div>\n\t\t\t\t<div class=\"elementor-element elementor-element-296fdfc elementor-widget elementor-widget-ld_cf722\" data-id=\"296fdfc\" data-element_type=\"widget\" data-widget_type=\"ld_cf722.default\">\n\t\t\t\t<div class=\"elementor-widget-container\">\n\t\t\t\n\t<div class=\"lqd-contact-form lqd-contact-form-inputs-filled lqd-contact-form-inputs-round lqd-contact-form-button-block lqd-contact-form-button-round\" >\n\t\t<div role=\"form\" class=\"wpcf7\" id=\"wpcf7-f6-o1\" lang=\"tr-TR\" dir=\"ltr\">\n<div class=\"screen-reader-response\"><p role=\"status\" aria-live=\"polite\" aria-atomic=\"true\"><\/p> <ul><\/ul><\/div>\n<form action=\"\/al\/wp-json\/wp\/v2\/pages\/898#wpcf7-f6-o1\" method=\"post\" class=\"wpcf7-form init\" novalidate=\"novalidate\" data-status=\"init\">\n<div style=\"display: none;\">\n<input type=\"hidden\" name=\"_wpcf7\" value=\"6\" \/>\n<input type=\"hidden\" name=\"_wpcf7_version\" value=\"5.6.3\" \/>\n<input type=\"hidden\" name=\"_wpcf7_locale\" value=\"tr_TR\" \/>\n<input type=\"hidden\" name=\"_wpcf7_unit_tag\" value=\"wpcf7-f6-o1\" \/>\n<input type=\"hidden\" name=\"_wpcf7_container_post\" value=\"0\" \/>\n<input type=\"hidden\" name=\"_wpcf7_posted_data_hash\" value=\"\" \/>\n<\/div>\n<p><span class=\"wpcf7-form-control-wrap\" data-name=\"adi\"><input type=\"text\" name=\"adi\" value=\"\" size=\"40\" class=\"wpcf7-form-control wpcf7-text wpcf7-validates-as-required\" aria-required=\"true\" aria-invalid=\"false\" placeholder=\"Emri\" \/><\/span><br \/>\n<span class=\"wpcf7-form-control-wrap\" data-name=\"telefon\"><input type=\"text\" name=\"telefon\" value=\"\" size=\"40\" class=\"wpcf7-form-control wpcf7-text wpcf7-validates-as-required\" aria-required=\"true\" aria-invalid=\"false\" placeholder=\"Numri i Telefonit\" \/><\/span><br \/>\n<span class=\"wpcf7-form-control-wrap\" data-name=\"mesaj\"><textarea name=\"mesaj\" cols=\"40\" rows=\"3\" class=\"wpcf7-form-control wpcf7-textarea\" aria-invalid=\"false\" placeholder=\"Mesazh\"><\/textarea><\/span><br \/>\n<input type=\"submit\" value=\"Paraqisni Formularin\" class=\"wpcf7-form-control has-spinner wpcf7-submit\" \/><\/p>\n<div class=\"wpcf7-response-output\" aria-hidden=\"true\"><\/div><\/form><\/div>\t<\/div>\n\n\t\t\t<\/div>\n\t\t\t\t<\/div>\n\t\t\t\t\t<\/div>\n\t\t<\/div>\n\t\t\t\t\t\t\t<\/div>\n\t\t<\/section>\n\t\t\t\t\t<\/div>\n\t\t<\/div>\n\t\t\t\t<div class=\"elementor-column elementor-col-50 elementor-top-column elementor-element elementor-element-231f3078\" data-id=\"231f3078\" data-element_type=\"column\">\n\t\t\t<div class=\"elementor-widget-wrap elementor-element-populated\">\n\t\t\t\t\t\t\t\t<div class=\"elementor-element elementor-element-cc9606b elementor-widget elementor-widget-image\" data-id=\"cc9606b\" data-element_type=\"widget\" data-widget_type=\"image.default\">\n\t\t\t\t<div class=\"elementor-widget-container\">\n\t\t\t<style>\/*! elementor - v3.7.4 - 31-08-2022 *\/\n.elementor-widget-image{text-align:center}.elementor-widget-image a{display:inline-block}.elementor-widget-image a img[src$=\".svg\"]{width:48px}.elementor-widget-image img{vertical-align:middle;display:inline-block}<\/style>\t\t\t\t\t\t\t\t\t\t\t\t<img decoding=\"async\" width=\"930\" height=\"550\" src=\"https:\/\/alperince.com\/al\/wp-content\/uploads\/2022\/09\/sakal-ekimi-header.jpg\" class=\"elementor-animation-float attachment-full size-full\" alt=\"\" srcset=\"https:\/\/alperince.com\/al\/wp-content\/uploads\/2022\/09\/sakal-ekimi-header.jpg 930w, https:\/\/alperince.com\/al\/wp-content\/uploads\/2022\/09\/sakal-ekimi-header-300x177.jpg 300w, https:\/\/alperince.com\/al\/wp-content\/uploads\/2022\/09\/sakal-ekimi-header-600x355.jpg 600w\" sizes=\"(max-width: 930px) 100vw, 930px\" \/>\t\t\t\t\t\t\t\t\t\t\t\t\t\t\t<\/div>\n\t\t\t\t<\/div>\n\t\t\t\t<div class=\"elementor-element elementor-element-c153a33 elementor-widget elementor-widget-spacer\" data-id=\"c153a33\" data-element_type=\"widget\" data-widget_type=\"spacer.default\">\n\t\t\t\t<div class=\"elementor-widget-container\">\n\t\t\t<style>\/*! elementor - v3.7.4 - 31-08-2022 *\/\n.elementor-column .elementor-spacer-inner{height:var(--spacer-size)}.e-container{--container-widget-width:100%}.e-container>.elementor-widget-spacer{width:var(--container-widget-width,var(--spacer-size));-ms-flex-item-align:stretch;align-self:stretch;-ms-flex-negative:0;flex-shrink:0}.e-container>.elementor-widget-spacer>.elementor-widget-container,.e-container>.elementor-widget-spacer>.elementor-widget-container>.elementor-spacer{height:100%}.e-container>.elementor-widget-spacer>.elementor-widget-container>.elementor-spacer>.elementor-spacer-inner{height:var(--container-widget-height,var(--spacer-size))}<\/style>\t\t<div class=\"elementor-spacer\">\n\t\t\t<div class=\"elementor-spacer-inner\"><\/div>\n\t\t<\/div>\n\t\t\t\t<\/div>\n\t\t\t\t<\/div>\n\t\t\t\t<div class=\"elementor-element elementor-element-527f0d1f elementor-widget elementor-widget-hub_fancy_heading\" data-id=\"527f0d1f\" data-element_type=\"widget\" data-widget_type=\"hub_fancy_heading.default\">\n\t\t\t\t<div class=\"elementor-widget-container\">\n\t\t\t\n\t\t<div id=\"ld-fancy-heading-69dfefd229ffc\" class=\"ld-fancy-heading pos-rel\">\n\t\t\t<h2 class=\"ld-fh-element d-inline-block pos-rel  elementor-heading-title lqd-highlight-classic lqd-highlight-grow-left h2\"  > Transplantimi i Mjekr\u00ebs Dhe Mustaqeve<\/h2>\t\t<\/div>\n\n\t\t\t\t<\/div>\n\t\t\t\t<\/div>\n\t\t\t\t<div class=\"elementor-element elementor-element-7eef461 elementor-widget elementor-widget-text-editor\" data-id=\"7eef461\" data-element_type=\"widget\" data-widget_type=\"text-editor.default\">\n\t\t\t\t<div class=\"elementor-widget-container\">\n\t\t\t<style>\/*! elementor - v3.7.4 - 31-08-2022 *\/\n.elementor-widget-text-editor.elementor-drop-cap-view-stacked .elementor-drop-cap{background-color:#818a91;color:#fff}.elementor-widget-text-editor.elementor-drop-cap-view-framed .elementor-drop-cap{color:#818a91;border:3px solid;background-color:transparent}.elementor-widget-text-editor:not(.elementor-drop-cap-view-default) .elementor-drop-cap{margin-top:8px}.elementor-widget-text-editor:not(.elementor-drop-cap-view-default) .elementor-drop-cap-letter{width:1em;height:1em}.elementor-widget-text-editor .elementor-drop-cap{float:left;text-align:center;line-height:1;font-size:50px}.elementor-widget-text-editor .elementor-drop-cap-letter{display:inline-block}<\/style>\t\t\t\t<p>T\u00eb rinjt\u00eb me mjek\u00ebr kan\u00eb qen\u00eb n\u00eb krye t\u00eb filmave dhe serialeve televizive koh\u00ebt e fundit, duke sjell\u00eb n\u00eb plan t\u00eb par\u00eb transplantin e mjekr\u00ebs dhe mustaqeve. Ky kultivim, i cili \u00ebsht\u00eb shum\u00eb i popullarizuar jo vet\u00ebm nga burrat turq, por edhe nga burrat arab\u00eb, duhet t\u00eb grupohet n\u00eb tre grupe si mjekra, mustaqet dhe t\u00eb preferuarat.<\/p><p>N\u00eb zon\u00ebn e mjekr\u00ebs dhe mustaqeve t\u00eb meshkujve, folikulat e qimeve t\u00eb marra nga skalpi i kok\u00ebs transplantohen n\u00eb zonat ku nuk ka qime ose ku shihet shum\u00eb rrall\u00eb. \u00c7\u00ebshtja q\u00eb duhet theksuar k\u00ebtu \u00ebsht\u00eb se flok\u00ebt n\u00eb rajonin e zverkut p\u00ebrdoren si dhurues n\u00eb transplantin e mjekr\u00ebs-mustaqeve. Ashtu si me flok\u00ebt, edhe mustaqet kan\u00eb drejtime daljeje. Mustaqet kan\u00eb kthesa. N\u00eb mjek\u00ebr, ka kthesa n\u00eb rajonin e mesit dhe p\u00ebrkulje n\u00eb rajonin an\u00ebsor. P\u00ebr k\u00ebt\u00eb arsye, \u00ebsht\u00eb e nevojshme t&#8217;i kushtohet v\u00ebmendje aspekteve dhe k\u00ebndeve t\u00eb \u00e7do vendi mbjelljeje. Ashtu si n\u00eb transplantin e vetullave, kanalet duhet t\u00eb hapen n\u00eb k\u00ebnde t\u00eb caktuara 5-10 grad\u00eb.<\/p><p><strong>A mund t\u00eb zbatohet p\u00ebr burrat me nj\u00eb qoshe?<\/strong><\/p><p>Transplantimi i mjekr\u00ebs dhe mustaqeve \u00ebsht\u00eb nj\u00eb metod\u00eb q\u00eb mund t\u00eb aplikohet tek pacient\u00ebt q\u00eb nuk kan\u00eb mjek\u00ebr dhe mustaqe n\u00eb fytyr\u00eb, e cila quhet k\u00ebndore. N\u00eb k\u00ebt\u00eb m\u00ebnyr\u00eb, transplantimi i flok\u00ebve dhe mustaqeve u aplikua me sukses tek shum\u00eb pacient\u00eb arab\u00eb dhe t\u00eb Lindjes s\u00eb Larg\u00ebt q\u00eb erdh\u00ebn n\u00eb klinik\u00ebn ton\u00eb.<\/p><p>Megjithat\u00eb, fakti q\u00eb pacienti q\u00eb do t\u00eb transplantohet \u00ebsht\u00eb brun ose bjond, nuk ndikon n\u00eb asnj\u00eb m\u00ebnyr\u00eb n\u00eb procesin e trajtimit. Gjithashtu \u00ebsht\u00eb e nevojshme t\u00eb analizohen pacient\u00ebt me ngjyra t\u00eb ndryshme t\u00eb flok\u00ebve dhe mjekr\u00ebs. \u00cbsht\u00eb e dobishme q\u00eb paraprakisht t\u00eb paralajm\u00ebrohet pacienti p\u00ebr rezultatin e mundsh\u00ebm.<\/p><p><strong>Si t\u00eb transplantoni mjekr\u00ebn dhe mustaqet?<\/strong><\/p><p>Transplantimi i mjekr\u00ebs dhe mustaqeve \u00ebsht\u00eb nj\u00eb procedur\u00eb me nj\u00eb seanc\u00eb q\u00eb kryhet n\u00ebn anestezi lokale. \u00cbsht\u00eb nj\u00eb procedur\u00eb pa dhimbje q\u00eb zgjat af\u00ebrsisht 4-5 or\u00eb. T\u00eb nes\u00ebrmen e procedur\u00ebs, mund t\u00eb shihen disa kore t\u00eb vogla n\u00eb zon\u00ebn e transplantuar. Por shpejt kalon. Qimet n\u00eb skajet e rr\u00ebnj\u00ebve t\u00eb transplantuara derdhen pas 15 dit\u00ebsh. Ky \u00ebsht\u00eb nj\u00eb proces normal. Pas tre muajsh, qimet fillojn\u00eb t\u00eb rriten p\u00ebrs\u00ebri. Brenda 6 deri n\u00eb 8 muaj, pacienti do t\u00eb ket\u00eb mjekr\u00ebn dhe mustaqet e d\u00ebshiruara.<\/p><p><strong>A b\u00ebhet transplantimi i mjekr\u00ebs s\u00eb bashku me transplantin e flok\u00ebve?<\/strong><\/p><p>N\u00ebse personi q\u00eb do t\u00eb transplantoj\u00eb mjekr\u00ebn do t\u00eb b\u00ebj\u00eb edhe transplant flok\u00ebsh, pacienti duhet t\u00eb vler\u00ebsohet me p\u00ebrpik\u00ebri. Folikulat e qimeve n\u00eb zon\u00ebn e dhurimit duhet t\u00eb ekzaminohen n\u00eb detaje. Duhet llogaritur q\u00eb folikulat e qimeve t\u00eb marra nga kjo zon\u00eb do t\u00eb p\u00ebrdoren si p\u00ebr flok\u00ebt ashtu edhe p\u00ebr mjekr\u00ebn dhe duhet b\u00ebr\u00eb nj\u00eb planifikim i p\u00ebrshtatsh\u00ebm. Mbjellja duhet t\u00eb b\u00ebhet pa d\u00ebmtuar rr\u00ebnj\u00ebt e flok\u00ebve dhe pa i shp\u00ebrdoruar ato. P\u00ebrve\u00e7 k\u00ebsaj, folikulat e flok\u00ebve t\u00eb p\u00ebrshtatshme p\u00ebr mjek\u00ebr duhet t\u00eb p\u00ebrdoren p\u00ebr mbjelljen e mjekr\u00ebs, dhe ato p\u00ebr flok\u00ebt duhet t\u00eb p\u00ebrdoren n\u00eb mbjelljen e flok\u00ebve. Transplantimi i flok\u00ebve dhe mjekr\u00ebs mund t\u00eb b\u00ebhet n\u00eb t\u00eb nj\u00ebjt\u00ebn koh\u00eb duke b\u00ebr\u00eb sakt\u00eb ndarjen e ngjyrave t\u00eb folikulave t\u00eb flok\u00ebve.<\/p><p><strong>Sa rr\u00ebnj\u00eb p\u00ebrdoren n\u00eb transplantimin e mjekr\u00ebs?<\/strong><\/p><p>Numri i rr\u00ebnj\u00ebve q\u00eb do t\u00eb p\u00ebrdoren n\u00eb k\u00ebt\u00eb drejtim mund t\u00eb ndryshoj\u00eb nga personi n\u00eb person. Dend\u00ebsia e mjekr\u00ebs q\u00eb d\u00ebshirohet t\u00eb krijohet ose numri i rr\u00ebnj\u00ebve q\u00eb nevojiten p\u00ebr ta mbyllur n\u00ebse ajo mungon jan\u00eb vendimtare. Por n\u00eb p\u00ebrgjith\u00ebsi; Nevojiten 250 \u2013 700 rr\u00ebnj\u00eb p\u00ebr zon\u00ebn e faqeve, midis 150 \u2013 250 p\u00ebr zon\u00ebn e urthit dhe midis 550 \u2013 700 p\u00ebr zon\u00ebn e mjekr\u00ebs.<\/p><p><strong>Sa koh\u00eb zgjat transplantimi i mjekr\u00ebs?<\/strong><\/p><p>Kjo situat\u00eb mund t\u00eb ndryshoj\u00eb gjithashtu n\u00eb var\u00ebsi t\u00eb madh\u00ebsis\u00eb dhe rrall\u00ebsis\u00eb s\u00eb zon\u00ebs q\u00eb do t\u00eb transplantohet n\u00eb fytyr\u00ebn e personit, dend\u00ebsis\u00eb q\u00eb duhet t\u00eb arrihet dhe dend\u00ebsis\u00eb s\u00eb folikulit t\u00eb flok\u00ebve q\u00eb mund t\u00eb merret nga zona e dhurimit. Por n\u00eb p\u00ebrgjith\u00ebsi, ka koh\u00eb aplikimi q\u00eb variojn\u00eb nga 2 deri n\u00eb 5 or\u00eb.<\/p>\t\t\t\t\t\t<\/div>\n\t\t\t\t<\/div>\n\t\t\t\t\t<\/div>\n\t\t<\/div>\n\t\t\t\t\t\t\t<\/div>\n\t\t<\/section>\n\t\t\t\t\t\t\t<\/div>\n\t\t","protected":false},"excerpt":{"rendered":"<p>Merrni Informacion Tani Transplantimi i Mjekr\u00ebs Dhe Mustaqeve T\u00eb rinjt\u00eb me mjek\u00ebr kan\u00eb qen\u00eb n\u00eb krye t\u00eb filmave dhe serialeve televizive koh\u00ebt e fundit, duke sjell\u00eb n\u00eb plan t\u00eb par\u00eb transplantin e mjekr\u00ebs dhe mustaqeve. Ky kultivim, i cili \u00ebsht\u00eb shum\u00eb i popullarizuar jo vet\u00ebm nga burrat turq, por edhe nga burrat arab\u00eb, duhet t\u00eb [&hellip;]<\/p>\n","protected":false},"author":1,"featured_media":0,"parent":0,"menu_order":0,"comment_status":"closed","ping_status":"closed","template":"","meta":{"footnotes":""},"class_list":["post-898","page","type-page","status-publish","hentry"],"_links":{"self":[{"href":"https:\/\/alperince.com\/al\/wp-json\/wp\/v2\/pages\/898","targetHints":{"allow":["GET"]}}],"collection":[{"href":"https:\/\/alperince.com\/al\/wp-json\/wp\/v2\/pages"}],"about":[{"href":"https:\/\/alperince.com\/al\/wp-json\/wp\/v2\/types\/page"}],"author":[{"embeddable":true,"href":"https:\/\/alperince.com\/al\/wp-json\/wp\/v2\/users\/1"}],"replies":[{"embeddable":true,"href":"https:\/\/alperince.com\/al\/wp-json\/wp\/v2\/comments?post=898"}],"version-history":[{"count":21,"href":"https:\/\/alperince.com\/al\/wp-json\/wp\/v2\/pages\/898\/revisions"}],"predecessor-version":[{"id":1997,"href":"https:\/\/alperince.com\/al\/wp-json\/wp\/v2\/pages\/898\/revisions\/1997"}],"wp:attachment":[{"href":"https:\/\/alperince.com\/al\/wp-json\/wp\/v2\/media?parent=898"}],"curies":[{"name":"wp","href":"https:\/\/api.w.org\/{rel}","templated":true}]}}