{"id":803,"date":"2022-09-17T11:27:16","date_gmt":"2022-09-17T08:27:16","guid":{"rendered":"https:\/\/alperince.com\/en\/?page_id=803"},"modified":"2022-11-07T14:54:22","modified_gmt":"2022-11-07T11:54:22","slug":"about-us","status":"publish","type":"page","link":"https:\/\/alperince.com\/en\/about-us","title":{"rendered":"About Us"},"content":{"rendered":"\t\t<div data-elementor-type=\"wp-page\" data-elementor-id=\"803\" class=\"elementor elementor-803\">\n\t\t\t\t\t\t\t\t\t<section class=\"elementor-section elementor-top-section elementor-element elementor-element-53223b1 elementor-section-content-middle elementor-section-boxed elementor-section-height-default elementor-section-height-default\" data-id=\"53223b1\" data-element_type=\"section\" data-settings=\"{&quot;background_background&quot;:&quot;classic&quot;}\">\n\t\t\t\t\t\t<div class=\"elementor-container elementor-column-gap-extended\">\n\t\t\t\t\t<div class=\"elementor-column elementor-col-50 elementor-top-column elementor-element elementor-element-a05d18e\" data-id=\"a05d18e\" data-element_type=\"column\">\n\t\t\t<div class=\"elementor-widget-wrap elementor-element-populated\">\n\t\t\t\t\t\t\t\t<div class=\"elementor-element elementor-element-fd704c8 elementor-widget elementor-widget-image\" data-id=\"fd704c8\" data-element_type=\"widget\" data-widget_type=\"image.default\">\n\t\t\t\t<div class=\"elementor-widget-container\">\n\t\t\t<style>\/*! elementor - v3.7.4 - 31-08-2022 *\/\n.elementor-widget-image{text-align:center}.elementor-widget-image a{display:inline-block}.elementor-widget-image a img[src$=\".svg\"]{width:48px}.elementor-widget-image img{vertical-align:middle;display:inline-block}<\/style>\t\t\t\t\t\t\t\t\t\t\t\t<img decoding=\"async\" width=\"565\" height=\"855\" src=\"https:\/\/alperince.com\/en\/wp-content\/uploads\/2022\/10\/hakkimda-1.jpg\" class=\"attachment-full size-full\" alt=\"\" srcset=\"https:\/\/alperince.com\/en\/wp-content\/uploads\/2022\/10\/hakkimda-1.jpg 565w, https:\/\/alperince.com\/en\/wp-content\/uploads\/2022\/10\/hakkimda-1-198x300.jpg 198w\" sizes=\"(max-width: 565px) 100vw, 565px\" \/>\t\t\t\t\t\t\t\t\t\t\t\t\t\t\t<\/div>\n\t\t\t\t<\/div>\n\t\t\t\t\t<\/div>\n\t\t<\/div>\n\t\t\t\t<div class=\"elementor-column elementor-col-50 elementor-top-column elementor-element elementor-element-b93b610\" data-id=\"b93b610\" data-element_type=\"column\">\n\t\t\t<div class=\"elementor-widget-wrap elementor-element-populated\">\n\t\t\t\t\t\t\t\t<div class=\"elementor-element elementor-element-d3ce508 elementor-widget elementor-widget-hub_fancy_heading\" data-id=\"d3ce508\" data-element_type=\"widget\" data-widget_type=\"hub_fancy_heading.default\">\n\t\t\t\t<div class=\"elementor-widget-container\">\n\t\t\t\n\t\t<div id=\"ld-fancy-heading-69e00b41590fd\" class=\"ld-fancy-heading pos-rel\">\n\t\t\t<h2 class=\"ld-fh-element d-inline-block pos-rel  elementor-heading-title lqd-highlight-classic lqd-highlight-grow-left h2\"  > Op. Dr. Alper \u0130nce<\/h2>\t\t<\/div>\n\n\t\t\t\t<\/div>\n\t\t\t\t<\/div>\n\t\t\t\t<div class=\"elementor-element elementor-element-8e69009 elementor-widget elementor-widget-text-editor\" data-id=\"8e69009\" data-element_type=\"widget\" data-widget_type=\"text-editor.default\">\n\t\t\t\t<div class=\"elementor-widget-container\">\n\t\t\t<style>\/*! elementor - v3.7.4 - 31-08-2022 *\/\n.elementor-widget-text-editor.elementor-drop-cap-view-stacked .elementor-drop-cap{background-color:#818a91;color:#fff}.elementor-widget-text-editor.elementor-drop-cap-view-framed .elementor-drop-cap{color:#818a91;border:3px solid;background-color:transparent}.elementor-widget-text-editor:not(.elementor-drop-cap-view-default) .elementor-drop-cap{margin-top:8px}.elementor-widget-text-editor:not(.elementor-drop-cap-view-default) .elementor-drop-cap-letter{width:1em;height:1em}.elementor-widget-text-editor .elementor-drop-cap{float:left;text-align:center;line-height:1;font-size:50px}.elementor-widget-text-editor .elementor-drop-cap-letter{display:inline-block}<\/style>\t\t\t\t<p class=\"big\">Op. Dr. Alper \u0130nce was born in Mersin in 1988. After graduating from Mersin Anatolian High School, he got into Istanbul University Faculty of Medicine in 2006 and graduated successfully in 2012 and became a Doctor of Medicine. He started his Aesthetic, Plastic and Reconstructive Surgery Specialization training at Bal\u0131kesir University Faculty of Medicine in 2013 and completed his specialization.<\/p><p class=\"big\">First started his career in K\u0131r\u015fehir Ahi Evran Training and Research Hospital, Dr. \u0130nce worked at Bal\u0131kesir Atat\u00fcrk City Hospital between January 2019 and August 2020. He has been seeing his patients at Private Yalova Active Hospital and Istanbul Private H\u00fcrrem Sultan Hospital since August 2020.<\/p><p class=\"themecolor\"><strong>Tutorial<\/strong><\/p><p>Istanbul University Faculty of Medicine (2006-2012)<br \/>Bal\u0131kesir University Faculty of Medicine (2013-2018)<br \/>Mersin University Faculty of Medicine (2015)<\/p><p class=\"themecolor\"><strong>Work Experience<\/strong><\/p><p>K\u0131r\u015fehir Ahi Evran Training and Research Hospital (November 2018-January 2019)<br \/>Bal\u0131kesir Atat\u00fcrk City Hospital (January 2019 &#8211; August 2020)<br \/>Private Yalova Active Hospital (August 2020 &#8211; Present)<br \/>Private H\u00fcrrem Sultan Hospital, Istanbul (August 2020 &#8211; Present)<\/p>\t\t\t\t\t\t<\/div>\n\t\t\t\t<\/div>\n\t\t\t\t\t<\/div>\n\t\t<\/div>\n\t\t\t\t\t\t\t<\/div>\n\t\t<\/section>\n\t\t\t\t\t\t\t<\/div>\n\t\t","protected":false},"excerpt":{"rendered":"<p>Op. Dr. Alper \u0130nce Op. Dr. Alper \u0130nce was born in Mersin in 1988. After graduating from Mersin Anatolian High School, he got into Istanbul University Faculty of Medicine in 2006 and graduated successfully in 2012 and became a Doctor of Medicine. He started his Aesthetic, Plastic and Reconstructive Surgery Specialization training at Bal\u0131kesir University [&hellip;]<\/p>\n","protected":false},"author":1,"featured_media":0,"parent":0,"menu_order":0,"comment_status":"closed","ping_status":"closed","template":"","meta":{"footnotes":""},"class_list":["post-803","page","type-page","status-publish","hentry"],"_links":{"self":[{"href":"https:\/\/alperince.com\/en\/wp-json\/wp\/v2\/pages\/803","targetHints":{"allow":["GET"]}}],"collection":[{"href":"https:\/\/alperince.com\/en\/wp-json\/wp\/v2\/pages"}],"about":[{"href":"https:\/\/alperince.com\/en\/wp-json\/wp\/v2\/types\/page"}],"author":[{"embeddable":true,"href":"https:\/\/alperince.com\/en\/wp-json\/wp\/v2\/users\/1"}],"replies":[{"embeddable":true,"href":"https:\/\/alperince.com\/en\/wp-json\/wp\/v2\/comments?post=803"}],"version-history":[{"count":36,"href":"https:\/\/alperince.com\/en\/wp-json\/wp\/v2\/pages\/803\/revisions"}],"predecessor-version":[{"id":1795,"href":"https:\/\/alperince.com\/en\/wp-json\/wp\/v2\/pages\/803\/revisions\/1795"}],"wp:attachment":[{"href":"https:\/\/alperince.com\/en\/wp-json\/wp\/v2\/media?parent=803"}],"curies":[{"name":"wp","href":"https:\/\/api.w.org\/{rel}","templated":true}]}}