{"id":783,"date":"2022-09-17T11:19:09","date_gmt":"2022-09-17T08:19:09","guid":{"rendered":"https:\/\/alperince.com\/pt\/?page_id=783"},"modified":"2022-12-07T14:45:34","modified_gmt":"2022-12-07T11:45:34","slug":"reducao-mamaria","status":"publish","type":"page","link":"https:\/\/alperince.com\/pt\/reducao-mamaria","title":{"rendered":"Redu\u00e7\u00e3o mam\u00e1ria"},"content":{"rendered":"\t\t<div data-elementor-type=\"wp-page\" data-elementor-id=\"783\" class=\"elementor elementor-783\">\n\t\t\t\t\t\t\t\t\t<section class=\"elementor-section elementor-top-section elementor-element elementor-element-100bd8a5 elementor-section-boxed elementor-section-height-default elementor-section-height-default\" data-id=\"100bd8a5\" data-element_type=\"section\">\n\t\t\t\t\t\t<div class=\"elementor-container elementor-column-gap-default\">\n\t\t\t\t\t<div class=\"lqd-css-sticky-column elementor-column elementor-col-50 elementor-top-column elementor-element elementor-element-9d9ab6f\" style=\"--lqd-sticky-offset:30px\" data-id=\"9d9ab6f\" data-element_type=\"column\">\n\t\t\t<div class=\"elementor-widget-wrap elementor-element-populated\">\n\t\t\t\t\t\t\t\t<section class=\"elementor-section elementor-inner-section elementor-element elementor-element-8e8e650 elementor-section-boxed elementor-section-height-default elementor-section-height-default\" data-id=\"8e8e650\" data-element_type=\"section\">\n\t\t\t\t\t\t<div class=\"elementor-container elementor-column-gap-default\">\n\t\t\t\t\t<div class=\"elementor-column elementor-col-100 elementor-inner-column elementor-element elementor-element-745d52c\" data-id=\"745d52c\" data-element_type=\"column\" data-settings=\"{&quot;background_background&quot;:&quot;classic&quot;}\">\n\t\t\t<div class=\"elementor-widget-wrap elementor-element-populated\">\n\t\t\t\t\t\t\t\t<div class=\"elementor-element elementor-element-cb5da66 elementor-widget elementor-widget-hub_fancy_heading\" data-id=\"cb5da66\" data-element_type=\"widget\" data-widget_type=\"hub_fancy_heading.default\">\n\t\t\t\t<div class=\"elementor-widget-container\">\n\t\t\t\n\t\t<div id=\"ld-fancy-heading-69e7e34b38dda\" class=\"ld-fancy-heading pos-rel\">\n\t\t\t<h2 class=\"ld-fh-element d-inline-block pos-rel  elementor-heading-title lqd-highlight-classic lqd-highlight-grow-left h2\"  > Obter informa\u00e7\u00e3o<\/h2>\t\t<\/div>\n\n\t\t\t\t<\/div>\n\t\t\t\t<\/div>\n\t\t\t\t<div class=\"elementor-element elementor-element-955c7c5 elementor-widget elementor-widget-ld_cf722\" data-id=\"955c7c5\" data-element_type=\"widget\" data-widget_type=\"ld_cf722.default\">\n\t\t\t\t<div class=\"elementor-widget-container\">\n\t\t\t\n\t<div class=\"lqd-contact-form lqd-contact-form-inputs-filled lqd-contact-form-inputs-round lqd-contact-form-button-block lqd-contact-form-button-round\" >\n\t\t<div role=\"form\" class=\"wpcf7\" id=\"wpcf7-f6-o1\" lang=\"tr-TR\" dir=\"ltr\">\n<div class=\"screen-reader-response\"><p role=\"status\" aria-live=\"polite\" aria-atomic=\"true\"><\/p> <ul><\/ul><\/div>\n<form action=\"\/pt\/wp-json\/wp\/v2\/pages\/783#wpcf7-f6-o1\" method=\"post\" class=\"wpcf7-form init\" novalidate=\"novalidate\" data-status=\"init\">\n<div style=\"display: none;\">\n<input type=\"hidden\" name=\"_wpcf7\" value=\"6\" \/>\n<input type=\"hidden\" name=\"_wpcf7_version\" value=\"5.6.3\" \/>\n<input type=\"hidden\" name=\"_wpcf7_locale\" value=\"tr_TR\" \/>\n<input type=\"hidden\" name=\"_wpcf7_unit_tag\" value=\"wpcf7-f6-o1\" \/>\n<input type=\"hidden\" name=\"_wpcf7_container_post\" value=\"0\" \/>\n<input type=\"hidden\" name=\"_wpcf7_posted_data_hash\" value=\"\" \/>\n<\/div>\n<p><span class=\"wpcf7-form-control-wrap\" data-name=\"adi\"><input type=\"text\" name=\"adi\" value=\"\" size=\"40\" class=\"wpcf7-form-control wpcf7-text wpcf7-validates-as-required\" aria-required=\"true\" aria-invalid=\"false\" placeholder=\"Seu nome\" \/><\/span><br \/>\n<span class=\"wpcf7-form-control-wrap\" data-name=\"telefon\"><input type=\"text\" name=\"telefon\" value=\"\" size=\"40\" class=\"wpcf7-form-control wpcf7-text wpcf7-validates-as-required\" aria-required=\"true\" aria-invalid=\"false\" placeholder=\"Seu numero de telefone\" \/><\/span><br \/>\n<span class=\"wpcf7-form-control-wrap\" data-name=\"mesaj\"><textarea name=\"mesaj\" cols=\"40\" rows=\"3\" class=\"wpcf7-form-control wpcf7-textarea\" aria-invalid=\"false\" placeholder=\"Sua mensagem\"><\/textarea><\/span><br \/>\n<input type=\"submit\" value=\"Enviar formul\u00e1rio\" class=\"wpcf7-form-control has-spinner wpcf7-submit\" \/><\/p>\n<div class=\"wpcf7-response-output\" aria-hidden=\"true\"><\/div><\/form><\/div>\t<\/div>\n\n\t\t\t<\/div>\n\t\t\t\t<\/div>\n\t\t\t\t\t<\/div>\n\t\t<\/div>\n\t\t\t\t\t\t\t<\/div>\n\t\t<\/section>\n\t\t\t\t\t<\/div>\n\t\t<\/div>\n\t\t\t\t<div class=\"elementor-column elementor-col-50 elementor-top-column elementor-element elementor-element-231f3078\" data-id=\"231f3078\" data-element_type=\"column\">\n\t\t\t<div class=\"elementor-widget-wrap elementor-element-populated\">\n\t\t\t\t\t\t\t\t<div class=\"elementor-element elementor-element-cc9606b elementor-widget elementor-widget-image\" data-id=\"cc9606b\" data-element_type=\"widget\" data-widget_type=\"image.default\">\n\t\t\t\t<div class=\"elementor-widget-container\">\n\t\t\t<style>\/*! elementor - v3.7.4 - 31-08-2022 *\/\n.elementor-widget-image{text-align:center}.elementor-widget-image a{display:inline-block}.elementor-widget-image a img[src$=\".svg\"]{width:48px}.elementor-widget-image img{vertical-align:middle;display:inline-block}<\/style>\t\t\t\t\t\t\t\t\t\t\t\t<img decoding=\"async\" width=\"930\" height=\"550\" src=\"https:\/\/alperince.com\/pt\/wp-content\/uploads\/2022\/09\/meme-kucultme-header.jpg\" class=\"elementor-animation-float attachment-full size-full\" alt=\"\" srcset=\"https:\/\/alperince.com\/pt\/wp-content\/uploads\/2022\/09\/meme-kucultme-header.jpg 930w, https:\/\/alperince.com\/pt\/wp-content\/uploads\/2022\/09\/meme-kucultme-header-300x177.jpg 300w, https:\/\/alperince.com\/pt\/wp-content\/uploads\/2022\/09\/meme-kucultme-header-600x355.jpg 600w\" sizes=\"(max-width: 930px) 100vw, 930px\" \/>\t\t\t\t\t\t\t\t\t\t\t\t\t\t\t<\/div>\n\t\t\t\t<\/div>\n\t\t\t\t<div class=\"elementor-element elementor-element-c153a33 elementor-widget elementor-widget-spacer\" data-id=\"c153a33\" data-element_type=\"widget\" data-widget_type=\"spacer.default\">\n\t\t\t\t<div class=\"elementor-widget-container\">\n\t\t\t<style>\/*! elementor - v3.7.4 - 31-08-2022 *\/\n.elementor-column .elementor-spacer-inner{height:var(--spacer-size)}.e-container{--container-widget-width:100%}.e-container>.elementor-widget-spacer{width:var(--container-widget-width,var(--spacer-size));-ms-flex-item-align:stretch;align-self:stretch;-ms-flex-negative:0;flex-shrink:0}.e-container>.elementor-widget-spacer>.elementor-widget-container,.e-container>.elementor-widget-spacer>.elementor-widget-container>.elementor-spacer{height:100%}.e-container>.elementor-widget-spacer>.elementor-widget-container>.elementor-spacer>.elementor-spacer-inner{height:var(--container-widget-height,var(--spacer-size))}<\/style>\t\t<div class=\"elementor-spacer\">\n\t\t\t<div class=\"elementor-spacer-inner\"><\/div>\n\t\t<\/div>\n\t\t\t\t<\/div>\n\t\t\t\t<\/div>\n\t\t\t\t<div class=\"elementor-element elementor-element-527f0d1f elementor-widget elementor-widget-hub_fancy_heading\" data-id=\"527f0d1f\" data-element_type=\"widget\" data-widget_type=\"hub_fancy_heading.default\">\n\t\t\t\t<div class=\"elementor-widget-container\">\n\t\t\t\n\t\t<div id=\"ld-fancy-heading-69e7e34b3f3e2\" class=\"ld-fancy-heading pos-rel\">\n\t\t\t<h2 class=\"ld-fh-element d-inline-block pos-rel  elementor-heading-title lqd-highlight-classic lqd-highlight-grow-left h2\"  > Redu\u00e7\u00e3o mam\u00e1ria\n<\/h2>\t\t<\/div>\n\n\t\t\t\t<\/div>\n\t\t\t\t<\/div>\n\t\t\t\t<div class=\"elementor-element elementor-element-7eef461 elementor-widget elementor-widget-text-editor\" data-id=\"7eef461\" data-element_type=\"widget\" data-widget_type=\"text-editor.default\">\n\t\t\t\t<div class=\"elementor-widget-container\">\n\t\t\t<style>\/*! elementor - v3.7.4 - 31-08-2022 *\/\n.elementor-widget-text-editor.elementor-drop-cap-view-stacked .elementor-drop-cap{background-color:#818a91;color:#fff}.elementor-widget-text-editor.elementor-drop-cap-view-framed .elementor-drop-cap{color:#818a91;border:3px solid;background-color:transparent}.elementor-widget-text-editor:not(.elementor-drop-cap-view-default) .elementor-drop-cap{margin-top:8px}.elementor-widget-text-editor:not(.elementor-drop-cap-view-default) .elementor-drop-cap-letter{width:1em;height:1em}.elementor-widget-text-editor .elementor-drop-cap{float:left;text-align:center;line-height:1;font-size:50px}.elementor-widget-text-editor .elementor-drop-cap-letter{display:inline-block}<\/style>\t\t\t\t<p>A est\u00e9tica de redu\u00e7\u00e3o mam\u00e1ria \u00e9 a redu\u00e7\u00e3o e mitiga\u00e7\u00e3o dos seus seios, que s\u00e3o grandes e grandes de acordo com a sua estrutura corporal, no tamanho adequado para o seu corpo com opera\u00e7\u00e3o cir\u00fargica. \u00c9 uma opera\u00e7\u00e3o est\u00e9tica e deve ser realizada por um cirurgi\u00e3o pl\u00e1stico especialista. Para a redu\u00e7\u00e3o mam\u00e1ria, deve proceder com um m\u00e9dico especializado em cirurgia pl\u00e1stica. Os seios grandes tamb\u00e9m s\u00e3o pesados. Carregar tais seios leva a dist\u00farbios de postura e at\u00e9 mesmo ang\u00fastia psicol\u00f3gica ao longo do tempo. Portanto, voc\u00ea pode ter uma vida mais confort\u00e1vel com a opera\u00e7\u00e3o est\u00e9tica certa a ser aplicada em uma idade mais precoce.<\/p><p>O prop\u00f3sito da est\u00e9tica de redu\u00e7\u00e3o mam\u00e1ria; eliminar as queixas sentidas pelo paciente \u00e9 obter mamas de igual tamanho e forma, estrutura sim\u00e9trica e mais leve. Seios grandes e pesados tamb\u00e9m causam dist\u00farbios de postura, dor lombar, estrutura tor\u00e1cica e problemas psicol\u00f3gicos ao longo do tempo. Tudo isto reduz a sua qualidade de vida e pode causar problemas na vida social. \u00c9 poss\u00edvel livrar-se destes problemas com a est\u00e9tica de redu\u00e7\u00e3o mam\u00e1ria no momento mais conveniente.<\/p><p>A resposta \u00e0 quest\u00e3o de qual m\u00e9dico recorrer para reduzir a mama \u00e9 agora conhecida por todos. Recomenda-se vivamente ser especialista, mestre em anatomia e cirurgi\u00e3o pl\u00e1stico experiente.<\/p><p>A nossa recomenda\u00e7\u00e3o para a est\u00e9tica de redu\u00e7\u00e3o mam\u00e1ria \u00e9 a conclus\u00e3o do desenvolvimento corporal da pessoa. Por outras palavras, o termo p\u00f3s-18 para meninas jovens ser\u00e1 o momento ideal para esta cirurgia. Quanto mais cedo esta opera\u00e7\u00e3o est\u00e9tica for realizada, mais problemas ser\u00e3o experimentados nos anos seguintes ser\u00e3o evitados com anteced\u00eancia. Deve tamb\u00e9m discutir em detalhe com o seu m\u00e9dico antes da opera\u00e7\u00e3o de redu\u00e7\u00e3o mam\u00e1ria e obter respostas a todas as perguntas que tem em mente. Os exames preliminares s\u00e3o muito importantes. A sua sa\u00fade geral tem de ser boa m\u00e9dica para ser submetida a uma cirurgia. Se est\u00e1 a considerar a gravidez mais tarde do que a cirurgia, deve fazer esta cirurgia ap\u00f3s o per\u00edodo de parto e amamenta\u00e7\u00e3o. Porque pode ter problemas com os canais de leite.<\/p><p>No exame preliminar com o seu cirurgi\u00e3o pl\u00e1stico na cirurgia de redu\u00e7\u00e3o mam\u00e1ria, deve haver um meio caminho entre as suas expectativas desta cirurgia e as recomenda\u00e7\u00f5es que o seu m\u00e9dico dar\u00e1 de acordo com a sua anatomia. O dist\u00farbio de assimetria presente nos seios tamb\u00e9m \u00e9 corrigido pela opera\u00e7\u00e3o de redu\u00e7\u00e3o mam\u00e1ria. Com uma est\u00e9tica de redu\u00e7\u00e3o mam\u00e1ria bem sucedida, ganha-se auto-confian\u00e7a e continua a viver muito mais satisfeito com o seu corpo.<\/p>\t\t\t\t\t\t<\/div>\n\t\t\t\t<\/div>\n\t\t\t\t\t<\/div>\n\t\t<\/div>\n\t\t\t\t\t\t\t<\/div>\n\t\t<\/section>\n\t\t\t\t\t\t\t<\/div>\n\t\t","protected":false},"excerpt":{"rendered":"<p>Obter informa\u00e7\u00e3o Redu\u00e7\u00e3o mam\u00e1ria A est\u00e9tica de redu\u00e7\u00e3o mam\u00e1ria \u00e9 a redu\u00e7\u00e3o e mitiga\u00e7\u00e3o dos seus seios, que s\u00e3o grandes e grandes de acordo com a sua estrutura corporal, no tamanho adequado para o seu corpo com opera\u00e7\u00e3o cir\u00fargica. \u00c9 uma opera\u00e7\u00e3o est\u00e9tica e deve ser realizada por um cirurgi\u00e3o pl\u00e1stico especialista. Para a redu\u00e7\u00e3o [&hellip;]<\/p>\n","protected":false},"author":1,"featured_media":0,"parent":0,"menu_order":0,"comment_status":"closed","ping_status":"closed","template":"","meta":{"footnotes":""},"class_list":["post-783","page","type-page","status-publish","hentry"],"_links":{"self":[{"href":"https:\/\/alperince.com\/pt\/wp-json\/wp\/v2\/pages\/783","targetHints":{"allow":["GET"]}}],"collection":[{"href":"https:\/\/alperince.com\/pt\/wp-json\/wp\/v2\/pages"}],"about":[{"href":"https:\/\/alperince.com\/pt\/wp-json\/wp\/v2\/types\/page"}],"author":[{"embeddable":true,"href":"https:\/\/alperince.com\/pt\/wp-json\/wp\/v2\/users\/1"}],"replies":[{"embeddable":true,"href":"https:\/\/alperince.com\/pt\/wp-json\/wp\/v2\/comments?post=783"}],"version-history":[{"count":20,"href":"https:\/\/alperince.com\/pt\/wp-json\/wp\/v2\/pages\/783\/revisions"}],"predecessor-version":[{"id":1956,"href":"https:\/\/alperince.com\/pt\/wp-json\/wp\/v2\/pages\/783\/revisions\/1956"}],"wp:attachment":[{"href":"https:\/\/alperince.com\/pt\/wp-json\/wp\/v2\/media?parent=783"}],"curies":[{"name":"wp","href":"https:\/\/api.w.org\/{rel}","templated":true}]}}