{"id":788,"date":"2022-09-17T11:21:30","date_gmt":"2022-09-17T08:21:30","guid":{"rendered":"https:\/\/alperince.com\/pt\/?page_id=788"},"modified":"2022-12-07T14:45:50","modified_gmt":"2022-12-07T11:45:50","slug":"elevador-de-mama","status":"publish","type":"page","link":"https:\/\/alperince.com\/pt\/elevador-de-mama","title":{"rendered":"Elevador de Mama"},"content":{"rendered":"\t\t<div data-elementor-type=\"wp-page\" data-elementor-id=\"788\" class=\"elementor elementor-788\">\n\t\t\t\t\t\t\t\t\t<section class=\"elementor-section elementor-top-section elementor-element elementor-element-100bd8a5 elementor-section-boxed elementor-section-height-default elementor-section-height-default\" data-id=\"100bd8a5\" data-element_type=\"section\">\n\t\t\t\t\t\t<div class=\"elementor-container elementor-column-gap-default\">\n\t\t\t\t\t<div class=\"lqd-css-sticky-column elementor-column elementor-col-50 elementor-top-column elementor-element elementor-element-87212a4\" style=\"--lqd-sticky-offset:30px\" data-id=\"87212a4\" data-element_type=\"column\">\n\t\t\t<div class=\"elementor-widget-wrap elementor-element-populated\">\n\t\t\t\t\t\t\t\t<section class=\"elementor-section elementor-inner-section elementor-element elementor-element-bfb7f15 elementor-section-boxed elementor-section-height-default elementor-section-height-default\" data-id=\"bfb7f15\" data-element_type=\"section\">\n\t\t\t\t\t\t<div class=\"elementor-container elementor-column-gap-default\">\n\t\t\t\t\t<div class=\"elementor-column elementor-col-100 elementor-inner-column elementor-element elementor-element-6222eab\" data-id=\"6222eab\" data-element_type=\"column\" data-settings=\"{&quot;background_background&quot;:&quot;classic&quot;}\">\n\t\t\t<div class=\"elementor-widget-wrap elementor-element-populated\">\n\t\t\t\t\t\t\t\t<div class=\"elementor-element elementor-element-ac3e4ce elementor-widget elementor-widget-hub_fancy_heading\" data-id=\"ac3e4ce\" data-element_type=\"widget\" data-widget_type=\"hub_fancy_heading.default\">\n\t\t\t\t<div class=\"elementor-widget-container\">\n\t\t\t\n\t\t<div id=\"ld-fancy-heading-69e7e32d6de0a\" class=\"ld-fancy-heading pos-rel\">\n\t\t\t<h2 class=\"ld-fh-element d-inline-block pos-rel  elementor-heading-title lqd-highlight-classic lqd-highlight-grow-left h2\"  > Obter informa\u00e7\u00e3o<\/h2>\t\t<\/div>\n\n\t\t\t\t<\/div>\n\t\t\t\t<\/div>\n\t\t\t\t<div class=\"elementor-element elementor-element-d907802 elementor-widget elementor-widget-ld_cf722\" data-id=\"d907802\" data-element_type=\"widget\" data-widget_type=\"ld_cf722.default\">\n\t\t\t\t<div class=\"elementor-widget-container\">\n\t\t\t\n\t<div class=\"lqd-contact-form lqd-contact-form-inputs-filled lqd-contact-form-inputs-round lqd-contact-form-button-block lqd-contact-form-button-round\" >\n\t\t<div role=\"form\" class=\"wpcf7\" id=\"wpcf7-f6-o1\" lang=\"tr-TR\" dir=\"ltr\">\n<div class=\"screen-reader-response\"><p role=\"status\" aria-live=\"polite\" aria-atomic=\"true\"><\/p> <ul><\/ul><\/div>\n<form action=\"\/pt\/wp-json\/wp\/v2\/pages\/788#wpcf7-f6-o1\" method=\"post\" class=\"wpcf7-form init\" novalidate=\"novalidate\" data-status=\"init\">\n<div style=\"display: none;\">\n<input type=\"hidden\" name=\"_wpcf7\" value=\"6\" \/>\n<input type=\"hidden\" name=\"_wpcf7_version\" value=\"5.6.3\" \/>\n<input type=\"hidden\" name=\"_wpcf7_locale\" value=\"tr_TR\" \/>\n<input type=\"hidden\" name=\"_wpcf7_unit_tag\" value=\"wpcf7-f6-o1\" \/>\n<input type=\"hidden\" name=\"_wpcf7_container_post\" value=\"0\" \/>\n<input type=\"hidden\" name=\"_wpcf7_posted_data_hash\" value=\"\" \/>\n<\/div>\n<p><span class=\"wpcf7-form-control-wrap\" data-name=\"adi\"><input type=\"text\" name=\"adi\" value=\"\" size=\"40\" class=\"wpcf7-form-control wpcf7-text wpcf7-validates-as-required\" aria-required=\"true\" aria-invalid=\"false\" placeholder=\"Seu nome\" \/><\/span><br \/>\n<span class=\"wpcf7-form-control-wrap\" data-name=\"telefon\"><input type=\"text\" name=\"telefon\" value=\"\" size=\"40\" class=\"wpcf7-form-control wpcf7-text wpcf7-validates-as-required\" aria-required=\"true\" aria-invalid=\"false\" placeholder=\"Seu numero de telefone\" \/><\/span><br \/>\n<span class=\"wpcf7-form-control-wrap\" data-name=\"mesaj\"><textarea name=\"mesaj\" cols=\"40\" rows=\"3\" class=\"wpcf7-form-control wpcf7-textarea\" aria-invalid=\"false\" placeholder=\"Sua mensagem\"><\/textarea><\/span><br \/>\n<input type=\"submit\" value=\"Enviar formul\u00e1rio\" class=\"wpcf7-form-control has-spinner wpcf7-submit\" \/><\/p>\n<div class=\"wpcf7-response-output\" aria-hidden=\"true\"><\/div><\/form><\/div>\t<\/div>\n\n\t\t\t<\/div>\n\t\t\t\t<\/div>\n\t\t\t\t\t<\/div>\n\t\t<\/div>\n\t\t\t\t\t\t\t<\/div>\n\t\t<\/section>\n\t\t\t\t\t<\/div>\n\t\t<\/div>\n\t\t\t\t<div class=\"elementor-column elementor-col-50 elementor-top-column elementor-element elementor-element-231f3078\" data-id=\"231f3078\" data-element_type=\"column\">\n\t\t\t<div class=\"elementor-widget-wrap elementor-element-populated\">\n\t\t\t\t\t\t\t\t<div class=\"elementor-element elementor-element-cc9606b elementor-widget elementor-widget-image\" data-id=\"cc9606b\" data-element_type=\"widget\" data-widget_type=\"image.default\">\n\t\t\t\t<div class=\"elementor-widget-container\">\n\t\t\t<style>\/*! elementor - v3.7.4 - 31-08-2022 *\/\n.elementor-widget-image{text-align:center}.elementor-widget-image a{display:inline-block}.elementor-widget-image a img[src$=\".svg\"]{width:48px}.elementor-widget-image img{vertical-align:middle;display:inline-block}<\/style>\t\t\t\t\t\t\t\t\t\t\t\t<img decoding=\"async\" width=\"930\" height=\"550\" src=\"https:\/\/alperince.com\/pt\/wp-content\/uploads\/2022\/09\/meme-diklestirme-header.jpg\" class=\"elementor-animation-float attachment-full size-full\" alt=\"\" srcset=\"https:\/\/alperince.com\/pt\/wp-content\/uploads\/2022\/09\/meme-diklestirme-header.jpg 930w, https:\/\/alperince.com\/pt\/wp-content\/uploads\/2022\/09\/meme-diklestirme-header-300x177.jpg 300w, https:\/\/alperince.com\/pt\/wp-content\/uploads\/2022\/09\/meme-diklestirme-header-600x355.jpg 600w\" sizes=\"(max-width: 930px) 100vw, 930px\" \/>\t\t\t\t\t\t\t\t\t\t\t\t\t\t\t<\/div>\n\t\t\t\t<\/div>\n\t\t\t\t<div class=\"elementor-element elementor-element-c153a33 elementor-widget elementor-widget-spacer\" data-id=\"c153a33\" data-element_type=\"widget\" data-widget_type=\"spacer.default\">\n\t\t\t\t<div class=\"elementor-widget-container\">\n\t\t\t<style>\/*! elementor - v3.7.4 - 31-08-2022 *\/\n.elementor-column .elementor-spacer-inner{height:var(--spacer-size)}.e-container{--container-widget-width:100%}.e-container>.elementor-widget-spacer{width:var(--container-widget-width,var(--spacer-size));-ms-flex-item-align:stretch;align-self:stretch;-ms-flex-negative:0;flex-shrink:0}.e-container>.elementor-widget-spacer>.elementor-widget-container,.e-container>.elementor-widget-spacer>.elementor-widget-container>.elementor-spacer{height:100%}.e-container>.elementor-widget-spacer>.elementor-widget-container>.elementor-spacer>.elementor-spacer-inner{height:var(--container-widget-height,var(--spacer-size))}<\/style>\t\t<div class=\"elementor-spacer\">\n\t\t\t<div class=\"elementor-spacer-inner\"><\/div>\n\t\t<\/div>\n\t\t\t\t<\/div>\n\t\t\t\t<\/div>\n\t\t\t\t<div class=\"elementor-element elementor-element-527f0d1f elementor-widget elementor-widget-hub_fancy_heading\" data-id=\"527f0d1f\" data-element_type=\"widget\" data-widget_type=\"hub_fancy_heading.default\">\n\t\t\t\t<div class=\"elementor-widget-container\">\n\t\t\t\n\t\t<div id=\"ld-fancy-heading-69e7e32d75613\" class=\"ld-fancy-heading pos-rel\">\n\t\t\t<h2 class=\"ld-fh-element d-inline-block pos-rel  elementor-heading-title lqd-highlight-classic lqd-highlight-grow-left h2\"  > Elevador de Mama\n<\/h2>\t\t<\/div>\n\n\t\t\t\t<\/div>\n\t\t\t\t<\/div>\n\t\t\t\t<div class=\"elementor-element elementor-element-7eef461 elementor-widget elementor-widget-text-editor\" data-id=\"7eef461\" data-element_type=\"widget\" data-widget_type=\"text-editor.default\">\n\t\t\t\t<div class=\"elementor-widget-container\">\n\t\t\t<style>\/*! elementor - v3.7.4 - 31-08-2022 *\/\n.elementor-widget-text-editor.elementor-drop-cap-view-stacked .elementor-drop-cap{background-color:#818a91;color:#fff}.elementor-widget-text-editor.elementor-drop-cap-view-framed .elementor-drop-cap{color:#818a91;border:3px solid;background-color:transparent}.elementor-widget-text-editor:not(.elementor-drop-cap-view-default) .elementor-drop-cap{margin-top:8px}.elementor-widget-text-editor:not(.elementor-drop-cap-view-default) .elementor-drop-cap-letter{width:1em;height:1em}.elementor-widget-text-editor .elementor-drop-cap{float:left;text-align:center;line-height:1;font-size:50px}.elementor-widget-text-editor .elementor-drop-cap-letter{display:inline-block}<\/style>\t\t\t\t<p>A est\u00e9tica do lifting mam\u00e1rio, isto \u00e9, a mastopeexy ou a cirurgia de lifting mam\u00e1rio, \u00e9 uma opera\u00e7\u00e3o est\u00e9tica. Nas mulheres, os seios afundam-se ao longo do tempo como v\u00edtimas da gravidade. H\u00e1 fatores diferentes para esta sagging. As mulheres que t\u00eam problemas de sagging devido a raz\u00f5es como o parto, a amamenta\u00e7\u00e3o e a perda excessiva de peso preferem esta cirurgia. Eleva\u00e7\u00e3o mam\u00e1ria; podemos dizer que \u00e9 a mais aplicada entre a est\u00e9tica mam\u00e1ria.<\/p><p>Uma vez que se trata de uma cirurgia est\u00e9tica, a est\u00e9tica do lifting mam\u00e1rio deve definitivamente ser realizada por um cirurgi\u00e3o pl\u00e1stico que \u00e9 um especialista na \u00e1rea, completou a sua forma\u00e7\u00e3o e tem experi\u00eancia. Deve certificar-se de que n\u00e3o escolhe um m\u00e9dico de outros ramos n\u00e3o especializados. Caso contr\u00e1rio, poder\u00e1 ter problemas irrevers\u00edveis e ficar fora de si.<\/p><p>A nossa prioridade para a est\u00e9tica do lifting mam\u00e1rio s\u00e3o as prefer\u00eancias e desejos do pr\u00f3prio paciente. Se os mamilos do paciente permanecerem acima da linha dobr\u00e1vel do peito, tudo est\u00e1 bem esteticamente. Se os mamilos ca\u00edrem ao n\u00edvel da linha dobr\u00e1vel mam\u00e1ria, a queda come\u00e7ou, ainda que ligeiramente. Se os mamilos descerem abaixo desta linha, a sagging mam\u00e1ria avan\u00e7ada est\u00e1 agora dispon\u00edvel. Especialmente se houver mamilos virados para baixo, \u00e9 definitivamente hora de cirurgia de lifting mam\u00e1rio.<\/p><p>Sagging dos seios pode ser causado por muitas raz\u00f5es diferentes. Como resultado de altera\u00e7\u00f5es hormonais relacionadas com a idade, o tecido mam\u00e1rio diminui. Esta diminui\u00e7\u00e3o provoca ejacula\u00e7\u00e3o no tecido interno da mama e queda para baixo do peito. Os seios das m\u00e3es que amamentam tendem a ceder mais. Durante o per\u00edodo de maternidade, os sacos de leite nos seios crescem e expandem-se quando est\u00e3o cheios, e depois de amamentar de repente esvaziam. Quando isto \u00e9 repetido uma e outra vez, os seios naturalmente experimentam sagging. Al\u00e9m disso, a gravidade tamb\u00e9m funciona como uma desvantagem para os seios.<\/p><p><strong>Ser n\u00e3o cir\u00fargica<\/strong><\/p><p>Infelizmente, o problema de sagging nos seios nunca ser\u00e1 corrigido por qualquer outro m\u00e9todo sem cirurgia. Embora haja pouca melhoria ou recupera\u00e7\u00e3o com movimentos desportivos regulares que visam fortalecer os m\u00fasculos do peito, n\u00e3o \u00e9 poss\u00edvel recuperar totalmente de sagging e alcan\u00e7ar peitos verticais desta forma. Recomenda-se que s\u00f3 tenha uma cirurgia para eliminar este problema de forma completa e permanente.<\/p>\t\t\t\t\t\t<\/div>\n\t\t\t\t<\/div>\n\t\t\t\t\t<\/div>\n\t\t<\/div>\n\t\t\t\t\t\t\t<\/div>\n\t\t<\/section>\n\t\t\t\t\t\t\t<\/div>\n\t\t","protected":false},"excerpt":{"rendered":"<p>Obter informa\u00e7\u00e3o Elevador de Mama A est\u00e9tica do lifting mam\u00e1rio, isto \u00e9, a mastopeexy ou a cirurgia de lifting mam\u00e1rio, \u00e9 uma opera\u00e7\u00e3o est\u00e9tica. Nas mulheres, os seios afundam-se ao longo do tempo como v\u00edtimas da gravidade. H\u00e1 fatores diferentes para esta sagging. As mulheres que t\u00eam problemas de sagging devido a raz\u00f5es como o [&hellip;]<\/p>\n","protected":false},"author":1,"featured_media":0,"parent":0,"menu_order":0,"comment_status":"closed","ping_status":"closed","template":"","meta":{"footnotes":""},"class_list":["post-788","page","type-page","status-publish","hentry"],"_links":{"self":[{"href":"https:\/\/alperince.com\/pt\/wp-json\/wp\/v2\/pages\/788","targetHints":{"allow":["GET"]}}],"collection":[{"href":"https:\/\/alperince.com\/pt\/wp-json\/wp\/v2\/pages"}],"about":[{"href":"https:\/\/alperince.com\/pt\/wp-json\/wp\/v2\/types\/page"}],"author":[{"embeddable":true,"href":"https:\/\/alperince.com\/pt\/wp-json\/wp\/v2\/users\/1"}],"replies":[{"embeddable":true,"href":"https:\/\/alperince.com\/pt\/wp-json\/wp\/v2\/comments?post=788"}],"version-history":[{"count":23,"href":"https:\/\/alperince.com\/pt\/wp-json\/wp\/v2\/pages\/788\/revisions"}],"predecessor-version":[{"id":1959,"href":"https:\/\/alperince.com\/pt\/wp-json\/wp\/v2\/pages\/788\/revisions\/1959"}],"wp:attachment":[{"href":"https:\/\/alperince.com\/pt\/wp-json\/wp\/v2\/media?parent=788"}],"curies":[{"name":"wp","href":"https:\/\/api.w.org\/{rel}","templated":true}]}}