{"id":801,"date":"2022-09-17T11:26:07","date_gmt":"2022-09-17T08:26:07","guid":{"rendered":"https:\/\/alperince.com\/pt\/?page_id=801"},"modified":"2022-12-07T14:46:04","modified_gmt":"2022-12-07T11:46:04","slug":"ginecomastia","status":"publish","type":"page","link":"https:\/\/alperince.com\/pt\/ginecomastia","title":{"rendered":"Ginecomastia"},"content":{"rendered":"\t\t<div data-elementor-type=\"wp-page\" data-elementor-id=\"801\" class=\"elementor elementor-801\">\n\t\t\t\t\t\t\t\t\t<section class=\"elementor-section elementor-top-section elementor-element elementor-element-100bd8a5 elementor-section-boxed elementor-section-height-default elementor-section-height-default\" data-id=\"100bd8a5\" data-element_type=\"section\">\n\t\t\t\t\t\t<div class=\"elementor-container elementor-column-gap-default\">\n\t\t\t\t\t<div class=\"lqd-css-sticky-column elementor-column elementor-col-50 elementor-top-column elementor-element elementor-element-e7d2ad3\" style=\"--lqd-sticky-offset:30px\" data-id=\"e7d2ad3\" data-element_type=\"column\">\n\t\t\t<div class=\"elementor-widget-wrap elementor-element-populated\">\n\t\t\t\t\t\t\t\t<section class=\"elementor-section elementor-inner-section elementor-element elementor-element-f4d1018 elementor-section-boxed elementor-section-height-default elementor-section-height-default\" data-id=\"f4d1018\" data-element_type=\"section\">\n\t\t\t\t\t\t<div class=\"elementor-container elementor-column-gap-default\">\n\t\t\t\t\t<div class=\"elementor-column elementor-col-100 elementor-inner-column elementor-element elementor-element-65e448e\" data-id=\"65e448e\" data-element_type=\"column\" data-settings=\"{&quot;background_background&quot;:&quot;classic&quot;}\">\n\t\t\t<div class=\"elementor-widget-wrap elementor-element-populated\">\n\t\t\t\t\t\t\t\t<div class=\"elementor-element elementor-element-c22aa0a elementor-widget elementor-widget-hub_fancy_heading\" data-id=\"c22aa0a\" data-element_type=\"widget\" data-widget_type=\"hub_fancy_heading.default\">\n\t\t\t\t<div class=\"elementor-widget-container\">\n\t\t\t\n\t\t<div id=\"ld-fancy-heading-69e7dd0191100\" class=\"ld-fancy-heading pos-rel\">\n\t\t\t<h2 class=\"ld-fh-element d-inline-block pos-rel  elementor-heading-title lqd-highlight-classic lqd-highlight-grow-left h2\"  > Obter informa\u00e7\u00e3o<\/h2>\t\t<\/div>\n\n\t\t\t\t<\/div>\n\t\t\t\t<\/div>\n\t\t\t\t<div class=\"elementor-element elementor-element-b0e1842 elementor-widget elementor-widget-ld_cf722\" data-id=\"b0e1842\" data-element_type=\"widget\" data-widget_type=\"ld_cf722.default\">\n\t\t\t\t<div class=\"elementor-widget-container\">\n\t\t\t\n\t<div class=\"lqd-contact-form lqd-contact-form-inputs-filled lqd-contact-form-inputs-round lqd-contact-form-button-block lqd-contact-form-button-round\" >\n\t\t<div role=\"form\" class=\"wpcf7\" id=\"wpcf7-f6-o1\" lang=\"tr-TR\" dir=\"ltr\">\n<div class=\"screen-reader-response\"><p role=\"status\" aria-live=\"polite\" aria-atomic=\"true\"><\/p> <ul><\/ul><\/div>\n<form action=\"\/pt\/wp-json\/wp\/v2\/pages\/801#wpcf7-f6-o1\" method=\"post\" class=\"wpcf7-form init\" novalidate=\"novalidate\" data-status=\"init\">\n<div style=\"display: none;\">\n<input type=\"hidden\" name=\"_wpcf7\" value=\"6\" \/>\n<input type=\"hidden\" name=\"_wpcf7_version\" value=\"5.6.3\" \/>\n<input type=\"hidden\" name=\"_wpcf7_locale\" value=\"tr_TR\" \/>\n<input type=\"hidden\" name=\"_wpcf7_unit_tag\" value=\"wpcf7-f6-o1\" \/>\n<input type=\"hidden\" name=\"_wpcf7_container_post\" value=\"0\" \/>\n<input type=\"hidden\" name=\"_wpcf7_posted_data_hash\" value=\"\" \/>\n<\/div>\n<p><span class=\"wpcf7-form-control-wrap\" data-name=\"adi\"><input type=\"text\" name=\"adi\" value=\"\" size=\"40\" class=\"wpcf7-form-control wpcf7-text wpcf7-validates-as-required\" aria-required=\"true\" aria-invalid=\"false\" placeholder=\"Seu nome\" \/><\/span><br \/>\n<span class=\"wpcf7-form-control-wrap\" data-name=\"telefon\"><input type=\"text\" name=\"telefon\" value=\"\" size=\"40\" class=\"wpcf7-form-control wpcf7-text wpcf7-validates-as-required\" aria-required=\"true\" aria-invalid=\"false\" placeholder=\"Seu numero de telefone\" \/><\/span><br \/>\n<span class=\"wpcf7-form-control-wrap\" data-name=\"mesaj\"><textarea name=\"mesaj\" cols=\"40\" rows=\"3\" class=\"wpcf7-form-control wpcf7-textarea\" aria-invalid=\"false\" placeholder=\"Sua mensagem\"><\/textarea><\/span><br \/>\n<input type=\"submit\" value=\"Enviar formul\u00e1rio\" class=\"wpcf7-form-control has-spinner wpcf7-submit\" \/><\/p>\n<div class=\"wpcf7-response-output\" aria-hidden=\"true\"><\/div><\/form><\/div>\t<\/div>\n\n\t\t\t<\/div>\n\t\t\t\t<\/div>\n\t\t\t\t\t<\/div>\n\t\t<\/div>\n\t\t\t\t\t\t\t<\/div>\n\t\t<\/section>\n\t\t\t\t\t<\/div>\n\t\t<\/div>\n\t\t\t\t<div class=\"elementor-column elementor-col-50 elementor-top-column elementor-element elementor-element-231f3078\" data-id=\"231f3078\" data-element_type=\"column\">\n\t\t\t<div class=\"elementor-widget-wrap elementor-element-populated\">\n\t\t\t\t\t\t\t\t<div class=\"elementor-element elementor-element-cc9606b elementor-widget elementor-widget-image\" data-id=\"cc9606b\" data-element_type=\"widget\" data-widget_type=\"image.default\">\n\t\t\t\t<div class=\"elementor-widget-container\">\n\t\t\t<style>\/*! elementor - v3.7.4 - 31-08-2022 *\/\n.elementor-widget-image{text-align:center}.elementor-widget-image a{display:inline-block}.elementor-widget-image a img[src$=\".svg\"]{width:48px}.elementor-widget-image img{vertical-align:middle;display:inline-block}<\/style>\t\t\t\t\t\t\t\t\t\t\t\t<img decoding=\"async\" width=\"930\" height=\"550\" src=\"https:\/\/alperince.com\/pt\/wp-content\/uploads\/2022\/09\/ispanyolca-c\u0327eviri.jpg\" class=\"elementor-animation-float attachment-full size-full\" alt=\"\" srcset=\"https:\/\/alperince.com\/pt\/wp-content\/uploads\/2022\/09\/ispanyolca-c\u0327eviri.jpg 930w, https:\/\/alperince.com\/pt\/wp-content\/uploads\/2022\/09\/ispanyolca-c\u0327eviri-300x177.jpg 300w, https:\/\/alperince.com\/pt\/wp-content\/uploads\/2022\/09\/ispanyolca-c\u0327eviri-600x355.jpg 600w\" sizes=\"(max-width: 930px) 100vw, 930px\" \/>\t\t\t\t\t\t\t\t\t\t\t\t\t\t\t<\/div>\n\t\t\t\t<\/div>\n\t\t\t\t<div class=\"elementor-element elementor-element-c153a33 elementor-widget elementor-widget-spacer\" data-id=\"c153a33\" data-element_type=\"widget\" data-widget_type=\"spacer.default\">\n\t\t\t\t<div class=\"elementor-widget-container\">\n\t\t\t<style>\/*! elementor - v3.7.4 - 31-08-2022 *\/\n.elementor-column .elementor-spacer-inner{height:var(--spacer-size)}.e-container{--container-widget-width:100%}.e-container>.elementor-widget-spacer{width:var(--container-widget-width,var(--spacer-size));-ms-flex-item-align:stretch;align-self:stretch;-ms-flex-negative:0;flex-shrink:0}.e-container>.elementor-widget-spacer>.elementor-widget-container,.e-container>.elementor-widget-spacer>.elementor-widget-container>.elementor-spacer{height:100%}.e-container>.elementor-widget-spacer>.elementor-widget-container>.elementor-spacer>.elementor-spacer-inner{height:var(--container-widget-height,var(--spacer-size))}<\/style>\t\t<div class=\"elementor-spacer\">\n\t\t\t<div class=\"elementor-spacer-inner\"><\/div>\n\t\t<\/div>\n\t\t\t\t<\/div>\n\t\t\t\t<\/div>\n\t\t\t\t<div class=\"elementor-element elementor-element-527f0d1f elementor-widget elementor-widget-hub_fancy_heading\" data-id=\"527f0d1f\" data-element_type=\"widget\" data-widget_type=\"hub_fancy_heading.default\">\n\t\t\t\t<div class=\"elementor-widget-container\">\n\t\t\t\n\t\t<div id=\"ld-fancy-heading-69e7dd019bd82\" class=\"ld-fancy-heading pos-rel\">\n\t\t\t<h2 class=\"ld-fh-element d-inline-block pos-rel  elementor-heading-title lqd-highlight-classic lqd-highlight-grow-left h2\"  > Ginecomastia<\/h2>\t\t<\/div>\n\n\t\t\t\t<\/div>\n\t\t\t\t<\/div>\n\t\t\t\t<div class=\"elementor-element elementor-element-7eef461 elementor-widget elementor-widget-text-editor\" data-id=\"7eef461\" data-element_type=\"widget\" data-widget_type=\"text-editor.default\">\n\t\t\t\t<div class=\"elementor-widget-container\">\n\t\t\t<style>\/*! elementor - v3.7.4 - 31-08-2022 *\/\n.elementor-widget-text-editor.elementor-drop-cap-view-stacked .elementor-drop-cap{background-color:#818a91;color:#fff}.elementor-widget-text-editor.elementor-drop-cap-view-framed .elementor-drop-cap{color:#818a91;border:3px solid;background-color:transparent}.elementor-widget-text-editor:not(.elementor-drop-cap-view-default) .elementor-drop-cap{margin-top:8px}.elementor-widget-text-editor:not(.elementor-drop-cap-view-default) .elementor-drop-cap-letter{width:1em;height:1em}.elementor-widget-text-editor .elementor-drop-cap{float:left;text-align:center;line-height:1;font-size:50px}.elementor-widget-text-editor .elementor-drop-cap-letter{display:inline-block}<\/style>\t\t\t\t<p>Nos homens, chamamos o processo de remo\u00e7\u00e3o do tamanho do peito formado por tecido mam\u00e1rio ou tecido adiposo acumulando-se na \u00e1rea mam\u00e1ria \u201cGynecomastia\u201d. \u00c9 poss\u00edvel eliminar completamente as queixas de crescimento dos mamilos e do crescimento mam\u00e1rio que muitas vezes encontramos com a cirurgia gynecomastia. Ap\u00f3s a cirurgia de gynecomastia, o tratamento \u00e9 suportado com o espartilho e o tempo necess\u00e1rio para voltar \u00e0 sua vida social \u00e9 encurtado. Este \u00e9 um processo que pode fazer mesmo separando o seu fim de semana.<\/p><p><strong>Symed Growth In Men?<\/strong><\/p><p>Nos homens, o crescimento mam\u00e1rio ocorre com diferentes fatores. Al\u00e9m de ser visto hormonalmente devido a doen\u00e7as nos \u00f3rg\u00e3os internos e dependendo dos medicamentos tomados; \u00c9 a ocorr\u00eancia de 90% de tecido adiposo com a acumula\u00e7\u00e3o de tecido adiposo na \u00e1rea da mama. Com o crescimento do tecido mam\u00e1rio, ocorre \u2018gynecomastia\u2019.<\/p><p><strong>A \u00fanica solu\u00e7\u00e3o para o crescimento da mama nos homens \u00e9 a cirurgia<\/strong><\/p><p>Se a raz\u00e3o para o crescimento mam\u00e1rio \u00e9 a acumula\u00e7\u00e3o de tecido adiposo, o tecido adiposo pode ser tornado um pouco mais fraco por esportes e dieta. Mas h\u00e1 est\u00e1gios de crescimento mam\u00e1rio. Se o crescimento mam\u00e1rio for avan\u00e7ado nestas fases, n\u00e3o \u00e9 poss\u00edvel reduzir o tecido adiposo atrav\u00e9s do desporto e da dieta. Neste caso, a lipoaspira\u00e7\u00e3o ou a cirurgia de ginecomastia ser\u00e1 a solu\u00e7\u00e3o mais saud\u00e1vel e f\u00e1cil. Se o m\u00e9todo de tratamento ser\u00e1 realizado por lipoaspira\u00e7\u00e3o ou interven\u00e7\u00e3o cir\u00fargica \u00e9 poss\u00edvel ap\u00f3s o exame determinar se a gordura ou o tecido \u00e9 a causa do tamanho da mama.<\/p><p>Embora a lipoaspira\u00e7\u00e3o seja um procedimento adequado para os crescimentos causados pelo tecido adiposo, a interven\u00e7\u00e3o cir\u00fargica \u00e9 necess\u00e1ria no crescimento mam\u00e1rio devido ao tecido mam\u00e1rio.<\/p>\t\t\t\t\t\t<\/div>\n\t\t\t\t<\/div>\n\t\t\t\t\t<\/div>\n\t\t<\/div>\n\t\t\t\t\t\t\t<\/div>\n\t\t<\/section>\n\t\t\t\t\t\t\t<\/div>\n\t\t","protected":false},"excerpt":{"rendered":"<p>Obter informa\u00e7\u00e3o Ginecomastia Nos homens, chamamos o processo de remo\u00e7\u00e3o do tamanho do peito formado por tecido mam\u00e1rio ou tecido adiposo acumulando-se na \u00e1rea mam\u00e1ria \u201cGynecomastia\u201d. \u00c9 poss\u00edvel eliminar completamente as queixas de crescimento dos mamilos e do crescimento mam\u00e1rio que muitas vezes encontramos com a cirurgia gynecomastia. Ap\u00f3s a cirurgia de gynecomastia, o tratamento [&hellip;]<\/p>\n","protected":false},"author":1,"featured_media":0,"parent":0,"menu_order":0,"comment_status":"closed","ping_status":"closed","template":"","meta":{"footnotes":""},"class_list":["post-801","page","type-page","status-publish","hentry"],"_links":{"self":[{"href":"https:\/\/alperince.com\/pt\/wp-json\/wp\/v2\/pages\/801","targetHints":{"allow":["GET"]}}],"collection":[{"href":"https:\/\/alperince.com\/pt\/wp-json\/wp\/v2\/pages"}],"about":[{"href":"https:\/\/alperince.com\/pt\/wp-json\/wp\/v2\/types\/page"}],"author":[{"embeddable":true,"href":"https:\/\/alperince.com\/pt\/wp-json\/wp\/v2\/users\/1"}],"replies":[{"embeddable":true,"href":"https:\/\/alperince.com\/pt\/wp-json\/wp\/v2\/comments?post=801"}],"version-history":[{"count":20,"href":"https:\/\/alperince.com\/pt\/wp-json\/wp\/v2\/pages\/801\/revisions"}],"predecessor-version":[{"id":1965,"href":"https:\/\/alperince.com\/pt\/wp-json\/wp\/v2\/pages\/801\/revisions\/1965"}],"wp:attachment":[{"href":"https:\/\/alperince.com\/pt\/wp-json\/wp\/v2\/media?parent=801"}],"curies":[{"name":"wp","href":"https:\/\/api.w.org\/{rel}","templated":true}]}}