{"id":817,"date":"2022-09-17T11:32:23","date_gmt":"2022-09-17T08:32:23","guid":{"rendered":"https:\/\/alperince.com\/pt\/?page_id=817"},"modified":"2022-12-07T14:50:41","modified_gmt":"2022-12-07T11:50:41","slug":"dobra-da-barriga","status":"publish","type":"page","link":"https:\/\/alperince.com\/pt\/dobra-da-barriga","title":{"rendered":"Dobra da Barriga"},"content":{"rendered":"\t\t<div data-elementor-type=\"wp-page\" data-elementor-id=\"817\" class=\"elementor elementor-817\">\n\t\t\t\t\t\t\t\t\t<section class=\"elementor-section elementor-top-section elementor-element elementor-element-100bd8a5 elementor-section-boxed elementor-section-height-default elementor-section-height-default\" data-id=\"100bd8a5\" data-element_type=\"section\">\n\t\t\t\t\t\t<div class=\"elementor-container elementor-column-gap-default\">\n\t\t\t\t\t<div class=\"lqd-css-sticky-column elementor-column elementor-col-50 elementor-top-column elementor-element elementor-element-fa72d63\" style=\"--lqd-sticky-offset:30px\" data-id=\"fa72d63\" data-element_type=\"column\">\n\t\t\t<div class=\"elementor-widget-wrap elementor-element-populated\">\n\t\t\t\t\t\t\t\t<section class=\"elementor-section elementor-inner-section elementor-element elementor-element-97703bd elementor-section-boxed elementor-section-height-default elementor-section-height-default\" data-id=\"97703bd\" data-element_type=\"section\">\n\t\t\t\t\t\t<div class=\"elementor-container elementor-column-gap-default\">\n\t\t\t\t\t<div class=\"elementor-column elementor-col-100 elementor-inner-column elementor-element elementor-element-685b4a0\" data-id=\"685b4a0\" data-element_type=\"column\" data-settings=\"{&quot;background_background&quot;:&quot;classic&quot;}\">\n\t\t\t<div class=\"elementor-widget-wrap elementor-element-populated\">\n\t\t\t\t\t\t\t\t<div class=\"elementor-element elementor-element-f26c401 elementor-widget elementor-widget-hub_fancy_heading\" data-id=\"f26c401\" data-element_type=\"widget\" data-widget_type=\"hub_fancy_heading.default\">\n\t\t\t\t<div class=\"elementor-widget-container\">\n\t\t\t\n\t\t<div id=\"ld-fancy-heading-69e7e4914ddbb\" class=\"ld-fancy-heading pos-rel\">\n\t\t\t<h2 class=\"ld-fh-element d-inline-block pos-rel  elementor-heading-title lqd-highlight-classic lqd-highlight-grow-left h2\"  > Obter informa\u00e7\u00e3o<\/h2>\t\t<\/div>\n\n\t\t\t\t<\/div>\n\t\t\t\t<\/div>\n\t\t\t\t<div class=\"elementor-element elementor-element-64f89df elementor-widget elementor-widget-ld_cf722\" data-id=\"64f89df\" data-element_type=\"widget\" data-widget_type=\"ld_cf722.default\">\n\t\t\t\t<div class=\"elementor-widget-container\">\n\t\t\t\n\t<div class=\"lqd-contact-form lqd-contact-form-inputs-filled lqd-contact-form-inputs-round lqd-contact-form-button-block lqd-contact-form-button-round\" >\n\t\t<div role=\"form\" class=\"wpcf7\" id=\"wpcf7-f6-o1\" lang=\"tr-TR\" dir=\"ltr\">\n<div class=\"screen-reader-response\"><p role=\"status\" aria-live=\"polite\" aria-atomic=\"true\"><\/p> <ul><\/ul><\/div>\n<form action=\"\/pt\/wp-json\/wp\/v2\/pages\/817#wpcf7-f6-o1\" method=\"post\" class=\"wpcf7-form init\" novalidate=\"novalidate\" data-status=\"init\">\n<div style=\"display: none;\">\n<input type=\"hidden\" name=\"_wpcf7\" value=\"6\" \/>\n<input type=\"hidden\" name=\"_wpcf7_version\" value=\"5.6.3\" \/>\n<input type=\"hidden\" name=\"_wpcf7_locale\" value=\"tr_TR\" \/>\n<input type=\"hidden\" name=\"_wpcf7_unit_tag\" value=\"wpcf7-f6-o1\" \/>\n<input type=\"hidden\" name=\"_wpcf7_container_post\" value=\"0\" \/>\n<input type=\"hidden\" name=\"_wpcf7_posted_data_hash\" value=\"\" \/>\n<\/div>\n<p><span class=\"wpcf7-form-control-wrap\" data-name=\"adi\"><input type=\"text\" name=\"adi\" value=\"\" size=\"40\" class=\"wpcf7-form-control wpcf7-text wpcf7-validates-as-required\" aria-required=\"true\" aria-invalid=\"false\" placeholder=\"Seu nome\" \/><\/span><br \/>\n<span class=\"wpcf7-form-control-wrap\" data-name=\"telefon\"><input type=\"text\" name=\"telefon\" value=\"\" size=\"40\" class=\"wpcf7-form-control wpcf7-text wpcf7-validates-as-required\" aria-required=\"true\" aria-invalid=\"false\" placeholder=\"Seu numero de telefone\" \/><\/span><br \/>\n<span class=\"wpcf7-form-control-wrap\" data-name=\"mesaj\"><textarea name=\"mesaj\" cols=\"40\" rows=\"3\" class=\"wpcf7-form-control wpcf7-textarea\" aria-invalid=\"false\" placeholder=\"Sua mensagem\"><\/textarea><\/span><br \/>\n<input type=\"submit\" value=\"Enviar formul\u00e1rio\" class=\"wpcf7-form-control has-spinner wpcf7-submit\" \/><\/p>\n<div class=\"wpcf7-response-output\" aria-hidden=\"true\"><\/div><\/form><\/div>\t<\/div>\n\n\t\t\t<\/div>\n\t\t\t\t<\/div>\n\t\t\t\t\t<\/div>\n\t\t<\/div>\n\t\t\t\t\t\t\t<\/div>\n\t\t<\/section>\n\t\t\t\t\t<\/div>\n\t\t<\/div>\n\t\t\t\t<div class=\"elementor-column elementor-col-50 elementor-top-column elementor-element elementor-element-231f3078\" data-id=\"231f3078\" data-element_type=\"column\">\n\t\t\t<div class=\"elementor-widget-wrap elementor-element-populated\">\n\t\t\t\t\t\t\t\t<div class=\"elementor-element elementor-element-cc9606b elementor-widget elementor-widget-image\" data-id=\"cc9606b\" data-element_type=\"widget\" data-widget_type=\"image.default\">\n\t\t\t\t<div class=\"elementor-widget-container\">\n\t\t\t<style>\/*! elementor - v3.7.4 - 31-08-2022 *\/\n.elementor-widget-image{text-align:center}.elementor-widget-image a{display:inline-block}.elementor-widget-image a img[src$=\".svg\"]{width:48px}.elementor-widget-image img{vertical-align:middle;display:inline-block}<\/style>\t\t\t\t\t\t\t\t\t\t\t\t<img decoding=\"async\" width=\"930\" height=\"550\" src=\"https:\/\/alperince.com\/pt\/wp-content\/uploads\/2022\/09\/karin-germe-header.jpg\" class=\"elementor-animation-float attachment-full size-full\" alt=\"\" srcset=\"https:\/\/alperince.com\/pt\/wp-content\/uploads\/2022\/09\/karin-germe-header.jpg 930w, https:\/\/alperince.com\/pt\/wp-content\/uploads\/2022\/09\/karin-germe-header-300x177.jpg 300w, https:\/\/alperince.com\/pt\/wp-content\/uploads\/2022\/09\/karin-germe-header-600x355.jpg 600w\" sizes=\"(max-width: 930px) 100vw, 930px\" \/>\t\t\t\t\t\t\t\t\t\t\t\t\t\t\t<\/div>\n\t\t\t\t<\/div>\n\t\t\t\t<div class=\"elementor-element elementor-element-c153a33 elementor-widget elementor-widget-spacer\" data-id=\"c153a33\" data-element_type=\"widget\" data-widget_type=\"spacer.default\">\n\t\t\t\t<div class=\"elementor-widget-container\">\n\t\t\t<style>\/*! elementor - v3.7.4 - 31-08-2022 *\/\n.elementor-column .elementor-spacer-inner{height:var(--spacer-size)}.e-container{--container-widget-width:100%}.e-container>.elementor-widget-spacer{width:var(--container-widget-width,var(--spacer-size));-ms-flex-item-align:stretch;align-self:stretch;-ms-flex-negative:0;flex-shrink:0}.e-container>.elementor-widget-spacer>.elementor-widget-container,.e-container>.elementor-widget-spacer>.elementor-widget-container>.elementor-spacer{height:100%}.e-container>.elementor-widget-spacer>.elementor-widget-container>.elementor-spacer>.elementor-spacer-inner{height:var(--container-widget-height,var(--spacer-size))}<\/style>\t\t<div class=\"elementor-spacer\">\n\t\t\t<div class=\"elementor-spacer-inner\"><\/div>\n\t\t<\/div>\n\t\t\t\t<\/div>\n\t\t\t\t<\/div>\n\t\t\t\t<div class=\"elementor-element elementor-element-527f0d1f elementor-widget elementor-widget-hub_fancy_heading\" data-id=\"527f0d1f\" data-element_type=\"widget\" data-widget_type=\"hub_fancy_heading.default\">\n\t\t\t\t<div class=\"elementor-widget-container\">\n\t\t\t\n\t\t<div id=\"ld-fancy-heading-69e7e49153f23\" class=\"ld-fancy-heading pos-rel\">\n\t\t\t<h2 class=\"ld-fh-element d-inline-block pos-rel  elementor-heading-title lqd-highlight-classic lqd-highlight-grow-left h2\"  > Dobra da Barriga<\/h2>\t\t<\/div>\n\n\t\t\t\t<\/div>\n\t\t\t\t<\/div>\n\t\t\t\t<div class=\"elementor-element elementor-element-7eef461 elementor-widget elementor-widget-text-editor\" data-id=\"7eef461\" data-element_type=\"widget\" data-widget_type=\"text-editor.default\">\n\t\t\t\t<div class=\"elementor-widget-container\">\n\t\t\t<style>\/*! elementor - v3.7.4 - 31-08-2022 *\/\n.elementor-widget-text-editor.elementor-drop-cap-view-stacked .elementor-drop-cap{background-color:#818a91;color:#fff}.elementor-widget-text-editor.elementor-drop-cap-view-framed .elementor-drop-cap{color:#818a91;border:3px solid;background-color:transparent}.elementor-widget-text-editor:not(.elementor-drop-cap-view-default) .elementor-drop-cap{margin-top:8px}.elementor-widget-text-editor:not(.elementor-drop-cap-view-default) .elementor-drop-cap-letter{width:1em;height:1em}.elementor-widget-text-editor .elementor-drop-cap{float:left;text-align:center;line-height:1;font-size:50px}.elementor-widget-text-editor .elementor-drop-cap-letter{display:inline-block}<\/style>\t\t\t\t<p>A abdominoplastia \u00e9 um procedimento cir\u00fargico que visa uma apar\u00eancia plana no abd\u00f3men, removendo gordura e pele extra e apertando os m\u00fasculos. O procedimento de abdominoplastia \u00e9 uma grande cirurgia, por isso a pessoa deve analisar cuidadosamente a sua condi\u00e7\u00e3o e pensar cuidadosamente antes de tomar uma decis\u00e3o final.<\/p><p><strong>Quando se candidatar a<\/strong><\/p><p>A abdominoplastia deve ser utilizada como \u00faltimo recurso quando todos os outros m\u00e9todos s\u00e3o consumidos e o procedimento n\u00e3o deve ser considerado como uma alternativa \u00e0 perda de peso. A abdominoplastia \u00e9 geralmente usada para apertar os m\u00fasculos de sagging ap\u00f3s o parto ou para remover o excesso de pele do abd\u00f3men ap\u00f3s perda excessiva de peso.<\/p><p>O processo de abdominoplastia ajudar\u00e1 a aliviar a dor observada na pessoa, melhorar\u00e1 a fun\u00e7\u00e3o da bexiga e eliminar\u00e1 a comich\u00e3o e as infe\u00e7\u00f5es cut\u00e2neas causadas por excesso de pele.<\/p><p><strong>Quem s\u00e3o os candidatos adequados para o<\/strong><\/p><p>A abdominoplastia \u00e9 geralmente um procedimento adequado para homens e mulheres com boa sa\u00fade geral e um peso est\u00e1vel. Se a pessoa fuma, \u00e9 muito importante parar neste processo para obter um resultado bem sucedido.<\/p><p>A abdominoplastia n\u00e3o deve ser confundida com lipoaspira\u00e7\u00e3o. As mulheres que experimentaram v\u00e1rias deforma\u00e7\u00f5es nas regi\u00f5es abdominais de v\u00e1rios per\u00edodos gestacionais podem usar este procedimento para recuperar a sua apar\u00eancia anterior. A abdominoplastia pode ser uma boa solu\u00e7\u00e3o para homens ou mulheres que t\u00eam problemas de obesidade em algum momento da sua vida e ainda t\u00eam gordura excessiva e pele enrugada no abd\u00f3men.<\/p><p><strong>Abdominoplastia \u00e9 um m\u00e9todo de perda de peso?<\/strong><\/p><p>A abdominoplastia n\u00e3o \u00e9 um m\u00e9todo de perda de peso ou um substituto para o exerc\u00edcio. Pode ser poss\u00edvel alcan\u00e7ar um abd\u00f3men plano com alimenta\u00e7\u00e3o saud\u00e1vel e exerc\u00edcio sem recorrer a procedimentos cir\u00fargicos, mas nem sempre. Recomenda-se referir \u00e0 abdominoplastia quando todas as outras op\u00e7\u00f5es s\u00e3o consumidas.<\/p>\t\t\t\t\t\t<\/div>\n\t\t\t\t<\/div>\n\t\t\t\t\t<\/div>\n\t\t<\/div>\n\t\t\t\t\t\t\t<\/div>\n\t\t<\/section>\n\t\t\t\t\t\t\t<\/div>\n\t\t","protected":false},"excerpt":{"rendered":"<p>Obter informa\u00e7\u00e3o Dobra da Barriga A abdominoplastia \u00e9 um procedimento cir\u00fargico que visa uma apar\u00eancia plana no abd\u00f3men, removendo gordura e pele extra e apertando os m\u00fasculos. O procedimento de abdominoplastia \u00e9 uma grande cirurgia, por isso a pessoa deve analisar cuidadosamente a sua condi\u00e7\u00e3o e pensar cuidadosamente antes de tomar uma decis\u00e3o final. Quando [&hellip;]<\/p>\n","protected":false},"author":1,"featured_media":0,"parent":0,"menu_order":0,"comment_status":"closed","ping_status":"closed","template":"","meta":{"footnotes":""},"class_list":["post-817","page","type-page","status-publish","hentry"],"_links":{"self":[{"href":"https:\/\/alperince.com\/pt\/wp-json\/wp\/v2\/pages\/817","targetHints":{"allow":["GET"]}}],"collection":[{"href":"https:\/\/alperince.com\/pt\/wp-json\/wp\/v2\/pages"}],"about":[{"href":"https:\/\/alperince.com\/pt\/wp-json\/wp\/v2\/types\/page"}],"author":[{"embeddable":true,"href":"https:\/\/alperince.com\/pt\/wp-json\/wp\/v2\/users\/1"}],"replies":[{"embeddable":true,"href":"https:\/\/alperince.com\/pt\/wp-json\/wp\/v2\/comments?post=817"}],"version-history":[{"count":23,"href":"https:\/\/alperince.com\/pt\/wp-json\/wp\/v2\/pages\/817\/revisions"}],"predecessor-version":[{"id":1977,"href":"https:\/\/alperince.com\/pt\/wp-json\/wp\/v2\/pages\/817\/revisions\/1977"}],"wp:attachment":[{"href":"https:\/\/alperince.com\/pt\/wp-json\/wp\/v2\/media?parent=817"}],"curies":[{"name":"wp","href":"https:\/\/api.w.org\/{rel}","templated":true}]}}