{"id":869,"date":"2022-09-17T12:25:10","date_gmt":"2022-09-17T09:25:10","guid":{"rendered":"https:\/\/alperince.com\/pt\/?page_id=869"},"modified":"2022-12-07T14:52:09","modified_gmt":"2022-12-07T11:52:09","slug":"transplante-capilar-fue","status":"publish","type":"page","link":"https:\/\/alperince.com\/pt\/transplante-capilar-fue","title":{"rendered":"Transplante capilar FUE"},"content":{"rendered":"\t\t<div data-elementor-type=\"wp-page\" data-elementor-id=\"869\" class=\"elementor elementor-869\">\n\t\t\t\t\t\t\t\t\t<section class=\"elementor-section elementor-top-section elementor-element elementor-element-100bd8a5 elementor-section-boxed elementor-section-height-default elementor-section-height-default\" data-id=\"100bd8a5\" data-element_type=\"section\">\n\t\t\t\t\t\t<div class=\"elementor-container elementor-column-gap-default\">\n\t\t\t\t\t<div class=\"lqd-css-sticky-column elementor-column elementor-col-50 elementor-top-column elementor-element elementor-element-e9d11e3\" style=\"--lqd-sticky-offset:30px\" data-id=\"e9d11e3\" data-element_type=\"column\">\n\t\t\t<div class=\"elementor-widget-wrap elementor-element-populated\">\n\t\t\t\t\t\t\t\t<section class=\"elementor-section elementor-inner-section elementor-element elementor-element-38952cb elementor-section-boxed elementor-section-height-default elementor-section-height-default\" data-id=\"38952cb\" data-element_type=\"section\">\n\t\t\t\t\t\t<div class=\"elementor-container elementor-column-gap-default\">\n\t\t\t\t\t<div class=\"elementor-column elementor-col-100 elementor-inner-column elementor-element elementor-element-6cb1d37\" data-id=\"6cb1d37\" data-element_type=\"column\" data-settings=\"{&quot;background_background&quot;:&quot;classic&quot;}\">\n\t\t\t<div class=\"elementor-widget-wrap elementor-element-populated\">\n\t\t\t\t\t\t\t\t<div class=\"elementor-element elementor-element-5922421 elementor-widget elementor-widget-hub_fancy_heading\" data-id=\"5922421\" data-element_type=\"widget\" data-widget_type=\"hub_fancy_heading.default\">\n\t\t\t\t<div class=\"elementor-widget-container\">\n\t\t\t\n\t\t<div id=\"ld-fancy-heading-69e7e99b5c82c\" class=\"ld-fancy-heading pos-rel\">\n\t\t\t<h2 class=\"ld-fh-element d-inline-block pos-rel  elementor-heading-title lqd-highlight-classic lqd-highlight-grow-left h2\"  > Obter informa\u00e7\u00e3o<\/h2>\t\t<\/div>\n\n\t\t\t\t<\/div>\n\t\t\t\t<\/div>\n\t\t\t\t<div class=\"elementor-element elementor-element-468372e elementor-widget elementor-widget-ld_cf722\" data-id=\"468372e\" data-element_type=\"widget\" data-widget_type=\"ld_cf722.default\">\n\t\t\t\t<div class=\"elementor-widget-container\">\n\t\t\t\n\t<div class=\"lqd-contact-form lqd-contact-form-inputs-filled lqd-contact-form-inputs-round lqd-contact-form-button-block lqd-contact-form-button-round\" >\n\t\t<div role=\"form\" class=\"wpcf7\" id=\"wpcf7-f6-o1\" lang=\"tr-TR\" dir=\"ltr\">\n<div class=\"screen-reader-response\"><p role=\"status\" aria-live=\"polite\" aria-atomic=\"true\"><\/p> <ul><\/ul><\/div>\n<form action=\"\/pt\/wp-json\/wp\/v2\/pages\/869#wpcf7-f6-o1\" method=\"post\" class=\"wpcf7-form init\" novalidate=\"novalidate\" data-status=\"init\">\n<div style=\"display: none;\">\n<input type=\"hidden\" name=\"_wpcf7\" value=\"6\" \/>\n<input type=\"hidden\" name=\"_wpcf7_version\" value=\"5.6.3\" \/>\n<input type=\"hidden\" name=\"_wpcf7_locale\" value=\"tr_TR\" \/>\n<input type=\"hidden\" name=\"_wpcf7_unit_tag\" value=\"wpcf7-f6-o1\" \/>\n<input type=\"hidden\" name=\"_wpcf7_container_post\" value=\"0\" \/>\n<input type=\"hidden\" name=\"_wpcf7_posted_data_hash\" value=\"\" \/>\n<\/div>\n<p><span class=\"wpcf7-form-control-wrap\" data-name=\"adi\"><input type=\"text\" name=\"adi\" value=\"\" size=\"40\" class=\"wpcf7-form-control wpcf7-text wpcf7-validates-as-required\" aria-required=\"true\" aria-invalid=\"false\" placeholder=\"Seu nome\" \/><\/span><br \/>\n<span class=\"wpcf7-form-control-wrap\" data-name=\"telefon\"><input type=\"text\" name=\"telefon\" value=\"\" size=\"40\" class=\"wpcf7-form-control wpcf7-text wpcf7-validates-as-required\" aria-required=\"true\" aria-invalid=\"false\" placeholder=\"Seu numero de telefone\" \/><\/span><br \/>\n<span class=\"wpcf7-form-control-wrap\" data-name=\"mesaj\"><textarea name=\"mesaj\" cols=\"40\" rows=\"3\" class=\"wpcf7-form-control wpcf7-textarea\" aria-invalid=\"false\" placeholder=\"Sua mensagem\"><\/textarea><\/span><br \/>\n<input type=\"submit\" value=\"Enviar formul\u00e1rio\" class=\"wpcf7-form-control has-spinner wpcf7-submit\" \/><\/p>\n<div class=\"wpcf7-response-output\" aria-hidden=\"true\"><\/div><\/form><\/div>\t<\/div>\n\n\t\t\t<\/div>\n\t\t\t\t<\/div>\n\t\t\t\t\t<\/div>\n\t\t<\/div>\n\t\t\t\t\t\t\t<\/div>\n\t\t<\/section>\n\t\t\t\t\t<\/div>\n\t\t<\/div>\n\t\t\t\t<div class=\"elementor-column elementor-col-50 elementor-top-column elementor-element elementor-element-231f3078\" data-id=\"231f3078\" data-element_type=\"column\">\n\t\t\t<div class=\"elementor-widget-wrap elementor-element-populated\">\n\t\t\t\t\t\t\t\t<div class=\"elementor-element elementor-element-cc9606b elementor-widget elementor-widget-image\" data-id=\"cc9606b\" data-element_type=\"widget\" data-widget_type=\"image.default\">\n\t\t\t\t<div class=\"elementor-widget-container\">\n\t\t\t<style>\/*! elementor - v3.7.4 - 31-08-2022 *\/\n.elementor-widget-image{text-align:center}.elementor-widget-image a{display:inline-block}.elementor-widget-image a img[src$=\".svg\"]{width:48px}.elementor-widget-image img{vertical-align:middle;display:inline-block}<\/style>\t\t\t\t\t\t\t\t\t\t\t\t<img decoding=\"async\" width=\"930\" height=\"550\" src=\"https:\/\/alperince.com\/pt\/wp-content\/uploads\/2022\/09\/fue-sac-ekimi-header.jpg\" class=\"elementor-animation-float attachment-full size-full\" alt=\"\" srcset=\"https:\/\/alperince.com\/pt\/wp-content\/uploads\/2022\/09\/fue-sac-ekimi-header.jpg 930w, https:\/\/alperince.com\/pt\/wp-content\/uploads\/2022\/09\/fue-sac-ekimi-header-300x177.jpg 300w, https:\/\/alperince.com\/pt\/wp-content\/uploads\/2022\/09\/fue-sac-ekimi-header-600x355.jpg 600w\" sizes=\"(max-width: 930px) 100vw, 930px\" \/>\t\t\t\t\t\t\t\t\t\t\t\t\t\t\t<\/div>\n\t\t\t\t<\/div>\n\t\t\t\t<div class=\"elementor-element elementor-element-c153a33 elementor-widget elementor-widget-spacer\" data-id=\"c153a33\" data-element_type=\"widget\" data-widget_type=\"spacer.default\">\n\t\t\t\t<div class=\"elementor-widget-container\">\n\t\t\t<style>\/*! elementor - v3.7.4 - 31-08-2022 *\/\n.elementor-column .elementor-spacer-inner{height:var(--spacer-size)}.e-container{--container-widget-width:100%}.e-container>.elementor-widget-spacer{width:var(--container-widget-width,var(--spacer-size));-ms-flex-item-align:stretch;align-self:stretch;-ms-flex-negative:0;flex-shrink:0}.e-container>.elementor-widget-spacer>.elementor-widget-container,.e-container>.elementor-widget-spacer>.elementor-widget-container>.elementor-spacer{height:100%}.e-container>.elementor-widget-spacer>.elementor-widget-container>.elementor-spacer>.elementor-spacer-inner{height:var(--container-widget-height,var(--spacer-size))}<\/style>\t\t<div class=\"elementor-spacer\">\n\t\t\t<div class=\"elementor-spacer-inner\"><\/div>\n\t\t<\/div>\n\t\t\t\t<\/div>\n\t\t\t\t<\/div>\n\t\t\t\t<div class=\"elementor-element elementor-element-527f0d1f elementor-widget elementor-widget-hub_fancy_heading\" data-id=\"527f0d1f\" data-element_type=\"widget\" data-widget_type=\"hub_fancy_heading.default\">\n\t\t\t\t<div class=\"elementor-widget-container\">\n\t\t\t\n\t\t<div id=\"ld-fancy-heading-69e7e99b62dcd\" class=\"ld-fancy-heading pos-rel\">\n\t\t\t<h2 class=\"ld-fh-element d-inline-block pos-rel  elementor-heading-title lqd-highlight-classic lqd-highlight-grow-left h2\"  > Transplante capilar FUE\n\n<\/h2>\t\t<\/div>\n\n\t\t\t\t<\/div>\n\t\t\t\t<\/div>\n\t\t\t\t<div class=\"elementor-element elementor-element-7eef461 elementor-widget elementor-widget-text-editor\" data-id=\"7eef461\" data-element_type=\"widget\" data-widget_type=\"text-editor.default\">\n\t\t\t\t<div class=\"elementor-widget-container\">\n\t\t\t<style>\/*! elementor - v3.7.4 - 31-08-2022 *\/\n.elementor-widget-text-editor.elementor-drop-cap-view-stacked .elementor-drop-cap{background-color:#818a91;color:#fff}.elementor-widget-text-editor.elementor-drop-cap-view-framed .elementor-drop-cap{color:#818a91;border:3px solid;background-color:transparent}.elementor-widget-text-editor:not(.elementor-drop-cap-view-default) .elementor-drop-cap{margin-top:8px}.elementor-widget-text-editor:not(.elementor-drop-cap-view-default) .elementor-drop-cap-letter{width:1em;height:1em}.elementor-widget-text-editor .elementor-drop-cap{float:left;text-align:center;line-height:1;font-size:50px}.elementor-widget-text-editor .elementor-drop-cap-letter{display:inline-block}<\/style>\t\t\t\t<p>O transplante capilar pode ser definido como a solu\u00e7\u00e3o do problema da queda de cabelo. A opera\u00e7\u00e3o de transplante capilar \u00e9 um procedimento de microcirurgia realizado em ambiente hospitalar. O transplante capilar \u00e9 um procedimento de transplante capilar realizado com menos interven\u00e7\u00e3o do que a cirurgia normal.<\/p><p>Embora seja uma solu\u00e7\u00e3o permanente para quem experimenta alopecia androgen\u00e9tica, medicamente conhecida como perda de cabelo masculina; pode tamb\u00e9m ser aplicado \u00e0queles que perderam o cabelo devido a v\u00e1rias doen\u00e7as capilares e aqueles que t\u00eam cicatrizes.<\/p><p>A opera\u00e7\u00e3o de transplanta\u00e7\u00e3o capilar \u00e9 uma solu\u00e7\u00e3o eficaz e permanente para pessoas que experimentam alopecia androgen\u00e9tica, medicamente conhecida como perda de cabelo masculina, mas tamb\u00e9m pessoas que t\u00eam cicatrizes ou que perderam o cabelo com v\u00e1rias doen\u00e7as capilares podem facilmente ter esta opera\u00e7\u00e3o.<\/p><p><strong>Cole\u00e7\u00e3o de Fol\u00edculos capilares<\/strong><\/p><p>A caracter\u00edstica mais \u00f3bvia da FUE \u00e9 o sucesso est\u00e9tico na cole\u00e7\u00e3o de fol\u00edculos capilares, esta inova\u00e7\u00e3o fez com que fut desaparecesse completamente. Em FUT, os fol\u00edculos capilares s\u00e3o cortados a partir do peda\u00e7o de pele cortado da parte de tr\u00e1s da cabe\u00e7a, enquanto na t\u00e9cnica FUE, o cabelo \u00e9 recolhido individualmente com agulhas cil\u00edndricas, reduzindo assim a destrui\u00e7\u00e3o.<\/p><p>\u00c9 importante utilizar agulhas de 0,7 mm a 0,9 mm dependendo do tamanho dos fol\u00edculos capilares ou 1,0mm para algu\u00e9m cujos fol\u00edculos capilares consistem em 3-4-5 fios de cabelo. A nitidez e o uso \u00fanico de agulhas \u00e9 uma caracter\u00edstica importante que afeta o sucesso da aplica\u00e7\u00e3o em termos de material. Garante que os fol\u00edculos capilares s\u00e3o removidos de acordo com os seus \u00e2ngulos, evitando danos nas ra\u00edzes. Tanto que at\u00e9 h\u00e1 agulhas que tomam pelos excessivamente encaracolados sem danificar a sua forma de curva ao tomar a raiz, que \u00e9 definida como u-enxerto. Estes s\u00e3o planeados pelo m\u00e9dico antes da opera\u00e7\u00e3o de acordo com o estado do paciente.<\/p><p><strong>Canais de Abertura<\/strong><\/p><p>Na abertura dos canais, s\u00e3o utilizadas fendas met\u00e1licas e de a\u00e7o na t\u00e9cnica FUE e uma incis\u00e3o \u00e9 criada de acordo com a dire\u00e7\u00e3o natural do cabelo. O cabelo transplantado neste caso cresce de acordo com aspetos naturais.<\/p><p>Ao abrir o canal na dire\u00e7\u00e3o do cabelo, o \u00e2ngulo do cabelo em rela\u00e7\u00e3o \u00e0 pele \u00e9 uma quest\u00e3o importante a ser considerada durante o transplante.<\/p><p>Em FUE, as l\u00e2minas de a\u00e7o s\u00e3o geralmente utilizadas para abrir canais, durante os quais os a\u00e7os precisam de ser substitu\u00eddos ap\u00f3s a abertura de v\u00e1rias centenas de canais. As extremidades de SAFPHIRE FUE s\u00e3o mais lisas e afiadas, por isso n\u00e3o se v\u00ea tal problema, \u00e9 suficiente para usar v\u00e1rias dicas diferentes dependendo da espessura dos fol\u00edculos capilares para cada paciente. No entanto, deve ser tomado cuidado para usar cada dica para um paciente.<\/p><p><strong>Sementeira de cabelo<\/strong><\/p><p>Durante a fase de transplanta\u00e7\u00e3o das ra\u00edzes, o cabelo deve ser colocado individualmente em \u00e2ngulos de 40-45 graus nos canais abertos nas dire\u00e7\u00f5es certas. Embora as tr\u00eas fases tenham as suas pr\u00f3prias subtilezas, \u00e9 tamb\u00e9m um facto indiscut\u00edvel que a delicadeza mais importante \u00e9 a experi\u00eancia.<\/p><p>Fue \u00e9 a t\u00e9cnica de transplante capilar que ocorre sem cicatrizes e sem pontos!<\/p>\t\t\t\t\t\t<\/div>\n\t\t\t\t<\/div>\n\t\t\t\t\t<\/div>\n\t\t<\/div>\n\t\t\t\t\t\t\t<\/div>\n\t\t<\/section>\n\t\t\t\t\t\t\t<\/div>\n\t\t","protected":false},"excerpt":{"rendered":"<p>Obter informa\u00e7\u00e3o Transplante capilar FUE O transplante capilar pode ser definido como a solu\u00e7\u00e3o do problema da queda de cabelo. A opera\u00e7\u00e3o de transplante capilar \u00e9 um procedimento de microcirurgia realizado em ambiente hospitalar. O transplante capilar \u00e9 um procedimento de transplante capilar realizado com menos interven\u00e7\u00e3o do que a cirurgia normal. Embora seja uma [&hellip;]<\/p>\n","protected":false},"author":1,"featured_media":0,"parent":0,"menu_order":0,"comment_status":"closed","ping_status":"closed","template":"","meta":{"footnotes":""},"class_list":["post-869","page","type-page","status-publish","hentry"],"_links":{"self":[{"href":"https:\/\/alperince.com\/pt\/wp-json\/wp\/v2\/pages\/869","targetHints":{"allow":["GET"]}}],"collection":[{"href":"https:\/\/alperince.com\/pt\/wp-json\/wp\/v2\/pages"}],"about":[{"href":"https:\/\/alperince.com\/pt\/wp-json\/wp\/v2\/types\/page"}],"author":[{"embeddable":true,"href":"https:\/\/alperince.com\/pt\/wp-json\/wp\/v2\/users\/1"}],"replies":[{"embeddable":true,"href":"https:\/\/alperince.com\/pt\/wp-json\/wp\/v2\/comments?post=869"}],"version-history":[{"count":21,"href":"https:\/\/alperince.com\/pt\/wp-json\/wp\/v2\/pages\/869\/revisions"}],"predecessor-version":[{"id":1989,"href":"https:\/\/alperince.com\/pt\/wp-json\/wp\/v2\/pages\/869\/revisions\/1989"}],"wp:attachment":[{"href":"https:\/\/alperince.com\/pt\/wp-json\/wp\/v2\/media?parent=869"}],"curies":[{"name":"wp","href":"https:\/\/api.w.org\/{rel}","templated":true}]}}