{"id":893,"date":"2022-09-17T12:32:36","date_gmt":"2022-09-17T09:32:36","guid":{"rendered":"https:\/\/alperince.com\/ro\/?page_id=893"},"modified":"2022-12-07T14:39:18","modified_gmt":"2022-12-07T11:39:18","slug":"transplantul-de-par-fara-ras","status":"publish","type":"page","link":"https:\/\/alperince.com\/ro\/transplantul-de-par-fara-ras","title":{"rendered":"Transplantul de P\u0103r f\u0103r\u0103 ras"},"content":{"rendered":"\t\t<div data-elementor-type=\"wp-page\" data-elementor-id=\"893\" class=\"elementor elementor-893\">\n\t\t\t\t\t\t\t\t\t<section class=\"elementor-section elementor-top-section elementor-element elementor-element-100bd8a5 elementor-section-boxed elementor-section-height-default elementor-section-height-default\" data-id=\"100bd8a5\" data-element_type=\"section\">\n\t\t\t\t\t\t<div class=\"elementor-container elementor-column-gap-default\">\n\t\t\t\t\t<div class=\"lqd-css-sticky-column elementor-column elementor-col-50 elementor-top-column elementor-element elementor-element-a4e7d4e\" style=\"--lqd-sticky-offset:30px\" data-id=\"a4e7d4e\" data-element_type=\"column\">\n\t\t\t<div class=\"elementor-widget-wrap elementor-element-populated\">\n\t\t\t\t\t\t\t\t<section class=\"elementor-section elementor-inner-section elementor-element elementor-element-9e7566d elementor-section-boxed elementor-section-height-default elementor-section-height-default\" data-id=\"9e7566d\" data-element_type=\"section\">\n\t\t\t\t\t\t<div class=\"elementor-container elementor-column-gap-default\">\n\t\t\t\t\t<div class=\"elementor-column elementor-col-100 elementor-inner-column elementor-element elementor-element-7348c49\" data-id=\"7348c49\" data-element_type=\"column\" data-settings=\"{&quot;background_background&quot;:&quot;classic&quot;}\">\n\t\t\t<div class=\"elementor-widget-wrap elementor-element-populated\">\n\t\t\t\t\t\t\t\t<div class=\"elementor-element elementor-element-f7b8783 elementor-widget elementor-widget-hub_fancy_heading\" data-id=\"f7b8783\" data-element_type=\"widget\" data-widget_type=\"hub_fancy_heading.default\">\n\t\t\t\t<div class=\"elementor-widget-container\">\n\t\t\t\n\t\t<div id=\"ld-fancy-heading-69e7d88be0095\" class=\"ld-fancy-heading pos-rel\">\n\t\t\t<h2 class=\"ld-fh-element d-inline-block pos-rel  elementor-heading-title lqd-highlight-classic lqd-highlight-grow-left h2\"  > Ob\u021bine informa\u021bii<\/h2>\t\t<\/div>\n\n\t\t\t\t<\/div>\n\t\t\t\t<\/div>\n\t\t\t\t<div class=\"elementor-element elementor-element-8f0f0e1 elementor-widget elementor-widget-ld_cf722\" data-id=\"8f0f0e1\" data-element_type=\"widget\" data-widget_type=\"ld_cf722.default\">\n\t\t\t\t<div class=\"elementor-widget-container\">\n\t\t\t\n\t<div class=\"lqd-contact-form lqd-contact-form-inputs-filled lqd-contact-form-inputs-round lqd-contact-form-button-block lqd-contact-form-button-round\" >\n\t\t<div role=\"form\" class=\"wpcf7\" id=\"wpcf7-f6-o1\" lang=\"tr-TR\" dir=\"ltr\">\n<div class=\"screen-reader-response\"><p role=\"status\" aria-live=\"polite\" aria-atomic=\"true\"><\/p> <ul><\/ul><\/div>\n<form action=\"\/ro\/wp-json\/wp\/v2\/pages\/893#wpcf7-f6-o1\" method=\"post\" class=\"wpcf7-form init\" novalidate=\"novalidate\" data-status=\"init\">\n<div style=\"display: none;\">\n<input type=\"hidden\" name=\"_wpcf7\" value=\"6\" \/>\n<input type=\"hidden\" name=\"_wpcf7_version\" value=\"5.6.3\" \/>\n<input type=\"hidden\" name=\"_wpcf7_locale\" value=\"tr_TR\" \/>\n<input type=\"hidden\" name=\"_wpcf7_unit_tag\" value=\"wpcf7-f6-o1\" \/>\n<input type=\"hidden\" name=\"_wpcf7_container_post\" value=\"0\" \/>\n<input type=\"hidden\" name=\"_wpcf7_posted_data_hash\" value=\"\" \/>\n<\/div>\n<p><span class=\"wpcf7-form-control-wrap\" data-name=\"adi\"><input type=\"text\" name=\"adi\" value=\"\" size=\"40\" class=\"wpcf7-form-control wpcf7-text wpcf7-validates-as-required\" aria-required=\"true\" aria-invalid=\"false\" placeholder=\"Numele dumneavoastr\u0103\" \/><\/span><br \/>\n<span class=\"wpcf7-form-control-wrap\" data-name=\"telefon\"><input type=\"text\" name=\"telefon\" value=\"\" size=\"40\" class=\"wpcf7-form-control wpcf7-text wpcf7-validates-as-required\" aria-required=\"true\" aria-invalid=\"false\" placeholder=\"Num\u0103rul t\u0103u de telefon\" \/><\/span><br \/>\n<span class=\"wpcf7-form-control-wrap\" data-name=\"mesaj\"><textarea name=\"mesaj\" cols=\"40\" rows=\"3\" class=\"wpcf7-form-control wpcf7-textarea\" aria-invalid=\"false\" placeholder=\"Mesajul tau\"><\/textarea><\/span><br \/>\n<input type=\"submit\" value=\"Trimite\u021bi Formularul\" class=\"wpcf7-form-control has-spinner wpcf7-submit\" \/><\/p>\n<div class=\"wpcf7-response-output\" aria-hidden=\"true\"><\/div><\/form><\/div>\t<\/div>\n\n\t\t\t<\/div>\n\t\t\t\t<\/div>\n\t\t\t\t\t<\/div>\n\t\t<\/div>\n\t\t\t\t\t\t\t<\/div>\n\t\t<\/section>\n\t\t\t\t\t<\/div>\n\t\t<\/div>\n\t\t\t\t<div class=\"elementor-column elementor-col-50 elementor-top-column elementor-element elementor-element-231f3078\" data-id=\"231f3078\" data-element_type=\"column\">\n\t\t\t<div class=\"elementor-widget-wrap elementor-element-populated\">\n\t\t\t\t\t\t\t\t<div class=\"elementor-element elementor-element-cc9606b elementor-widget elementor-widget-image\" data-id=\"cc9606b\" data-element_type=\"widget\" data-widget_type=\"image.default\">\n\t\t\t\t<div class=\"elementor-widget-container\">\n\t\t\t<style>\/*! elementor - v3.7.4 - 31-08-2022 *\/\n.elementor-widget-image{text-align:center}.elementor-widget-image a{display:inline-block}.elementor-widget-image a img[src$=\".svg\"]{width:48px}.elementor-widget-image img{vertical-align:middle;display:inline-block}<\/style>\t\t\t\t\t\t\t\t\t\t\t\t<img decoding=\"async\" width=\"930\" height=\"550\" src=\"https:\/\/alperince.com\/ro\/wp-content\/uploads\/2022\/09\/tirassiz-sac-ekimi-header.jpg\" class=\"elementor-animation-float attachment-full size-full\" alt=\"\" srcset=\"https:\/\/alperince.com\/ro\/wp-content\/uploads\/2022\/09\/tirassiz-sac-ekimi-header.jpg 930w, https:\/\/alperince.com\/ro\/wp-content\/uploads\/2022\/09\/tirassiz-sac-ekimi-header-300x177.jpg 300w, https:\/\/alperince.com\/ro\/wp-content\/uploads\/2022\/09\/tirassiz-sac-ekimi-header-600x355.jpg 600w\" sizes=\"(max-width: 930px) 100vw, 930px\" \/>\t\t\t\t\t\t\t\t\t\t\t\t\t\t\t<\/div>\n\t\t\t\t<\/div>\n\t\t\t\t<div class=\"elementor-element elementor-element-c153a33 elementor-widget elementor-widget-spacer\" data-id=\"c153a33\" data-element_type=\"widget\" data-widget_type=\"spacer.default\">\n\t\t\t\t<div class=\"elementor-widget-container\">\n\t\t\t<style>\/*! elementor - v3.7.4 - 31-08-2022 *\/\n.elementor-column .elementor-spacer-inner{height:var(--spacer-size)}.e-container{--container-widget-width:100%}.e-container>.elementor-widget-spacer{width:var(--container-widget-width,var(--spacer-size));-ms-flex-item-align:stretch;align-self:stretch;-ms-flex-negative:0;flex-shrink:0}.e-container>.elementor-widget-spacer>.elementor-widget-container,.e-container>.elementor-widget-spacer>.elementor-widget-container>.elementor-spacer{height:100%}.e-container>.elementor-widget-spacer>.elementor-widget-container>.elementor-spacer>.elementor-spacer-inner{height:var(--container-widget-height,var(--spacer-size))}<\/style>\t\t<div class=\"elementor-spacer\">\n\t\t\t<div class=\"elementor-spacer-inner\"><\/div>\n\t\t<\/div>\n\t\t\t\t<\/div>\n\t\t\t\t<\/div>\n\t\t\t\t<div class=\"elementor-element elementor-element-527f0d1f elementor-widget elementor-widget-hub_fancy_heading\" data-id=\"527f0d1f\" data-element_type=\"widget\" data-widget_type=\"hub_fancy_heading.default\">\n\t\t\t\t<div class=\"elementor-widget-container\">\n\t\t\t\n\t\t<div id=\"ld-fancy-heading-69e7d88be8309\" class=\"ld-fancy-heading pos-rel\">\n\t\t\t<h2 class=\"ld-fh-element d-inline-block pos-rel  elementor-heading-title lqd-highlight-classic lqd-highlight-grow-left h2\"  > Transplantul de P\u0103r f\u0103r\u0103 ras<\/h2>\t\t<\/div>\n\n\t\t\t\t<\/div>\n\t\t\t\t<\/div>\n\t\t\t\t<div class=\"elementor-element elementor-element-7eef461 elementor-widget elementor-widget-text-editor\" data-id=\"7eef461\" data-element_type=\"widget\" data-widget_type=\"text-editor.default\">\n\t\t\t\t<div class=\"elementor-widget-container\">\n\t\t\t<style>\/*! elementor - v3.7.4 - 31-08-2022 *\/\n.elementor-widget-text-editor.elementor-drop-cap-view-stacked .elementor-drop-cap{background-color:#818a91;color:#fff}.elementor-widget-text-editor.elementor-drop-cap-view-framed .elementor-drop-cap{color:#818a91;border:3px solid;background-color:transparent}.elementor-widget-text-editor:not(.elementor-drop-cap-view-default) .elementor-drop-cap{margin-top:8px}.elementor-widget-text-editor:not(.elementor-drop-cap-view-default) .elementor-drop-cap-letter{width:1em;height:1em}.elementor-widget-text-editor .elementor-drop-cap{float:left;text-align:center;line-height:1;font-size:50px}.elementor-widget-text-editor .elementor-drop-cap-letter{display:inline-block}<\/style>\t\t\t\t<p><strong>Ce este Transplantul de p\u0103r f\u0103r\u0103 ras?<\/strong><\/p><p>Transplantul de p\u0103r este cea mai comun\u0103 interven\u021bie chirurgical\u0103 estetic\u0103 solicitat\u0103 de b\u0103rba\u021bi \u00een lumea modern\u0103. Recent, FUE f\u0103r\u0103 ras elimin\u0103 necesitatea cur\u0103\u021b\u0103rii de p\u0103r \u00eenainte de un transplant de p\u0103r. C\u0103derea p\u0103rului \u00eencepe cu chelirea \u00een por\u021biunile anterioare. Se pierde partea anterioar\u0103 de p\u0103r, \u0219i apoi, zonele cu chelie se dezvolt\u0103 lent \u00een cre\u0219tet; este des \u00eent\u00e2lnit\u0103 c\u0103derea p\u0103rului \u00een partea anterioar\u0103 \u0219i posterioar\u0103 iar chelirea apare pe cre\u0219tet. Nu este necesar un ras curat, dac\u0103 pierderea p\u0103rului este limitat\u0103 la p\u0103rul anterior. Transplantul de p\u0103r FUE f\u0103r\u0103 ras nu se poate face cu u\u0219urin\u021b\u0103 dac\u0103 p\u0103rul este firav \u0219i este posibil s\u0103 se efectueze proceduri \u00eentre firele de p\u0103r.<\/p><p>\u00cen special la b\u0103rba\u021bii cu p\u0103r care cre\u0219te p\u00e2n\u0103 la 4 cm \u00een spatele scalpului, se rad dou\u0103 benzi, cu o grosime de aproximativ 1 p\u00e2n\u0103 la 2 cm, \u00een timp ce zona ras\u0103 este ascuns\u0103 cu p\u0103r lung; se poate ob\u021bine p\u0103r ce apare foarte normal, se poate ascunde f\u0103r\u0103 a fi nevoie de ras o dat\u0103 la 2 p\u00e2n\u0103 la 3 zile.<\/p><p><strong>Care sunt Diferen\u021bele dintre Transplantul de P\u0103r f\u0103r\u0103 Ras \u0219i Transplantul de P\u0103r cu Ras?<\/strong><\/p><p>Transplantul de p\u0103r f\u0103r\u0103 ras este una dintre metodele preferate \u00een special de b\u0103rba\u021bi. Deoarece, dup\u0103 cum \u0219tim, transplantul de p\u0103r cu ras necesit\u0103 cur\u0103\u021barea scalpului prin ras. FUE cu ras este absolut necesar\u0103 pentru persoanele care au cre\u0219tetul complet chel \u0219i necesit\u0103 un transplant de p\u0103r intens sau cu alte cuvinte, 3000 p\u00e2n\u0103 la 5000 de grefe. Rasul este o necesitate pentru recoltarea de foliculi de p\u0103r din partea din spate a scalpului. FUE f\u0103r\u0103 ras este de preferat pentru b\u0103rba\u021bii \u0219i pentru femeile cu zon\u0103 mic\u0103 de transplant \u0219i cu p\u0103r destul de firav pentru a permite transferul de foliculi de p\u0103r \u00eentre firele de p\u0103r.<\/p><p><strong>Dup\u0103 Transplantul de p\u0103r f\u0103r\u0103 ras<\/strong><\/p><p>Perioada postoperatorie de FUE f\u0103r\u0103 ras este identic\u0103 cu cea a altor metode de transplant de p\u0103r. Medicii care se ocup\u0103 cu transplantul de p\u0103r informeaz\u0103 pacientul in detaliu despre modul \u00een care trebuie protejat \u0219i sp\u0103lat p\u0103rul. \u00cen acest stadiu, este suficient s\u0103 se urmeze recomand\u0103rile medicului. Cre\u0219terea p\u0103rului transplantat urmeaz\u0103 un proces fiziologic. P\u0103rul nou va \u00eencepe s\u0103 creasc\u0103 \u00eentr-un interval de 3 luni iar cre\u0219terea este accelerat\u0103 \u00een Luna 6. Rezultatele reale vor fi vizibile la sf\u00e2r\u0219itul primului an. P\u0103rul poate cre\u0219te \u0219i se poate aranja cum se dore\u0219te dup\u0103 procedur\u0103.<\/p>\t\t\t\t\t\t<\/div>\n\t\t\t\t<\/div>\n\t\t\t\t\t<\/div>\n\t\t<\/div>\n\t\t\t\t\t\t\t<\/div>\n\t\t<\/section>\n\t\t\t\t\t\t\t<\/div>\n\t\t","protected":false},"excerpt":{"rendered":"<p>Ob\u021bine informa\u021bii Transplantul de P\u0103r f\u0103r\u0103 ras Ce este Transplantul de p\u0103r f\u0103r\u0103 ras? Transplantul de p\u0103r este cea mai comun\u0103 interven\u021bie chirurgical\u0103 estetic\u0103 solicitat\u0103 de b\u0103rba\u021bi \u00een lumea modern\u0103. Recent, FUE f\u0103r\u0103 ras elimin\u0103 necesitatea cur\u0103\u021b\u0103rii de p\u0103r \u00eenainte de un transplant de p\u0103r. C\u0103derea p\u0103rului \u00eencepe cu chelirea \u00een por\u021biunile anterioare. Se pierde [&hellip;]<\/p>\n","protected":false},"author":1,"featured_media":0,"parent":0,"menu_order":0,"comment_status":"closed","ping_status":"closed","template":"","meta":{"footnotes":""},"class_list":["post-893","page","type-page","status-publish","hentry"],"_links":{"self":[{"href":"https:\/\/alperince.com\/ro\/wp-json\/wp\/v2\/pages\/893","targetHints":{"allow":["GET"]}}],"collection":[{"href":"https:\/\/alperince.com\/ro\/wp-json\/wp\/v2\/pages"}],"about":[{"href":"https:\/\/alperince.com\/ro\/wp-json\/wp\/v2\/types\/page"}],"author":[{"embeddable":true,"href":"https:\/\/alperince.com\/ro\/wp-json\/wp\/v2\/users\/1"}],"replies":[{"embeddable":true,"href":"https:\/\/alperince.com\/ro\/wp-json\/wp\/v2\/comments?post=893"}],"version-history":[{"count":21,"href":"https:\/\/alperince.com\/ro\/wp-json\/wp\/v2\/pages\/893\/revisions"}],"predecessor-version":[{"id":1998,"href":"https:\/\/alperince.com\/ro\/wp-json\/wp\/v2\/pages\/893\/revisions\/1998"}],"wp:attachment":[{"href":"https:\/\/alperince.com\/ro\/wp-json\/wp\/v2\/media?parent=893"}],"curies":[{"name":"wp","href":"https:\/\/api.w.org\/{rel}","templated":true}]}}